{"id":1124,"date":"2024-08-08T15:46:24","date_gmt":"2024-08-08T15:46:24","guid":{"rendered":"http:\/\/www.editorialdagon.es\/?page_id=1124"},"modified":"2024-08-11T18:01:28","modified_gmt":"2024-08-11T18:01:28","slug":"jinarajadasa","status":"publish","type":"page","link":"https:\/\/www.editorialdagon.es\/index.php\/autores\/jinarajadasa\/","title":{"rendered":"Jinarajadasa"},"content":{"rendered":"\n<div class=\"wp-block-media-text is-stacked-on-mobile is-vertically-aligned-top\" style=\"grid-template-columns:30% auto\"><figure class=\"wp-block-media-text__media\"><img loading=\"lazy\" decoding=\"async\" width=\"194\" height=\"508\" src=\"http:\/\/www.editorialdagon.es\/wp-content\/uploads\/2024\/08\/Jinarajadasa.png\" alt=\"\" class=\"wp-image-1550 size-full\" srcset=\"https:\/\/www.editorialdagon.es\/wp-content\/uploads\/2024\/08\/Jinarajadasa.png 194w, https:\/\/www.editorialdagon.es\/wp-content\/uploads\/2024\/08\/Jinarajadasa-115x300.png 115w\" sizes=\"auto, (max-width: 194px) 100vw, 194px\" \/><\/figure><div class=\"wp-block-media-text__content\">\n<p><strong><em>Curuppumullage Jinarajadasa<\/em><\/strong> (1875-1953), Hind\u00fa, fue vicepresidente de la Sociedad Teos\u00f3fica mundial de 1921 a 1928, y Presidente de 1945 a 1953. De temperamento art\u00edstico, impregn\u00f3 su vida, sus actos, sus charlas, sus libros de un profundo amor al arte, a la cultura, viendo en esta manifestaci\u00f3n del alma uno de los mejores \u00abcaminos\u00bb para acceder a los Mundos Superiores. Pero, al mismo tiempo, la ciencia y la religi\u00f3n le interesaron en gran medida, pues tanto el Arte, como la Religi\u00f3n y la Ciencia, son caminos del mismo Sendero.<br>Estuvo muy relacionado con C.W. Leadbeater, Annie Besant y Krishnamurti. Colaborando con unos y otros en sus proyectos, por ejemplo de amanuense en las investigaciones clarividentes de C.W.L. y Annie Besant, y en la Orden de la Estrella con Krishnaji.<br>Domin\u00f3 varios idiomas, entre ellos el espa\u00f1ol, e imparti\u00f3 cientos de conferencias por todo el mundo, incluidas Sudam\u00e9rica y Espa\u00f1a.<br>En Espa\u00f1a, Valencia, inaugur\u00f3 la Rama Jinarajadasa, que aun existe.<br>Algunas obras:<br><strong>\u00b7 <\/strong><em>Dioses encadenados<\/em><br><strong>\u00b7 <\/strong><em>C\u00f3mo se recuerdan las vidas pasadas<\/em><br><strong>\u00b7 <\/strong><em>En su nombre<\/em><br><strong>\u00b7 <\/strong><em>Flores y jardines<\/em><br><strong>\u00b7 <\/strong><em>La nueva humanidad de la intuici\u00f3n<\/em><br><strong>\u00b7 <\/strong><em>La visi\u00f3n divina<\/em><br><strong>\u00b7 <\/strong><em>Teosof\u00eda pr\u00e1ctica<\/em><br><strong>\u00b7 <\/strong><em>La Teosof\u00eda y el pensamiento moderno<\/em><br><strong>\u00b7 <\/strong><em>El arte y las emociones<\/em><\/p>\n<\/div><\/div>\n","protected":false},"excerpt":{"rendered":"<p>Curuppumullage Jinarajadasa (1875-1953), Hind\u00fa, fue vicepresidente de la Sociedad Teos\u00f3fica mundial de 1921 a 1928, y Presidente de 1945 a [&hellip;]<\/p>\n","protected":false},"author":1,"featured_media":0,"parent":297,"menu_order":0,"comment_status":"closed","ping_status":"closed","template":"","meta":{"site-sidebar-layout":"default","site-content-layout":"","ast-site-content-layout":"default","site-content-style":"default","site-sidebar-style":"default","ast-global-header-display":"","ast-banner-title-visibility":"","ast-main-header-display":"","ast-hfb-above-header-display":"","ast-hfb-below-header-display":"","ast-hfb-mobile-header-display":"","site-post-title":"","ast-breadcrumbs-content":"","ast-featured-img":"","footer-sml-layout":"","theme-transparent-header-meta":"","adv-header-id-meta":"","stick-header-meta":"","header-above-stick-meta":"","header-main-stick-meta":"","header-below-stick-meta":"","astra-migrate-meta-layouts":"default","ast-page-background-enabled":"default","ast-page-background-meta":{"desktop":{"background-color":"var(--ast-global-color-5)","background-image":"","background-repeat":"repeat","background-position":"center center","background-size":"auto","background-attachment":"scroll","background-type":"","background-media":"","overlay-type":"","overlay-color":"","overlay-opacity":"","overlay-gradient":""},"tablet":{"background-color":"","background-image":"","background-repeat":"repeat","background-position":"center center","background-size":"auto","background-attachment":"scroll","background-type":"","background-media":"","overlay-type":"","overlay-color":"","overlay-opacity":"","overlay-gradient":""},"mobile":{"background-color":"","background-image":"","background-repeat":"repeat","background-position":"center center","background-size":"auto","background-attachment":"scroll","background-type":"","background-media":"","overlay-type":"","overlay-color":"","overlay-opacity":"","overlay-gradient":""}},"ast-content-background-meta":{"desktop":{"background-color":"var(--ast-global-color-4)","background-image":"","background-repeat":"repeat","background-position":"center center","background-size":"auto","background-attachment":"scroll","background-type":"","background-media":"","overlay-type":"","overlay-color":"","overlay-opacity":"","overlay-gradient":""},"tablet":{"background-color":"var(--ast-global-color-4)","background-image":"","background-repeat":"repeat","background-position":"center center","background-size":"auto","background-attachment":"scroll","background-type":"","background-media":"","overlay-type":"","overlay-color":"","overlay-opacity":"","overlay-gradient":""},"mobile":{"background-color":"var(--ast-global-color-4)","background-image":"","background-repeat":"repeat","background-position":"center center","background-size":"auto","background-attachment":"scroll","background-type":"","background-media":"","overlay-type":"","overlay-color":"","overlay-opacity":"","overlay-gradient":""}},"footnotes":""},"class_list":["post-1124","page","type-page","status-publish","hentry"],"_links":{"self":[{"href":"https:\/\/www.editorialdagon.es\/index.php\/wp-json\/wp\/v2\/pages\/1124","targetHints":{"allow":["GET"]}}],"collection":[{"href":"https:\/\/www.editorialdagon.es\/index.php\/wp-json\/wp\/v2\/pages"}],"about":[{"href":"https:\/\/www.editorialdagon.es\/index.php\/wp-json\/wp\/v2\/types\/page"}],"author":[{"embeddable":true,"href":"https:\/\/www.editorialdagon.es\/index.php\/wp-json\/wp\/v2\/users\/1"}],"replies":[{"embeddable":true,"href":"https:\/\/www.editorialdagon.es\/index.php\/wp-json\/wp\/v2\/comments?post=1124"}],"version-history":[{"count":4,"href":"https:\/\/www.editorialdagon.es\/index.php\/wp-json\/wp\/v2\/pages\/1124\/revisions"}],"predecessor-version":[{"id":1618,"href":"https:\/\/www.editorialdagon.es\/index.php\/wp-json\/wp\/v2\/pages\/1124\/revisions\/1618"}],"up":[{"embeddable":true,"href":"https:\/\/www.editorialdagon.es\/index.php\/wp-json\/wp\/v2\/pages\/297"}],"wp:attachment":[{"href":"https:\/\/www.editorialdagon.es\/index.php\/wp-json\/wp\/v2\/media?parent=1124"}],"curies":[{"name":"wp","href":"https:\/\/api.w.org\/{rel}","templated":true}]}}