{"id":1126,"date":"2024-08-08T15:46:44","date_gmt":"2024-08-08T15:46:44","guid":{"rendered":"http:\/\/www.editorialdagon.es\/?page_id=1126"},"modified":"2024-08-11T17:58:11","modified_gmt":"2024-08-11T17:58:11","slug":"josefina-maynade","status":"publish","type":"page","link":"https:\/\/www.editorialdagon.es\/index.php\/autores\/josefina-maynade\/","title":{"rendered":"Josefina Maynad\u00e9"},"content":{"rendered":"\n<div class=\"wp-block-media-text is-stacked-on-mobile is-vertically-aligned-top\" style=\"grid-template-columns:30% auto\"><figure class=\"wp-block-media-text__media\"><img loading=\"lazy\" decoding=\"async\" width=\"192\" height=\"508\" src=\"http:\/\/www.editorialdagon.es\/wp-content\/uploads\/2024\/08\/Josefina.png\" alt=\"\" class=\"wp-image-1552 size-full\" srcset=\"https:\/\/www.editorialdagon.es\/wp-content\/uploads\/2024\/08\/Josefina.png 192w, https:\/\/www.editorialdagon.es\/wp-content\/uploads\/2024\/08\/Josefina-113x300.png 113w\" sizes=\"auto, (max-width: 192px) 100vw, 192px\" \/><\/figure><div class=\"wp-block-media-text__content\">\n<p>Josefina Maynad\u00e9 fue una escritora espa\u00f1ola que dedic\u00f3 su vida a la difusi\u00f3n de la conciencia espiritual basada en la Fraternidad Humana y en los valores teos\u00f3ficos en los cuales cre\u00eda completa y naturalmente.<br>Esta mujer de gran sensibilidad y aguda intuici\u00f3n escribi\u00f3 m\u00faltiples biograf\u00edas, art\u00edculos y libros de car\u00e1cter espiritual. Sent\u00eda una gran pasi\u00f3n por los cl\u00e1sicos, especialmente los que evocaban a Grecia, aunque escribi\u00f3 sobre todo tipo de tradiciones y filosof\u00edas, siguiendo el esp\u00edritu abierto que siempre la acompa\u00f1\u00f3. Esta sensibilidad tambi\u00e9n se pod\u00eda apreciar en sus trabajos art\u00edsticos, siendo pintora, ilustradora, escultora, etc., y en su inter\u00e9s por la pedagog\u00eda y la educaci\u00f3n, todo lo relacionado con el mejoramiento del ser humano y su mejor cooperaci\u00f3n en pos de la Fraternidad Humana.<br>Naci\u00f3 en Barcelona, el 13 de Junio de 1908, bajo el signo astrol\u00f3gico de G\u00e9minis, en una familia de notables y reconocidos te\u00f3sofos. Su padre, Ram\u00f3n Maynad\u00e9 Sallent, fue un importante editor y divulgador espa\u00f1ol en el campo de la Teosof\u00eda junto a su mujer Carmen Mateos Prat, ambos miembros de la Rama Barcelona y fundadores de la Biblioteca Orientalista en 1901. Regentaban la Librer\u00eda Orientalista y all\u00ed se reun\u00edan personajes conocidos del modernismo catal\u00e1n como escritores, dramaturgos, egipt\u00f3logos, eruditos y artistas varios.<br>Su madre, estando embarazada de ella, fund\u00f3 la Rama Arjuna, usando el nombre de uno de los h\u00e9roes del poema \u00e9pico hind\u00fa Mahabharata. Esta nueva Rama se gest\u00f3 a la vez que ella misma y a los catorce a\u00f1os ya era un miembro activo donde se la conoc\u00eda cari\u00f1osamente como Pepita. Llevada por estos ideales y por su inagotable entusiasmo, apadrin\u00f3 a varias personas para que ingresaran en dicha Rama contando tan solo con diecinueve a\u00f1os.<br>Tambi\u00e9n es un personaje relevante en su vida su abuelo materno al cual no lleg\u00f3 a conocer, pero por el cual sent\u00eda un gran cari\u00f1o. Fue un francmas\u00f3n de grado 33 y te\u00f3sofo convencido. Hondamente impresionado por la lectura de Luz en el Sendero\u00bb y La Voz del Silencio termin\u00f3 siendo un miembro muy activo de la Sociedad Teos\u00f3fica Espa\u00f1ola.<br>Public\u00f3 su primer libro con diecis\u00e9is a\u00f1os: <em><strong>El tesoro maya<\/strong><\/em>. Con diecisiete empez\u00f3 a colaborar con su padre en la edici\u00f3n de la revista teos\u00f3fica <em><strong>El Loto Blanco<\/strong><\/em>, donde apareci\u00f3 su primer art\u00edculo: El te\u00f3sofo y el ceremonial. Este fue el comienzo de una larga serie de colaboraciones en las revistas <em><strong>El Loto Blanco, Sophia <\/strong><\/em>y <strong><em>Theosof\u00eda<\/em><\/strong>, y de su carrera como escritora y artista, ya que ilustraba sus propias obras y art\u00edculos. Tambi\u00e9n ten\u00eda conocimientos sobre Astrolog\u00eda.<br>Estudi\u00f3 Artes y Oficios y Bellas Artes, teniendo una amplia carrera art\u00edstica con m\u00faltiples exposiciones, cert\u00e1menes y publicaciones. Su tem\u00e1tica se centr\u00f3 sobre todo en los ni\u00f1os y en la maternidad. Al igual que sus padres, ella tambi\u00e9n se relacion\u00f3 con artistas y m\u00fasicos del momento. Tambi\u00e9n form\u00f3 parte de la Asociaci\u00f3n de Idealistas Pr\u00e1cticos, promovida entre otros por el pedagogo y te\u00f3sofo, Attilio Bruschetti, quien le dedic\u00f3 varias obras.<br>Se cas\u00f3 con Luis Garc\u00eda Lorenzana, entonces secretario general de la Sociedad Teos\u00f3fica Espa\u00f1ola. Tras la guerra Civil tuvieron que trasladarse a las Palmas de Gran Canaria, donde Josefina se relacion\u00f3 con los c\u00edrculos atene\u00edstas y art\u00edsticos de la isla, publicando los poemas <strong><em>A Cloris<\/em><\/strong> y <em><strong>Los silencios<\/strong><\/em>. Tambi\u00e9n colabor\u00f3 en una revista literaria femenina donde profundizaba y expon\u00eda los sentimientos de las mujeres canarias. Aunque la base primordial en todas sus obras siempre es, el despertar de la conciencia, el desarrollo del ser humano y su crecimiento espiritual que dar\u00e1 paso a un nuevo mundo y a una verdadera Fraternidad Humana.<br>Josefina cre\u00eda profundamente en estos ideales y por ellos vivi\u00f3, inspirando con sus obras y sus palabras:<br>\u2026m\u00e1s que nunca, se requieren ahora hombres y mujeres de signo pitag\u00f3rico; individuos conscientes, arm\u00f3nicos, responsables de la hora que les ha tocado vivir; idealistas pr\u00e1cticos dotados de un gran sentido de humanidad\u2026<br>Con cincuenta y un a\u00f1os viaj\u00f3 a M\u00e9xico, donde continu\u00f3 difundiendo la teosof\u00eda y public\u00f3 una serie de biograf\u00edas de fil\u00f3sofos y maestros religiosos: <em><strong>Zoroastro<\/strong><\/em>, <em><strong>Krishna, Orfeo, Pit\u00e1goras <\/strong><\/em>y <em><strong>Lao Tse<\/strong><\/em>. Don\u00f3 libros autografiados a la Sociedad Teos\u00f3fica de M\u00e9xico.<br>A finales de los a\u00f1os 60 regres\u00f3 a Barcelona, donde falleci\u00f3 su esposo en agosto de 1968. Unos meses antes, en mayo de ese mismo a\u00f1o, Vicente Beltr\u00e1n Anglada relata una experiencia espiritual que vivi\u00f3 junto con el matrimonio en una excursi\u00f3n a Montserrat, que realizaron con la intenci\u00f3n de descubrir, mediante un ritual m\u00e1gico, alg\u00fan centro magn\u00e9tico con radiaciones ben\u00e9ficas para ubicar un templo inici\u00e1tico. All\u00ed contactaron con un Deva de elevado desarrollo espiritual que les transmiti\u00f3 un profundo mensaje.<br>Josefina sigui\u00f3 trabajando incansable y, a principios de los a\u00f1os 70, public\u00f3 en M\u00e9xico, con su amiga Mar\u00eda Sol\u00e1 Ferrer (de Sellar\u00e9s), la Colecci\u00f3n \u00abTradici\u00f3n Sagrada de la Humanidad\u00bb, que divulgaba ense\u00f1anzas b\u00e1sicas de las diversas religiones.<br>Finalmente parti\u00f3 de este mundo un 22 de junio de 1978, habiendo dedicado su vida al Servicio de la Humanidad y a la incansable labor de divulgaci\u00f3n teos\u00f3fica que marc\u00f3 su vida y a la que se dedic\u00f3 en cuerpo y alma siguiendo el ideal de una verdadera Fraternidad universal y del conocimiento de la Verdad.<\/p>\n\n\n\n<p class=\"has-text-align-right\"><em>Isabel Mar\u00eda L\u00f3pez Mu\u00f1oz<\/em><\/p>\n<\/div><\/div>\n","protected":false},"excerpt":{"rendered":"<p>Josefina Maynad\u00e9 fue una escritora espa\u00f1ola que dedic\u00f3 su vida a la difusi\u00f3n de la conciencia espiritual basada en la [&hellip;]<\/p>\n","protected":false},"author":1,"featured_media":0,"parent":297,"menu_order":0,"comment_status":"closed","ping_status":"closed","template":"","meta":{"site-sidebar-layout":"default","site-content-layout":"","ast-site-content-layout":"default","site-content-style":"default","site-sidebar-style":"default","ast-global-header-display":"","ast-banner-title-visibility":"","ast-main-header-display":"","ast-hfb-above-header-display":"","ast-hfb-below-header-display":"","ast-hfb-mobile-header-display":"","site-post-title":"","ast-breadcrumbs-content":"","ast-featured-img":"","footer-sml-layout":"","theme-transparent-header-meta":"","adv-header-id-meta":"","stick-header-meta":"","header-above-stick-meta":"","header-main-stick-meta":"","header-below-stick-meta":"","astra-migrate-meta-layouts":"default","ast-page-background-enabled":"default","ast-page-background-meta":{"desktop":{"background-color":"var(--ast-global-color-5)","background-image":"","background-repeat":"repeat","background-position":"center center","background-size":"auto","background-attachment":"scroll","background-type":"","background-media":"","overlay-type":"","overlay-color":"","overlay-opacity":"","overlay-gradient":""},"tablet":{"background-color":"","background-image":"","background-repeat":"repeat","background-position":"center center","background-size":"auto","background-attachment":"scroll","background-type":"","background-media":"","overlay-type":"","overlay-color":"","overlay-opacity":"","overlay-gradient":""},"mobile":{"background-color":"","background-image":"","background-repeat":"repeat","background-position":"center center","background-size":"auto","background-attachment":"scroll","background-type":"","background-media":"","overlay-type":"","overlay-color":"","overlay-opacity":"","overlay-gradient":""}},"ast-content-background-meta":{"desktop":{"background-color":"var(--ast-global-color-4)","background-image":"","background-repeat":"repeat","background-position":"center center","background-size":"auto","background-attachment":"scroll","background-type":"","background-media":"","overlay-type":"","overlay-color":"","overlay-opacity":"","overlay-gradient":""},"tablet":{"background-color":"var(--ast-global-color-4)","background-image":"","background-repeat":"repeat","background-position":"center center","background-size":"auto","background-attachment":"scroll","background-type":"","background-media":"","overlay-type":"","overlay-color":"","overlay-opacity":"","overlay-gradient":""},"mobile":{"background-color":"var(--ast-global-color-4)","background-image":"","background-repeat":"repeat","background-position":"center center","background-size":"auto","background-attachment":"scroll","background-type":"","background-media":"","overlay-type":"","overlay-color":"","overlay-opacity":"","overlay-gradient":""}},"footnotes":""},"class_list":["post-1126","page","type-page","status-publish","hentry"],"_links":{"self":[{"href":"https:\/\/www.editorialdagon.es\/index.php\/wp-json\/wp\/v2\/pages\/1126","targetHints":{"allow":["GET"]}}],"collection":[{"href":"https:\/\/www.editorialdagon.es\/index.php\/wp-json\/wp\/v2\/pages"}],"about":[{"href":"https:\/\/www.editorialdagon.es\/index.php\/wp-json\/wp\/v2\/types\/page"}],"author":[{"embeddable":true,"href":"https:\/\/www.editorialdagon.es\/index.php\/wp-json\/wp\/v2\/users\/1"}],"replies":[{"embeddable":true,"href":"https:\/\/www.editorialdagon.es\/index.php\/wp-json\/wp\/v2\/comments?post=1126"}],"version-history":[{"count":4,"href":"https:\/\/www.editorialdagon.es\/index.php\/wp-json\/wp\/v2\/pages\/1126\/revisions"}],"predecessor-version":[{"id":1616,"href":"https:\/\/www.editorialdagon.es\/index.php\/wp-json\/wp\/v2\/pages\/1126\/revisions\/1616"}],"up":[{"embeddable":true,"href":"https:\/\/www.editorialdagon.es\/index.php\/wp-json\/wp\/v2\/pages\/297"}],"wp:attachment":[{"href":"https:\/\/www.editorialdagon.es\/index.php\/wp-json\/wp\/v2\/media?parent=1126"}],"curies":[{"name":"wp","href":"https:\/\/api.w.org\/{rel}","templated":true}]}}