{"id":1130,"date":"2024-08-08T15:47:15","date_gmt":"2024-08-08T15:47:15","guid":{"rendered":"http:\/\/www.editorialdagon.es\/?page_id=1130"},"modified":"2024-08-11T16:48:53","modified_gmt":"2024-08-11T16:48:53","slug":"michel-coquet","status":"publish","type":"page","link":"https:\/\/www.editorialdagon.es\/index.php\/autores\/michel-coquet\/","title":{"rendered":"Michel Coquet"},"content":{"rendered":"\n<div class=\"wp-block-media-text is-stacked-on-mobile is-vertically-aligned-top\" style=\"grid-template-columns:30% auto\"><figure class=\"wp-block-media-text__media\"><img loading=\"lazy\" decoding=\"async\" width=\"192\" height=\"509\" src=\"http:\/\/www.editorialdagon.es\/wp-content\/uploads\/2024\/08\/Coquet.png\" alt=\"\" class=\"wp-image-1562 size-full\" srcset=\"https:\/\/www.editorialdagon.es\/wp-content\/uploads\/2024\/08\/Coquet.png 192w, https:\/\/www.editorialdagon.es\/wp-content\/uploads\/2024\/08\/Coquet-113x300.png 113w\" sizes=\"auto, (max-width: 192px) 100vw, 192px\" \/><\/figure><div class=\"wp-block-media-text__content\">\n<p><strong>Michel Coquet <\/strong>ha estado interesado toda su vida en las filosof\u00edas de Oriente y Occidente.\u00a0<br>Cinco a\u00f1os en Jap\u00f3n le permitieron conocer los diferentes sistemas de pensamiento, mientras practicaba diversas disciplinas marciales, como el <em>Budo<\/em>.\u00a0<br>Durante m\u00e1s de 40 a\u00f1os ha viajado por todo el mundo, especialmente a la India, donde visit\u00f3 lugares sagrados y se encontr\u00f3 con sabios maestros\u00a0<br>Para compartir su experiencia, ha escrito m\u00e1s de cuarenta obras dedicadas al esoterismo y las religiones.<br>Michel Coquet naci\u00f3 en Tours (Francia) en 1944.<br>A los diecis\u00e9is a\u00f1os y tras una experiencia espiritual, inicia una b\u00fasqueda interior que mantendr\u00e1 a lo largo de su vida. Hasta su llamada a filas, su vida se centra en la pr\u00e1ctica de la meditaci\u00f3n y la estricta disciplina de la personalidad y el cuerpo a trav\u00e9s del Hatha yoga.<br>Cumple con el servicio militar en el campamento de Satori en Versalles, como PM (polic\u00eda militar). Como tal, practica el Judo durante un a\u00f1o. De vuelta a la vida civil, contin\u00faa la pr\u00e1ctica del yoga.<br>A los veinte a\u00f1os comienza la practica del Karate, Yoseikan Budo, y el Iaido (sable japon\u00e9s de la escuela Katori Shinto Ryu) con uno de los principales expertos japoneses que llegaron a Francia, el Maestro Hiroo Mochizuki.<br>Tras un un profunda investigaci\u00f3n en los campos de la filosof\u00eda, la teosof\u00eda moderna, la religi\u00f3n comparada, la alquimia, la gnosis y el esoterismo en general, tanto de Oriente como de Occidente, marcha al Jap\u00f3n, donde vive durante un per\u00edodo de cinco a\u00f1os (1969 -1973) para profundizar en el camino escogido: el Budo japon\u00e9s. Es decir, el arte marcial desde una perspectiva espiritual como un medio, no para destruir a los oponentes, sino para controlarse uno mismo, en provecho de la paz en si mismo y alrededor de si.<br>De esta forma se convierte en el alumno de reconocidos maestros:<br>1 &#8211; Del maestro Minoru Mochizuki (residiendo en su dojo) con quien practica el Judo obteniendo el 1\u00ba Dan, el Ken-jutsu (estilo Katori) y el Aiki-jutsu, de quien obtiene el 3\u00ba Dan.<br>2 &#8211; Con el maestro Sano Teruo practica el Karate y el Kobudo. Este maestro es el fundador del estilo Kokusai Bujutsu Sano ryu Karate jutsu, escuela de la que el autor recibe el 7\u00ba Dan Kyoshi. El autor se especializa en la pr\u00e1ctica del Sai jutsu y del Kombo (bast\u00f3n del estilo de Okinawa).<br>3 &#8211; De la mano del maestro Masahiko Tokuda practica el Kyudo (tiro con arco seg\u00fan los preceptos del Zen), obteniendo el 4\u00ba Dan de manos del gran maestro Matsui Masakichi 10 \u00ba Dan Shihan.<br>Entre otras disciplinas, practica el Aikido (estilo Korindo) en el Budokan de Shizuoka y el Kendo, del que estudia las bases hasta el 1\u00ba Dan.<br>Tambi\u00e9n es Diplomado de Estado en Karate y Aikido.<br>Paralelamente a las artes marciales contin\u00faa su pr\u00e1ctica de la meditaci\u00f3n y se convierte en un alumno cercano del maestro Zen (rama Soto), el reverendo Sano Jushoku del templo Chugen-in en Shizuoka.<br>Tambi\u00e9n es iniciado a las pr\u00e1cticas preliminares del Shugendo y del Budismo esot\u00e9rico de la secta Shingon que estudia y del que m\u00e1s tarde escribe un libro.<br>A su regreso a Francia, despu\u00e9s de una grave lesi\u00f3n de rodilla, escribe art\u00edculos y libros. Se convierte en conferenciante y comienza a viajar regularmente a Oriente Medio y especialmente a la India y el T\u00edbet, en busca de maestros en el campo espiritual, y de cualquier aspecto que pueda acercarlo a esta Verdad que todo hombre lleva en lo m\u00e1s profundo de su coraz\u00f3n .<br>A lo largo de sus numerosos peregrinajes con su esposa durante cuarenta a\u00f1os (al sur y norte de la India, Egipto, Jap\u00f3n, Israel, el T\u00edbet (Kailash), las fuente del Ganges etc., tendr\u00e1 la oportunidad de conocer a buscadores avanzados y algunos aut\u00e9nticos maestros. Despu\u00e9s de visitar los lugares m\u00e1s sagrados de la India y el T\u00edbet, el autor se convierte en gu\u00eda de peregrinajes.<br>Habiendo seguido asiduamente la pr\u00e1ctica y ense\u00f1anza de la escuela de sable japonesa m\u00e1s antigua y m\u00e1s famosa, la Tenshin Sh\u00f4den Katori Shint\u00f4 Ry\u00fb, reconocida oficialmente en 1960 como \u00abTesoro Cultural Intangible\u00bb por la Prefectura de Chiba, el autor se convierte en 2002 en el responsable espiritual (Shidosha) y en instructor oficial (Kyoshi) para Francia.<br>Junto a su pr\u00e1ctica espiritual y a su servicio como instructor, el autor ha escrito m\u00e1s de cincuenta libros publicados sobre diversos temas del conocimiento esot\u00e9rico y religioso.<br>Retirado como profesor, el autor sigue siendo un estudiante y practicante de la meditaci\u00f3n y la b\u00fasqueda de la verdad \u00faltima: el Ser divino e infinito.<\/p>\n<\/div><\/div>\n","protected":false},"excerpt":{"rendered":"<p>Michel Coquet ha estado interesado toda su vida en las filosof\u00edas de Oriente y Occidente.\u00a0Cinco a\u00f1os en Jap\u00f3n le permitieron [&hellip;]<\/p>\n","protected":false},"author":1,"featured_media":0,"parent":297,"menu_order":0,"comment_status":"closed","ping_status":"closed","template":"","meta":{"site-sidebar-layout":"default","site-content-layout":"","ast-site-content-layout":"default","site-content-style":"default","site-sidebar-style":"default","ast-global-header-display":"","ast-banner-title-visibility":"","ast-main-header-display":"","ast-hfb-above-header-display":"","ast-hfb-below-header-display":"","ast-hfb-mobile-header-display":"","site-post-title":"","ast-breadcrumbs-content":"","ast-featured-img":"","footer-sml-layout":"","theme-transparent-header-meta":"","adv-header-id-meta":"","stick-header-meta":"","header-above-stick-meta":"","header-main-stick-meta":"","header-below-stick-meta":"","astra-migrate-meta-layouts":"default","ast-page-background-enabled":"default","ast-page-background-meta":{"desktop":{"background-color":"var(--ast-global-color-5)","background-image":"","background-repeat":"repeat","background-position":"center center","background-size":"auto","background-attachment":"scroll","background-type":"","background-media":"","overlay-type":"","overlay-color":"","overlay-opacity":"","overlay-gradient":""},"tablet":{"background-color":"","background-image":"","background-repeat":"repeat","background-position":"center center","background-size":"auto","background-attachment":"scroll","background-type":"","background-media":"","overlay-type":"","overlay-color":"","overlay-opacity":"","overlay-gradient":""},"mobile":{"background-color":"","background-image":"","background-repeat":"repeat","background-position":"center center","background-size":"auto","background-attachment":"scroll","background-type":"","background-media":"","overlay-type":"","overlay-color":"","overlay-opacity":"","overlay-gradient":""}},"ast-content-background-meta":{"desktop":{"background-color":"var(--ast-global-color-4)","background-image":"","background-repeat":"repeat","background-position":"center center","background-size":"auto","background-attachment":"scroll","background-type":"","background-media":"","overlay-type":"","overlay-color":"","overlay-opacity":"","overlay-gradient":""},"tablet":{"background-color":"var(--ast-global-color-4)","background-image":"","background-repeat":"repeat","background-position":"center center","background-size":"auto","background-attachment":"scroll","background-type":"","background-media":"","overlay-type":"","overlay-color":"","overlay-opacity":"","overlay-gradient":""},"mobile":{"background-color":"var(--ast-global-color-4)","background-image":"","background-repeat":"repeat","background-position":"center center","background-size":"auto","background-attachment":"scroll","background-type":"","background-media":"","overlay-type":"","overlay-color":"","overlay-opacity":"","overlay-gradient":""}},"footnotes":""},"class_list":["post-1130","page","type-page","status-publish","hentry"],"_links":{"self":[{"href":"https:\/\/www.editorialdagon.es\/index.php\/wp-json\/wp\/v2\/pages\/1130","targetHints":{"allow":["GET"]}}],"collection":[{"href":"https:\/\/www.editorialdagon.es\/index.php\/wp-json\/wp\/v2\/pages"}],"about":[{"href":"https:\/\/www.editorialdagon.es\/index.php\/wp-json\/wp\/v2\/types\/page"}],"author":[{"embeddable":true,"href":"https:\/\/www.editorialdagon.es\/index.php\/wp-json\/wp\/v2\/users\/1"}],"replies":[{"embeddable":true,"href":"https:\/\/www.editorialdagon.es\/index.php\/wp-json\/wp\/v2\/comments?post=1130"}],"version-history":[{"count":4,"href":"https:\/\/www.editorialdagon.es\/index.php\/wp-json\/wp\/v2\/pages\/1130\/revisions"}],"predecessor-version":[{"id":1596,"href":"https:\/\/www.editorialdagon.es\/index.php\/wp-json\/wp\/v2\/pages\/1130\/revisions\/1596"}],"up":[{"embeddable":true,"href":"https:\/\/www.editorialdagon.es\/index.php\/wp-json\/wp\/v2\/pages\/297"}],"wp:attachment":[{"href":"https:\/\/www.editorialdagon.es\/index.php\/wp-json\/wp\/v2\/media?parent=1130"}],"curies":[{"name":"wp","href":"https:\/\/api.w.org\/{rel}","templated":true}]}}