{"id":1132,"date":"2024-08-08T15:47:33","date_gmt":"2024-08-08T15:47:33","guid":{"rendered":"http:\/\/www.editorialdagon.es\/?page_id=1132"},"modified":"2024-08-11T18:36:51","modified_gmt":"2024-08-11T18:36:51","slug":"carmelo-rios","status":"publish","type":"page","link":"https:\/\/www.editorialdagon.es\/index.php\/autores\/carmelo-rios\/","title":{"rendered":"Carmelo R\u00edos"},"content":{"rendered":"\n<div class=\"wp-block-media-text is-stacked-on-mobile is-vertically-aligned-top\" style=\"grid-template-columns:30% auto\"><figure class=\"wp-block-media-text__media\"><img loading=\"lazy\" decoding=\"async\" width=\"193\" height=\"505\" src=\"http:\/\/www.editorialdagon.es\/wp-content\/uploads\/2024\/08\/Carmelo.png\" alt=\"\" class=\"wp-image-1533 size-full\" srcset=\"https:\/\/www.editorialdagon.es\/wp-content\/uploads\/2024\/08\/Carmelo.png 193w, https:\/\/www.editorialdagon.es\/wp-content\/uploads\/2024\/08\/Carmelo-115x300.png 115w\" sizes=\"auto, (max-width: 193px) 100vw, 193px\" \/><\/figure><div class=\"wp-block-media-text__content\">\n<p><strong>Carmelo R\u00edos <\/strong>es autor de numerosos libros sobre espiritualidad, conferencista, orientalista y experto en diferentes artes marciales.<br>Ha dedicado su vida al estudio de la metaf\u00edsica oriental y occidental, especializ\u00e1ndose en el estudio del alma de los sonidos o Kototama, las t\u00e9cnicas de purificaci\u00f3n (Misogi) y la ciencia de la meditaci\u00f3n, entre otras, y es disc\u00edpulo de grandes maestros de estas disciplinas.<br>Ha viajado por numerosos pa\u00edses aprendiendo y ense\u00f1ando las t\u00e9cnicas iluminativas e inici\u00e1ticas que permiten al ser humano reencontrarse con aquello que la Tradici\u00f3n denomina: nuestra verdadera naturaleza.<br>Sus libros son altamente apreciados como eficaces gu\u00edas para el sincero buscador espiritual, no solamente en el contexto de los artistas marciales, sino para aquellos que quieran encontrar una gu\u00eda eficaz en el sendero de la verdadera espiritualidad.<br>Imparte seminarios en varios pa\u00edses y es reconocido internacionalmente como una autoridad en el estudio y la divulgaci\u00f3n de las t\u00e9cnicas ancestrales de purificaci\u00f3n interior y artes marciales en un objetivo de armon\u00eda consigo mismo, la Madre Naturaleza y el Universo<\/p>\n\n\n\n<p><em>El autor al pie del monte Kailash, T\u00edbet<\/em><\/p>\n<\/div><\/div>\n\n\n\n<p><\/p>\n","protected":false},"excerpt":{"rendered":"<p>Carmelo R\u00edos es autor de numerosos libros sobre espiritualidad, conferencista, orientalista y experto en diferentes artes marciales.Ha dedicado su vida [&hellip;]<\/p>\n","protected":false},"author":1,"featured_media":0,"parent":297,"menu_order":0,"comment_status":"closed","ping_status":"closed","template":"","meta":{"site-sidebar-layout":"default","site-content-layout":"","ast-site-content-layout":"default","site-content-style":"default","site-sidebar-style":"default","ast-global-header-display":"","ast-banner-title-visibility":"","ast-main-header-display":"","ast-hfb-above-header-display":"","ast-hfb-below-header-display":"","ast-hfb-mobile-header-display":"","site-post-title":"","ast-breadcrumbs-content":"","ast-featured-img":"","footer-sml-layout":"","theme-transparent-header-meta":"","adv-header-id-meta":"","stick-header-meta":"","header-above-stick-meta":"","header-main-stick-meta":"","header-below-stick-meta":"","astra-migrate-meta-layouts":"default","ast-page-background-enabled":"default","ast-page-background-meta":{"desktop":{"background-color":"var(--ast-global-color-5)","background-image":"","background-repeat":"repeat","background-position":"center center","background-size":"auto","background-attachment":"scroll","background-type":"","background-media":"","overlay-type":"","overlay-color":"","overlay-opacity":"","overlay-gradient":""},"tablet":{"background-color":"","background-image":"","background-repeat":"repeat","background-position":"center center","background-size":"auto","background-attachment":"scroll","background-type":"","background-media":"","overlay-type":"","overlay-color":"","overlay-opacity":"","overlay-gradient":""},"mobile":{"background-color":"","background-image":"","background-repeat":"repeat","background-position":"center center","background-size":"auto","background-attachment":"scroll","background-type":"","background-media":"","overlay-type":"","overlay-color":"","overlay-opacity":"","overlay-gradient":""}},"ast-content-background-meta":{"desktop":{"background-color":"var(--ast-global-color-4)","background-image":"","background-repeat":"repeat","background-position":"center center","background-size":"auto","background-attachment":"scroll","background-type":"","background-media":"","overlay-type":"","overlay-color":"","overlay-opacity":"","overlay-gradient":""},"tablet":{"background-color":"var(--ast-global-color-4)","background-image":"","background-repeat":"repeat","background-position":"center center","background-size":"auto","background-attachment":"scroll","background-type":"","background-media":"","overlay-type":"","overlay-color":"","overlay-opacity":"","overlay-gradient":""},"mobile":{"background-color":"var(--ast-global-color-4)","background-image":"","background-repeat":"repeat","background-position":"center center","background-size":"auto","background-attachment":"scroll","background-type":"","background-media":"","overlay-type":"","overlay-color":"","overlay-opacity":"","overlay-gradient":""}},"footnotes":""},"class_list":["post-1132","page","type-page","status-publish","hentry"],"_links":{"self":[{"href":"https:\/\/www.editorialdagon.es\/index.php\/wp-json\/wp\/v2\/pages\/1132","targetHints":{"allow":["GET"]}}],"collection":[{"href":"https:\/\/www.editorialdagon.es\/index.php\/wp-json\/wp\/v2\/pages"}],"about":[{"href":"https:\/\/www.editorialdagon.es\/index.php\/wp-json\/wp\/v2\/types\/page"}],"author":[{"embeddable":true,"href":"https:\/\/www.editorialdagon.es\/index.php\/wp-json\/wp\/v2\/users\/1"}],"replies":[{"embeddable":true,"href":"https:\/\/www.editorialdagon.es\/index.php\/wp-json\/wp\/v2\/comments?post=1132"}],"version-history":[{"count":5,"href":"https:\/\/www.editorialdagon.es\/index.php\/wp-json\/wp\/v2\/pages\/1132\/revisions"}],"predecessor-version":[{"id":1630,"href":"https:\/\/www.editorialdagon.es\/index.php\/wp-json\/wp\/v2\/pages\/1132\/revisions\/1630"}],"up":[{"embeddable":true,"href":"https:\/\/www.editorialdagon.es\/index.php\/wp-json\/wp\/v2\/pages\/297"}],"wp:attachment":[{"href":"https:\/\/www.editorialdagon.es\/index.php\/wp-json\/wp\/v2\/media?parent=1132"}],"curies":[{"name":"wp","href":"https:\/\/api.w.org\/{rel}","templated":true}]}}