{"id":1140,"date":"2024-08-08T15:48:40","date_gmt":"2024-08-08T15:48:40","guid":{"rendered":"http:\/\/www.editorialdagon.es\/?page_id=1140"},"modified":"2024-08-14T15:19:00","modified_gmt":"2024-08-14T15:19:00","slug":"h-rider-haggard","status":"publish","type":"page","link":"https:\/\/www.editorialdagon.es\/index.php\/autores\/h-rider-haggard\/","title":{"rendered":"H. Rider Haggard"},"content":{"rendered":"\n<div class=\"wp-block-media-text is-stacked-on-mobile is-vertically-aligned-top\" style=\"grid-template-columns:30% auto\"><figure class=\"wp-block-media-text__media\"><img loading=\"lazy\" decoding=\"async\" width=\"192\" height=\"512\" src=\"http:\/\/www.editorialdagon.es\/wp-content\/uploads\/2024\/08\/Haggard.png\" alt=\"\" class=\"wp-image-1542 size-full\" srcset=\"https:\/\/www.editorialdagon.es\/wp-content\/uploads\/2024\/08\/Haggard.png 192w, https:\/\/www.editorialdagon.es\/wp-content\/uploads\/2024\/08\/Haggard-113x300.png 113w\" sizes=\"auto, (max-width: 192px) 100vw, 192px\" \/><\/figure><div class=\"wp-block-media-text__content\">\n<p>Sir <strong>Henry Rider Haggard<\/strong> (1856-1925) fue un escritor victoriano de novelas de aventuras. Es conocido por ser el autor de <strong><em>Las Minas del Rey Salom\u00f3n<\/em><\/strong>, <strong><em>Ella<\/em><\/strong> y otros libros, generalmente protagonizados por exploradores ingleses que viajan por \u00c1frica, aunque tambi\u00e9n As\u00eda y Am\u00e9rica del Sur.<br>En su educaci\u00f3n, podemos destacar el estudio de los cl\u00e1sicos y su habilidad para escribir versos latinos a la manera de Virgilio y Horacio.<br>Haggard trabaj\u00f3 como funcionario del gobierno colonial brit\u00e1nico en Natal, entre los a\u00f1os 1875 y 1880; particip\u00f3 en las guerras de los B\u00f3ers y conoci\u00f3 muchos pueblos aut\u00f3ctonos, especialmente los zul\u00faes; pero no se limit\u00f3 a un estudio antropol\u00f3gico, sino que ahond\u00f3 en sus ritos, su magia, convivi\u00f3 con sus hechiceros y chamanes, convencido de la existencia de un Mundo Invisible, sobrenatural. Los zul\u00fas le dieron el nombre de \u00abIndanda\u00bb, lo cual quiere decir que es alto y de naturaleza agradable.<br>Posteriormente estudi\u00f3 derecho en Inglaterra, pero no tuvo mucho \u00e9xito en dicha actividad, dedic\u00e1ndose m\u00e1s tarde por entero a la escritura. Fue nombrado caballero en 1912. En su biograf\u00eda comenta c\u00f3mo le interesaron los temas de espiritismo, reforzando su visi\u00f3n m\u00e1gica de la vida, aunque nunca dej\u00f3 de ser un ferviente cat\u00f3lico.<br>Sus novelas m\u00e1s famosas son las pertenecientes a los dos personajes m\u00e1s conocidos de este autor: Allan Quatermain y Ella. Allan Quatermain es considerado como la personificaci\u00f3n del \u00abcazador blanco\u00bb, y protagoniza <strong><em>Las Minas del Rey Salom\u00f3n<\/em><\/strong> (1885), <strong><em>La Venganza de Maiwa<\/em><\/strong> (1887), <strong><em>Allan y los Dioses de Hielo<\/em><\/strong> (1927), y <strong><em>Allan Quatermain<\/em><\/strong> (1887). <strong><em>Ayesha<\/em><\/strong> o <strong><em>Ella<\/em><\/strong>, es una mujer inmortal que vive durante siglos en \u00c1frica siendo adorada como diosa por los nativos, hasta que la encuentran los exploradores europeos. Sobre ella tratan <strong><em>Ella<\/em><\/strong> (1887), A<strong><em>yesha, el Retorno de Ella<\/em><\/strong> (1905) e <strong><em>Hija de la Sabidur\u00eda<\/em><\/strong> (1923), donde se cuenta su origen en el antiguo Egipto. Adem\u00e1s, en la novela<strong><em> Allan y Ella<\/em><\/strong> (1921) re\u00fane a ambos personajes.<br>Otras novelas que escribi\u00f3 fueron <strong><em>Cleopatra<\/em><\/strong> (1889), <strong><em>Eric Brighteyes<\/em><\/strong> (1891),<strong><em> Red Eve<\/em><\/strong> (1911) o <strong><em>Los Reyes Fantasma<\/em><\/strong>, obra en la que, seg\u00fan comenta Jos\u00e9 Miguel Pallar\u00e9s:<br><em>El lector hallar\u00e1 al final de la novela influencias manifiestas de la teosof\u00eda de Blavatsky, presentes en la obra de otros escritores como Conan Doyle, pero, por encima de todo, mundos perdidos, presciencia y los eternos temas de la longevidad, el peso del sino y el poder sobrenatural.<\/em><br>Entre las muchas facetas de su vida, podemos destacar su amistad con Kipling. No s\u00f3lo se le\u00edan y criticaban mutuamente las obras, sino que hasta llegaban a escribir juntos los borradores o \u00abescaletas\u00bb. Haggard ten\u00eda un gran despacho en su mansi\u00f3n de Ditchingham, repleto de objetos tra\u00eddos de todos los lugares del mundo. En su mesa de trabajo, de grandes dimensiones, se colocaban uno frente a otro, trabajando en sus historias. Por poner un ejemplo, en la obra <strong><em>Allan y los Dioses del Hielo<\/em><\/strong>, Kipling aport\u00f3 varias ideas para desarrollar la trama e incluso el nombre de alg\u00fan personaje.<br>Haggard ten\u00eda un temperamento filos\u00f3fico y reflexionaba largamente sobre los misterios de la vida. En <strong><em>The Days Of My Life<\/em><\/strong>, comenta: <em>\u00abHay una divinidad que forja nuestros destinos. \u00bfEscrib\u00eda Shakespeare llevado por la inspiraci\u00f3n o era \u00e9l el que escrib\u00eda de verdad?\u00bb<\/em>. En esta autobiograf\u00eda alaba a los eremitas y monjes retirados de la vida social, ya sean egipcios, tibetanos o cristianos, con los que se sent\u00eda identificado.<br>Al final de sus d\u00edas le preocupaba si su obra iba a pervivir. Dice en el mismo libro, en la Introducci\u00f3n:<br>La pregunta presente es: \u00bfQu\u00e9 oportunidad tengo yo de ser recordado? S\u00f3lo puedo esperar que una cierta cantidad de mis libros puedan ser confirmados por su calidad?<br>En Sud\u00e1frica, entre otras muchas an\u00e9cdotas, le ocurri\u00f3 que, estando en Pretoria, una anciana mujer hotentote se present\u00f3 ante \u00e9l horrorizada por unas matanzas ocurridas en las tierras zul\u00faes. Era imposible saber lo que estaba ocurriendo a tantos kil\u00f3metros de distancia, pero veinte horas despu\u00e9s lleg\u00f3 un hombre a caballo confirmando la noticia; la anciana hotentote, en cambi\u00f3, lo hab\u00eda sabido en el mismo momento que suced\u00edan los hechos.<br>Fue muy amigo de W. Butler, jefe del departamento de arqueolog\u00eda del Museo Brit\u00e1nico y escritor de muchas obras sobre tradiciones y magia egipcia, incluyendo libros sobre jerogl\u00edficos y una traducci\u00f3n de <strong><em>El Libro de los Muertos<\/em><\/strong>. Ten\u00eda la costumbre de dejarle sus novelas para que las criticase y para que viera si la parte hist\u00f3rica era correcta.<br>Podr\u00edamos contar muchas m\u00e1s an\u00e9cdotas y dar m\u00e1s datos biogr\u00e1ficos de este estupendo autor, interesado en la magia y el ocultismo, que ha pasado a la posteridad m\u00e1s por sus novelas de aventuras que por las m\u00e1s esot\u00e9ricas, aunque en todas sus novelas se percibe un profundo conocimiento de las ense\u00f1anzas teos\u00f3ficas y espiritistas.<\/p>\n<\/div><\/div>\n","protected":false},"excerpt":{"rendered":"<p>Sir Henry Rider Haggard (1856-1925) fue un escritor victoriano de novelas de aventuras. Es conocido por ser el autor de [&hellip;]<\/p>\n","protected":false},"author":1,"featured_media":0,"parent":297,"menu_order":0,"comment_status":"closed","ping_status":"closed","template":"","meta":{"site-sidebar-layout":"default","site-content-layout":"","ast-site-content-layout":"default","site-content-style":"default","site-sidebar-style":"default","ast-global-header-display":"","ast-banner-title-visibility":"","ast-main-header-display":"","ast-hfb-above-header-display":"","ast-hfb-below-header-display":"","ast-hfb-mobile-header-display":"","site-post-title":"","ast-breadcrumbs-content":"","ast-featured-img":"","footer-sml-layout":"","theme-transparent-header-meta":"","adv-header-id-meta":"","stick-header-meta":"","header-above-stick-meta":"","header-main-stick-meta":"","header-below-stick-meta":"","astra-migrate-meta-layouts":"default","ast-page-background-enabled":"default","ast-page-background-meta":{"desktop":{"background-color":"var(--ast-global-color-5)","background-image":"","background-repeat":"repeat","background-position":"center center","background-size":"auto","background-attachment":"scroll","background-type":"","background-media":"","overlay-type":"","overlay-color":"","overlay-opacity":"","overlay-gradient":""},"tablet":{"background-color":"","background-image":"","background-repeat":"repeat","background-position":"center center","background-size":"auto","background-attachment":"scroll","background-type":"","background-media":"","overlay-type":"","overlay-color":"","overlay-opacity":"","overlay-gradient":""},"mobile":{"background-color":"","background-image":"","background-repeat":"repeat","background-position":"center center","background-size":"auto","background-attachment":"scroll","background-type":"","background-media":"","overlay-type":"","overlay-color":"","overlay-opacity":"","overlay-gradient":""}},"ast-content-background-meta":{"desktop":{"background-color":"var(--ast-global-color-4)","background-image":"","background-repeat":"repeat","background-position":"center center","background-size":"auto","background-attachment":"scroll","background-type":"","background-media":"","overlay-type":"","overlay-color":"","overlay-opacity":"","overlay-gradient":""},"tablet":{"background-color":"var(--ast-global-color-4)","background-image":"","background-repeat":"repeat","background-position":"center center","background-size":"auto","background-attachment":"scroll","background-type":"","background-media":"","overlay-type":"","overlay-color":"","overlay-opacity":"","overlay-gradient":""},"mobile":{"background-color":"var(--ast-global-color-4)","background-image":"","background-repeat":"repeat","background-position":"center center","background-size":"auto","background-attachment":"scroll","background-type":"","background-media":"","overlay-type":"","overlay-color":"","overlay-opacity":"","overlay-gradient":""}},"footnotes":""},"class_list":["post-1140","page","type-page","status-publish","hentry"],"_links":{"self":[{"href":"https:\/\/www.editorialdagon.es\/index.php\/wp-json\/wp\/v2\/pages\/1140","targetHints":{"allow":["GET"]}}],"collection":[{"href":"https:\/\/www.editorialdagon.es\/index.php\/wp-json\/wp\/v2\/pages"}],"about":[{"href":"https:\/\/www.editorialdagon.es\/index.php\/wp-json\/wp\/v2\/types\/page"}],"author":[{"embeddable":true,"href":"https:\/\/www.editorialdagon.es\/index.php\/wp-json\/wp\/v2\/users\/1"}],"replies":[{"embeddable":true,"href":"https:\/\/www.editorialdagon.es\/index.php\/wp-json\/wp\/v2\/comments?post=1140"}],"version-history":[{"count":4,"href":"https:\/\/www.editorialdagon.es\/index.php\/wp-json\/wp\/v2\/pages\/1140\/revisions"}],"predecessor-version":[{"id":1620,"href":"https:\/\/www.editorialdagon.es\/index.php\/wp-json\/wp\/v2\/pages\/1140\/revisions\/1620"}],"up":[{"embeddable":true,"href":"https:\/\/www.editorialdagon.es\/index.php\/wp-json\/wp\/v2\/pages\/297"}],"wp:attachment":[{"href":"https:\/\/www.editorialdagon.es\/index.php\/wp-json\/wp\/v2\/media?parent=1140"}],"curies":[{"name":"wp","href":"https:\/\/api.w.org\/{rel}","templated":true}]}}