{"id":1323,"date":"2024-08-10T10:05:50","date_gmt":"2024-08-10T10:05:50","guid":{"rendered":"http:\/\/www.editorialdagon.es\/?page_id=1323"},"modified":"2024-08-11T18:12:54","modified_gmt":"2024-08-11T18:12:54","slug":"francisco-de-montoliu-y-togores-nemo","status":"publish","type":"page","link":"https:\/\/www.editorialdagon.es\/index.php\/autores\/francisco-de-montoliu-y-togores-nemo\/","title":{"rendered":"Francisco de Montoliu y Togores (Nemo)"},"content":{"rendered":"\n<div class=\"wp-block-media-text is-stacked-on-mobile is-vertically-aligned-top\" style=\"grid-template-columns:30% auto\"><figure class=\"wp-block-media-text__media\"><img loading=\"lazy\" decoding=\"async\" width=\"189\" height=\"505\" src=\"http:\/\/www.editorialdagon.es\/wp-content\/uploads\/2024\/08\/Nemo.png\" alt=\"\" class=\"wp-image-1538 size-full\" srcset=\"https:\/\/www.editorialdagon.es\/wp-content\/uploads\/2024\/08\/Nemo.png 189w, https:\/\/www.editorialdagon.es\/wp-content\/uploads\/2024\/08\/Nemo-112x300.png 112w\" sizes=\"auto, (max-width: 189px) 100vw, 189px\" \/><\/figure><div class=\"wp-block-media-text__content\">\n<p><strong>Francisco Montoliu y Togores<\/strong>, naci\u00f3 en Tarragona el nueve de febrero de 1861; hijo de los Marqueses de Montoliu, familia aristocr\u00e1tica de dicha ciudad.<br>Desde ni\u00f1o demostr\u00f3 un car\u00e1cter serio, en\u00e9rgico, constante y observador, al mismo tiempo que bondadoso y benevolente; su afici\u00f3n al estudio fue desmedida, obteniendo la carrera de abogado y la de ingeniero sin perder un solo curso. Igualmente fue un maestro consumado del violoncelo.<br>En enero de 1888, \u00abcasualmente\u00bb cay\u00f3 en sus manos un n\u00famero de la <strong><em>Revue Th\u00e9osophique<\/em><\/strong>, de Par\u00eds, en la que se anunciaba la obra magistral de la fundadora de la Sociedad Teos\u00f3fica, Helena P. Blavatsky:<em><strong> Isis sin Velo<\/strong><\/em>, en dos tomos. No tard\u00f3 en adquirirla, pero estaba impresa en ingl\u00e9s, y a los tres meses le\u00eda este idioma como si fuera el suyo propio.<br>Montoliu abri\u00f3 su coraz\u00f3n a la Doctrina Teos\u00f3fica hasta el punto de identificarse de tal forma, que casi se puede decir que formaba parte de su Ser. Tradujo <strong><em>Isis sin Velo, La Voz del Silencio<\/em><\/strong>, parte de <strong><em>La Doctrina Secreta<\/em><\/strong>, y una infinidad de obras, folletos y art\u00edculos. Y tambi\u00e9n escribi\u00f3 textos de su autor\u00eda, como los que vemos en esta recopilaci\u00f3n, firmados con el seud\u00f3nimo de \u00abNemo\u00bb, por el cual es muy conocido, no solamente en Espa\u00f1a sino tambi\u00e9n en el c\u00edrculos teos\u00f3ficos de Cuba, algunos estados del sur de EE.UU., Filipinas y la India.<br>La lectura de Isis sin Velo le \u00abconvirti\u00f3\u00bb a la Teosof\u00eda, y pidi\u00f3 inmediatamente a Blavatsky ingresar en la Sociedad y permiso para traducir sus obras al castellano. Fue entonces cuando ella envi\u00f3 la petici\u00f3n a Jos\u00e9 Xifr\u00e9 para que se interesase por Montoliu. El propio Xifr\u00e9, tras leer la revista <strong><em>Le Lotus<\/em><\/strong>, se hab\u00eda encontrado con la Se\u00f1ora Blavatsky, siendo el primer contacto espa\u00f1ol con la Sociedad Teos\u00f3fica.<br>Jos\u00e9 Xifr\u00e9 encontr\u00f3 a Montoliu traduciendo la primera gran obra de Helena P. Blavatsky, y cuenta el arist\u00f3crata que, cuando se acerc\u00f3 al modesto piso del joven profesor para conocerle, al entrar en su cuarto, Montoliu guard\u00f3 los papeles de su traducci\u00f3n. De ese encuentro en 1899 naci\u00f3 el proyecto de crear la Sociedad Teos\u00f3fica Espa\u00f1ola. El grupo espa\u00f1ol entr\u00f3 a formar parte de la Sociedad Teos\u00f3fica, dependiendo de la secci\u00f3n francesa, siendo Montoliu el primer presidente del Grupo Teos\u00f3fico espa\u00f1ol. M\u00e1s tarde, el grupo espa\u00f1ol pas\u00f3 a formar parte de la Secci\u00f3n Europea, despu\u00e9s de enviar a H.P.B. el reglamento y ser aprobado y devuelto, firmado por Blavatsky, el 1 de mayo de 1891.<br>Tambi\u00e9n hay que decir que perteneci\u00f3 al la Escuela Esot\u00e9rica que dirig\u00eda H.P.B. y cuyo certificado podemos ver en la hoja siguiente.<br>Edit\u00f3 la revista <strong><em>Estudios Teos\u00f3ficos<\/em><\/strong> (con ayuda de Xifr\u00e9, el doctor Roviralta, y otros), la cual \u00abreencarn\u00f3\u00bb un poco despu\u00e9s con el nombre de Sophia (7 enero 1893). Pero al principio recay\u00f3 sobre sus hombros todo el trabajo de su publicaci\u00f3n. En el n\u00ba 5 de la revista, el 21 de diciembre, ya figura como su director.<br>Tambi\u00e9n dio numerosas conferencias semip\u00fablicas, empez\u00e1ndolas todas con la pregunta: \u00bfDe qu\u00e9 asunto desean ustedes que les hable?<br>Su recuerdo y su ejemplo deben estar en todo momento en el coraz\u00f3n de todos los miembros te\u00f3sofos.<br>Falleci\u00f3 el 10 de mayo de 1892 a la edad de 31 a\u00f1os.<br>Resumiendo, podemos decir que fue un ni\u00f1o por su inocencia y un anciano por su sabidur\u00eda.<\/p>\n\n\n\n<figure class=\"wp-block-image aligncenter size-full\"><img decoding=\"async\" src=\"http:\/\/www.editorialdagon.es\/wp-content\/uploads\/2024\/08\/certificado.tif\" alt=\"\" class=\"wp-image-1624\"\/><\/figure>\n<\/div><\/div>\n","protected":false},"excerpt":{"rendered":"","protected":false},"author":1,"featured_media":0,"parent":297,"menu_order":0,"comment_status":"closed","ping_status":"closed","template":"","meta":{"site-sidebar-layout":"default","site-content-layout":"","ast-site-content-layout":"default","site-content-style":"default","site-sidebar-style":"default","ast-global-header-display":"","ast-banner-title-visibility":"","ast-main-header-display":"","ast-hfb-above-header-display":"","ast-hfb-below-header-display":"","ast-hfb-mobile-header-display":"","site-post-title":"","ast-breadcrumbs-content":"","ast-featured-img":"","footer-sml-layout":"","theme-transparent-header-meta":"","adv-header-id-meta":"","stick-header-meta":"","header-above-stick-meta":"","header-main-stick-meta":"","header-below-stick-meta":"","astra-migrate-meta-layouts":"default","ast-page-background-enabled":"default","ast-page-background-meta":{"desktop":{"background-color":"var(--ast-global-color-5)","background-image":"","background-repeat":"repeat","background-position":"center center","background-size":"auto","background-attachment":"scroll","background-type":"","background-media":"","overlay-type":"","overlay-color":"","overlay-opacity":"","overlay-gradient":""},"tablet":{"background-color":"","background-image":"","background-repeat":"repeat","background-position":"center center","background-size":"auto","background-attachment":"scroll","background-type":"","background-media":"","overlay-type":"","overlay-color":"","overlay-opacity":"","overlay-gradient":""},"mobile":{"background-color":"","background-image":"","background-repeat":"repeat","background-position":"center center","background-size":"auto","background-attachment":"scroll","background-type":"","background-media":"","overlay-type":"","overlay-color":"","overlay-opacity":"","overlay-gradient":""}},"ast-content-background-meta":{"desktop":{"background-color":"var(--ast-global-color-4)","background-image":"","background-repeat":"repeat","background-position":"center center","background-size":"auto","background-attachment":"scroll","background-type":"","background-media":"","overlay-type":"","overlay-color":"","overlay-opacity":"","overlay-gradient":""},"tablet":{"background-color":"var(--ast-global-color-4)","background-image":"","background-repeat":"repeat","background-position":"center center","background-size":"auto","background-attachment":"scroll","background-type":"","background-media":"","overlay-type":"","overlay-color":"","overlay-opacity":"","overlay-gradient":""},"mobile":{"background-color":"var(--ast-global-color-4)","background-image":"","background-repeat":"repeat","background-position":"center center","background-size":"auto","background-attachment":"scroll","background-type":"","background-media":"","overlay-type":"","overlay-color":"","overlay-opacity":"","overlay-gradient":""}},"footnotes":""},"class_list":["post-1323","page","type-page","status-publish","hentry"],"_links":{"self":[{"href":"https:\/\/www.editorialdagon.es\/index.php\/wp-json\/wp\/v2\/pages\/1323","targetHints":{"allow":["GET"]}}],"collection":[{"href":"https:\/\/www.editorialdagon.es\/index.php\/wp-json\/wp\/v2\/pages"}],"about":[{"href":"https:\/\/www.editorialdagon.es\/index.php\/wp-json\/wp\/v2\/types\/page"}],"author":[{"embeddable":true,"href":"https:\/\/www.editorialdagon.es\/index.php\/wp-json\/wp\/v2\/users\/1"}],"replies":[{"embeddable":true,"href":"https:\/\/www.editorialdagon.es\/index.php\/wp-json\/wp\/v2\/comments?post=1323"}],"version-history":[{"count":6,"href":"https:\/\/www.editorialdagon.es\/index.php\/wp-json\/wp\/v2\/pages\/1323\/revisions"}],"predecessor-version":[{"id":1626,"href":"https:\/\/www.editorialdagon.es\/index.php\/wp-json\/wp\/v2\/pages\/1323\/revisions\/1626"}],"up":[{"embeddable":true,"href":"https:\/\/www.editorialdagon.es\/index.php\/wp-json\/wp\/v2\/pages\/297"}],"wp:attachment":[{"href":"https:\/\/www.editorialdagon.es\/index.php\/wp-json\/wp\/v2\/media?parent=1323"}],"curies":[{"name":"wp","href":"https:\/\/api.w.org\/{rel}","templated":true}]}}