{"id":1824,"date":"2024-08-15T06:53:34","date_gmt":"2024-08-15T06:53:34","guid":{"rendered":"http:\/\/www.editorialdagon.es\/?page_id=1824"},"modified":"2026-03-18T14:48:30","modified_gmt":"2026-03-18T14:48:30","slug":"h-p-blavatsky-glosario-teosofico","status":"publish","type":"page","link":"https:\/\/www.editorialdagon.es\/index.php\/obras\/h-p-blavatsky-glosario-teosofico\/","title":{"rendered":"H.P. BLAVATSKY &#8211; Glosario Teos\u00f3fico"},"content":{"rendered":"\n<div class=\"wp-block-media-text is-stacked-on-mobile\"><figure class=\"wp-block-media-text__media\"><img loading=\"lazy\" decoding=\"async\" width=\"441\" height=\"691\" src=\"http:\/\/www.editorialdagon.es\/wp-content\/uploads\/2024\/08\/Portadas-Woprd-Press-2024.001.png\" alt=\"\" class=\"wp-image-1828 size-full\" srcset=\"https:\/\/www.editorialdagon.es\/wp-content\/uploads\/2024\/08\/Portadas-Woprd-Press-2024.001.png 441w, https:\/\/www.editorialdagon.es\/wp-content\/uploads\/2024\/08\/Portadas-Woprd-Press-2024.001-191x300.png 191w\" sizes=\"auto, (max-width: 441px) 100vw, 441px\" \/><\/figure><div class=\"wp-block-media-text__content\">\n<p><a href=\"http:\/\/www.editorialdagon.es\/index.php\/autores\/helena-petrovna-blavatsky\/\" data-type=\"page\" data-id=\"1116\">HELENA PETROVNA BLAVATSKY<\/a><\/p>\n\n\n\n<p>A\u00f1o de edici\u00f3n:&nbsp;2023<\/p>\n\n\n\n<p>ISBN: 9788419540485<\/p>\n\n\n\n<p>P\u00e1ginas: 1082<\/p>\n\n\n\n<p>Precio: <strong>68\u00a0\u20ac<\/strong><\/p>\n\n\n\n<p>Puedes comprarlo en formato PDF. Contacta con el <a href=\"editor@editorialdagon.es\">Editor<\/a><\/p>\n\n\n\n<p>Fragmento:<em> <a href=\"https:\/\/1drv.ms\/b\/s!AvQngI1KR5TfvOdghlD-fCu21uGpsQ?e=I8yWBn\">Glosario Teos\u00f3fico<\/a><\/em><\/p>\n\n\n\n<p>Contacto: <a href=\"mailto:editor@editorialdagon.es\"><em>editor@editorialdagon.es<\/em><\/a><\/p>\n<\/div><\/div>\n\n\n\n<p><strong>SINOPSIS<\/strong><\/p>\n\n\n\n<p>El Glosario Teos\u00f3fico es un diccionario de esoterismo y ocultismo, imprescindible para todos los estudiantes de la Sabidur\u00eda Antigua. Lo inicio H.P. Blavatsky para <em>La Clave de la Teosof\u00eda<\/em>, pero lo fue ampliando hasta su muerte, dej\u00e1ndolo inconcluso. Sus disc\u00edpulos, como Annie Besant, Frank Hartmann y otros eruditos, lo completaron tras su muerte. M\u00e1s tarde, al traducirlo al castellano, el ling\u00fcista Jos\u00e9 Roviralta, experto en franc\u00e9s, ingl\u00e9s, alem\u00e1n y, sobre todo s\u00e1nscrito, lo amplio hasta conseguir la versi\u00f3n que ahora presentamos, mucho m\u00e1s amplio que el original.<\/p>\n\n\n\n<p><strong>BOOKTRAILER<\/strong><\/p>\n\n\n\n<figure class=\"wp-block-embed is-type-video is-provider-youtube wp-block-embed-youtube wp-embed-aspect-16-9 wp-has-aspect-ratio\"><div class=\"wp-block-embed__wrapper\">\n<div class=\"ast-oembed-container \" style=\"height: 100%;\"><iframe loading=\"lazy\" title=\"Book Trailer HPB GLOSARIO rustica\" width=\"500\" height=\"281\" src=\"https:\/\/www.youtube.com\/embed\/NI3AIgEQzgI?feature=oembed\" frameborder=\"0\" allow=\"accelerometer; autoplay; clipboard-write; encrypted-media; gyroscope; picture-in-picture; web-share\" referrerpolicy=\"strict-origin-when-cross-origin\" allowfullscreen><\/iframe><\/div>\n<\/div><\/figure>\n","protected":false},"excerpt":{"rendered":"<p>HELENA PETROVNA BLAVATSKY A\u00f1o de edici\u00f3n:&nbsp;2023 ISBN: 9788419540485 P\u00e1ginas: 1082 Precio: 68\u00a0\u20ac Puedes comprarlo en formato PDF. Contacta con el [&hellip;]<\/p>\n","protected":false},"author":1,"featured_media":0,"parent":291,"menu_order":0,"comment_status":"closed","ping_status":"closed","template":"","meta":{"site-sidebar-layout":"default","site-content-layout":"","ast-site-content-layout":"default","site-content-style":"default","site-sidebar-style":"default","ast-global-header-display":"","ast-banner-title-visibility":"","ast-main-header-display":"","ast-hfb-above-header-display":"","ast-hfb-below-header-display":"","ast-hfb-mobile-header-display":"","site-post-title":"","ast-breadcrumbs-content":"","ast-featured-img":"","footer-sml-layout":"","theme-transparent-header-meta":"","adv-header-id-meta":"","stick-header-meta":"","header-above-stick-meta":"","header-main-stick-meta":"","header-below-stick-meta":"","astra-migrate-meta-layouts":"default","ast-page-background-enabled":"default","ast-page-background-meta":{"desktop":{"background-color":"var(--ast-global-color-5)","background-image":"","background-repeat":"repeat","background-position":"center center","background-size":"auto","background-attachment":"scroll","background-type":"","background-media":"","overlay-type":"","overlay-color":"","overlay-opacity":"","overlay-gradient":""},"tablet":{"background-color":"","background-image":"","background-repeat":"repeat","background-position":"center center","background-size":"auto","background-attachment":"scroll","background-type":"","background-media":"","overlay-type":"","overlay-color":"","overlay-opacity":"","overlay-gradient":""},"mobile":{"background-color":"","background-image":"","background-repeat":"repeat","background-position":"center center","background-size":"auto","background-attachment":"scroll","background-type":"","background-media":"","overlay-type":"","overlay-color":"","overlay-opacity":"","overlay-gradient":""}},"ast-content-background-meta":{"desktop":{"background-color":"var(--ast-global-color-4)","background-image":"","background-repeat":"repeat","background-position":"center center","background-size":"auto","background-attachment":"scroll","background-type":"","background-media":"","overlay-type":"","overlay-color":"","overlay-opacity":"","overlay-gradient":""},"tablet":{"background-color":"var(--ast-global-color-4)","background-image":"","background-repeat":"repeat","background-position":"center center","background-size":"auto","background-attachment":"scroll","background-type":"","background-media":"","overlay-type":"","overlay-color":"","overlay-opacity":"","overlay-gradient":""},"mobile":{"background-color":"var(--ast-global-color-4)","background-image":"","background-repeat":"repeat","background-position":"center center","background-size":"auto","background-attachment":"scroll","background-type":"","background-media":"","overlay-type":"","overlay-color":"","overlay-opacity":"","overlay-gradient":""}},"footnotes":""},"class_list":["post-1824","page","type-page","status-publish","hentry"],"_links":{"self":[{"href":"https:\/\/www.editorialdagon.es\/index.php\/wp-json\/wp\/v2\/pages\/1824","targetHints":{"allow":["GET"]}}],"collection":[{"href":"https:\/\/www.editorialdagon.es\/index.php\/wp-json\/wp\/v2\/pages"}],"about":[{"href":"https:\/\/www.editorialdagon.es\/index.php\/wp-json\/wp\/v2\/types\/page"}],"author":[{"embeddable":true,"href":"https:\/\/www.editorialdagon.es\/index.php\/wp-json\/wp\/v2\/users\/1"}],"replies":[{"embeddable":true,"href":"https:\/\/www.editorialdagon.es\/index.php\/wp-json\/wp\/v2\/comments?post=1824"}],"version-history":[{"count":9,"href":"https:\/\/www.editorialdagon.es\/index.php\/wp-json\/wp\/v2\/pages\/1824\/revisions"}],"predecessor-version":[{"id":3780,"href":"https:\/\/www.editorialdagon.es\/index.php\/wp-json\/wp\/v2\/pages\/1824\/revisions\/3780"}],"up":[{"embeddable":true,"href":"https:\/\/www.editorialdagon.es\/index.php\/wp-json\/wp\/v2\/pages\/291"}],"wp:attachment":[{"href":"https:\/\/www.editorialdagon.es\/index.php\/wp-json\/wp\/v2\/media?parent=1824"}],"curies":[{"name":"wp","href":"https:\/\/api.w.org\/{rel}","templated":true}]}}