{"id":1863,"date":"2024-09-05T16:52:33","date_gmt":"2024-09-05T16:52:33","guid":{"rendered":"https:\/\/www.editorialdagon.es\/?page_id=1863"},"modified":"2024-09-06T19:02:10","modified_gmt":"2024-09-06T19:02:10","slug":"jose-romero-garcia","status":"publish","type":"page","link":"https:\/\/www.editorialdagon.es\/index.php\/autores\/jose-romero-garcia\/","title":{"rendered":"Jos\u00e9 Romero Garc\u00eda"},"content":{"rendered":"\n<div class=\"wp-block-media-text is-stacked-on-mobile is-vertically-aligned-top\" style=\"grid-template-columns:35% auto\"><figure class=\"wp-block-media-text__media\"><img loading=\"lazy\" decoding=\"async\" width=\"270\" height=\"504\" src=\"https:\/\/www.editorialdagon.es\/wp-content\/uploads\/2024\/09\/Foto-Jose-Romero-W.P.png\" alt=\"\" class=\"wp-image-1935 size-full\" srcset=\"https:\/\/www.editorialdagon.es\/wp-content\/uploads\/2024\/09\/Foto-Jose-Romero-W.P.png 270w, https:\/\/www.editorialdagon.es\/wp-content\/uploads\/2024\/09\/Foto-Jose-Romero-W.P-161x300.png 161w\" sizes=\"auto, (max-width: 270px) 100vw, 270px\" \/><\/figure><div class=\"wp-block-media-text__content\">\n<p>Jos\u00e9 Romero es un escritor que se estrena con su segunda novela, <em>\u00c1nima Mestalla<\/em>. Adem\u00e1s, es autor de una compilaci\u00f3n: <em>Relatos mientras esperas<\/em>: <em>casi 100 historias breves<\/em>, y ganador de varios concursos literarios (incluido el Tintero del Drag\u00f3n). <br>Su formaci\u00f3n incluye las licenciaturas de Psicolog\u00eda y Administraci\u00f3n y Direcci\u00f3n de Empresas (UV),&nbsp; M\u00e1ster en la Actividad F\u00edsica y el Deporte (UNED), as\u00ed como M\u00e1ster en Prevenci\u00f3n de Drogodependencias y otras Conductas Adictivas (VIU). <br>Forma parte de la Administraci\u00f3n General del Estado desde hace m\u00e1s de veinte a\u00f1os.<\/p>\n\n\n\n<p>Aunque escribir siempre le gust\u00f3, se lo empez\u00f3 a tomar m\u00e1s en serio a&nbsp;partir de 2018, cursando distintos talleres de escritura creativa. Hasta ese momento se hab\u00eda dedicado a estudiar: Psicolog\u00eda (especializ\u00e1ndose en el deporte y la actividad f\u00edsica), una oposici\u00f3n p\u00fablica y, despu\u00e9s, Administraci\u00f3n y Direcci\u00f3n de Empresas. De 2016 a 2022 compagin\u00f3 su trabajo como funcionario y la&nbsp;cocrianza de dos reto\u00f1os con la traducci\u00f3n&nbsp;de libros \u2013los de Torkom Saraydarian-, colaborando con el Grupo de Estudios Teos\u00f3ficos de Valencia. Despu\u00e9s de estar dos a\u00f1os escribiendo relatos cortos, y ganar varias veces el concurso semanal en una plataforma editorial, la casualidad quiso que empezara a escribir una novela, casi como un juego. Entre medias hizo otra especializaci\u00f3n en drogodependencias y otras conductas adictivas. Cuando termin\u00f3, volvi\u00f3 con la novela y no par\u00f3 hasta terminarla. Ahora, este manuscrito est\u00e1 incubando sus letras, de concurso en concurso. En paralelo, una idea no paraba de martillearle desde hac\u00eda tiempo: de infancia valencianista, sent\u00eda que algo pod\u00eda devolver al escudo, aunque fuera una parte insignificante de lo que recibi\u00f3 durante tantos a\u00f1os. Y, de este modo, un quince de marzo de 2024 empez\u00f3 a escribir \u00c1nima Mestalla. Tres meses despu\u00e9s ya estaba terminada y se convierte en la primera novela publicada del autor.&nbsp;<br><\/p>\n<\/div><\/div>\n\n\n\n<p><\/p>\n","protected":false},"excerpt":{"rendered":"<p>Jos\u00e9 Romero es un escritor que se estrena con su segunda novela, \u00c1nima Mestalla. Adem\u00e1s, es autor de una compilaci\u00f3n: [&hellip;]<\/p>\n","protected":false},"author":1,"featured_media":0,"parent":297,"menu_order":0,"comment_status":"closed","ping_status":"closed","template":"","meta":{"site-sidebar-layout":"default","site-content-layout":"","ast-site-content-layout":"default","site-content-style":"default","site-sidebar-style":"default","ast-global-header-display":"","ast-banner-title-visibility":"","ast-main-header-display":"","ast-hfb-above-header-display":"","ast-hfb-below-header-display":"","ast-hfb-mobile-header-display":"","site-post-title":"","ast-breadcrumbs-content":"","ast-featured-img":"","footer-sml-layout":"","theme-transparent-header-meta":"","adv-header-id-meta":"","stick-header-meta":"","header-above-stick-meta":"","header-main-stick-meta":"","header-below-stick-meta":"","astra-migrate-meta-layouts":"default","ast-page-background-enabled":"default","ast-page-background-meta":{"desktop":{"background-color":"var(--ast-global-color-5)","background-image":"","background-repeat":"repeat","background-position":"center center","background-size":"auto","background-attachment":"scroll","background-type":"","background-media":"","overlay-type":"","overlay-color":"","overlay-opacity":"","overlay-gradient":""},"tablet":{"background-color":"","background-image":"","background-repeat":"repeat","background-position":"center center","background-size":"auto","background-attachment":"scroll","background-type":"","background-media":"","overlay-type":"","overlay-color":"","overlay-opacity":"","overlay-gradient":""},"mobile":{"background-color":"","background-image":"","background-repeat":"repeat","background-position":"center center","background-size":"auto","background-attachment":"scroll","background-type":"","background-media":"","overlay-type":"","overlay-color":"","overlay-opacity":"","overlay-gradient":""}},"ast-content-background-meta":{"desktop":{"background-color":"var(--ast-global-color-4)","background-image":"","background-repeat":"repeat","background-position":"center center","background-size":"auto","background-attachment":"scroll","background-type":"","background-media":"","overlay-type":"","overlay-color":"","overlay-opacity":"","overlay-gradient":""},"tablet":{"background-color":"var(--ast-global-color-4)","background-image":"","background-repeat":"repeat","background-position":"center center","background-size":"auto","background-attachment":"scroll","background-type":"","background-media":"","overlay-type":"","overlay-color":"","overlay-opacity":"","overlay-gradient":""},"mobile":{"background-color":"var(--ast-global-color-4)","background-image":"","background-repeat":"repeat","background-position":"center center","background-size":"auto","background-attachment":"scroll","background-type":"","background-media":"","overlay-type":"","overlay-color":"","overlay-opacity":"","overlay-gradient":""}},"footnotes":""},"class_list":["post-1863","page","type-page","status-publish","hentry"],"_links":{"self":[{"href":"https:\/\/www.editorialdagon.es\/index.php\/wp-json\/wp\/v2\/pages\/1863","targetHints":{"allow":["GET"]}}],"collection":[{"href":"https:\/\/www.editorialdagon.es\/index.php\/wp-json\/wp\/v2\/pages"}],"about":[{"href":"https:\/\/www.editorialdagon.es\/index.php\/wp-json\/wp\/v2\/types\/page"}],"author":[{"embeddable":true,"href":"https:\/\/www.editorialdagon.es\/index.php\/wp-json\/wp\/v2\/users\/1"}],"replies":[{"embeddable":true,"href":"https:\/\/www.editorialdagon.es\/index.php\/wp-json\/wp\/v2\/comments?post=1863"}],"version-history":[{"count":9,"href":"https:\/\/www.editorialdagon.es\/index.php\/wp-json\/wp\/v2\/pages\/1863\/revisions"}],"predecessor-version":[{"id":1940,"href":"https:\/\/www.editorialdagon.es\/index.php\/wp-json\/wp\/v2\/pages\/1863\/revisions\/1940"}],"up":[{"embeddable":true,"href":"https:\/\/www.editorialdagon.es\/index.php\/wp-json\/wp\/v2\/pages\/297"}],"wp:attachment":[{"href":"https:\/\/www.editorialdagon.es\/index.php\/wp-json\/wp\/v2\/media?parent=1863"}],"curies":[{"name":"wp","href":"https:\/\/api.w.org\/{rel}","templated":true}]}}