{"id":1899,"date":"2024-09-05T17:45:26","date_gmt":"2024-09-05T17:45:26","guid":{"rendered":"https:\/\/www.editorialdagon.es\/?page_id=1899"},"modified":"2026-04-25T11:40:55","modified_gmt":"2026-04-25T11:40:55","slug":"m-roso-de-luna-el-velo-de-isis","status":"publish","type":"page","link":"https:\/\/www.editorialdagon.es\/index.php\/obras\/m-roso-de-luna-el-velo-de-isis\/","title":{"rendered":"M. ROSO DE LUNA &#8211; El Velo de Isis"},"content":{"rendered":"\n<div class=\"wp-block-media-text is-stacked-on-mobile\" style=\"grid-template-columns:30% auto\"><figure class=\"wp-block-media-text__media\"><img loading=\"lazy\" decoding=\"async\" width=\"442\" height=\"690\" src=\"https:\/\/www.editorialdagon.es\/wp-content\/uploads\/2024\/09\/Portadas-Woprd-Press-2024.003.png\" alt=\"\" class=\"wp-image-1913 size-full\" srcset=\"https:\/\/www.editorialdagon.es\/wp-content\/uploads\/2024\/09\/Portadas-Woprd-Press-2024.003.png 442w, https:\/\/www.editorialdagon.es\/wp-content\/uploads\/2024\/09\/Portadas-Woprd-Press-2024.003-192x300.png 192w\" sizes=\"auto, (max-width: 442px) 100vw, 442px\" \/><\/figure><div class=\"wp-block-media-text__content\">\n<p><strong><a href=\"http:\/\/www.editorialdagon.es\/index.php\/autores\/mario-roso-de-luna\/\">MARIO ROSO DE LUNA<\/a><\/strong><br>A\u00f1o de edici\u00f3n: 2024<br>ISBN: \u00a0978-84-19540-65-2<br>P\u00e1ginas: 630<br>Precio B&amp;N: <strong>29\u00a0\u20ac<\/strong><br>Precio color: <strong>31 \u20ac<\/strong><br>Puedes comprarlo en formato PDF. <a href=\"editor@editorialdagon.es\"><em>Contacta con el Editor<\/em><\/a><br>Fragmento:\u00a0<em><a href=\"https:\/\/1drv.ms\/b\/s!AvQngI1KR5TfvdoYwIbesGaJfKLVcg?e=w20guq\">El Velo de Isis<\/a><\/em><br>Contacto: <em><a href=\"mailto:editor@editorialdagon.es\">editor@editorialdagon.es<\/a><\/em><\/p>\n\n\n\n<p class=\"has-vivid-red-color has-text-color has-link-color wp-elements-e9f12c5fb55ed0bf889256d25ec20280\"><strong>NOTA<\/strong>: la versi\u00f3n b\u00e1sica que se vende en diversos lugares no tiene im\u00e1genes en color. Pero puede conseguir una versi\u00f3n en color pidi\u00e9ndola directamente a la Editorial.<\/p>\n<\/div><\/div>\n\n\n\n<p><strong>SINOPSIS<\/strong><br>Presentamos, comentado por Mario Roso de Luna, el libro inici\u00e1tico parsi o ario que lleva por t\u00edtulo Las mil y una noches.<br>\u00bfLibro inici\u00e1tico llam\u00e1is \u2013nos dir\u00e1 sorprendido el culto lector\u2013 a una abigarrada colecci\u00f3n de viejos cuentos de ni\u00f1os, c\u00e9lebres no m\u00e1s que por lo absurdo de sus relatos maravillosos, donde campea sin freno alguno la exuberante fantas\u00eda oriental? \u00bfLibro inici\u00e1tico a unos relatos que, en su traducci\u00f3n literal de Payne y de Burton, como en la de Mardr\u00fas reproducida en castellano por Blasco Ib\u00e1\u00f1ez, son capaces de sonrojar al hombre m\u00e1s mundano por sus crudezas y libertades de lenguaje en lo que al sexo y al no sexo se refiere\u2026?<br>\u00bfLo dud\u00e1is, lectores? Pues adentraos por las p\u00e1ginas de este libro y en \u00e9l ver\u00e9is, desde la Introducci\u00f3n misma, aparecer la trama de una interesant\u00edsima f\u00e1bula o novela; tras ella unos nombres, simb\u00f3licos siempre, y tras los nombres unos valores fon\u00e9ticos, num\u00e9ricos, geom\u00e9tricos, emblem\u00e1ticos o hist\u00f3ricos, seg\u00fan los casos, los mismos siempre en todos los libros religiosos dentro del respectivo lenguaje en el que est\u00e1n escritos, f\u00e1bulas y nombres que no son sino los hilos del cl\u00e1sico Velo de Isis.<\/p>\n\n\n\n<p><strong>BOOKTRAILER<\/strong><\/p>\n\n\n\n<figure class=\"wp-block-embed is-type-video is-provider-youtube wp-block-embed-youtube wp-embed-aspect-16-9 wp-has-aspect-ratio\"><div class=\"wp-block-embed__wrapper\">\n<div class=\"ast-oembed-container \" style=\"height: 100%;\"><iframe loading=\"lazy\" title=\"Book Trailer El Velo de Isis\" width=\"500\" height=\"281\" src=\"https:\/\/www.youtube.com\/embed\/pGHMm2kOERI?feature=oembed\" frameborder=\"0\" allow=\"accelerometer; autoplay; clipboard-write; encrypted-media; gyroscope; picture-in-picture; web-share\" referrerpolicy=\"strict-origin-when-cross-origin\" allowfullscreen><\/iframe><\/div>\n<\/div><\/figure>\n","protected":false},"excerpt":{"rendered":"<p>MARIO ROSO DE LUNAA\u00f1o de edici\u00f3n: 2024ISBN: \u00a0978-84-19540-65-2P\u00e1ginas: 630Precio B&amp;N: 29\u00a0\u20acPrecio color: 31 \u20acPuedes comprarlo en formato PDF. Contacta con [&hellip;]<\/p>\n","protected":false},"author":1,"featured_media":0,"parent":291,"menu_order":0,"comment_status":"closed","ping_status":"closed","template":"","meta":{"site-sidebar-layout":"default","site-content-layout":"","ast-site-content-layout":"default","site-content-style":"default","site-sidebar-style":"default","ast-global-header-display":"","ast-banner-title-visibility":"","ast-main-header-display":"","ast-hfb-above-header-display":"","ast-hfb-below-header-display":"","ast-hfb-mobile-header-display":"","site-post-title":"","ast-breadcrumbs-content":"","ast-featured-img":"","footer-sml-layout":"","theme-transparent-header-meta":"","adv-header-id-meta":"","stick-header-meta":"","header-above-stick-meta":"","header-main-stick-meta":"","header-below-stick-meta":"","astra-migrate-meta-layouts":"default","ast-page-background-enabled":"default","ast-page-background-meta":{"desktop":{"background-color":"var(--ast-global-color-5)","background-image":"","background-repeat":"repeat","background-position":"center center","background-size":"auto","background-attachment":"scroll","background-type":"","background-media":"","overlay-type":"","overlay-color":"","overlay-opacity":"","overlay-gradient":""},"tablet":{"background-color":"","background-image":"","background-repeat":"repeat","background-position":"center center","background-size":"auto","background-attachment":"scroll","background-type":"","background-media":"","overlay-type":"","overlay-color":"","overlay-opacity":"","overlay-gradient":""},"mobile":{"background-color":"","background-image":"","background-repeat":"repeat","background-position":"center center","background-size":"auto","background-attachment":"scroll","background-type":"","background-media":"","overlay-type":"","overlay-color":"","overlay-opacity":"","overlay-gradient":""}},"ast-content-background-meta":{"desktop":{"background-color":"var(--ast-global-color-4)","background-image":"","background-repeat":"repeat","background-position":"center center","background-size":"auto","background-attachment":"scroll","background-type":"","background-media":"","overlay-type":"","overlay-color":"","overlay-opacity":"","overlay-gradient":""},"tablet":{"background-color":"var(--ast-global-color-4)","background-image":"","background-repeat":"repeat","background-position":"center center","background-size":"auto","background-attachment":"scroll","background-type":"","background-media":"","overlay-type":"","overlay-color":"","overlay-opacity":"","overlay-gradient":""},"mobile":{"background-color":"var(--ast-global-color-4)","background-image":"","background-repeat":"repeat","background-position":"center center","background-size":"auto","background-attachment":"scroll","background-type":"","background-media":"","overlay-type":"","overlay-color":"","overlay-opacity":"","overlay-gradient":""}},"footnotes":""},"class_list":["post-1899","page","type-page","status-publish","hentry"],"_links":{"self":[{"href":"https:\/\/www.editorialdagon.es\/index.php\/wp-json\/wp\/v2\/pages\/1899","targetHints":{"allow":["GET"]}}],"collection":[{"href":"https:\/\/www.editorialdagon.es\/index.php\/wp-json\/wp\/v2\/pages"}],"about":[{"href":"https:\/\/www.editorialdagon.es\/index.php\/wp-json\/wp\/v2\/types\/page"}],"author":[{"embeddable":true,"href":"https:\/\/www.editorialdagon.es\/index.php\/wp-json\/wp\/v2\/users\/1"}],"replies":[{"embeddable":true,"href":"https:\/\/www.editorialdagon.es\/index.php\/wp-json\/wp\/v2\/comments?post=1899"}],"version-history":[{"count":18,"href":"https:\/\/www.editorialdagon.es\/index.php\/wp-json\/wp\/v2\/pages\/1899\/revisions"}],"predecessor-version":[{"id":3913,"href":"https:\/\/www.editorialdagon.es\/index.php\/wp-json\/wp\/v2\/pages\/1899\/revisions\/3913"}],"up":[{"embeddable":true,"href":"https:\/\/www.editorialdagon.es\/index.php\/wp-json\/wp\/v2\/pages\/291"}],"wp:attachment":[{"href":"https:\/\/www.editorialdagon.es\/index.php\/wp-json\/wp\/v2\/media?parent=1899"}],"curies":[{"name":"wp","href":"https:\/\/api.w.org\/{rel}","templated":true}]}}