{"id":1982,"date":"2024-09-10T07:00:30","date_gmt":"2024-09-10T07:00:30","guid":{"rendered":"https:\/\/www.editorialdagon.es\/?page_id=1982"},"modified":"2026-04-25T11:39:37","modified_gmt":"2026-04-25T11:39:37","slug":"m-roso-de-luna-la-fantasia-humana","status":"publish","type":"page","link":"https:\/\/www.editorialdagon.es\/index.php\/obras\/m-roso-de-luna-la-fantasia-humana\/","title":{"rendered":"M. ROSO DE LUNA &#8211; La Fantas\u00eda Humana"},"content":{"rendered":"\n<div class=\"wp-block-media-text is-stacked-on-mobile\" style=\"grid-template-columns:30% auto\"><figure class=\"wp-block-media-text__media\"><img loading=\"lazy\" decoding=\"async\" width=\"652\" height=\"1024\" src=\"https:\/\/www.editorialdagon.es\/wp-content\/uploads\/2024\/09\/Portada-Fantasia-1-652x1024.png\" alt=\"\" class=\"wp-image-1983 size-full\" srcset=\"https:\/\/www.editorialdagon.es\/wp-content\/uploads\/2024\/09\/Portada-Fantasia-1-652x1024.png 652w, https:\/\/www.editorialdagon.es\/wp-content\/uploads\/2024\/09\/Portada-Fantasia-1-191x300.png 191w, https:\/\/www.editorialdagon.es\/wp-content\/uploads\/2024\/09\/Portada-Fantasia-1-768x1206.png 768w, https:\/\/www.editorialdagon.es\/wp-content\/uploads\/2024\/09\/Portada-Fantasia-1.png 910w\" sizes=\"auto, (max-width: 652px) 100vw, 652px\" \/><\/figure><div class=\"wp-block-media-text__content\">\n<p><strong><a href=\"http:\/\/www.editorialdagon.es\/index.php\/autores\/mario-roso-de-luna\/\">MARIO ROSO DE LUNA<\/a><\/strong><\/p>\n\n\n\n<p>A\u00f1o de edici\u00f3n: 2024<\/p>\n\n\n\n<p>ISBN: &nbsp;978-84-19540-64-5<\/p>\n\n\n\n<p>P\u00e1ginas: 298<\/p>\n\n\n\n<p>Precio: <strong>22\u20ac<\/strong><\/p>\n\n\n\n<p>Puedes comprarlo en formato PDF. Contacta con el <a href=\"editor@editorialdagon.es\">Editor<\/a><\/p>\n\n\n\n<p>Fragmento: <em><a href=\"https:\/\/1drv.ms\/b\/s!AvQngI1KR5Tfvdo_EzdbTlVERDfNDw?e=GdisF9\">Preparaci\u00f3n al estudio de la Fantas\u00eda Humana<\/a><\/em>&nbsp;<\/p>\n\n\n\n<p>Contacto: <em><a href=\"mailto:editor@editorialdagon.es\">editor@editorialdagon.es<\/a><\/em><\/p>\n<\/div><\/div>\n\n\n\n<p><strong>SINOPSIS<\/strong><\/p>\n\n\n\n<p>Nos enorgullece presentar el primer libro que escribi\u00f3 Mario Roso de Luna, entre 1902-1903, publicado en la c\u00e9lebre \u00abRevista de Extremadura\u00bb en dos tomos. Un libro dedicado a lo que \u00e9l denomina \u00abpoderosas&nbsp;herramientas del hombre\u00bb:&nbsp;la intuici\u00f3n, el ensue\u00f1o, la fantas\u00eda y la imaginaci\u00f3n.<br>Se nota por la tem\u00e1tica del libro (el estudio de los sue\u00f1os, la fantas\u00eda y la imaginaci\u00f3n) y c\u00f3mo desarrolla su contenido, que a\u00fan no hab\u00eda entrado en las filas de la Teosof\u00eda, pero se vislumbran su idealismo, su espiritualidad, su gran erudici\u00f3n e inter\u00e9s por lo heterodoxo. En la extensa bibliograf\u00eda ya se aprecian lecturas de Flammarion, Morin, Mart\u00edn Mateos, Allan-Kardec, Franz Hartman,&nbsp;Swedenborg, y otros, autores cercanos a la Teosof\u00eda, o directamente te\u00f3sofos, que seguramente despertaron su imaginaci\u00f3n, sus ansias de aprender, pero siempre utilizando el \u00abm\u00e9todo cient\u00edfico\u00bb.<br>Es de destacar que, precisamente por su educaci\u00f3n cient\u00edfica, para hacer este libro experiment\u00f3 sobre s\u00ed mismo, anotando todos sus sue\u00f1os durante unos meses; incluso, en cierto momento, recomienda c\u00f3mo hay que preparase para el sue\u00f1o y c\u00f3mo hay que anotarlos, siguiendo una explicita metodolog\u00eda.<br>Vemos tambi\u00e9n al Roso poeta, pues deja volar su pluma con descripciones exquisitas como esta: \u00abLos animales nocturnos empiezan entonces las suyas y de aquellos seres que ha poco se alegraran con la aurora del nuevo d\u00eda, s\u00f3lo queda en pie el hombre, imagen de la Divinidad, que puede aun alzar su frente a los cielos, para admirar las sublimes tristezas del crep\u00fasculo vespertino y extasiarse luego ante las mir\u00edadas de los soles del abismo cer\u00faleo\u00bb.<br>Tambi\u00e9n se muestra como un \u00abvate\u00bb, prediciendo: \u00abCuando las ciencias de observaci\u00f3n est\u00e9n m\u00e1s adelantadas, el ensue\u00f1o ser\u00e1 un exquisito elemento de diagn\u00f3stico, en cuantos estados hagan referencia al sistema nervioso. Las aberraciones hist\u00e9ricas, y la locura, como alg\u00fan d\u00eda demostraremos en el estudio de la mente enferma, son ensue\u00f1os en plena vigilia, por perturbaci\u00f3n de los \u00f3rganos del raciocinio, o mejor a\u00fan, por pobreza de fuerza nerviosa o mala regeneraci\u00f3n qu\u00edmica\u00bb. O lo que dice en esta afirmaci\u00f3n sobre el futuro de la Pedagog\u00eda: \u00abCon el progreso pedag\u00f3gico, cada vez se instruye al ni\u00f1o y al hombre con menos molestias intelectuales y hasta el grabado se ha constituido en auxiliar tan poderoso que mueve a pensar que los libros del porvenir tendr\u00e1n m\u00e1s grabados que renglones, para herir de m\u00e1s vigoroso modo a la fantas\u00eda, que es la gran educadora\u00bb.<br>Para terminar esta breve introducci\u00f3n de&nbsp;<em>La Fantas\u00eda Humana<\/em>, de Roso, agradecer a Alberto Peris por su pr\u00f3logo cargado de conocimientos y devoci\u00f3n, y a Dom\u00e8nec&nbsp;Gonz\u00e1lez de la Rubia (compositor)<em>&nbsp;<\/em>por el anexo, centrado en el conocimiento de Don Mario sobre la M\u00fasica, pues no en vano dedic\u00f3 varios libros a desentra\u00f1ar sus misterios, como con&nbsp;<em>Wagner, mit\u00f3logo y ocultista&nbsp;<\/em>o<em>&nbsp;Beethoven Te\u00f3sofo<\/em>. A Dom\u00e8nec debemos la partitura reconstruida de la casi ininteligible que nos muestra Roso en la p\u00e1g.&nbsp;&nbsp;147 del libro, en nuestra edici\u00f3n.<\/p>\n\n\n\n<p><strong>BOOKTRAILER:<\/strong><\/p>\n\n\n\n<figure class=\"wp-block-embed is-type-video is-provider-youtube wp-block-embed-youtube wp-embed-aspect-16-9 wp-has-aspect-ratio\"><div class=\"wp-block-embed__wrapper\">\n<div class=\"ast-oembed-container \" style=\"height: 100%;\"><iframe loading=\"lazy\" title=\"Book Trailer Roso La Fantas\u00eda Humana\" width=\"500\" height=\"281\" src=\"https:\/\/www.youtube.com\/embed\/Ui2hzo_ejd8?feature=oembed\" frameborder=\"0\" allow=\"accelerometer; autoplay; clipboard-write; encrypted-media; gyroscope; picture-in-picture; web-share\" referrerpolicy=\"strict-origin-when-cross-origin\" allowfullscreen><\/iframe><\/div>\n<\/div><\/figure>\n","protected":false},"excerpt":{"rendered":"<p>MARIO ROSO DE LUNA A\u00f1o de edici\u00f3n: 2024 ISBN: &nbsp;978-84-19540-64-5 P\u00e1ginas: 298 Precio: 22\u20ac Puedes comprarlo en formato PDF. Contacta [&hellip;]<\/p>\n","protected":false},"author":1,"featured_media":0,"parent":291,"menu_order":0,"comment_status":"closed","ping_status":"closed","template":"","meta":{"site-sidebar-layout":"default","site-content-layout":"","ast-site-content-layout":"default","site-content-style":"default","site-sidebar-style":"default","ast-global-header-display":"","ast-banner-title-visibility":"","ast-main-header-display":"","ast-hfb-above-header-display":"","ast-hfb-below-header-display":"","ast-hfb-mobile-header-display":"","site-post-title":"","ast-breadcrumbs-content":"","ast-featured-img":"","footer-sml-layout":"","theme-transparent-header-meta":"","adv-header-id-meta":"","stick-header-meta":"","header-above-stick-meta":"","header-main-stick-meta":"","header-below-stick-meta":"","astra-migrate-meta-layouts":"default","ast-page-background-enabled":"default","ast-page-background-meta":{"desktop":{"background-color":"var(--ast-global-color-5)","background-image":"","background-repeat":"repeat","background-position":"center center","background-size":"auto","background-attachment":"scroll","background-type":"","background-media":"","overlay-type":"","overlay-color":"","overlay-opacity":"","overlay-gradient":""},"tablet":{"background-color":"","background-image":"","background-repeat":"repeat","background-position":"center center","background-size":"auto","background-attachment":"scroll","background-type":"","background-media":"","overlay-type":"","overlay-color":"","overlay-opacity":"","overlay-gradient":""},"mobile":{"background-color":"","background-image":"","background-repeat":"repeat","background-position":"center center","background-size":"auto","background-attachment":"scroll","background-type":"","background-media":"","overlay-type":"","overlay-color":"","overlay-opacity":"","overlay-gradient":""}},"ast-content-background-meta":{"desktop":{"background-color":"var(--ast-global-color-4)","background-image":"","background-repeat":"repeat","background-position":"center center","background-size":"auto","background-attachment":"scroll","background-type":"","background-media":"","overlay-type":"","overlay-color":"","overlay-opacity":"","overlay-gradient":""},"tablet":{"background-color":"var(--ast-global-color-4)","background-image":"","background-repeat":"repeat","background-position":"center center","background-size":"auto","background-attachment":"scroll","background-type":"","background-media":"","overlay-type":"","overlay-color":"","overlay-opacity":"","overlay-gradient":""},"mobile":{"background-color":"var(--ast-global-color-4)","background-image":"","background-repeat":"repeat","background-position":"center center","background-size":"auto","background-attachment":"scroll","background-type":"","background-media":"","overlay-type":"","overlay-color":"","overlay-opacity":"","overlay-gradient":""}},"footnotes":""},"class_list":["post-1982","page","type-page","status-publish","hentry"],"_links":{"self":[{"href":"https:\/\/www.editorialdagon.es\/index.php\/wp-json\/wp\/v2\/pages\/1982","targetHints":{"allow":["GET"]}}],"collection":[{"href":"https:\/\/www.editorialdagon.es\/index.php\/wp-json\/wp\/v2\/pages"}],"about":[{"href":"https:\/\/www.editorialdagon.es\/index.php\/wp-json\/wp\/v2\/types\/page"}],"author":[{"embeddable":true,"href":"https:\/\/www.editorialdagon.es\/index.php\/wp-json\/wp\/v2\/users\/1"}],"replies":[{"embeddable":true,"href":"https:\/\/www.editorialdagon.es\/index.php\/wp-json\/wp\/v2\/comments?post=1982"}],"version-history":[{"count":13,"href":"https:\/\/www.editorialdagon.es\/index.php\/wp-json\/wp\/v2\/pages\/1982\/revisions"}],"predecessor-version":[{"id":3912,"href":"https:\/\/www.editorialdagon.es\/index.php\/wp-json\/wp\/v2\/pages\/1982\/revisions\/3912"}],"up":[{"embeddable":true,"href":"https:\/\/www.editorialdagon.es\/index.php\/wp-json\/wp\/v2\/pages\/291"}],"wp:attachment":[{"href":"https:\/\/www.editorialdagon.es\/index.php\/wp-json\/wp\/v2\/media?parent=1982"}],"curies":[{"name":"wp","href":"https:\/\/api.w.org\/{rel}","templated":true}]}}