{"id":2031,"date":"2024-10-06T12:45:24","date_gmt":"2024-10-06T12:45:24","guid":{"rendered":"https:\/\/www.editorialdagon.es\/?page_id=2031"},"modified":"2024-10-06T12:45:24","modified_gmt":"2024-10-06T12:45:24","slug":"arthur-e-powell","status":"publish","type":"page","link":"https:\/\/www.editorialdagon.es\/index.php\/autores\/arthur-e-powell\/","title":{"rendered":"ARTHUR E. POWELL"},"content":{"rendered":"\n<div class=\"wp-block-media-text is-stacked-on-mobile is-vertically-aligned-top\" style=\"grid-template-columns:30% auto\"><figure class=\"wp-block-media-text__media\"><img loading=\"lazy\" decoding=\"async\" width=\"263\" height=\"708\" src=\"https:\/\/www.editorialdagon.es\/wp-content\/uploads\/2024\/10\/EDITORIAL-DAGON.001.png\" alt=\"\" class=\"wp-image-2032 size-full\" srcset=\"https:\/\/www.editorialdagon.es\/wp-content\/uploads\/2024\/10\/EDITORIAL-DAGON.001.png 263w, https:\/\/www.editorialdagon.es\/wp-content\/uploads\/2024\/10\/EDITORIAL-DAGON.001-111x300.png 111w\" sizes=\"auto, (max-width: 263px) 100vw, 263px\" \/><\/figure><div class=\"wp-block-media-text__content\">\n<p>Arthur Edward Powell (27 septiembre 1882\u201320 marzo 1969) naci\u00f3 en Gales y muri\u00f3 en Los Angeles (California). A los 18 a\u00f1os se uni\u00f3 a los Ingenieros Reales, y en agosto de 1904 se fue a la India,&nbsp; sirviendo como Teniente. All\u00ed conoci\u00f3 y se hizo miembro de la Sociedad Teos\u00f3fica, siendo presidente en la Logia de&nbsp; Quetta poco despu\u00e9s.<\/p>\n\n\n\n<p>Destaca Powell por sus libros: <em>El Doble Et\u00e9rico<\/em>, <em>el Aura de la Salud <\/em>(1925);<em> El Cuerpo Astral<\/em> <em>y otros fen\u00f3menos astrales<\/em> (1926); <em>El Cuerpo Mental <\/em>(1927); <em>El Cuerpo Causal y el Ego<\/em> (1928) y <em>El Sistema Solar <\/em>(1930).&nbsp;Un estudio intenso de los principales trabajos esot\u00e9ricos de&nbsp;H.P. Blavatsky,&nbsp;C.W. Leadbeater&nbsp; y&nbsp;Annie Besant, entre otros. Obras que estudi\u00f3 met\u00f3dicamente para ofrecer una \u00abs\u00edntexis organizada\u00bb a los estudiantes de la Sabidur\u00eda Eterna.<\/p>\n<\/div><\/div>\n","protected":false},"excerpt":{"rendered":"<p>Arthur Edward Powell (27 septiembre 1882\u201320 marzo 1969) naci\u00f3 en Gales y muri\u00f3 en Los Angeles (California). A los 18 [&hellip;]<\/p>\n","protected":false},"author":1,"featured_media":0,"parent":297,"menu_order":0,"comment_status":"closed","ping_status":"closed","template":"","meta":{"site-sidebar-layout":"default","site-content-layout":"","ast-site-content-layout":"default","site-content-style":"default","site-sidebar-style":"default","ast-global-header-display":"","ast-banner-title-visibility":"","ast-main-header-display":"","ast-hfb-above-header-display":"","ast-hfb-below-header-display":"","ast-hfb-mobile-header-display":"","site-post-title":"","ast-breadcrumbs-content":"","ast-featured-img":"","footer-sml-layout":"","theme-transparent-header-meta":"","adv-header-id-meta":"","stick-header-meta":"","header-above-stick-meta":"","header-main-stick-meta":"","header-below-stick-meta":"","astra-migrate-meta-layouts":"default","ast-page-background-enabled":"default","ast-page-background-meta":{"desktop":{"background-color":"var(--ast-global-color-5)","background-image":"","background-repeat":"repeat","background-position":"center center","background-size":"auto","background-attachment":"scroll","background-type":"","background-media":"","overlay-type":"","overlay-color":"","overlay-opacity":"","overlay-gradient":""},"tablet":{"background-color":"","background-image":"","background-repeat":"repeat","background-position":"center center","background-size":"auto","background-attachment":"scroll","background-type":"","background-media":"","overlay-type":"","overlay-color":"","overlay-opacity":"","overlay-gradient":""},"mobile":{"background-color":"","background-image":"","background-repeat":"repeat","background-position":"center center","background-size":"auto","background-attachment":"scroll","background-type":"","background-media":"","overlay-type":"","overlay-color":"","overlay-opacity":"","overlay-gradient":""}},"ast-content-background-meta":{"desktop":{"background-color":"var(--ast-global-color-4)","background-image":"","background-repeat":"repeat","background-position":"center center","background-size":"auto","background-attachment":"scroll","background-type":"","background-media":"","overlay-type":"","overlay-color":"","overlay-opacity":"","overlay-gradient":""},"tablet":{"background-color":"var(--ast-global-color-4)","background-image":"","background-repeat":"repeat","background-position":"center center","background-size":"auto","background-attachment":"scroll","background-type":"","background-media":"","overlay-type":"","overlay-color":"","overlay-opacity":"","overlay-gradient":""},"mobile":{"background-color":"var(--ast-global-color-4)","background-image":"","background-repeat":"repeat","background-position":"center center","background-size":"auto","background-attachment":"scroll","background-type":"","background-media":"","overlay-type":"","overlay-color":"","overlay-opacity":"","overlay-gradient":""}},"footnotes":""},"class_list":["post-2031","page","type-page","status-publish","hentry"],"_links":{"self":[{"href":"https:\/\/www.editorialdagon.es\/index.php\/wp-json\/wp\/v2\/pages\/2031","targetHints":{"allow":["GET"]}}],"collection":[{"href":"https:\/\/www.editorialdagon.es\/index.php\/wp-json\/wp\/v2\/pages"}],"about":[{"href":"https:\/\/www.editorialdagon.es\/index.php\/wp-json\/wp\/v2\/types\/page"}],"author":[{"embeddable":true,"href":"https:\/\/www.editorialdagon.es\/index.php\/wp-json\/wp\/v2\/users\/1"}],"replies":[{"embeddable":true,"href":"https:\/\/www.editorialdagon.es\/index.php\/wp-json\/wp\/v2\/comments?post=2031"}],"version-history":[{"count":2,"href":"https:\/\/www.editorialdagon.es\/index.php\/wp-json\/wp\/v2\/pages\/2031\/revisions"}],"predecessor-version":[{"id":2034,"href":"https:\/\/www.editorialdagon.es\/index.php\/wp-json\/wp\/v2\/pages\/2031\/revisions\/2034"}],"up":[{"embeddable":true,"href":"https:\/\/www.editorialdagon.es\/index.php\/wp-json\/wp\/v2\/pages\/297"}],"wp:attachment":[{"href":"https:\/\/www.editorialdagon.es\/index.php\/wp-json\/wp\/v2\/media?parent=2031"}],"curies":[{"name":"wp","href":"https:\/\/api.w.org\/{rel}","templated":true}]}}