{"id":2146,"date":"2024-10-17T10:03:01","date_gmt":"2024-10-17T10:03:01","guid":{"rendered":"https:\/\/www.editorialdagon.es\/?page_id=2146"},"modified":"2026-04-25T10:57:02","modified_gmt":"2026-04-25T10:57:02","slug":"hiperberea-el-martillo-del-fin-del-mundo","status":"publish","type":"page","link":"https:\/\/www.editorialdagon.es\/index.php\/obras\/hiperberea-el-martillo-del-fin-del-mundo\/","title":{"rendered":"HIPERB\u00d3REA &#8211; El Martillo del Fin del Mundo"},"content":{"rendered":"\n<div class=\"wp-block-media-text is-stacked-on-mobile\"><figure class=\"wp-block-media-text__media\"><img loading=\"lazy\" decoding=\"async\" width=\"442\" height=\"693\" src=\"https:\/\/www.editorialdagon.es\/wp-content\/uploads\/2024\/10\/Portadas-Woprd-Press-2024-octubre.002-1.png\" alt=\"\" class=\"wp-image-2155 size-full\" srcset=\"https:\/\/www.editorialdagon.es\/wp-content\/uploads\/2024\/10\/Portadas-Woprd-Press-2024-octubre.002-1.png 442w, https:\/\/www.editorialdagon.es\/wp-content\/uploads\/2024\/10\/Portadas-Woprd-Press-2024-octubre.002-1-191x300.png 191w\" sizes=\"auto, (max-width: 442px) 100vw, 442px\" \/><\/figure><div class=\"wp-block-media-text__content\">\n<p class=\"has-text-align-left\"><a href=\"https:\/\/www.editorialdagon.es\/index.php\/autores\/hiperborea\/\" data-type=\"page\" data-id=\"1142\"><strong>JOS\u00c9 MIGUEL CUESTA Y JOSE RUBIO<\/strong><\/a><\/p>\n\n\n\n<p>A\u00f1o de edici\u00f3n: 2024<\/p>\n\n\n\n<p>ISBN: 978-84-19540-85-0<\/p>\n\n\n\n<p>P\u00e1ginas: 176<\/p>\n\n\n\n<p>Precio: <strong>17 \u20ac<\/strong><\/p>\n\n\n\n<p>Puedes comprarlo en formato PDF. Contacta con el <a href=\"editor@editorialdagon.es\">Editor<\/a><\/p>\n\n\n\n<p>Fragmento: <em><a href=\"https:\/\/1drv.ms\/b\/s!AvQngI1KR5TfvdtAfsIhUIFF5Gmusw?e=NADMyC\">El Martillo del Fin del Mundo<\/a><\/em><\/p>\n\n\n\n<p class=\"has-text-align-left\">Contacto: <a href=\"mailto:editor@editorialdagon.es\"><em>editor@editorialdagon.es<\/em><\/a><\/p>\n<\/div><\/div>\n\n\n\n<p><strong>SINOPSIS<\/strong><\/p>\n\n\n\n<p><em>El Martillo del Fin del Mundo <\/em>nos desvela una ins\u00f3lita visi\u00f3n de las divinidades vikingas. En un universo desolado, un guerrero de Asgard llamado Arokin, emprender\u00e1 un viaje para descubrir su pasado y comprender su destino. Le acompa\u00f1ar\u00e1 un misterioso anciano, que al poco se descubrir\u00e1 como alguien cuyo protagonismo en el Ragnar\u00f6k ha sido fundamental y terrible.<strong>&nbsp;<\/strong><br>El camino que recorren est\u00e1 repleto de peligros externos, pero al mismo tiempo, es una b\u00fasqueda interior, intentando descubrir la verdad, no solo del mundo que les rodea, sino la de ellos mismos. Ambos personajes, el guerrero y el anciano, saben que no pueden escapar de la red tejida por las Nornas. Ya, una v\u00f6lva conjurada por Od\u00edn desde m\u00e1s all\u00e1 de la muerte vaticin\u00f3 el fin de los dioses, el d\u00eda en que las fuerzas del mal sobrepasar\u00e1n a las fuerzas divinas que protegen el orden, a los hombres y a los Nueve Mundos.<br>Monstruos, brujas, trolls y guerreros venidos de entre los muertos nos acechan a cada paso. Es momento de abrir el libro y adentrarse en los senderos de la aventura<\/p>\n\n\n\n<p><strong>BOOK TRAILER<\/strong><\/p>\n\n\n\n<figure class=\"wp-block-embed is-type-video is-provider-youtube wp-block-embed-youtube wp-embed-aspect-16-9 wp-has-aspect-ratio\"><div class=\"wp-block-embed__wrapper\">\n<div class=\"ast-oembed-container \" style=\"height: 100%;\"><iframe loading=\"lazy\" title=\"Book Trailer El Martillo del Fin del Mundo\" width=\"500\" height=\"281\" src=\"https:\/\/www.youtube.com\/embed\/5Vclurmvg60?feature=oembed\" frameborder=\"0\" allow=\"accelerometer; autoplay; clipboard-write; encrypted-media; gyroscope; picture-in-picture; web-share\" referrerpolicy=\"strict-origin-when-cross-origin\" allowfullscreen><\/iframe><\/div>\n<\/div><\/figure>\n\n\n\n<p><strong>BOOK TRAILER II<\/strong><\/p>\n\n\n\n<figure class=\"wp-block-embed is-type-video is-provider-youtube wp-block-embed-youtube wp-embed-aspect-16-9 wp-has-aspect-ratio\"><div class=\"wp-block-embed__wrapper\">\n<div class=\"ast-oembed-container \" style=\"height: 100%;\"><iframe loading=\"lazy\" title=\"El Martillo del Fin del Mundo\" width=\"500\" height=\"281\" src=\"https:\/\/www.youtube.com\/embed\/3bWFS--Dvl8?feature=oembed\" frameborder=\"0\" allow=\"accelerometer; autoplay; clipboard-write; encrypted-media; gyroscope; picture-in-picture; web-share\" referrerpolicy=\"strict-origin-when-cross-origin\" allowfullscreen><\/iframe><\/div>\n<\/div><\/figure>\n","protected":false},"excerpt":{"rendered":"<p>JOS\u00c9 MIGUEL CUESTA Y JOSE RUBIO A\u00f1o de edici\u00f3n: 2024 ISBN: 978-84-19540-85-0 P\u00e1ginas: 176 Precio: 17 \u20ac Puedes comprarlo en [&hellip;]<\/p>\n","protected":false},"author":1,"featured_media":0,"parent":291,"menu_order":0,"comment_status":"closed","ping_status":"closed","template":"","meta":{"site-sidebar-layout":"default","site-content-layout":"","ast-site-content-layout":"default","site-content-style":"default","site-sidebar-style":"default","ast-global-header-display":"","ast-banner-title-visibility":"","ast-main-header-display":"","ast-hfb-above-header-display":"","ast-hfb-below-header-display":"","ast-hfb-mobile-header-display":"","site-post-title":"","ast-breadcrumbs-content":"","ast-featured-img":"","footer-sml-layout":"","theme-transparent-header-meta":"","adv-header-id-meta":"","stick-header-meta":"","header-above-stick-meta":"","header-main-stick-meta":"","header-below-stick-meta":"","astra-migrate-meta-layouts":"default","ast-page-background-enabled":"default","ast-page-background-meta":{"desktop":{"background-color":"var(--ast-global-color-5)","background-image":"","background-repeat":"repeat","background-position":"center center","background-size":"auto","background-attachment":"scroll","background-type":"","background-media":"","overlay-type":"","overlay-color":"","overlay-opacity":"","overlay-gradient":""},"tablet":{"background-color":"","background-image":"","background-repeat":"repeat","background-position":"center center","background-size":"auto","background-attachment":"scroll","background-type":"","background-media":"","overlay-type":"","overlay-color":"","overlay-opacity":"","overlay-gradient":""},"mobile":{"background-color":"","background-image":"","background-repeat":"repeat","background-position":"center center","background-size":"auto","background-attachment":"scroll","background-type":"","background-media":"","overlay-type":"","overlay-color":"","overlay-opacity":"","overlay-gradient":""}},"ast-content-background-meta":{"desktop":{"background-color":"var(--ast-global-color-4)","background-image":"","background-repeat":"repeat","background-position":"center center","background-size":"auto","background-attachment":"scroll","background-type":"","background-media":"","overlay-type":"","overlay-color":"","overlay-opacity":"","overlay-gradient":""},"tablet":{"background-color":"var(--ast-global-color-4)","background-image":"","background-repeat":"repeat","background-position":"center center","background-size":"auto","background-attachment":"scroll","background-type":"","background-media":"","overlay-type":"","overlay-color":"","overlay-opacity":"","overlay-gradient":""},"mobile":{"background-color":"var(--ast-global-color-4)","background-image":"","background-repeat":"repeat","background-position":"center center","background-size":"auto","background-attachment":"scroll","background-type":"","background-media":"","overlay-type":"","overlay-color":"","overlay-opacity":"","overlay-gradient":""}},"footnotes":""},"class_list":["post-2146","page","type-page","status-publish","hentry"],"_links":{"self":[{"href":"https:\/\/www.editorialdagon.es\/index.php\/wp-json\/wp\/v2\/pages\/2146","targetHints":{"allow":["GET"]}}],"collection":[{"href":"https:\/\/www.editorialdagon.es\/index.php\/wp-json\/wp\/v2\/pages"}],"about":[{"href":"https:\/\/www.editorialdagon.es\/index.php\/wp-json\/wp\/v2\/types\/page"}],"author":[{"embeddable":true,"href":"https:\/\/www.editorialdagon.es\/index.php\/wp-json\/wp\/v2\/users\/1"}],"replies":[{"embeddable":true,"href":"https:\/\/www.editorialdagon.es\/index.php\/wp-json\/wp\/v2\/comments?post=2146"}],"version-history":[{"count":18,"href":"https:\/\/www.editorialdagon.es\/index.php\/wp-json\/wp\/v2\/pages\/2146\/revisions"}],"predecessor-version":[{"id":3880,"href":"https:\/\/www.editorialdagon.es\/index.php\/wp-json\/wp\/v2\/pages\/2146\/revisions\/3880"}],"up":[{"embeddable":true,"href":"https:\/\/www.editorialdagon.es\/index.php\/wp-json\/wp\/v2\/pages\/291"}],"wp:attachment":[{"href":"https:\/\/www.editorialdagon.es\/index.php\/wp-json\/wp\/v2\/media?parent=2146"}],"curies":[{"name":"wp","href":"https:\/\/api.w.org\/{rel}","templated":true}]}}