{"id":2173,"date":"2024-10-17T10:15:02","date_gmt":"2024-10-17T10:15:02","guid":{"rendered":"https:\/\/www.editorialdagon.es\/?page_id=2173"},"modified":"2025-07-10T16:37:52","modified_gmt":"2025-07-10T16:37:52","slug":"ouroboros-agenda-esoterica-2025","status":"publish","type":"page","link":"https:\/\/www.editorialdagon.es\/index.php\/obras\/ouroboros-agenda-esoterica-2025\/","title":{"rendered":"OUROBOROS &#8211; Agenda Esot\u00e9rica 2025"},"content":{"rendered":"\n<div class=\"wp-block-media-text is-stacked-on-mobile\"><figure class=\"wp-block-media-text__media\"><img loading=\"lazy\" decoding=\"async\" width=\"444\" height=\"692\" src=\"https:\/\/www.editorialdagon.es\/wp-content\/uploads\/2024\/10\/Portadas-Woprd-Press-2024-octubre.003.png\" alt=\"\" class=\"wp-image-2174 size-full\" srcset=\"https:\/\/www.editorialdagon.es\/wp-content\/uploads\/2024\/10\/Portadas-Woprd-Press-2024-octubre.003.png 444w, https:\/\/www.editorialdagon.es\/wp-content\/uploads\/2024\/10\/Portadas-Woprd-Press-2024-octubre.003-192x300.png 192w\" sizes=\"auto, (max-width: 444px) 100vw, 444px\" \/><\/figure><div class=\"wp-block-media-text__content\">\n<p>Agenda Esot\u00e9rica 2025<\/p>\n\n\n\n<p>A\u00f1o del Concilio de Shamballa.<\/p>\n\n\n\n<p>444 p\u00e1ginas<br>148&#215;210 mm<br>PDF: 10 \u20ac<br>No se va a comercializar en la Web con pasarela de pago. Pedidos directamente a la Editorial.<br>Contacto: <a href=\"mailto:editor@editorialdagon.es\">editor@editorialdagon.es<\/a><\/p>\n<\/div><\/div>\n\n\n\n<figure class=\"wp-block-gallery has-nested-images columns-default is-cropped wp-block-gallery-1 is-layout-flex wp-block-gallery-is-layout-flex\">\n<figure class=\"wp-block-image size-large\"><img loading=\"lazy\" decoding=\"async\" width=\"429\" height=\"640\" data-id=\"2211\" src=\"https:\/\/www.editorialdagon.es\/wp-content\/uploads\/2024\/10\/Pagina_01-en-tamano-mediano.jpeg\" alt=\"\" class=\"wp-image-2211\" srcset=\"https:\/\/www.editorialdagon.es\/wp-content\/uploads\/2024\/10\/Pagina_01-en-tamano-mediano.jpeg 429w, https:\/\/www.editorialdagon.es\/wp-content\/uploads\/2024\/10\/Pagina_01-en-tamano-mediano-201x300.jpeg 201w\" sizes=\"auto, (max-width: 429px) 100vw, 429px\" \/><\/figure>\n\n\n\n<figure class=\"wp-block-image size-large\"><img loading=\"lazy\" decoding=\"async\" width=\"452\" height=\"640\" data-id=\"2207\" src=\"https:\/\/www.editorialdagon.es\/wp-content\/uploads\/2024\/10\/Pagina_02-en-tamano-mediano.jpeg\" alt=\"\" class=\"wp-image-2207\" srcset=\"https:\/\/www.editorialdagon.es\/wp-content\/uploads\/2024\/10\/Pagina_02-en-tamano-mediano.jpeg 452w, https:\/\/www.editorialdagon.es\/wp-content\/uploads\/2024\/10\/Pagina_02-en-tamano-mediano-212x300.jpeg 212w\" sizes=\"auto, (max-width: 452px) 100vw, 452px\" \/><\/figure>\n\n\n\n<figure class=\"wp-block-image size-large\"><img loading=\"lazy\" decoding=\"async\" width=\"452\" height=\"640\" data-id=\"2210\" src=\"https:\/\/www.editorialdagon.es\/wp-content\/uploads\/2024\/10\/Pagina_03-en-tamano-mediano.jpeg\" alt=\"\" class=\"wp-image-2210\" srcset=\"https:\/\/www.editorialdagon.es\/wp-content\/uploads\/2024\/10\/Pagina_03-en-tamano-mediano.jpeg 452w, https:\/\/www.editorialdagon.es\/wp-content\/uploads\/2024\/10\/Pagina_03-en-tamano-mediano-212x300.jpeg 212w\" sizes=\"auto, (max-width: 452px) 100vw, 452px\" \/><\/figure>\n\n\n\n<figure class=\"wp-block-image size-large\"><img loading=\"lazy\" decoding=\"async\" width=\"452\" height=\"640\" data-id=\"2208\" src=\"https:\/\/www.editorialdagon.es\/wp-content\/uploads\/2024\/10\/Pagina_04-en-tamano-mediano.jpeg\" alt=\"\" class=\"wp-image-2208\" srcset=\"https:\/\/www.editorialdagon.es\/wp-content\/uploads\/2024\/10\/Pagina_04-en-tamano-mediano.jpeg 452w, https:\/\/www.editorialdagon.es\/wp-content\/uploads\/2024\/10\/Pagina_04-en-tamano-mediano-212x300.jpeg 212w\" sizes=\"auto, (max-width: 452px) 100vw, 452px\" \/><\/figure>\n\n\n\n<figure class=\"wp-block-image size-large\"><img loading=\"lazy\" decoding=\"async\" width=\"452\" height=\"640\" data-id=\"2209\" src=\"https:\/\/www.editorialdagon.es\/wp-content\/uploads\/2024\/10\/Pagina_05-en-tamano-mediano.jpeg\" alt=\"\" class=\"wp-image-2209\" srcset=\"https:\/\/www.editorialdagon.es\/wp-content\/uploads\/2024\/10\/Pagina_05-en-tamano-mediano.jpeg 452w, https:\/\/www.editorialdagon.es\/wp-content\/uploads\/2024\/10\/Pagina_05-en-tamano-mediano-212x300.jpeg 212w\" sizes=\"auto, (max-width: 452px) 100vw, 452px\" \/><\/figure>\n\n\n\n<figure class=\"wp-block-image size-large\"><img loading=\"lazy\" decoding=\"async\" width=\"452\" height=\"640\" data-id=\"2212\" src=\"https:\/\/www.editorialdagon.es\/wp-content\/uploads\/2024\/10\/Pagina_06-en-tamano-mediano.jpeg\" alt=\"\" class=\"wp-image-2212\" srcset=\"https:\/\/www.editorialdagon.es\/wp-content\/uploads\/2024\/10\/Pagina_06-en-tamano-mediano.jpeg 452w, https:\/\/www.editorialdagon.es\/wp-content\/uploads\/2024\/10\/Pagina_06-en-tamano-mediano-212x300.jpeg 212w\" sizes=\"auto, (max-width: 452px) 100vw, 452px\" \/><\/figure>\n\n\n\n<figure class=\"wp-block-image size-large\"><img loading=\"lazy\" decoding=\"async\" width=\"452\" height=\"640\" data-id=\"2213\" src=\"https:\/\/www.editorialdagon.es\/wp-content\/uploads\/2024\/10\/Pagina_07-en-tamano-mediano.jpeg\" alt=\"\" class=\"wp-image-2213\" srcset=\"https:\/\/www.editorialdagon.es\/wp-content\/uploads\/2024\/10\/Pagina_07-en-tamano-mediano.jpeg 452w, https:\/\/www.editorialdagon.es\/wp-content\/uploads\/2024\/10\/Pagina_07-en-tamano-mediano-212x300.jpeg 212w\" sizes=\"auto, (max-width: 452px) 100vw, 452px\" \/><\/figure>\n\n\n\n<figure class=\"wp-block-image size-large\"><img loading=\"lazy\" decoding=\"async\" width=\"452\" height=\"640\" data-id=\"2214\" src=\"https:\/\/www.editorialdagon.es\/wp-content\/uploads\/2024\/10\/Pagina_08-en-tamano-mediano.jpeg\" alt=\"\" class=\"wp-image-2214\" srcset=\"https:\/\/www.editorialdagon.es\/wp-content\/uploads\/2024\/10\/Pagina_08-en-tamano-mediano.jpeg 452w, https:\/\/www.editorialdagon.es\/wp-content\/uploads\/2024\/10\/Pagina_08-en-tamano-mediano-212x300.jpeg 212w\" sizes=\"auto, (max-width: 452px) 100vw, 452px\" \/><\/figure>\n\n\n\n<figure class=\"wp-block-image size-large\"><img loading=\"lazy\" decoding=\"async\" width=\"452\" height=\"640\" data-id=\"2215\" src=\"https:\/\/www.editorialdagon.es\/wp-content\/uploads\/2024\/10\/Pagina_09-en-tamano-mediano.jpeg\" alt=\"\" class=\"wp-image-2215\" srcset=\"https:\/\/www.editorialdagon.es\/wp-content\/uploads\/2024\/10\/Pagina_09-en-tamano-mediano.jpeg 452w, https:\/\/www.editorialdagon.es\/wp-content\/uploads\/2024\/10\/Pagina_09-en-tamano-mediano-212x300.jpeg 212w\" sizes=\"auto, (max-width: 452px) 100vw, 452px\" \/><\/figure>\n\n\n\n<figure class=\"wp-block-image size-large\"><img loading=\"lazy\" decoding=\"async\" width=\"452\" height=\"640\" data-id=\"2216\" src=\"https:\/\/www.editorialdagon.es\/wp-content\/uploads\/2024\/10\/Pagina_11-en-tamano-mediano.jpeg\" alt=\"\" class=\"wp-image-2216\" srcset=\"https:\/\/www.editorialdagon.es\/wp-content\/uploads\/2024\/10\/Pagina_11-en-tamano-mediano.jpeg 452w, https:\/\/www.editorialdagon.es\/wp-content\/uploads\/2024\/10\/Pagina_11-en-tamano-mediano-212x300.jpeg 212w\" sizes=\"auto, (max-width: 452px) 100vw, 452px\" \/><\/figure>\n\n\n\n<figure class=\"wp-block-image size-large\"><img loading=\"lazy\" decoding=\"async\" width=\"452\" height=\"640\" data-id=\"2217\" src=\"https:\/\/www.editorialdagon.es\/wp-content\/uploads\/2024\/10\/Pagina_12-en-tamano-mediano.jpeg\" alt=\"\" class=\"wp-image-2217\" srcset=\"https:\/\/www.editorialdagon.es\/wp-content\/uploads\/2024\/10\/Pagina_12-en-tamano-mediano.jpeg 452w, https:\/\/www.editorialdagon.es\/wp-content\/uploads\/2024\/10\/Pagina_12-en-tamano-mediano-212x300.jpeg 212w\" sizes=\"auto, (max-width: 452px) 100vw, 452px\" \/><\/figure>\n\n\n\n<figure class=\"wp-block-image size-large\"><img loading=\"lazy\" decoding=\"async\" width=\"452\" height=\"640\" data-id=\"2218\" src=\"https:\/\/www.editorialdagon.es\/wp-content\/uploads\/2024\/10\/Pagina_13-en-tamano-mediano.jpeg\" alt=\"\" class=\"wp-image-2218\" srcset=\"https:\/\/www.editorialdagon.es\/wp-content\/uploads\/2024\/10\/Pagina_13-en-tamano-mediano.jpeg 452w, https:\/\/www.editorialdagon.es\/wp-content\/uploads\/2024\/10\/Pagina_13-en-tamano-mediano-212x300.jpeg 212w\" sizes=\"auto, (max-width: 452px) 100vw, 452px\" \/><\/figure>\n\n\n\n<figure class=\"wp-block-image size-large\"><img loading=\"lazy\" decoding=\"async\" width=\"452\" height=\"640\" data-id=\"2219\" src=\"https:\/\/www.editorialdagon.es\/wp-content\/uploads\/2024\/10\/Pagina_14-en-tamano-mediano.jpeg\" alt=\"\" class=\"wp-image-2219\" srcset=\"https:\/\/www.editorialdagon.es\/wp-content\/uploads\/2024\/10\/Pagina_14-en-tamano-mediano.jpeg 452w, https:\/\/www.editorialdagon.es\/wp-content\/uploads\/2024\/10\/Pagina_14-en-tamano-mediano-212x300.jpeg 212w\" sizes=\"auto, (max-width: 452px) 100vw, 452px\" \/><\/figure>\n\n\n\n<figure class=\"wp-block-image size-large\"><img loading=\"lazy\" decoding=\"async\" width=\"452\" height=\"640\" data-id=\"2220\" src=\"https:\/\/www.editorialdagon.es\/wp-content\/uploads\/2024\/10\/Pagina_15-en-tamano-mediano.jpeg\" alt=\"\" class=\"wp-image-2220\" srcset=\"https:\/\/www.editorialdagon.es\/wp-content\/uploads\/2024\/10\/Pagina_15-en-tamano-mediano.jpeg 452w, https:\/\/www.editorialdagon.es\/wp-content\/uploads\/2024\/10\/Pagina_15-en-tamano-mediano-212x300.jpeg 212w\" sizes=\"auto, (max-width: 452px) 100vw, 452px\" \/><\/figure>\n\n\n\n<figure class=\"wp-block-image size-large\"><img loading=\"lazy\" decoding=\"async\" width=\"452\" height=\"640\" data-id=\"2223\" src=\"https:\/\/www.editorialdagon.es\/wp-content\/uploads\/2024\/10\/Pagina_16-en-tamano-mediano.jpeg\" alt=\"\" class=\"wp-image-2223\" srcset=\"https:\/\/www.editorialdagon.es\/wp-content\/uploads\/2024\/10\/Pagina_16-en-tamano-mediano.jpeg 452w, https:\/\/www.editorialdagon.es\/wp-content\/uploads\/2024\/10\/Pagina_16-en-tamano-mediano-212x300.jpeg 212w\" sizes=\"auto, (max-width: 452px) 100vw, 452px\" \/><\/figure>\n\n\n\n<figure class=\"wp-block-image size-large\"><img loading=\"lazy\" decoding=\"async\" width=\"452\" height=\"640\" data-id=\"2221\" src=\"https:\/\/www.editorialdagon.es\/wp-content\/uploads\/2024\/10\/Pagina_17-en-tamano-mediano.jpeg\" alt=\"\" class=\"wp-image-2221\" srcset=\"https:\/\/www.editorialdagon.es\/wp-content\/uploads\/2024\/10\/Pagina_17-en-tamano-mediano.jpeg 452w, https:\/\/www.editorialdagon.es\/wp-content\/uploads\/2024\/10\/Pagina_17-en-tamano-mediano-212x300.jpeg 212w\" sizes=\"auto, (max-width: 452px) 100vw, 452px\" \/><\/figure>\n\n\n\n<figure class=\"wp-block-image size-large\"><img loading=\"lazy\" decoding=\"async\" width=\"452\" height=\"640\" data-id=\"2222\" src=\"https:\/\/www.editorialdagon.es\/wp-content\/uploads\/2024\/10\/Pagina_18-en-tamano-mediano.jpeg\" alt=\"\" class=\"wp-image-2222\" srcset=\"https:\/\/www.editorialdagon.es\/wp-content\/uploads\/2024\/10\/Pagina_18-en-tamano-mediano.jpeg 452w, https:\/\/www.editorialdagon.es\/wp-content\/uploads\/2024\/10\/Pagina_18-en-tamano-mediano-212x300.jpeg 212w\" sizes=\"auto, (max-width: 452px) 100vw, 452px\" \/><\/figure>\n\n\n\n<figure class=\"wp-block-image size-large\"><img loading=\"lazy\" decoding=\"async\" width=\"452\" height=\"640\" data-id=\"2224\" src=\"https:\/\/www.editorialdagon.es\/wp-content\/uploads\/2024\/10\/Pagina_19-en-tamano-mediano.jpeg\" alt=\"\" class=\"wp-image-2224\" srcset=\"https:\/\/www.editorialdagon.es\/wp-content\/uploads\/2024\/10\/Pagina_19-en-tamano-mediano.jpeg 452w, https:\/\/www.editorialdagon.es\/wp-content\/uploads\/2024\/10\/Pagina_19-en-tamano-mediano-212x300.jpeg 212w\" sizes=\"auto, (max-width: 452px) 100vw, 452px\" \/><\/figure>\n\n\n\n<figure class=\"wp-block-image size-large\"><img loading=\"lazy\" decoding=\"async\" width=\"452\" height=\"640\" data-id=\"2226\" src=\"https:\/\/www.editorialdagon.es\/wp-content\/uploads\/2024\/10\/Pagina_20-en-tamano-mediano.jpeg\" alt=\"\" class=\"wp-image-2226\" srcset=\"https:\/\/www.editorialdagon.es\/wp-content\/uploads\/2024\/10\/Pagina_20-en-tamano-mediano.jpeg 452w, https:\/\/www.editorialdagon.es\/wp-content\/uploads\/2024\/10\/Pagina_20-en-tamano-mediano-212x300.jpeg 212w\" sizes=\"auto, (max-width: 452px) 100vw, 452px\" \/><\/figure>\n\n\n\n<figure class=\"wp-block-image size-large\"><img loading=\"lazy\" decoding=\"async\" width=\"452\" height=\"640\" data-id=\"2225\" src=\"https:\/\/www.editorialdagon.es\/wp-content\/uploads\/2024\/10\/Pagina_21-en-tamano-mediano.jpeg\" alt=\"\" class=\"wp-image-2225\" srcset=\"https:\/\/www.editorialdagon.es\/wp-content\/uploads\/2024\/10\/Pagina_21-en-tamano-mediano.jpeg 452w, https:\/\/www.editorialdagon.es\/wp-content\/uploads\/2024\/10\/Pagina_21-en-tamano-mediano-212x300.jpeg 212w\" sizes=\"auto, (max-width: 452px) 100vw, 452px\" \/><\/figure>\n\n\n\n<figure class=\"wp-block-image size-large\"><img loading=\"lazy\" decoding=\"async\" width=\"437\" height=\"640\" data-id=\"2227\" src=\"https:\/\/www.editorialdagon.es\/wp-content\/uploads\/2024\/10\/Pagina_26-en-tamano-mediano.jpeg\" alt=\"\" class=\"wp-image-2227\" srcset=\"https:\/\/www.editorialdagon.es\/wp-content\/uploads\/2024\/10\/Pagina_26-en-tamano-mediano.jpeg 437w, https:\/\/www.editorialdagon.es\/wp-content\/uploads\/2024\/10\/Pagina_26-en-tamano-mediano-205x300.jpeg 205w\" sizes=\"auto, (max-width: 437px) 100vw, 437px\" \/><\/figure>\n<\/figure>\n\n\n\n<p><strong>BOOK TRAILER:<\/strong><\/p>\n\n\n\n<figure class=\"wp-block-embed is-type-video is-provider-youtube wp-block-embed-youtube wp-embed-aspect-16-9 wp-has-aspect-ratio\"><div class=\"wp-block-embed__wrapper\">\n<div class=\"ast-oembed-container \" style=\"height: 100%;\"><iframe loading=\"lazy\" title=\"Book Trailer Agenda Esote\u0301rica 2025\" width=\"500\" height=\"281\" src=\"https:\/\/www.youtube.com\/embed\/cTIsacaRrHA?feature=oembed\" frameborder=\"0\" allow=\"accelerometer; autoplay; clipboard-write; encrypted-media; gyroscope; picture-in-picture; web-share\" referrerpolicy=\"strict-origin-when-cross-origin\" allowfullscreen><\/iframe><\/div>\n<\/div><\/figure>\n","protected":false},"excerpt":{"rendered":"<p>Agenda Esot\u00e9rica 2025 A\u00f1o del Concilio de Shamballa. 444 p\u00e1ginas148&#215;210 mmPDF: 10 \u20acNo se va a comercializar en la Web [&hellip;]<\/p>\n","protected":false},"author":1,"featured_media":0,"parent":291,"menu_order":0,"comment_status":"closed","ping_status":"closed","template":"","meta":{"site-sidebar-layout":"default","site-content-layout":"","ast-site-content-layout":"default","site-content-style":"default","site-sidebar-style":"default","ast-global-header-display":"","ast-banner-title-visibility":"","ast-main-header-display":"","ast-hfb-above-header-display":"","ast-hfb-below-header-display":"","ast-hfb-mobile-header-display":"","site-post-title":"","ast-breadcrumbs-content":"","ast-featured-img":"","footer-sml-layout":"","theme-transparent-header-meta":"","adv-header-id-meta":"","stick-header-meta":"","header-above-stick-meta":"","header-main-stick-meta":"","header-below-stick-meta":"","astra-migrate-meta-layouts":"default","ast-page-background-enabled":"default","ast-page-background-meta":{"desktop":{"background-color":"var(--ast-global-color-5)","background-image":"","background-repeat":"repeat","background-position":"center center","background-size":"auto","background-attachment":"scroll","background-type":"","background-media":"","overlay-type":"","overlay-color":"","overlay-opacity":"","overlay-gradient":""},"tablet":{"background-color":"","background-image":"","background-repeat":"repeat","background-position":"center center","background-size":"auto","background-attachment":"scroll","background-type":"","background-media":"","overlay-type":"","overlay-color":"","overlay-opacity":"","overlay-gradient":""},"mobile":{"background-color":"","background-image":"","background-repeat":"repeat","background-position":"center center","background-size":"auto","background-attachment":"scroll","background-type":"","background-media":"","overlay-type":"","overlay-color":"","overlay-opacity":"","overlay-gradient":""}},"ast-content-background-meta":{"desktop":{"background-color":"var(--ast-global-color-4)","background-image":"","background-repeat":"repeat","background-position":"center center","background-size":"auto","background-attachment":"scroll","background-type":"","background-media":"","overlay-type":"","overlay-color":"","overlay-opacity":"","overlay-gradient":""},"tablet":{"background-color":"var(--ast-global-color-4)","background-image":"","background-repeat":"repeat","background-position":"center center","background-size":"auto","background-attachment":"scroll","background-type":"","background-media":"","overlay-type":"","overlay-color":"","overlay-opacity":"","overlay-gradient":""},"mobile":{"background-color":"var(--ast-global-color-4)","background-image":"","background-repeat":"repeat","background-position":"center center","background-size":"auto","background-attachment":"scroll","background-type":"","background-media":"","overlay-type":"","overlay-color":"","overlay-opacity":"","overlay-gradient":""}},"footnotes":""},"class_list":["post-2173","page","type-page","status-publish","hentry"],"_links":{"self":[{"href":"https:\/\/www.editorialdagon.es\/index.php\/wp-json\/wp\/v2\/pages\/2173","targetHints":{"allow":["GET"]}}],"collection":[{"href":"https:\/\/www.editorialdagon.es\/index.php\/wp-json\/wp\/v2\/pages"}],"about":[{"href":"https:\/\/www.editorialdagon.es\/index.php\/wp-json\/wp\/v2\/types\/page"}],"author":[{"embeddable":true,"href":"https:\/\/www.editorialdagon.es\/index.php\/wp-json\/wp\/v2\/users\/1"}],"replies":[{"embeddable":true,"href":"https:\/\/www.editorialdagon.es\/index.php\/wp-json\/wp\/v2\/comments?post=2173"}],"version-history":[{"count":7,"href":"https:\/\/www.editorialdagon.es\/index.php\/wp-json\/wp\/v2\/pages\/2173\/revisions"}],"predecessor-version":[{"id":2811,"href":"https:\/\/www.editorialdagon.es\/index.php\/wp-json\/wp\/v2\/pages\/2173\/revisions\/2811"}],"up":[{"embeddable":true,"href":"https:\/\/www.editorialdagon.es\/index.php\/wp-json\/wp\/v2\/pages\/291"}],"wp:attachment":[{"href":"https:\/\/www.editorialdagon.es\/index.php\/wp-json\/wp\/v2\/media?parent=2173"}],"curies":[{"name":"wp","href":"https:\/\/api.w.org\/{rel}","templated":true}]}}