{"id":2600,"date":"2025-07-06T08:59:46","date_gmt":"2025-07-06T08:59:46","guid":{"rendered":"https:\/\/www.editorialdagon.es\/?page_id=2600"},"modified":"2026-04-25T10:55:13","modified_gmt":"2026-04-25T10:55:13","slug":"hiperborea-el-ocaso-del-sol-invicto","status":"publish","type":"page","link":"https:\/\/www.editorialdagon.es\/index.php\/obras\/hiperborea-el-ocaso-del-sol-invicto\/","title":{"rendered":"HIPERB\u00d3REA &#8211; El Ocaso del Sol Invicto"},"content":{"rendered":"\n<div class=\"wp-block-media-text is-stacked-on-mobile\" style=\"grid-template-columns:30% auto\"><figure class=\"wp-block-media-text__media\"><img loading=\"lazy\" decoding=\"async\" width=\"565\" height=\"885\" src=\"https:\/\/www.editorialdagon.es\/wp-content\/uploads\/2025\/07\/Portadas-libros-julio-2025.004.png\" alt=\"\" class=\"wp-image-2612 size-full\" srcset=\"https:\/\/www.editorialdagon.es\/wp-content\/uploads\/2025\/07\/Portadas-libros-julio-2025.004.png 565w, https:\/\/www.editorialdagon.es\/wp-content\/uploads\/2025\/07\/Portadas-libros-julio-2025.004-192x300.png 192w\" sizes=\"auto, (max-width: 565px) 100vw, 565px\" \/><\/figure><div class=\"wp-block-media-text__content\">\n<p><a href=\"http:\/\/www.editorialdagon.es\/index.php\/autores\/hiperborea\/\" data-type=\"page\" data-id=\"1142\"><strong>J.M. CUESTA PUERTES &amp; J. RUBIO S\u00c1NCHEZ<\/strong><\/a><br>A\u00f1o de edici\u00f3n:\u00a02025<br>ISBN: 9788419540089<br>P\u00e1ginas: 422<br>Precio B&amp;N: <strong>29\u00a0\u20ac<\/strong><br>Precio color: <strong>30\u00a0\u20ac<\/strong><br>Puedes comprarlo en formato PDF. <a href=\"editor@editorialdagon.es\"><em>Contacta con el Editor<\/em><\/a><br>Fragmento: <em><a href=\"https:\/\/1drv.ms\/b\/c\/df94474a8d8027f4\/EetQPE5abfJMmM7DmF-bdFoB7ul5juGSvYRmgRKSzRmwbg?e=ac9kVA\">El Ocaso del Sol Invicto<\/a><\/em><br>Contacto: <a href=\"mailto:editor@editorialdagon.es\"><em>editor@editorialdagon.es<\/em><\/a><\/p>\n\n\n\n<p class=\"has-vivid-red-color has-text-color has-link-color wp-elements-e9f12c5fb55ed0bf889256d25ec20280\"><strong>NOTA<\/strong>: la versi\u00f3n b\u00e1sica que se vende en diversos lugares no tiene im\u00e1genes en color. Pero puede conseguir una versi\u00f3n en color pidi\u00e9ndola directamente a la Editorial.<\/p>\n<\/div><\/div>\n\n\n\n<p><strong>SINOPSIS<\/strong><br> En el siglo IV, Roma, el poderoso Imperio que hab\u00eda conquistado el mundo, s\u00f3lo era una sombra de s\u00ed mismo. El \u00faltimo velo de los antiguos misterios estaba a punto de ser desgarrado por la furia de los hombres.<br>En aquel tiempo de crisis, cuando el Cristianismo y el Mitraismo se enfrentaban por conseguir el poder en la Tierra y en el Cielo, surgi\u00f3 un joven idealista, un fil\u00f3sofo neoplat\u00f3nico, un estadista, un guerrero, un so\u00f1ador: Flavio Claudio Juliano, quien, como el mitol\u00f3gico Atlas, intent\u00f3 levantar sobre sus hombros el mundo conocido y devolver a la Humanidad la perdida Edad de Oro.&nbsp;<br>En esta novela la historia se funde con el mito, y la magia y las ciencias perdidas cobran protagonismo. Seguiremos a las legiones romanas por las frondosas tierras de la Galia y las \u00e1ridas extensiones de Persia. Nos adentraremos en los secretos que guardan en su interior las monta\u00f1as de los Pirineos, y nuestros sentidos descubrir\u00e1n la luz y la oscuridad que envolv\u00edan a las ciudades de P\u00e9rgamo y Alejandr\u00eda. El alma de cada uno de nosotros podr\u00e1 evocar la constante batalla del Hombre contra el Destino, vislumbrando el fin de un mundo que quedar\u00e1 olvidado en las nieblas del pasado; en definitiva, seremos testigos del ocaso del Sol Invicto.<br>FINALISTA PREMIO PLANETA 2007<\/p>\n\n\n\n<p><strong>BOOKTRAILER<\/strong><\/p>\n\n\n\n<figure class=\"wp-block-embed is-type-video is-provider-youtube wp-block-embed-youtube wp-embed-aspect-16-9 wp-has-aspect-ratio\"><div class=\"wp-block-embed__wrapper\">\n<div class=\"ast-oembed-container \" style=\"height: 100%;\"><iframe loading=\"lazy\" title=\"Book Trailer  -  Juliano. El Ocaso del Sol Invicto\" width=\"500\" height=\"281\" src=\"https:\/\/www.youtube.com\/embed\/AMFQENs0wWU?feature=oembed\" frameborder=\"0\" allow=\"accelerometer; autoplay; clipboard-write; encrypted-media; gyroscope; picture-in-picture; web-share\" referrerpolicy=\"strict-origin-when-cross-origin\" allowfullscreen><\/iframe><\/div>\n<\/div><\/figure>\n","protected":false},"excerpt":{"rendered":"<p>J.M. CUESTA PUERTES &amp; J. RUBIO S\u00c1NCHEZA\u00f1o de edici\u00f3n:\u00a02025ISBN: 9788419540089P\u00e1ginas: 422Precio B&amp;N: 29\u00a0\u20acPrecio color: 30\u00a0\u20acPuedes comprarlo en formato PDF. Contacta [&hellip;]<\/p>\n","protected":false},"author":1,"featured_media":0,"parent":291,"menu_order":0,"comment_status":"closed","ping_status":"closed","template":"","meta":{"site-sidebar-layout":"default","site-content-layout":"","ast-site-content-layout":"default","site-content-style":"default","site-sidebar-style":"default","ast-global-header-display":"","ast-banner-title-visibility":"","ast-main-header-display":"","ast-hfb-above-header-display":"","ast-hfb-below-header-display":"","ast-hfb-mobile-header-display":"","site-post-title":"","ast-breadcrumbs-content":"","ast-featured-img":"","footer-sml-layout":"","theme-transparent-header-meta":"","adv-header-id-meta":"","stick-header-meta":"","header-above-stick-meta":"","header-main-stick-meta":"","header-below-stick-meta":"","astra-migrate-meta-layouts":"default","ast-page-background-enabled":"default","ast-page-background-meta":{"desktop":{"background-color":"var(--ast-global-color-5)","background-image":"","background-repeat":"repeat","background-position":"center center","background-size":"auto","background-attachment":"scroll","background-type":"","background-media":"","overlay-type":"","overlay-color":"","overlay-opacity":"","overlay-gradient":""},"tablet":{"background-color":"","background-image":"","background-repeat":"repeat","background-position":"center center","background-size":"auto","background-attachment":"scroll","background-type":"","background-media":"","overlay-type":"","overlay-color":"","overlay-opacity":"","overlay-gradient":""},"mobile":{"background-color":"","background-image":"","background-repeat":"repeat","background-position":"center center","background-size":"auto","background-attachment":"scroll","background-type":"","background-media":"","overlay-type":"","overlay-color":"","overlay-opacity":"","overlay-gradient":""}},"ast-content-background-meta":{"desktop":{"background-color":"var(--ast-global-color-4)","background-image":"","background-repeat":"repeat","background-position":"center center","background-size":"auto","background-attachment":"scroll","background-type":"","background-media":"","overlay-type":"","overlay-color":"","overlay-opacity":"","overlay-gradient":""},"tablet":{"background-color":"var(--ast-global-color-4)","background-image":"","background-repeat":"repeat","background-position":"center center","background-size":"auto","background-attachment":"scroll","background-type":"","background-media":"","overlay-type":"","overlay-color":"","overlay-opacity":"","overlay-gradient":""},"mobile":{"background-color":"var(--ast-global-color-4)","background-image":"","background-repeat":"repeat","background-position":"center center","background-size":"auto","background-attachment":"scroll","background-type":"","background-media":"","overlay-type":"","overlay-color":"","overlay-opacity":"","overlay-gradient":""}},"footnotes":""},"class_list":["post-2600","page","type-page","status-publish","hentry"],"_links":{"self":[{"href":"https:\/\/www.editorialdagon.es\/index.php\/wp-json\/wp\/v2\/pages\/2600","targetHints":{"allow":["GET"]}}],"collection":[{"href":"https:\/\/www.editorialdagon.es\/index.php\/wp-json\/wp\/v2\/pages"}],"about":[{"href":"https:\/\/www.editorialdagon.es\/index.php\/wp-json\/wp\/v2\/types\/page"}],"author":[{"embeddable":true,"href":"https:\/\/www.editorialdagon.es\/index.php\/wp-json\/wp\/v2\/users\/1"}],"replies":[{"embeddable":true,"href":"https:\/\/www.editorialdagon.es\/index.php\/wp-json\/wp\/v2\/comments?post=2600"}],"version-history":[{"count":21,"href":"https:\/\/www.editorialdagon.es\/index.php\/wp-json\/wp\/v2\/pages\/2600\/revisions"}],"predecessor-version":[{"id":3878,"href":"https:\/\/www.editorialdagon.es\/index.php\/wp-json\/wp\/v2\/pages\/2600\/revisions\/3878"}],"up":[{"embeddable":true,"href":"https:\/\/www.editorialdagon.es\/index.php\/wp-json\/wp\/v2\/pages\/291"}],"wp:attachment":[{"href":"https:\/\/www.editorialdagon.es\/index.php\/wp-json\/wp\/v2\/media?parent=2600"}],"curies":[{"name":"wp","href":"https:\/\/api.w.org\/{rel}","templated":true}]}}