{"id":2602,"date":"2025-07-06T09:01:05","date_gmt":"2025-07-06T09:01:05","guid":{"rendered":"https:\/\/www.editorialdagon.es\/?page_id=2602"},"modified":"2026-03-18T14:43:09","modified_gmt":"2026-03-18T14:43:09","slug":"varios-autores-h-p-blavatsky-y-la-doctrina-secreta","status":"publish","type":"page","link":"https:\/\/www.editorialdagon.es\/index.php\/obras\/varios-autores-h-p-blavatsky-y-la-doctrina-secreta\/","title":{"rendered":"VIRGINIA HANSON &#8211; H.P. Blavatsky y La Doctrina Secreta"},"content":{"rendered":"\n<div class=\"wp-block-media-text is-stacked-on-mobile\"><figure class=\"wp-block-media-text__media\"><img loading=\"lazy\" decoding=\"async\" width=\"564\" height=\"893\" src=\"https:\/\/www.editorialdagon.es\/wp-content\/uploads\/2025\/07\/Portadas-libros-julio-2025.001.png\" alt=\"\" class=\"wp-image-2618 size-full\" srcset=\"https:\/\/www.editorialdagon.es\/wp-content\/uploads\/2025\/07\/Portadas-libros-julio-2025.001.png 564w, https:\/\/www.editorialdagon.es\/wp-content\/uploads\/2025\/07\/Portadas-libros-julio-2025.001-189x300.png 189w\" sizes=\"auto, (max-width: 564px) 100vw, 564px\" \/><\/figure><div class=\"wp-block-media-text__content\">\n<p><a href=\"http:\/\/www.editorialdagon.es\/index.php\/autores\/helena-petrovna-blavatsky\/\" data-type=\"page\" data-id=\"1116\"><strong>HELENA PETROVNA BLAVATSKY<\/strong><\/a><\/p>\n\n\n\n<p>A\u00f1o de edici\u00f3n:&nbsp;2025<\/p>\n\n\n\n<p>ISBN: 9788419540225<\/p>\n\n\n\n<p>P\u00e1ginas: 308<\/p>\n\n\n\n<p>Precio: <strong>24\u00a0\u20ac<\/strong><\/p>\n\n\n\n<p>Puedes comprarlo en formato PDF. Contacta con el <a href=\"editor@editorialdagon.es\">Editor<\/a><\/p>\n\n\n\n<p>Fragmento: <em><a href=\"https:\/\/1drv.ms\/b\/c\/df94474a8d8027f4\/EYHqCA0QYBdEi9pbqJHzAn8Bji_HX6kJRGlxU2iLvcclTA?e=kvfJ63\">H.P. Blavatsky y La Doctrina <\/a>Secreta<\/em><\/p>\n\n\n\n<p>Contacto: <a href=\"mailto:editor@editorialdagon.es\"><em>editor@editorialdagon.es<\/em><\/a><\/p>\n<\/div><\/div>\n\n\n\n<p><strong>SINOPSIS<\/strong><br><em>La Doctrina Secreta<\/em> apareci\u00f3 por primera vez (1888) en un mundo sumido en las profundidades del materialismo, dominado por la idea de los \u00e1tomos y la conciencia como un brote de oportunidad evolutiva. La religi\u00f3n en esa \u00e9poca era de miras muy estrechas, sin posibilidad alguna de incorporar cient\u00edficamente su aut\u00e9ntico punto de vista.&nbsp;<br>Hoy, 137 a\u00f1os despu\u00e9s de esa primera publicaci\u00f3n, la visi\u00f3n del mundo predominante est\u00e1 cambiando. El holismo, la interdependencia, la ecolog\u00eda e interconexi\u00f3n, caracterizan la visi\u00f3n de la realidad que est\u00e1 surgiendo a partir de la nueva f\u00edsica y de los estudios sociol\u00f3gicos y antropol\u00f3gicos.&nbsp;<br>La visi\u00f3n de Helena Petrovna Blavatsky de un universo como una entidad \u00fanica con todas sus partes interrelacionadas, est\u00e1 mucho m\u00e1s en armon\u00eda con el mundo actual de lo que era en su \u00e9poca.&nbsp;<br>Con el paso del tiempo, los estudios hist\u00f3ricos, antropol\u00f3gicos, pero sobre todo cient\u00edficos, van confirmando lo que parec\u00eda un disparate en el siglo XIX. Como bien dec\u00eda H. P. Blavatsky, \u00ab<em>La Doctrina Secreta <\/em>est\u00e1 escrita para el Porvenir\u00bb:<br>\u00ab\u2026deber\u00e1 permanecer muy quieta hasta el siglo entrante, para ser entonces apreciadas sus ense\u00f1anzas\u2026 tal cosa no ser\u00e1 hasta el siglo que viene, cuando los hombres comenzar\u00e1n a comprender y discutir esta obra de manera inteligente.\u00bb<\/p>\n\n\n\n<p><strong>BOOKTRAILER<\/strong><\/p>\n\n\n\n<figure class=\"wp-block-embed is-type-video is-provider-youtube wp-block-embed-youtube wp-embed-aspect-16-9 wp-has-aspect-ratio\"><div class=\"wp-block-embed__wrapper\">\n<div class=\"ast-oembed-container \" style=\"height: 100%;\"><iframe loading=\"lazy\" title=\"Book Trailer H.P. Blavatsky y La Doctrina Secreta\" width=\"500\" height=\"281\" src=\"https:\/\/www.youtube.com\/embed\/WB5ilV01_48?feature=oembed\" frameborder=\"0\" allow=\"accelerometer; autoplay; clipboard-write; encrypted-media; gyroscope; picture-in-picture; web-share\" referrerpolicy=\"strict-origin-when-cross-origin\" allowfullscreen><\/iframe><\/div>\n<\/div><\/figure>\n","protected":false},"excerpt":{"rendered":"<p>HELENA PETROVNA BLAVATSKY A\u00f1o de edici\u00f3n:&nbsp;2025 ISBN: 9788419540225 P\u00e1ginas: 308 Precio: 24\u00a0\u20ac Puedes comprarlo en formato PDF. Contacta con el [&hellip;]<\/p>\n","protected":false},"author":1,"featured_media":0,"parent":291,"menu_order":0,"comment_status":"closed","ping_status":"closed","template":"","meta":{"site-sidebar-layout":"default","site-content-layout":"","ast-site-content-layout":"default","site-content-style":"default","site-sidebar-style":"default","ast-global-header-display":"","ast-banner-title-visibility":"","ast-main-header-display":"","ast-hfb-above-header-display":"","ast-hfb-below-header-display":"","ast-hfb-mobile-header-display":"","site-post-title":"","ast-breadcrumbs-content":"","ast-featured-img":"","footer-sml-layout":"","theme-transparent-header-meta":"","adv-header-id-meta":"","stick-header-meta":"","header-above-stick-meta":"","header-main-stick-meta":"","header-below-stick-meta":"","astra-migrate-meta-layouts":"default","ast-page-background-enabled":"default","ast-page-background-meta":{"desktop":{"background-color":"var(--ast-global-color-5)","background-image":"","background-repeat":"repeat","background-position":"center center","background-size":"auto","background-attachment":"scroll","background-type":"","background-media":"","overlay-type":"","overlay-color":"","overlay-opacity":"","overlay-gradient":""},"tablet":{"background-color":"","background-image":"","background-repeat":"repeat","background-position":"center center","background-size":"auto","background-attachment":"scroll","background-type":"","background-media":"","overlay-type":"","overlay-color":"","overlay-opacity":"","overlay-gradient":""},"mobile":{"background-color":"","background-image":"","background-repeat":"repeat","background-position":"center center","background-size":"auto","background-attachment":"scroll","background-type":"","background-media":"","overlay-type":"","overlay-color":"","overlay-opacity":"","overlay-gradient":""}},"ast-content-background-meta":{"desktop":{"background-color":"var(--ast-global-color-4)","background-image":"","background-repeat":"repeat","background-position":"center center","background-size":"auto","background-attachment":"scroll","background-type":"","background-media":"","overlay-type":"","overlay-color":"","overlay-opacity":"","overlay-gradient":""},"tablet":{"background-color":"var(--ast-global-color-4)","background-image":"","background-repeat":"repeat","background-position":"center center","background-size":"auto","background-attachment":"scroll","background-type":"","background-media":"","overlay-type":"","overlay-color":"","overlay-opacity":"","overlay-gradient":""},"mobile":{"background-color":"var(--ast-global-color-4)","background-image":"","background-repeat":"repeat","background-position":"center center","background-size":"auto","background-attachment":"scroll","background-type":"","background-media":"","overlay-type":"","overlay-color":"","overlay-opacity":"","overlay-gradient":""}},"footnotes":""},"class_list":["post-2602","page","type-page","status-publish","hentry"],"_links":{"self":[{"href":"https:\/\/www.editorialdagon.es\/index.php\/wp-json\/wp\/v2\/pages\/2602","targetHints":{"allow":["GET"]}}],"collection":[{"href":"https:\/\/www.editorialdagon.es\/index.php\/wp-json\/wp\/v2\/pages"}],"about":[{"href":"https:\/\/www.editorialdagon.es\/index.php\/wp-json\/wp\/v2\/types\/page"}],"author":[{"embeddable":true,"href":"https:\/\/www.editorialdagon.es\/index.php\/wp-json\/wp\/v2\/users\/1"}],"replies":[{"embeddable":true,"href":"https:\/\/www.editorialdagon.es\/index.php\/wp-json\/wp\/v2\/comments?post=2602"}],"version-history":[{"count":15,"href":"https:\/\/www.editorialdagon.es\/index.php\/wp-json\/wp\/v2\/pages\/2602\/revisions"}],"predecessor-version":[{"id":3772,"href":"https:\/\/www.editorialdagon.es\/index.php\/wp-json\/wp\/v2\/pages\/2602\/revisions\/3772"}],"up":[{"embeddable":true,"href":"https:\/\/www.editorialdagon.es\/index.php\/wp-json\/wp\/v2\/pages\/291"}],"wp:attachment":[{"href":"https:\/\/www.editorialdagon.es\/index.php\/wp-json\/wp\/v2\/media?parent=2602"}],"curies":[{"name":"wp","href":"https:\/\/api.w.org\/{rel}","templated":true}]}}