{"id":2604,"date":"2025-07-06T09:02:12","date_gmt":"2025-07-06T09:02:12","guid":{"rendered":"https:\/\/www.editorialdagon.es\/?page_id=2604"},"modified":"2026-04-25T09:00:53","modified_gmt":"2026-04-25T09:00:53","slug":"condesa-constanze-reminiscencias-de-h-p-b-y-la-doctrina-secreta","status":"publish","type":"page","link":"https:\/\/www.editorialdagon.es\/index.php\/obras\/condesa-constanze-reminiscencias-de-h-p-b-y-la-doctrina-secreta\/","title":{"rendered":"CONDESA CONSTANZE &#8211; Reminiscencias de H.P.B. y La Doctrina Secreta"},"content":{"rendered":"\n<div class=\"wp-block-media-text is-stacked-on-mobile\"><figure class=\"wp-block-media-text__media\"><img loading=\"lazy\" decoding=\"async\" width=\"566\" height=\"887\" src=\"https:\/\/www.editorialdagon.es\/wp-content\/uploads\/2025\/07\/Portadas-libros-julio-2025.002.png\" alt=\"\" class=\"wp-image-2621 size-full\" srcset=\"https:\/\/www.editorialdagon.es\/wp-content\/uploads\/2025\/07\/Portadas-libros-julio-2025.002.png 566w, https:\/\/www.editorialdagon.es\/wp-content\/uploads\/2025\/07\/Portadas-libros-julio-2025.002-191x300.png 191w\" sizes=\"auto, (max-width: 566px) 100vw, 566px\" \/><\/figure><div class=\"wp-block-media-text__content\">\n<p><a href=\"http:\/\/www.editorialdagon.es\/index.php\/autores\/helena-petrovna-blavatsky\/\" data-type=\"page\" data-id=\"1116\">HELENA PETROVNA BLAVATSKY<\/a><\/p>\n\n\n\n<p>A\u00f1o de edici\u00f3n:&nbsp;2025<\/p>\n\n\n\n<p>ISBN: 9788419540287<\/p>\n\n\n\n<p>P\u00e1ginas: 200<\/p>\n\n\n\n<p>Precio: <strong>22\u00a0\u20ac<\/strong><\/p>\n\n\n\n<p>Puedes comprarlo en formato PDF. Contacta con el <a href=\"editor@editorialdagon.es\">Editor<\/a><\/p>\n\n\n\n<p>Fragmento: <em><a href=\"https:\/\/1drv.ms\/b\/c\/df94474a8d8027f4\/EduWIz6cxDZMnii8KpO3PZAB-FgxIvjY59WP477rS0NvZQ?e=xDn3mr\">Reminiscencias de H.P.B.<\/a><\/em><\/p>\n\n\n\n<p>Contacto: <a href=\"mailto:editor@editorialdagon.es\"><em>editor@editorialdagon.es<\/em><\/a><\/p>\n<\/div><\/div>\n\n\n\n<p><strong>SINOPSIS<\/strong><br>Este libro ha sido escrito por varias personas que han tenido la ventaja de ser quienes han estado en m\u00e1s estrecho contacto con la se\u00f1ora Blavatsky durante su residencia en Europa, mientras estaba entregada a escribir la gran obra de su vida: <em>La Doctrina Secreta<\/em>.<br>Ser\u00eda tarea dif\u00edcil hacer un relato completo y detallado de todos los hechos que ocurrieron durante la preparaci\u00f3n de este extraordinario trabajo, pues no debe olvidarse nunca que H.P.B., fue s\u00f3lo, como a menudo lo repet\u00eda de manera expresa: la compiladora de esa labor.&nbsp;<br>Detr\u00e1s de ella estuvieron los verdaderos Maestros, los <em>Guardianes de la Sabidur\u00eda Secreta de las Edades <\/em>quienes la ense\u00f1aron toda la Tradici\u00f3n Oculta que ella transmiti\u00f3 por escrito.&nbsp;<br>Su m\u00e9rito consisti\u00f3 en parte, en estar capacitada para asimilar el trascendente conocimiento que fue impartido al mundo, en ser mensajera merecedora de sus Maestros y, en parte, en su maravillosa capacidad de verter el abstruso pensamiento metaf\u00edsico oriental en una forma inteligible a la mente occidental, verificando y comparando la Sabidur\u00eda Oriental con la Ciencia Occidental.<\/p>\n\n\n\n<p><strong>BOOK TRAILER<\/strong><\/p>\n\n\n\n<figure class=\"wp-block-embed is-type-video is-provider-youtube wp-block-embed-youtube wp-embed-aspect-16-9 wp-has-aspect-ratio\"><div class=\"wp-block-embed__wrapper\">\nhttps:\/\/youtu.be\/vAwMXAUPmeE\n<\/div><\/figure>\n","protected":false},"excerpt":{"rendered":"<p>HELENA PETROVNA BLAVATSKY A\u00f1o de edici\u00f3n:&nbsp;2025 ISBN: 9788419540287 P\u00e1ginas: 200 Precio: 22\u00a0\u20ac Puedes comprarlo en formato PDF. Contacta con el [&hellip;]<\/p>\n","protected":false},"author":1,"featured_media":0,"parent":291,"menu_order":0,"comment_status":"closed","ping_status":"closed","template":"","meta":{"site-sidebar-layout":"default","site-content-layout":"","ast-site-content-layout":"default","site-content-style":"default","site-sidebar-style":"default","ast-global-header-display":"","ast-banner-title-visibility":"","ast-main-header-display":"","ast-hfb-above-header-display":"","ast-hfb-below-header-display":"","ast-hfb-mobile-header-display":"","site-post-title":"","ast-breadcrumbs-content":"","ast-featured-img":"","footer-sml-layout":"","theme-transparent-header-meta":"","adv-header-id-meta":"","stick-header-meta":"","header-above-stick-meta":"","header-main-stick-meta":"","header-below-stick-meta":"","astra-migrate-meta-layouts":"default","ast-page-background-enabled":"default","ast-page-background-meta":{"desktop":{"background-color":"var(--ast-global-color-5)","background-image":"","background-repeat":"repeat","background-position":"center center","background-size":"auto","background-attachment":"scroll","background-type":"","background-media":"","overlay-type":"","overlay-color":"","overlay-opacity":"","overlay-gradient":""},"tablet":{"background-color":"","background-image":"","background-repeat":"repeat","background-position":"center center","background-size":"auto","background-attachment":"scroll","background-type":"","background-media":"","overlay-type":"","overlay-color":"","overlay-opacity":"","overlay-gradient":""},"mobile":{"background-color":"","background-image":"","background-repeat":"repeat","background-position":"center center","background-size":"auto","background-attachment":"scroll","background-type":"","background-media":"","overlay-type":"","overlay-color":"","overlay-opacity":"","overlay-gradient":""}},"ast-content-background-meta":{"desktop":{"background-color":"var(--ast-global-color-4)","background-image":"","background-repeat":"repeat","background-position":"center center","background-size":"auto","background-attachment":"scroll","background-type":"","background-media":"","overlay-type":"","overlay-color":"","overlay-opacity":"","overlay-gradient":""},"tablet":{"background-color":"var(--ast-global-color-4)","background-image":"","background-repeat":"repeat","background-position":"center center","background-size":"auto","background-attachment":"scroll","background-type":"","background-media":"","overlay-type":"","overlay-color":"","overlay-opacity":"","overlay-gradient":""},"mobile":{"background-color":"var(--ast-global-color-4)","background-image":"","background-repeat":"repeat","background-position":"center center","background-size":"auto","background-attachment":"scroll","background-type":"","background-media":"","overlay-type":"","overlay-color":"","overlay-opacity":"","overlay-gradient":""}},"footnotes":""},"class_list":["post-2604","page","type-page","status-publish","hentry"],"_links":{"self":[{"href":"https:\/\/www.editorialdagon.es\/index.php\/wp-json\/wp\/v2\/pages\/2604","targetHints":{"allow":["GET"]}}],"collection":[{"href":"https:\/\/www.editorialdagon.es\/index.php\/wp-json\/wp\/v2\/pages"}],"about":[{"href":"https:\/\/www.editorialdagon.es\/index.php\/wp-json\/wp\/v2\/types\/page"}],"author":[{"embeddable":true,"href":"https:\/\/www.editorialdagon.es\/index.php\/wp-json\/wp\/v2\/users\/1"}],"replies":[{"embeddable":true,"href":"https:\/\/www.editorialdagon.es\/index.php\/wp-json\/wp\/v2\/comments?post=2604"}],"version-history":[{"count":14,"href":"https:\/\/www.editorialdagon.es\/index.php\/wp-json\/wp\/v2\/pages\/2604\/revisions"}],"predecessor-version":[{"id":3838,"href":"https:\/\/www.editorialdagon.es\/index.php\/wp-json\/wp\/v2\/pages\/2604\/revisions\/3838"}],"up":[{"embeddable":true,"href":"https:\/\/www.editorialdagon.es\/index.php\/wp-json\/wp\/v2\/pages\/291"}],"wp:attachment":[{"href":"https:\/\/www.editorialdagon.es\/index.php\/wp-json\/wp\/v2\/media?parent=2604"}],"curies":[{"name":"wp","href":"https:\/\/api.w.org\/{rel}","templated":true}]}}