{"id":2889,"date":"2025-08-09T01:19:56","date_gmt":"2025-08-09T01:19:56","guid":{"rendered":"https:\/\/www.editorialdagon.es\/?page_id=2889"},"modified":"2026-04-25T10:53:43","modified_gmt":"2026-04-25T10:53:43","slug":"hiperborea-el-susurro-de-las-flores-marchitas","status":"publish","type":"page","link":"https:\/\/www.editorialdagon.es\/index.php\/obras\/hiperborea-el-susurro-de-las-flores-marchitas\/","title":{"rendered":"HIPERB\u00d3REA &#8211; El Susurro de las Flores Marchitas"},"content":{"rendered":"\n<div class=\"wp-block-media-text is-stacked-on-mobile\"><figure class=\"wp-block-media-text__media\"><img loading=\"lazy\" decoding=\"async\" width=\"442\" height=\"690\" src=\"https:\/\/www.editorialdagon.es\/wp-content\/uploads\/2025\/08\/Portadas-Woprd-Press-Susurro.png\" alt=\"\" class=\"wp-image-2891 size-full\" srcset=\"https:\/\/www.editorialdagon.es\/wp-content\/uploads\/2025\/08\/Portadas-Woprd-Press-Susurro.png 442w, https:\/\/www.editorialdagon.es\/wp-content\/uploads\/2025\/08\/Portadas-Woprd-Press-Susurro-192x300.png 192w\" sizes=\"auto, (max-width: 442px) 100vw, 442px\" \/><\/figure><div class=\"wp-block-media-text__content\">\n<p class=\"has-text-align-left\"><a href=\"https:\/\/www.editorialdagon.es\/index.php\/autores\/hiperborea\/\" data-type=\"page\" data-id=\"1142\"><strong>JOS\u00c9 MIGUEL CUESTA<\/strong><\/a><\/p>\n\n\n\n<p>A\u00f1o de edici\u00f3n: 2024<\/p>\n\n\n\n<p>ISBN: 9788419540096<\/p>\n\n\n\n<p>P\u00e1ginas: 238<\/p>\n\n\n\n<p>Precio: <strong>24\u00a0\u20ac<\/strong><\/p>\n\n\n\n<p>Puedes comprarlo en formato PDF. Contacta con el <a href=\"editor@editorialdagon.es\">Editor<\/a><\/p>\n\n\n\n<p>Fragmento: <em><a href=\"https:\/\/1drv.ms\/b\/c\/df94474a8d8027f4\/EY_qJ8N3a_dMsGRjrgG9SnABaypFBOeNzcwuZ893siYgjg?e=cfUaUH\">El Susurro de las Flores Marchitas<\/a><\/em><\/p>\n\n\n\n<p class=\"has-text-align-left\">Contacto: <a href=\"mailto:editor@editorialdagon.es\"><em>editor@editorialdagon.es<\/em><\/a><\/p>\n<\/div><\/div>\n\n\n\n<p><strong>SINOPSIS<\/strong><\/p>\n\n\n\n<p>\u00abExiste un mundo oculto donde la oscuridad se envuelve de sombras.<br>Un mundo desconocido y apenas sospechado, que se esconde a los ojos de los hombres tras m\u00faltiples velos de ignorancia, superstici\u00f3n y rechazo. A veces te aparta como si fueras algo ponzo\u00f1oso y molesto, ajeno a sus intereses, otras, te aprisiona como a un insecto en la tela de una ara\u00f1a. Entonces ya no puedes escapar, es demasiado tarde, la oscuridad te inyectar\u00e1 su veneno y, cuando tu interior no sea m\u00e1s que un l\u00edquido pastoso, te absorber\u00e1 la m\u00e9dula y hasta la \u00faltima gota de sangre\u00bb.<br>Con estas palabras empieza la novela <em>El Susurro de las Flores Marchitas<\/em>.<br>Atr\u00e9vete a iniciar este peligroso viaje por las oscuras calles de Nueva Orleans, la patria del Vud\u00fa, el hogar de hechiceros sin nombre, en la que un detective de lo ins\u00f3lito, \u00c1ureo Kavanac, se enfrentar\u00e1 a un mundo situado en la misma l\u00ednea que separa la realidad de la magia, un mundo entre la vida y la muerte, entre la raz\u00f3n y la locura. Un mundo en que deber\u00e1 enfrentarse a s\u00ed mismo, a sus miedos, sabiendo que, si no vence en esa lucha, el destino que le aguarda ser\u00e1 mucho peor que la muerte, ya que no est\u00e1 en juego solo su vida, sino tambi\u00e9n su propia alma.<\/p>\n\n\n\n<p><strong>BOOK TRAILER<\/strong><\/p>\n\n\n\n<figure class=\"wp-block-embed is-type-video is-provider-youtube wp-block-embed-youtube wp-embed-aspect-16-9 wp-has-aspect-ratio\"><div class=\"wp-block-embed__wrapper\">\n<div class=\"ast-oembed-container \" style=\"height: 100%;\"><iframe loading=\"lazy\" title=\"Book Trailer El Susurro de las Flores Marchitas\" width=\"500\" height=\"281\" src=\"https:\/\/www.youtube.com\/embed\/qkHACdTUEBw?feature=oembed\" frameborder=\"0\" allow=\"accelerometer; autoplay; clipboard-write; encrypted-media; gyroscope; picture-in-picture; web-share\" referrerpolicy=\"strict-origin-when-cross-origin\" allowfullscreen><\/iframe><\/div>\n<\/div><\/figure>\n","protected":false},"excerpt":{"rendered":"<p>JOS\u00c9 MIGUEL CUESTA A\u00f1o de edici\u00f3n: 2024 ISBN: 9788419540096 P\u00e1ginas: 238 Precio: 24\u00a0\u20ac Puedes comprarlo en formato PDF. Contacta con [&hellip;]<\/p>\n","protected":false},"author":1,"featured_media":0,"parent":291,"menu_order":0,"comment_status":"closed","ping_status":"closed","template":"","meta":{"site-sidebar-layout":"default","site-content-layout":"","ast-site-content-layout":"default","site-content-style":"default","site-sidebar-style":"default","ast-global-header-display":"","ast-banner-title-visibility":"","ast-main-header-display":"","ast-hfb-above-header-display":"","ast-hfb-below-header-display":"","ast-hfb-mobile-header-display":"","site-post-title":"","ast-breadcrumbs-content":"","ast-featured-img":"","footer-sml-layout":"","theme-transparent-header-meta":"","adv-header-id-meta":"","stick-header-meta":"","header-above-stick-meta":"","header-main-stick-meta":"","header-below-stick-meta":"","astra-migrate-meta-layouts":"default","ast-page-background-enabled":"default","ast-page-background-meta":{"desktop":{"background-color":"var(--ast-global-color-5)","background-image":"","background-repeat":"repeat","background-position":"center center","background-size":"auto","background-attachment":"scroll","background-type":"","background-media":"","overlay-type":"","overlay-color":"","overlay-opacity":"","overlay-gradient":""},"tablet":{"background-color":"","background-image":"","background-repeat":"repeat","background-position":"center center","background-size":"auto","background-attachment":"scroll","background-type":"","background-media":"","overlay-type":"","overlay-color":"","overlay-opacity":"","overlay-gradient":""},"mobile":{"background-color":"","background-image":"","background-repeat":"repeat","background-position":"center center","background-size":"auto","background-attachment":"scroll","background-type":"","background-media":"","overlay-type":"","overlay-color":"","overlay-opacity":"","overlay-gradient":""}},"ast-content-background-meta":{"desktop":{"background-color":"var(--ast-global-color-4)","background-image":"","background-repeat":"repeat","background-position":"center center","background-size":"auto","background-attachment":"scroll","background-type":"","background-media":"","overlay-type":"","overlay-color":"","overlay-opacity":"","overlay-gradient":""},"tablet":{"background-color":"var(--ast-global-color-4)","background-image":"","background-repeat":"repeat","background-position":"center center","background-size":"auto","background-attachment":"scroll","background-type":"","background-media":"","overlay-type":"","overlay-color":"","overlay-opacity":"","overlay-gradient":""},"mobile":{"background-color":"var(--ast-global-color-4)","background-image":"","background-repeat":"repeat","background-position":"center center","background-size":"auto","background-attachment":"scroll","background-type":"","background-media":"","overlay-type":"","overlay-color":"","overlay-opacity":"","overlay-gradient":""}},"footnotes":""},"class_list":["post-2889","page","type-page","status-publish","hentry"],"_links":{"self":[{"href":"https:\/\/www.editorialdagon.es\/index.php\/wp-json\/wp\/v2\/pages\/2889","targetHints":{"allow":["GET"]}}],"collection":[{"href":"https:\/\/www.editorialdagon.es\/index.php\/wp-json\/wp\/v2\/pages"}],"about":[{"href":"https:\/\/www.editorialdagon.es\/index.php\/wp-json\/wp\/v2\/types\/page"}],"author":[{"embeddable":true,"href":"https:\/\/www.editorialdagon.es\/index.php\/wp-json\/wp\/v2\/users\/1"}],"replies":[{"embeddable":true,"href":"https:\/\/www.editorialdagon.es\/index.php\/wp-json\/wp\/v2\/comments?post=2889"}],"version-history":[{"count":8,"href":"https:\/\/www.editorialdagon.es\/index.php\/wp-json\/wp\/v2\/pages\/2889\/revisions"}],"predecessor-version":[{"id":3877,"href":"https:\/\/www.editorialdagon.es\/index.php\/wp-json\/wp\/v2\/pages\/2889\/revisions\/3877"}],"up":[{"embeddable":true,"href":"https:\/\/www.editorialdagon.es\/index.php\/wp-json\/wp\/v2\/pages\/291"}],"wp:attachment":[{"href":"https:\/\/www.editorialdagon.es\/index.php\/wp-json\/wp\/v2\/media?parent=2889"}],"curies":[{"name":"wp","href":"https:\/\/api.w.org\/{rel}","templated":true}]}}