{"id":297,"date":"2024-08-07T16:40:40","date_gmt":"2024-08-07T16:40:40","guid":{"rendered":"http:\/\/www.editorialdagon.es\/?page_id=297"},"modified":"2026-01-30T19:36:16","modified_gmt":"2026-01-30T19:36:16","slug":"autores","status":"publish","type":"page","link":"https:\/\/www.editorialdagon.es\/index.php\/autores\/","title":{"rendered":"AUTORES"},"content":{"rendered":"\n<p class=\"has-text-align-center has-black-color has-text-color has-large-font-size\" style=\"font-style:normal;font-weight:400\"><strong>AUTORES<\/strong><\/p>\n\n\n\n<div class=\"wp-block-media-text is-stacked-on-mobile\" style=\"grid-template-columns:44% auto\"><figure class=\"wp-block-media-text__media\"><img loading=\"lazy\" decoding=\"async\" width=\"688\" height=\"1024\" src=\"https:\/\/www.editorialdagon.es\/wp-content\/uploads\/2025\/08\/autores-688x1024.jpg\" alt=\"\" class=\"wp-image-2987 size-full\" srcset=\"https:\/\/www.editorialdagon.es\/wp-content\/uploads\/2025\/08\/autores-688x1024.jpg 688w, https:\/\/www.editorialdagon.es\/wp-content\/uploads\/2025\/08\/autores-202x300.jpg 202w, https:\/\/www.editorialdagon.es\/wp-content\/uploads\/2025\/08\/autores-768x1143.jpg 768w, https:\/\/www.editorialdagon.es\/wp-content\/uploads\/2025\/08\/autores-1032x1536.jpg 1032w, https:\/\/www.editorialdagon.es\/wp-content\/uploads\/2025\/08\/autores-1376x2048.jpg 1376w, https:\/\/www.editorialdagon.es\/wp-content\/uploads\/2025\/08\/autores-scaled.jpg 1720w\" sizes=\"auto, (max-width: 688px) 100vw, 688px\" \/><\/figure><div class=\"wp-block-media-text__content\">\n<p class=\"has-medium-font-size\"><a href=\"https:\/\/www.editorialdagon.es\/index.php\/autores\/helena-petrovna-blavatsky\/\" data-type=\"page\" data-id=\"1116\"><strong>H.P. Blavatsky<\/strong><\/a><br><strong><a href=\"http:\/\/www.editorialdagon.es\/index.php\/autores\/mario-roso-de-luna\/\" data-type=\"page\" data-id=\"1120\">Mario Roso de Luna<\/a><\/strong><br><strong><a href=\"http:\/\/www.editorialdagon.es\/index.php\/autores\/torkom-saraydarian\/\" data-type=\"page\" data-id=\"1122\">Torkom Saraydarian<\/a><\/strong><br><strong><a href=\"http:\/\/www.editorialdagon.es\/index.php\/autores\/william-q-judge\/\" data-type=\"page\" data-id=\"1118\">William Q. Judge<\/a><\/strong><br><strong><a href=\"http:\/\/www.editorialdagon.es\/index.php\/h-s-olcott\/\" data-type=\"page\" data-id=\"1176\">H.S. Olcott<\/a><\/strong><br><strong><a href=\"http:\/\/www.editorialdagon.es\/index.php\/autores\/jinarajadasa\/\" data-type=\"page\" data-id=\"1124\">Jinarajadasa<\/a><\/strong><br><strong><a href=\"http:\/\/www.editorialdagon.es\/index.php\/autores\/francisco-de-montoliu-y-togores-nemo\/\" data-type=\"page\" data-id=\"1323\">Francisco de Montoliu (Nemo)<\/a><\/strong><br><strong><a href=\"http:\/\/www.editorialdagon.es\/index.php\/autores\/josefina-maynade\/\" data-type=\"page\" data-id=\"1126\">Josefina Maynad\u00e9<\/a><\/strong><br><strong><a href=\"http:\/\/www.editorialdagon.es\/index.php\/autores\/daniel-h-caldwell\/\" data-type=\"page\" data-id=\"1216\">Daniel H. Caldwell<\/a><\/strong><br><strong><a href=\"http:\/\/www.editorialdagon.es\/index.php\/autores\/michel-coquet\/\" data-type=\"page\" data-id=\"1130\">Michel Coquet<\/a><\/strong><br><strong><a href=\"http:\/\/www.editorialdagon.es\/index.php\/autores\/carmelo-rios\/\" data-type=\"page\" data-id=\"1132\">Carmelo R\u00edos<\/a><\/strong><br><strong><a href=\"http:\/\/www.editorialdagon.es\/index.php\/autores\/margarita-lay\/\" data-type=\"page\" data-id=\"1128\">Margarita Lay<\/a><\/strong><br><strong><a href=\"http:\/\/www.editorialdagon.es\/index.php\/autores\/francisco-ortiz\/\" data-type=\"page\" data-id=\"1134\">Francisco Ort\u00edz<\/a><\/strong><br><strong><a href=\"https:\/\/www.editorialdagon.es\/index.php\/autores\/jose-romero-garcia\/\" data-type=\"page\" data-id=\"1863\">Jos\u00e9 Romero Garcia<\/a><\/strong><br><a href=\"https:\/\/www.editorialdagon.es\/index.php\/autores\/jose-osuna-exposito\/\"><strong>Jos\u00e9 Osuna Exposito<\/strong><\/a><br><strong><a href=\"http:\/\/www.editorialdagon.es\/index.php\/autores\/mabel-collins\/\" data-type=\"page\" data-id=\"1138\">Mabel Collins<\/a><\/strong><br><strong><a href=\"http:\/\/www.editorialdagon.es\/index.php\/autores\/h-rider-haggard\/\" data-type=\"page\" data-id=\"1140\">Henry Rider Haggard<\/a><\/strong><br><strong><a href=\"http:\/\/www.editorialdagon.es\/index.php\/autores\/hiperborea\/\" data-type=\"page\" data-id=\"1142\">Hiperb\u00f3rea: J. Miguel Cuesta &amp; Jos\u00e9 Rubio<\/a><\/strong><br><strong><a href=\"https:\/\/www.editorialdagon.es\/index.php\/autores\/arthur-e-powell\/\" data-type=\"page\" data-id=\"2031\">Arthur E. Powell<\/a><\/strong><\/p>\n<\/div><\/div>\n\n\n\n<p class=\"has-black-color has-text-color has-medium-font-size\" style=\"font-style:normal;font-weight:400\"><\/p>\n\n\n\n<p><\/p>\n","protected":false},"excerpt":{"rendered":"<p>AUTORES H.P. BlavatskyMario Roso de LunaTorkom SaraydarianWilliam Q. JudgeH.S. OlcottJinarajadasaFrancisco de Montoliu (Nemo)Josefina Maynad\u00e9Daniel H. CaldwellMichel CoquetCarmelo R\u00edosMargarita LayFrancisco Ort\u00edzJos\u00e9 [&hellip;]<\/p>\n","protected":false},"author":1,"featured_media":2971,"parent":0,"menu_order":0,"comment_status":"closed","ping_status":"closed","template":"","meta":{"site-sidebar-layout":"default","site-content-layout":"","ast-site-content-layout":"default","site-content-style":"default","site-sidebar-style":"default","ast-global-header-display":"","ast-banner-title-visibility":"","ast-main-header-display":"","ast-hfb-above-header-display":"","ast-hfb-below-header-display":"","ast-hfb-mobile-header-display":"","site-post-title":"disabled","ast-breadcrumbs-content":"","ast-featured-img":"","footer-sml-layout":"","theme-transparent-header-meta":"","adv-header-id-meta":"","stick-header-meta":"","header-above-stick-meta":"","header-main-stick-meta":"","header-below-stick-meta":"","astra-migrate-meta-layouts":"default","ast-page-background-enabled":"default","ast-page-background-meta":{"desktop":{"background-color":"var(--ast-global-color-5)","background-image":"","background-repeat":"repeat","background-position":"center center","background-size":"auto","background-attachment":"scroll","background-type":"","background-media":"","overlay-type":"","overlay-color":"","overlay-opacity":"","overlay-gradient":""},"tablet":{"background-color":"","background-image":"","background-repeat":"repeat","background-position":"center center","background-size":"auto","background-attachment":"scroll","background-type":"","background-media":"","overlay-type":"","overlay-color":"","overlay-opacity":"","overlay-gradient":""},"mobile":{"background-color":"","background-image":"","background-repeat":"repeat","background-position":"center center","background-size":"auto","background-attachment":"scroll","background-type":"","background-media":"","overlay-type":"","overlay-color":"","overlay-opacity":"","overlay-gradient":""}},"ast-content-background-meta":{"desktop":{"background-color":"var(--ast-global-color-4)","background-image":"","background-repeat":"repeat","background-position":"center center","background-size":"auto","background-attachment":"scroll","background-type":"","background-media":"","overlay-type":"","overlay-color":"","overlay-opacity":"","overlay-gradient":""},"tablet":{"background-color":"var(--ast-global-color-4)","background-image":"","background-repeat":"repeat","background-position":"center center","background-size":"auto","background-attachment":"scroll","background-type":"","background-media":"","overlay-type":"","overlay-color":"","overlay-opacity":"","overlay-gradient":""},"mobile":{"background-color":"var(--ast-global-color-4)","background-image":"","background-repeat":"repeat","background-position":"center center","background-size":"auto","background-attachment":"scroll","background-type":"","background-media":"","overlay-type":"","overlay-color":"","overlay-opacity":"","overlay-gradient":""}},"footnotes":""},"class_list":["post-297","page","type-page","status-publish","has-post-thumbnail","hentry"],"_links":{"self":[{"href":"https:\/\/www.editorialdagon.es\/index.php\/wp-json\/wp\/v2\/pages\/297","targetHints":{"allow":["GET"]}}],"collection":[{"href":"https:\/\/www.editorialdagon.es\/index.php\/wp-json\/wp\/v2\/pages"}],"about":[{"href":"https:\/\/www.editorialdagon.es\/index.php\/wp-json\/wp\/v2\/types\/page"}],"author":[{"embeddable":true,"href":"https:\/\/www.editorialdagon.es\/index.php\/wp-json\/wp\/v2\/users\/1"}],"replies":[{"embeddable":true,"href":"https:\/\/www.editorialdagon.es\/index.php\/wp-json\/wp\/v2\/comments?post=297"}],"version-history":[{"count":41,"href":"https:\/\/www.editorialdagon.es\/index.php\/wp-json\/wp\/v2\/pages\/297\/revisions"}],"predecessor-version":[{"id":3652,"href":"https:\/\/www.editorialdagon.es\/index.php\/wp-json\/wp\/v2\/pages\/297\/revisions\/3652"}],"wp:featuredmedia":[{"embeddable":true,"href":"https:\/\/www.editorialdagon.es\/index.php\/wp-json\/wp\/v2\/media\/2971"}],"wp:attachment":[{"href":"https:\/\/www.editorialdagon.es\/index.php\/wp-json\/wp\/v2\/media?parent=297"}],"curies":[{"name":"wp","href":"https:\/\/api.w.org\/{rel}","templated":true}]}}