{"id":3251,"date":"2025-11-20T06:54:23","date_gmt":"2025-11-20T06:54:23","guid":{"rendered":"https:\/\/www.editorialdagon.es\/?page_id=3251"},"modified":"2026-04-25T10:51:28","modified_gmt":"2026-04-25T10:51:28","slug":"hiperborea-cuentos-de-magia-y-misterio-color","status":"publish","type":"page","link":"https:\/\/www.editorialdagon.es\/index.php\/obras\/hiperborea-cuentos-de-magia-y-misterio-color\/","title":{"rendered":"HIPERB\u00d3REA &#8211; Cuentos de Magia y Misterio"},"content":{"rendered":"\n<div class=\"wp-block-media-text is-stacked-on-mobile\" style=\"grid-template-columns:30% auto\"><figure class=\"wp-block-media-text__media\"><img loading=\"lazy\" decoding=\"async\" width=\"651\" height=\"1024\" src=\"https:\/\/www.editorialdagon.es\/wp-content\/uploads\/2025\/11\/Captura-de-pantalla-2025-11-07-a-las-7.20.41-1-651x1024.png\" alt=\"\" class=\"wp-image-3270 size-full\" srcset=\"https:\/\/www.editorialdagon.es\/wp-content\/uploads\/2025\/11\/Captura-de-pantalla-2025-11-07-a-las-7.20.41-1-651x1024.png 651w, https:\/\/www.editorialdagon.es\/wp-content\/uploads\/2025\/11\/Captura-de-pantalla-2025-11-07-a-las-7.20.41-1-191x300.png 191w, https:\/\/www.editorialdagon.es\/wp-content\/uploads\/2025\/11\/Captura-de-pantalla-2025-11-07-a-las-7.20.41-1-768x1207.png 768w, https:\/\/www.editorialdagon.es\/wp-content\/uploads\/2025\/11\/Captura-de-pantalla-2025-11-07-a-las-7.20.41-1-977x1536.png 977w, https:\/\/www.editorialdagon.es\/wp-content\/uploads\/2025\/11\/Captura-de-pantalla-2025-11-07-a-las-7.20.41-1-1303x2048.png 1303w, https:\/\/www.editorialdagon.es\/wp-content\/uploads\/2025\/11\/Captura-de-pantalla-2025-11-07-a-las-7.20.41-1-scaled.png 1628w\" sizes=\"auto, (max-width: 651px) 100vw, 651px\" \/><\/figure><div class=\"wp-block-media-text__content\">\n<p><strong><a href=\"http:\/\/www.editorialdagon.es\/index.php\/autores\/hiperborea\/\" data-type=\"page\" data-id=\"1142\">JOSE RUBIO Y JOS\u00c9 MIGUEL CUESTA<\/a><\/strong><br>A\u00f1o de edici\u00f3n: 2025<br>ISBN: 9788419540157<br>P\u00e1ginas: 78<br>Precio color: <strong>14\u00a0\u20ac<\/strong><br><a href=\"https:\/\/www.amazon.es\/dp\/B0G3CRG4T4?binding=kindle_edition&amp;qid=1763830265&amp;sr=1-4&amp;ref=dbs_dp_rwt_sb_bx_tkin\">Amazon Kindle<\/a><br>Puedes comprarlo en formato PDF. <a href=\"editor@editorialdagon.es\"><em>Contacta con el Editor<\/em><\/a><br>Fragmento: <strong><em><a href=\"https:\/\/1drv.ms\/b\/c\/df94474a8d8027f4\/ESNCS1kY3YpHhGJGftnb9JwBefMhpj-3LmjKSDuD4loALg?e=hWDuX8\">Tomo I<\/a><\/em><\/strong><br>Contacto: <a href=\"mailto:editor@editorialdagon.es\"><em>editor@editorialdagon.es<\/em><\/a><\/p>\n\n\n\n<p class=\"has-vivid-red-color has-text-color has-link-color wp-elements-25f39d191143ecdec7e92c286967c451\"><strong>NOTA<\/strong>: Puede conseguir una versi\u00f3n en color m\u00e1s econ\u00f3mica pidi\u00e9ndola directamente a la Editorial.<\/p>\n<\/div><\/div>\n\n\n\n<div class=\"wp-block-media-text has-media-on-the-right is-stacked-on-mobile\" style=\"grid-template-columns:auto 30%\"><div class=\"wp-block-media-text__content\">\n<p class=\"has-text-align-right\"><strong><a href=\"http:\/\/www.editorialdagon.es\/index.php\/autores\/hiperborea\/\" data-type=\"page\" data-id=\"1142\">JOSE RUBIO Y JOS\u00c9 MIGUEL CUESTA<\/a><\/strong><br>A\u00f1o de edici\u00f3n: 2025<br>ISBN: 9788419540201<br>P\u00e1ginas: 70<br>Precio color: <strong>14\u00a0\u20ac<\/strong><br><a href=\"https:\/\/www.amazon.es\/dp\/B0G3CRG4T4?binding=kindle_edition&amp;qid=1763830265&amp;sr=1-4&amp;ref=dbs_dp_rwt_sb_bx_tkin\">Amazon Kindle<\/a><br>Puedes comprarlo en formato PDF. <a href=\"editor@editorialdagon.es\"><em>Contacta con el Editor<\/em><\/a><br>Fragmento: <strong><em><a href=\"https:\/\/1drv.ms\/b\/c\/df94474a8d8027f4\/EcF0W0bFWnRIiBGvC064yuUBoEn6E93qTFIevvr27ygzWw?e=2VhSr0\">Tomo II<\/a><\/em><\/strong><br>Contacto: <a href=\"mailto:editor@editorialdagon.es\"><em>editor@editorialdagon.es<\/em><\/a><\/p>\n\n\n\n<p class=\"has-text-align-right has-vivid-red-color has-text-color has-link-color wp-elements-758b6bf068f64732138418c4b98de64b\"><strong>NOTA<\/strong>: Puede conseguir una versi\u00f3n en color m\u00e1s econ\u00f3ica pidi\u00e9ndola directamente a la Editorial.<\/p>\n<\/div><figure class=\"wp-block-media-text__media\"><img loading=\"lazy\" decoding=\"async\" width=\"650\" height=\"1024\" src=\"http:\/\/www.editorialdagon.es\/wp-content\/uploads\/2025\/11\/Captura-de-pantalla-2025-11-07-a-las-7.20.32-2-650x1024.png\" alt=\"\" class=\"wp-image-3261 size-full\" srcset=\"https:\/\/www.editorialdagon.es\/wp-content\/uploads\/2025\/11\/Captura-de-pantalla-2025-11-07-a-las-7.20.32-2-650x1024.png 650w, https:\/\/www.editorialdagon.es\/wp-content\/uploads\/2025\/11\/Captura-de-pantalla-2025-11-07-a-las-7.20.32-2-190x300.png 190w, https:\/\/www.editorialdagon.es\/wp-content\/uploads\/2025\/11\/Captura-de-pantalla-2025-11-07-a-las-7.20.32-2-768x1210.png 768w, https:\/\/www.editorialdagon.es\/wp-content\/uploads\/2025\/11\/Captura-de-pantalla-2025-11-07-a-las-7.20.32-2-975x1536.png 975w, https:\/\/www.editorialdagon.es\/wp-content\/uploads\/2025\/11\/Captura-de-pantalla-2025-11-07-a-las-7.20.32-2-1300x2048.png 1300w, https:\/\/www.editorialdagon.es\/wp-content\/uploads\/2025\/11\/Captura-de-pantalla-2025-11-07-a-las-7.20.32-2-scaled.png 1625w\" sizes=\"auto, (max-width: 650px) 100vw, 650px\" \/><\/figure><\/div>\n\n\n\n<div class=\"wp-block-media-text is-stacked-on-mobile\" style=\"grid-template-columns:30% auto\"><figure class=\"wp-block-media-text__media\"><img loading=\"lazy\" decoding=\"async\" width=\"654\" height=\"1024\" src=\"https:\/\/www.editorialdagon.es\/wp-content\/uploads\/2025\/11\/Captura-de-pantalla-2025-11-07-a-las-7.20.38-1-654x1024.png\" alt=\"\" class=\"wp-image-3271 size-full\" srcset=\"https:\/\/www.editorialdagon.es\/wp-content\/uploads\/2025\/11\/Captura-de-pantalla-2025-11-07-a-las-7.20.38-1-654x1024.png 654w, https:\/\/www.editorialdagon.es\/wp-content\/uploads\/2025\/11\/Captura-de-pantalla-2025-11-07-a-las-7.20.38-1-192x300.png 192w, https:\/\/www.editorialdagon.es\/wp-content\/uploads\/2025\/11\/Captura-de-pantalla-2025-11-07-a-las-7.20.38-1-768x1202.png 768w, https:\/\/www.editorialdagon.es\/wp-content\/uploads\/2025\/11\/Captura-de-pantalla-2025-11-07-a-las-7.20.38-1-982x1536.png 982w, https:\/\/www.editorialdagon.es\/wp-content\/uploads\/2025\/11\/Captura-de-pantalla-2025-11-07-a-las-7.20.38-1-1309x2048.png 1309w, https:\/\/www.editorialdagon.es\/wp-content\/uploads\/2025\/11\/Captura-de-pantalla-2025-11-07-a-las-7.20.38-1-scaled.png 1636w\" sizes=\"auto, (max-width: 654px) 100vw, 654px\" \/><\/figure><div class=\"wp-block-media-text__content\">\n<p><strong><a href=\"http:\/\/www.editorialdagon.es\/index.php\/autores\/hiperborea\/\" data-type=\"page\" data-id=\"1142\">JOSE RUBIO Y JOS\u00c9 MIGUEL CUESTA<\/a><\/strong><br>A\u00f1o de edici\u00f3n: 2025<br>ISBN: 9788419540195<br>P\u00e1ginas: 72<br>Precio color: <strong>14\u00a0\u20ac<\/strong><br><a href=\"https:\/\/www.amazon.es\/dp\/B0G3CRG4T4?binding=kindle_edition&amp;qid=1763830265&amp;sr=1-4&amp;ref=dbs_dp_rwt_sb_bx_tkin\">Amazon Kindle<\/a><br>Puedes comprarlo en formato PDF. <a href=\"editor@editorialdagon.es\"><em>Contacta con el Editor<\/em><\/a><br>Fragmento:<em><strong><a href=\"https:\/\/1drv.ms\/b\/c\/df94474a8d8027f4\/EcV1zH60AsVEu9PufbYC5Q0BPaRcwu-9g9HNtZ_tKHF-Cg?e=U4UZb8\"><em>Tomo II<\/em>I<\/a><\/strong><\/em><br>Contacto: <a href=\"mailto:editor@editorialdagon.es\"><em>editor@editorialdagon.es<\/em><\/a><\/p>\n\n\n\n<p class=\"has-vivid-red-color has-text-color has-link-color wp-elements-25f39d191143ecdec7e92c286967c451\"><strong>NOTA<\/strong>: Puede conseguir una versi\u00f3n en color m\u00e1s econ\u00f3mica pidi\u00e9ndola directamente a la Editorial.<\/p>\n<\/div><\/div>\n\n\n\n<div class=\"wp-block-media-text has-media-on-the-right is-stacked-on-mobile\" style=\"grid-template-columns:auto 30%\"><div class=\"wp-block-media-text__content\">\n<p class=\"has-text-align-right\"><strong><a href=\"http:\/\/www.editorialdagon.es\/index.php\/autores\/hiperborea\/\" data-type=\"page\" data-id=\"1142\">JOSE RUBIO Y JOS\u00c9 MIGUEL CUESTA<\/a><\/strong><br>A\u00f1o de edici\u00f3n: 2025<br>ISBN: 9788419540249<br>P\u00e1ginas: 64<br>Precio color: <strong><strong>14\u00a0\u20ac<\/strong><\/strong><br><a href=\"https:\/\/www.amazon.es\/dp\/B0G3CRG4T4?binding=kindle_edition&amp;qid=1763830265&amp;sr=1-4&amp;ref=dbs_dp_rwt_sb_bx_tkin\">Amazon Kindle<\/a><br>Puedes comprarlo en formato PDF. <a href=\"editor@editorialdagon.es\"><em>Contacta con el Editor<\/em><\/a><br>Fragmento: <strong><em><a href=\"https:\/\/1drv.ms\/b\/c\/df94474a8d8027f4\/EVUW5LGJhyFKtSkA7sONJwUBMbfuYvDUOvt-BrKmXhtgtQ?e=4CoTSd\">Tomo IV<\/a><\/em><\/strong><br>Contacto: <a href=\"mailto:editor@editorialdagon.es\"><em>editor@editorialdagon.es<\/em><\/a><\/p>\n\n\n\n<p class=\"has-text-align-right has-vivid-red-color has-text-color has-link-color wp-elements-43dde015025fe813deede1bead9bca0c\"><strong>NOTA<\/strong>: Puede conseguir una versi\u00f3n en color m\u00e1s econ\u00f3mica pidi\u00e9ndola directamente a la Editorial.<\/p>\n<\/div><figure class=\"wp-block-media-text__media\"><img loading=\"lazy\" decoding=\"async\" width=\"652\" height=\"1024\" src=\"http:\/\/www.editorialdagon.es\/wp-content\/uploads\/2025\/11\/Captura-de-pantalla-2025-11-07-a-las-7.20.40-652x1024.png\" alt=\"\" class=\"wp-image-3267 size-full\" srcset=\"https:\/\/www.editorialdagon.es\/wp-content\/uploads\/2025\/11\/Captura-de-pantalla-2025-11-07-a-las-7.20.40-652x1024.png 652w, https:\/\/www.editorialdagon.es\/wp-content\/uploads\/2025\/11\/Captura-de-pantalla-2025-11-07-a-las-7.20.40-191x300.png 191w, https:\/\/www.editorialdagon.es\/wp-content\/uploads\/2025\/11\/Captura-de-pantalla-2025-11-07-a-las-7.20.40-768x1206.png 768w, https:\/\/www.editorialdagon.es\/wp-content\/uploads\/2025\/11\/Captura-de-pantalla-2025-11-07-a-las-7.20.40-978x1536.png 978w, https:\/\/www.editorialdagon.es\/wp-content\/uploads\/2025\/11\/Captura-de-pantalla-2025-11-07-a-las-7.20.40-1304x2048.png 1304w, https:\/\/www.editorialdagon.es\/wp-content\/uploads\/2025\/11\/Captura-de-pantalla-2025-11-07-a-las-7.20.40-scaled.png 1630w\" sizes=\"auto, (max-width: 652px) 100vw, 652px\" \/><\/figure><\/div>\n\n\n\n<p class=\"has-vivid-red-color has-text-color has-link-color wp-elements-c9365267f914bd71ea50e5e539e3962b\"><\/p>\n\n\n\n<div class=\"wp-block-media-text is-stacked-on-mobile\" style=\"grid-template-columns:30% auto\"><figure class=\"wp-block-media-text__media\"><img loading=\"lazy\" decoding=\"async\" width=\"654\" height=\"1024\" src=\"http:\/\/www.editorialdagon.es\/wp-content\/uploads\/2025\/11\/Captura-de-pantalla-2025-11-07-a-las-7.20.34-654x1024.png\" alt=\"\" class=\"wp-image-3264 size-full\" srcset=\"https:\/\/www.editorialdagon.es\/wp-content\/uploads\/2025\/11\/Captura-de-pantalla-2025-11-07-a-las-7.20.34-654x1024.png 654w, https:\/\/www.editorialdagon.es\/wp-content\/uploads\/2025\/11\/Captura-de-pantalla-2025-11-07-a-las-7.20.34-192x300.png 192w, https:\/\/www.editorialdagon.es\/wp-content\/uploads\/2025\/11\/Captura-de-pantalla-2025-11-07-a-las-7.20.34-768x1203.png 768w, https:\/\/www.editorialdagon.es\/wp-content\/uploads\/2025\/11\/Captura-de-pantalla-2025-11-07-a-las-7.20.34-981x1536.png 981w, https:\/\/www.editorialdagon.es\/wp-content\/uploads\/2025\/11\/Captura-de-pantalla-2025-11-07-a-las-7.20.34-1307x2048.png 1307w, https:\/\/www.editorialdagon.es\/wp-content\/uploads\/2025\/11\/Captura-de-pantalla-2025-11-07-a-las-7.20.34-scaled.png 1634w\" sizes=\"auto, (max-width: 654px) 100vw, 654px\" \/><\/figure><div class=\"wp-block-media-text__content\">\n<p><strong><a href=\"http:\/\/www.editorialdagon.es\/index.php\/autores\/hiperborea\/\" data-type=\"page\" data-id=\"1142\">JOSE RUBIO Y JOS\u00c9 MIGUEL CUESTA<\/a><\/strong><br>A\u00f1o de edici\u00f3n: 2025<br>ISBN: 9788419540218<br>P\u00e1ginas: 70<br>Precio color: <strong><strong>14\u00a0\u20ac<\/strong><\/strong><br><a href=\"https:\/\/www.amazon.es\/dp\/B0G3CRG4T4?binding=kindle_edition&amp;qid=1763830265&amp;sr=1-4&amp;ref=dbs_dp_rwt_sb_bx_tkin\">Amazon Kindle<\/a><br>Puedes comprarlo en formato PDF. <a href=\"editor@editorialdagon.es\"><em>Contacta con el Editor<\/em><\/a><br>Fragmento:<em><strong><em><a href=\"https:\/\/1drv.ms\/b\/c\/df94474a8d8027f4\/ESxeVadMDldEjt_Kw7_s0XUBm-PA2ii3mTej0LUxOv3T3g?e=OH7bvP\">Tomo V<\/a><\/em><\/strong><\/em><br>Contacto: <a href=\"mailto:editor@editorialdagon.es\"><em>editor@editorialdagon.es<\/em><\/a><\/p>\n\n\n\n<p class=\"has-vivid-red-color has-text-color has-link-color wp-elements-25f39d191143ecdec7e92c286967c451\"><strong>NOTA<\/strong>: Puede conseguir una versi\u00f3n en color m\u00e1s econ\u00f3mica pidi\u00e9ndola directamente a la Editorial.<\/p>\n<\/div><\/div>\n\n\n\n<div class=\"wp-block-media-text has-media-on-the-right is-stacked-on-mobile\" style=\"grid-template-columns:auto 30%\"><div class=\"wp-block-media-text__content\">\n<p class=\"has-text-align-right\"><strong><a href=\"http:\/\/www.editorialdagon.es\/index.php\/autores\/hiperborea\/\" data-type=\"page\" data-id=\"1142\">JOSE RUBIO Y JOS\u00c9 MIGUEL CUESTA<\/a><\/strong><br>A\u00f1o de edici\u00f3n: 2025<br>ISBN: 9788419540171<br>P\u00e1ginas: 62<br>Precio color: <strong><strong>14\u00a0\u20ac<\/strong><\/strong><br><a href=\"https:\/\/www.amazon.es\/dp\/B0G3CRG4T4?binding=kindle_edition&amp;qid=1763830265&amp;sr=1-4&amp;ref=dbs_dp_rwt_sb_bx_tkin\">Amazon Kindle<\/a><br>Puedes comprarlo en formato PDF. <a href=\"editor@editorialdagon.es\"><em>Contacta con el Editor<\/em><\/a><br>Fragmento: <em><strong><em><a href=\"https:\/\/1drv.ms\/b\/c\/df94474a8d8027f4\/EbG6-VyN3ypLr4Aou8J5fhgBuw_iWp8zTV_TfR08QNSS2Q?e=6uRqwS\">Tomo VI<\/a><\/em><\/strong><\/em><br>Contacto: <a href=\"mailto:editor@editorialdagon.es\"><em>editor@editorialdagon.es<\/em><\/a><\/p>\n\n\n\n<p class=\"has-text-align-right has-vivid-red-color has-text-color has-link-color wp-elements-63e30ce6e26cce61884b25dcd892043a\"><strong>NOTA<\/strong>: Puede conseguir una versi\u00f3n en color m\u00e1s econ\u00f3mica pidi\u00e9ndola directamente a la Editorial.<\/p>\n<\/div><figure class=\"wp-block-media-text__media\"><img loading=\"lazy\" decoding=\"async\" width=\"651\" height=\"1024\" src=\"http:\/\/www.editorialdagon.es\/wp-content\/uploads\/2025\/11\/Captura-de-pantalla-2025-11-07-a-las-7.20.36-651x1024.png\" alt=\"\" class=\"wp-image-3265 size-full\" srcset=\"https:\/\/www.editorialdagon.es\/wp-content\/uploads\/2025\/11\/Captura-de-pantalla-2025-11-07-a-las-7.20.36-651x1024.png 651w, https:\/\/www.editorialdagon.es\/wp-content\/uploads\/2025\/11\/Captura-de-pantalla-2025-11-07-a-las-7.20.36-191x300.png 191w, https:\/\/www.editorialdagon.es\/wp-content\/uploads\/2025\/11\/Captura-de-pantalla-2025-11-07-a-las-7.20.36-768x1207.png 768w, https:\/\/www.editorialdagon.es\/wp-content\/uploads\/2025\/11\/Captura-de-pantalla-2025-11-07-a-las-7.20.36-977x1536.png 977w, https:\/\/www.editorialdagon.es\/wp-content\/uploads\/2025\/11\/Captura-de-pantalla-2025-11-07-a-las-7.20.36-1303x2048.png 1303w, https:\/\/www.editorialdagon.es\/wp-content\/uploads\/2025\/11\/Captura-de-pantalla-2025-11-07-a-las-7.20.36-scaled.png 1629w\" sizes=\"auto, (max-width: 651px) 100vw, 651px\" \/><\/figure><\/div>\n\n\n\n<div class=\"wp-block-media-text is-stacked-on-mobile\" style=\"grid-template-columns:30% auto\"><figure class=\"wp-block-media-text__media\"><img loading=\"lazy\" decoding=\"async\" width=\"649\" height=\"1024\" src=\"http:\/\/www.editorialdagon.es\/wp-content\/uploads\/2025\/11\/Captura-de-pantalla-2025-11-07-a-las-7.57.17-649x1024.png\" alt=\"\" class=\"wp-image-3269 size-full\" srcset=\"https:\/\/www.editorialdagon.es\/wp-content\/uploads\/2025\/11\/Captura-de-pantalla-2025-11-07-a-las-7.57.17-649x1024.png 649w, https:\/\/www.editorialdagon.es\/wp-content\/uploads\/2025\/11\/Captura-de-pantalla-2025-11-07-a-las-7.57.17-190x300.png 190w, https:\/\/www.editorialdagon.es\/wp-content\/uploads\/2025\/11\/Captura-de-pantalla-2025-11-07-a-las-7.57.17-768x1212.png 768w, https:\/\/www.editorialdagon.es\/wp-content\/uploads\/2025\/11\/Captura-de-pantalla-2025-11-07-a-las-7.57.17-973x1536.png 973w, https:\/\/www.editorialdagon.es\/wp-content\/uploads\/2025\/11\/Captura-de-pantalla-2025-11-07-a-las-7.57.17-1298x2048.png 1298w, https:\/\/www.editorialdagon.es\/wp-content\/uploads\/2025\/11\/Captura-de-pantalla-2025-11-07-a-las-7.57.17-scaled.png 1622w\" sizes=\"auto, (max-width: 649px) 100vw, 649px\" \/><\/figure><div class=\"wp-block-media-text__content\">\n<p><strong><a href=\"http:\/\/www.editorialdagon.es\/index.php\/autores\/hiperborea\/\" data-type=\"page\" data-id=\"1142\">JOSE RUBIO Y JOS\u00c9 MIGUEL CUESTA<\/a><\/strong><br>A\u00f1o de edici\u00f3n: 2025<br>ISBN: 9788419540188<br>P\u00e1ginas: 74<br>Precio color: <strong><strong>14\u00a0\u20ac<\/strong><\/strong><br><a href=\"https:\/\/www.amazon.es\/dp\/B0G3CRG4T4?binding=kindle_edition&amp;qid=1763830265&amp;sr=1-4&amp;ref=dbs_dp_rwt_sb_bx_tkin\">Amazon Kindle<\/a><br>Puedes comprarlo en formato PDF. <a href=\"editor@editorialdagon.es\"><em>Contacta con el Editor<\/em><\/a><br>Fragmento: <strong><em><a href=\"https:\/\/1drv.ms\/b\/c\/df94474a8d8027f4\/EQ-Sg87F48JCjC-WAq27kh4BcrEsz0bY9_s3J0cU2sXCyg?e=48u54V\">Tomo VII<\/a><\/em><\/strong><br>Contacto: <a href=\"mailto:editor@editorialdagon.es\"><em>editor@editorialdagon.es<\/em><\/a><\/p>\n\n\n\n<p class=\"has-vivid-red-color has-text-color has-link-color wp-elements-25f39d191143ecdec7e92c286967c451\"><strong>NOTA<\/strong>: Puede conseguir una versi\u00f3n en color m\u00e1s econ\u00f3mica pidi\u00e9ndola directamente a la Editorial.<\/p>\n<\/div><\/div>\n\n\n\n<p class=\"has-medium-font-size\"><strong>SINOPSIS<\/strong><br><strong>CUENTOS DE MAGIA Y MISTERIO EXTRAIDOS DE LA BIBLIOTECA DE LAS MARAVILLAS<br><\/strong>Este conjunto de relatos al que llamamos la Biblioteca de las Maravillas, naci\u00f3 por la necesitad o, mejor dicho, por la exigencia de nuestros hijos reclamando su ancestral derecho a escuchar cuentos.&nbsp;<br>Al calor de esa obligaci\u00f3n paterna nacieron numerosas historias, muy distintas entre s\u00ed, pero todas llenas de magia, misterio, suspense y aventuras. En unas viajamos a civilizaciones perdidas, como Egipto, Persia, Yucat\u00e1n, China, o m\u00e1s cercanas, como la misma Espa\u00f1a; en otras recorremos el Sistema Solar subidos en barcos voladores, o conocemos a los asombrosos Hiperb\u00f3reos, que vienen del Sol; descubriremos el mundo de los sue\u00f1os, de los mitos n\u00f3rdicos, bibliotecas olvidadas, seres llegados del espacio, libros prohibidos, soldados de plomo con alma, hechiceros cherokee y mucho, mucho m\u00e1s.<br>Cada relato es diferente del anterior y del siguiente, pero todos son m\u00e1gicos, todos tienen, adem\u00e1s, alguna ense\u00f1anza, porque todos pertenecen a la milenaria Biblioteca de las Maravillas, cuna del m\u00e1s alto conocimiento, como fue la de Alejandr\u00eda.<br>Esperamos que alguno de estos cortos relatos sean la llave que abre la puerta al maravilloso mundo de los Sue\u00f1os.<\/p>\n\n\n\n<p class=\"has-medium-font-size\"><strong>BOOKTRAILER<\/strong><\/p>\n\n\n\n<figure class=\"wp-block-embed is-type-video is-provider-youtube wp-block-embed-youtube wp-embed-aspect-16-9 wp-has-aspect-ratio\"><div class=\"wp-block-embed__wrapper\">\n<div class=\"ast-oembed-container \" style=\"height: 100%;\"><iframe loading=\"lazy\" title=\"Book Trailer - Cuentos Magia y Misterio para ni\u00f1os de la Biblioteca de las Maravillas\" width=\"500\" height=\"281\" src=\"https:\/\/www.youtube.com\/embed\/rPl5TnW7aCk?feature=oembed\" frameborder=\"0\" allow=\"accelerometer; autoplay; clipboard-write; encrypted-media; gyroscope; picture-in-picture; web-share\" referrerpolicy=\"strict-origin-when-cross-origin\" allowfullscreen><\/iframe><\/div>\n<\/div><\/figure>\n","protected":false},"excerpt":{"rendered":"<p>JOSE RUBIO Y JOS\u00c9 MIGUEL CUESTAA\u00f1o de edici\u00f3n: 2025ISBN: 9788419540157P\u00e1ginas: 78Precio color: 14\u00a0\u20acAmazon KindlePuedes comprarlo en formato PDF. Contacta con [&hellip;]<\/p>\n","protected":false},"author":1,"featured_media":0,"parent":291,"menu_order":0,"comment_status":"closed","ping_status":"closed","template":"","meta":{"site-sidebar-layout":"default","site-content-layout":"","ast-site-content-layout":"default","site-content-style":"default","site-sidebar-style":"default","ast-global-header-display":"","ast-banner-title-visibility":"","ast-main-header-display":"","ast-hfb-above-header-display":"","ast-hfb-below-header-display":"","ast-hfb-mobile-header-display":"","site-post-title":"","ast-breadcrumbs-content":"","ast-featured-img":"","footer-sml-layout":"","theme-transparent-header-meta":"","adv-header-id-meta":"","stick-header-meta":"","header-above-stick-meta":"","header-main-stick-meta":"","header-below-stick-meta":"","astra-migrate-meta-layouts":"default","ast-page-background-enabled":"default","ast-page-background-meta":{"desktop":{"background-color":"var(--ast-global-color-5)","background-image":"","background-repeat":"repeat","background-position":"center center","background-size":"auto","background-attachment":"scroll","background-type":"","background-media":"","overlay-type":"","overlay-color":"","overlay-opacity":"","overlay-gradient":""},"tablet":{"background-color":"","background-image":"","background-repeat":"repeat","background-position":"center center","background-size":"auto","background-attachment":"scroll","background-type":"","background-media":"","overlay-type":"","overlay-color":"","overlay-opacity":"","overlay-gradient":""},"mobile":{"background-color":"","background-image":"","background-repeat":"repeat","background-position":"center center","background-size":"auto","background-attachment":"scroll","background-type":"","background-media":"","overlay-type":"","overlay-color":"","overlay-opacity":"","overlay-gradient":""}},"ast-content-background-meta":{"desktop":{"background-color":"var(--ast-global-color-4)","background-image":"","background-repeat":"repeat","background-position":"center center","background-size":"auto","background-attachment":"scroll","background-type":"","background-media":"","overlay-type":"","overlay-color":"","overlay-opacity":"","overlay-gradient":""},"tablet":{"background-color":"var(--ast-global-color-4)","background-image":"","background-repeat":"repeat","background-position":"center center","background-size":"auto","background-attachment":"scroll","background-type":"","background-media":"","overlay-type":"","overlay-color":"","overlay-opacity":"","overlay-gradient":""},"mobile":{"background-color":"var(--ast-global-color-4)","background-image":"","background-repeat":"repeat","background-position":"center center","background-size":"auto","background-attachment":"scroll","background-type":"","background-media":"","overlay-type":"","overlay-color":"","overlay-opacity":"","overlay-gradient":""}},"footnotes":""},"class_list":["post-3251","page","type-page","status-publish","hentry"],"_links":{"self":[{"href":"https:\/\/www.editorialdagon.es\/index.php\/wp-json\/wp\/v2\/pages\/3251","targetHints":{"allow":["GET"]}}],"collection":[{"href":"https:\/\/www.editorialdagon.es\/index.php\/wp-json\/wp\/v2\/pages"}],"about":[{"href":"https:\/\/www.editorialdagon.es\/index.php\/wp-json\/wp\/v2\/types\/page"}],"author":[{"embeddable":true,"href":"https:\/\/www.editorialdagon.es\/index.php\/wp-json\/wp\/v2\/users\/1"}],"replies":[{"embeddable":true,"href":"https:\/\/www.editorialdagon.es\/index.php\/wp-json\/wp\/v2\/comments?post=3251"}],"version-history":[{"count":34,"href":"https:\/\/www.editorialdagon.es\/index.php\/wp-json\/wp\/v2\/pages\/3251\/revisions"}],"predecessor-version":[{"id":3874,"href":"https:\/\/www.editorialdagon.es\/index.php\/wp-json\/wp\/v2\/pages\/3251\/revisions\/3874"}],"up":[{"embeddable":true,"href":"https:\/\/www.editorialdagon.es\/index.php\/wp-json\/wp\/v2\/pages\/291"}],"wp:attachment":[{"href":"https:\/\/www.editorialdagon.es\/index.php\/wp-json\/wp\/v2\/media?parent=3251"}],"curies":[{"name":"wp","href":"https:\/\/api.w.org\/{rel}","templated":true}]}}