{"id":3448,"date":"2025-12-27T10:42:29","date_gmt":"2025-12-27T10:42:29","guid":{"rendered":"https:\/\/www.editorialdagon.es\/?page_id=3448"},"modified":"2026-03-18T12:40:55","modified_gmt":"2026-03-18T12:40:55","slug":"margarita-lay-negocio-con-alma","status":"publish","type":"page","link":"https:\/\/www.editorialdagon.es\/index.php\/obras\/margarita-lay-negocio-con-alma\/","title":{"rendered":"MARGARITA LAY &#8211; NEGOCIO CON ALMA"},"content":{"rendered":"\n<div class=\"wp-block-media-text is-stacked-on-mobile\" style=\"grid-template-columns:30% auto\"><figure class=\"wp-block-media-text__media\"><img loading=\"lazy\" decoding=\"async\" width=\"649\" height=\"1024\" src=\"https:\/\/www.editorialdagon.es\/wp-content\/uploads\/2025\/12\/Portada-Negocio-con-Alma-2-649x1024.jpg\" alt=\"\" class=\"wp-image-3469 size-full\" srcset=\"https:\/\/www.editorialdagon.es\/wp-content\/uploads\/2025\/12\/Portada-Negocio-con-Alma-2-649x1024.jpg 649w, https:\/\/www.editorialdagon.es\/wp-content\/uploads\/2025\/12\/Portada-Negocio-con-Alma-2-190x300.jpg 190w, https:\/\/www.editorialdagon.es\/wp-content\/uploads\/2025\/12\/Portada-Negocio-con-Alma-2-768x1212.jpg 768w, https:\/\/www.editorialdagon.es\/wp-content\/uploads\/2025\/12\/Portada-Negocio-con-Alma-2-973x1536.jpg 973w, https:\/\/www.editorialdagon.es\/wp-content\/uploads\/2025\/12\/Portada-Negocio-con-Alma-2-1297x2048.jpg 1297w, https:\/\/www.editorialdagon.es\/wp-content\/uploads\/2025\/12\/Portada-Negocio-con-Alma-2-scaled.jpg 1622w\" sizes=\"auto, (max-width: 649px) 100vw, 649px\" \/><\/figure><div class=\"wp-block-media-text__content\">\n<p><strong><a href=\"http:\/\/www.editorialdagon.es\/index.php\/autores\/margarita-lay\/\" data-type=\"page\" data-id=\"1128\">MARGARITA LAY ALZAMORA<\/a><\/strong><br>A\u00f1o de edici\u00f3n:\u00a02025<br>ISBN: 979-13-88109-89-8<br>P\u00e1ginas: 168<br>Precio: <strong>17\u00a0\u20ac<\/strong><br>Puedes comprarlo en formato PDF. <a href=\"editor@editorialdagon.es\"><em>Contacta con el Editor<\/em><\/a><br><strong>Amazon versi\u00f3n Kindle: 7 \u20ac<\/strong><br>Fragmento: <em><a href=\"https:\/\/1drv.ms\/b\/c\/df94474a8d8027f4\/IQAR_k-e_Y8LSYetohCLyZExAQSGpyj4zgN41Oy-fw5_U9U?e=EfqRqU\">Negocio con Alma<\/a><\/em><br>Contacto:\u00a0<a href=\"mailto:editor@editorialdagon.es\"><em>editor@editorialdagon.es<\/em><\/a><\/p>\n<\/div><\/div>\n\n\n\n<p><strong>SINOPSIS<\/strong><\/p>\n\n\n\n<p> \u00bfTienes un llamado interior y sue\u00f1as con vivir de tu prop\u00f3sito a trav\u00e9s de un negocio orientado espiritualmente? \u00a1Entonces este libro es para ti! \u00abNegocio con Alma\u00bb es una completa gu\u00eda pr\u00e1ctica para construir un emprendimiento exitoso en el mundo de la espiritualidad, el bienestar, y el desarrollo personal y de conciencia. Con gran cantidad de informaci\u00f3n adaptada a tu vocaci\u00f3n de contribuir con el crecimiento integral de quienes te rodean, tendr\u00e1s toda la orientaci\u00f3n que necesitas para transitar el sendero de tu actividad comercial y profesional, incluyendo numerosas sugerencias y meditaciones orientadas a promover la energ\u00eda de tu negocio.<br>Descubre:<br>\u2022 C\u00f3mo empezar tu proyecto desde cero con claridad y prop\u00f3sito<br>\u2022 Qu\u00e9 necesita tu negocio para consolidarse y crecer con impacto<br>\u2022 Las condiciones espirituales internas que sostienen un verdadero servicio consciente<br>\u2022 Herramientas para alinear tu vocaci\u00f3n con tu abundancia<br>\u2022 \u00a1Y mucho m\u00e1s!<br>Este no es solo un libro\u2026<br>Es un mapa para crear un negocio con alma y conciencia, que transformar\u00e1 tu vida y la de los dem\u00e1s.<\/p>\n\n\n\n<p><strong>BOOK TRAILER:<\/strong><\/p>\n\n\n\n<figure class=\"wp-block-embed is-type-video is-provider-youtube wp-block-embed-youtube wp-embed-aspect-16-9 wp-has-aspect-ratio\"><div class=\"wp-block-embed__wrapper\">\n<div class=\"ast-oembed-container \" style=\"height: 100%;\"><iframe loading=\"lazy\" title=\"Book Trailer Margarita Lay - Negocio con Alma\" width=\"500\" height=\"281\" src=\"https:\/\/www.youtube.com\/embed\/usMS2dJp4ho?feature=oembed\" frameborder=\"0\" allow=\"accelerometer; autoplay; clipboard-write; encrypted-media; gyroscope; picture-in-picture; web-share\" referrerpolicy=\"strict-origin-when-cross-origin\" allowfullscreen><\/iframe><\/div>\n<\/div><\/figure>\n","protected":false},"excerpt":{"rendered":"<p>MARGARITA LAY ALZAMORAA\u00f1o de edici\u00f3n:\u00a02025ISBN: 979-13-88109-89-8P\u00e1ginas: 168Precio: 17\u00a0\u20acPuedes comprarlo en formato PDF. Contacta con el EditorAmazon versi\u00f3n Kindle: 7 \u20acFragmento: [&hellip;]<\/p>\n","protected":false},"author":1,"featured_media":0,"parent":291,"menu_order":0,"comment_status":"closed","ping_status":"closed","template":"","meta":{"site-sidebar-layout":"default","site-content-layout":"","ast-site-content-layout":"default","site-content-style":"default","site-sidebar-style":"default","ast-global-header-display":"","ast-banner-title-visibility":"","ast-main-header-display":"","ast-hfb-above-header-display":"","ast-hfb-below-header-display":"","ast-hfb-mobile-header-display":"","site-post-title":"","ast-breadcrumbs-content":"","ast-featured-img":"","footer-sml-layout":"","theme-transparent-header-meta":"","adv-header-id-meta":"","stick-header-meta":"","header-above-stick-meta":"","header-main-stick-meta":"","header-below-stick-meta":"","astra-migrate-meta-layouts":"default","ast-page-background-enabled":"default","ast-page-background-meta":{"desktop":{"background-color":"var(--ast-global-color-5)","background-image":"","background-repeat":"repeat","background-position":"center center","background-size":"auto","background-attachment":"scroll","background-type":"","background-media":"","overlay-type":"","overlay-color":"","overlay-opacity":"","overlay-gradient":""},"tablet":{"background-color":"","background-image":"","background-repeat":"repeat","background-position":"center center","background-size":"auto","background-attachment":"scroll","background-type":"","background-media":"","overlay-type":"","overlay-color":"","overlay-opacity":"","overlay-gradient":""},"mobile":{"background-color":"","background-image":"","background-repeat":"repeat","background-position":"center center","background-size":"auto","background-attachment":"scroll","background-type":"","background-media":"","overlay-type":"","overlay-color":"","overlay-opacity":"","overlay-gradient":""}},"ast-content-background-meta":{"desktop":{"background-color":"var(--ast-global-color-4)","background-image":"","background-repeat":"repeat","background-position":"center center","background-size":"auto","background-attachment":"scroll","background-type":"","background-media":"","overlay-type":"","overlay-color":"","overlay-opacity":"","overlay-gradient":""},"tablet":{"background-color":"var(--ast-global-color-4)","background-image":"","background-repeat":"repeat","background-position":"center center","background-size":"auto","background-attachment":"scroll","background-type":"","background-media":"","overlay-type":"","overlay-color":"","overlay-opacity":"","overlay-gradient":""},"mobile":{"background-color":"var(--ast-global-color-4)","background-image":"","background-repeat":"repeat","background-position":"center center","background-size":"auto","background-attachment":"scroll","background-type":"","background-media":"","overlay-type":"","overlay-color":"","overlay-opacity":"","overlay-gradient":""}},"footnotes":""},"class_list":["post-3448","page","type-page","status-publish","hentry"],"_links":{"self":[{"href":"https:\/\/www.editorialdagon.es\/index.php\/wp-json\/wp\/v2\/pages\/3448","targetHints":{"allow":["GET"]}}],"collection":[{"href":"https:\/\/www.editorialdagon.es\/index.php\/wp-json\/wp\/v2\/pages"}],"about":[{"href":"https:\/\/www.editorialdagon.es\/index.php\/wp-json\/wp\/v2\/types\/page"}],"author":[{"embeddable":true,"href":"https:\/\/www.editorialdagon.es\/index.php\/wp-json\/wp\/v2\/users\/1"}],"replies":[{"embeddable":true,"href":"https:\/\/www.editorialdagon.es\/index.php\/wp-json\/wp\/v2\/comments?post=3448"}],"version-history":[{"count":6,"href":"https:\/\/www.editorialdagon.es\/index.php\/wp-json\/wp\/v2\/pages\/3448\/revisions"}],"predecessor-version":[{"id":3681,"href":"https:\/\/www.editorialdagon.es\/index.php\/wp-json\/wp\/v2\/pages\/3448\/revisions\/3681"}],"up":[{"embeddable":true,"href":"https:\/\/www.editorialdagon.es\/index.php\/wp-json\/wp\/v2\/pages\/291"}],"wp:attachment":[{"href":"https:\/\/www.editorialdagon.es\/index.php\/wp-json\/wp\/v2\/media?parent=3448"}],"curies":[{"name":"wp","href":"https:\/\/api.w.org\/{rel}","templated":true}]}}