{"id":3450,"date":"2025-12-11T04:18:40","date_gmt":"2025-12-11T04:18:40","guid":{"rendered":"https:\/\/www.editorialdagon.es\/?page_id=3450"},"modified":"2026-03-18T12:39:40","modified_gmt":"2026-03-18T12:39:40","slug":"margarita-lay-etapas-del-alma","status":"publish","type":"page","link":"https:\/\/www.editorialdagon.es\/index.php\/obras\/margarita-lay-etapas-del-alma\/","title":{"rendered":"MARGARITA LAY &#8211; ETAPAS DEL ALMA"},"content":{"rendered":"\n<div class=\"wp-block-media-text is-stacked-on-mobile\" style=\"grid-template-columns:30% auto\"><figure class=\"wp-block-media-text__media\"><img loading=\"lazy\" decoding=\"async\" width=\"647\" height=\"1024\" src=\"https:\/\/www.editorialdagon.es\/wp-content\/uploads\/2025\/12\/Portada-Etapas-del-Alma-647x1024.jpg\" alt=\"\" class=\"wp-image-3463 size-full\" srcset=\"https:\/\/www.editorialdagon.es\/wp-content\/uploads\/2025\/12\/Portada-Etapas-del-Alma-647x1024.jpg 647w, https:\/\/www.editorialdagon.es\/wp-content\/uploads\/2025\/12\/Portada-Etapas-del-Alma-190x300.jpg 190w, https:\/\/www.editorialdagon.es\/wp-content\/uploads\/2025\/12\/Portada-Etapas-del-Alma-768x1215.jpg 768w, https:\/\/www.editorialdagon.es\/wp-content\/uploads\/2025\/12\/Portada-Etapas-del-Alma-971x1536.jpg 971w, https:\/\/www.editorialdagon.es\/wp-content\/uploads\/2025\/12\/Portada-Etapas-del-Alma-1295x2048.jpg 1295w, https:\/\/www.editorialdagon.es\/wp-content\/uploads\/2025\/12\/Portada-Etapas-del-Alma-scaled.jpg 1619w\" sizes=\"auto, (max-width: 647px) 100vw, 647px\" \/><\/figure><div class=\"wp-block-media-text__content\">\n<p><strong><a href=\"http:\/\/www.editorialdagon.es\/index.php\/autores\/margarita-lay\/\" data-type=\"page\" data-id=\"1128\">MARGARITA LAY ALZAMORA<\/a><\/strong><br>A\u00f1o de edici\u00f3n:\u00a02025<br>ISBN: 979-13-88109-90-4<br>P\u00e1ginas: 210<br>Precio: <strong>17\u00a0\u20ac<\/strong><br>Puedes comprarlo en formato PDF. <a href=\"editor@editorialdagon.es\"><em>Contacta con el Editor<\/em><\/a><br><strong>Amazon versi\u00f3n Kindle: 7 \u20ac<\/strong><br>Fragmento:<em><a href=\"https:\/\/1drv.ms\/b\/c\/df94474a8d8027f4\/IQCfGBLuJVKQTJJaSIwJipP1Aa3PH7hGIkoEkZcEHctXx70?e=FcMTGr\">Etapas del Alma<\/a><\/em><br>Contacto:\u00a0<a href=\"mailto:editor@editorialdagon.es\"><em>editor@editorialdagon.es<\/em><\/a><\/p>\n<\/div><\/div>\n\n\n\n<p><strong>SINOPSIS<\/strong><\/p>\n\n\n\n<p>\u00bfCu\u00e1les son los ciclos de vida, en cu\u00e1l te encuentras y c\u00f3mo puedes aprovecharlo?<br>Descubre c\u00f3mo cada etapa de tu vida puede convertirse en una poderosa oportunidad de transformaci\u00f3n.<br>Este detallado an\u00e1lisis te gu\u00eda a trav\u00e9s de los distintos ciclos de vida que atraviesa el alma, desde una mirada esot\u00e9rica, espiritual y astrol\u00f3gica, revelando el sentido profundo detr\u00e1s de cada experiencia vital.<br>\u00bfCu\u00e1les son las etapas evolutivas, los ciclos planetarios, los septenarios, las trinidades arquet\u00edpicas, y muchos otros ciclos de crecimiento personal? A trav\u00e9s de explicaciones claras, ejercicios pr\u00e1cticos, sugerencias, meditaciones aplicativas y actividades pr\u00e1cticas aprender\u00e1s a reconocer en qu\u00e9 momento de tu viaje interior te encuentras, c\u00f3mo aprovechar su energ\u00eda para crecer, sanar y despertar tu conciencia, c\u00f3mo identifi car los ciclos y apoyar tambi\u00e9n a los m\u00e1s j\u00f3venes.<br>Este es un tratado ideal para quienes buscan comprender su prop\u00f3sito, trabajar etapas personales de crecimiento y alinear su vida con la sabidur\u00eda del alma.<br>\u00a1Transforma cada desaf\u00edo en una puerta hacia tu evoluci\u00f3n espiritual! \u00a1Comienza a recorrer tu camino con mayor claridad, equilibrio y conexi\u00f3n interior!<\/p>\n\n\n\n<p><strong>BOOK TRAILER<\/strong>:<\/p>\n\n\n\n<figure class=\"wp-block-embed is-type-video is-provider-youtube wp-block-embed-youtube wp-embed-aspect-16-9 wp-has-aspect-ratio\"><div class=\"wp-block-embed__wrapper\">\n<div class=\"ast-oembed-container \" style=\"height: 100%;\"><iframe loading=\"lazy\" title=\"Book Trailer Margarita Etapas del Alma\" width=\"500\" height=\"281\" src=\"https:\/\/www.youtube.com\/embed\/RGXqhGHqqOg?feature=oembed\" frameborder=\"0\" allow=\"accelerometer; autoplay; clipboard-write; encrypted-media; gyroscope; picture-in-picture; web-share\" referrerpolicy=\"strict-origin-when-cross-origin\" allowfullscreen><\/iframe><\/div>\n<\/div><\/figure>\n","protected":false},"excerpt":{"rendered":"<p>MARGARITA LAY ALZAMORAA\u00f1o de edici\u00f3n:\u00a02025ISBN: 979-13-88109-90-4P\u00e1ginas: 210Precio: 17\u00a0\u20acPuedes comprarlo en formato PDF. Contacta con el EditorAmazon versi\u00f3n Kindle: 7 \u20acFragmento:Etapas [&hellip;]<\/p>\n","protected":false},"author":1,"featured_media":0,"parent":291,"menu_order":0,"comment_status":"closed","ping_status":"closed","template":"","meta":{"site-sidebar-layout":"default","site-content-layout":"","ast-site-content-layout":"default","site-content-style":"default","site-sidebar-style":"default","ast-global-header-display":"","ast-banner-title-visibility":"","ast-main-header-display":"","ast-hfb-above-header-display":"","ast-hfb-below-header-display":"","ast-hfb-mobile-header-display":"","site-post-title":"","ast-breadcrumbs-content":"","ast-featured-img":"","footer-sml-layout":"","theme-transparent-header-meta":"","adv-header-id-meta":"","stick-header-meta":"","header-above-stick-meta":"","header-main-stick-meta":"","header-below-stick-meta":"","astra-migrate-meta-layouts":"default","ast-page-background-enabled":"default","ast-page-background-meta":{"desktop":{"background-color":"var(--ast-global-color-5)","background-image":"","background-repeat":"repeat","background-position":"center center","background-size":"auto","background-attachment":"scroll","background-type":"","background-media":"","overlay-type":"","overlay-color":"","overlay-opacity":"","overlay-gradient":""},"tablet":{"background-color":"","background-image":"","background-repeat":"repeat","background-position":"center center","background-size":"auto","background-attachment":"scroll","background-type":"","background-media":"","overlay-type":"","overlay-color":"","overlay-opacity":"","overlay-gradient":""},"mobile":{"background-color":"","background-image":"","background-repeat":"repeat","background-position":"center center","background-size":"auto","background-attachment":"scroll","background-type":"","background-media":"","overlay-type":"","overlay-color":"","overlay-opacity":"","overlay-gradient":""}},"ast-content-background-meta":{"desktop":{"background-color":"var(--ast-global-color-4)","background-image":"","background-repeat":"repeat","background-position":"center center","background-size":"auto","background-attachment":"scroll","background-type":"","background-media":"","overlay-type":"","overlay-color":"","overlay-opacity":"","overlay-gradient":""},"tablet":{"background-color":"var(--ast-global-color-4)","background-image":"","background-repeat":"repeat","background-position":"center center","background-size":"auto","background-attachment":"scroll","background-type":"","background-media":"","overlay-type":"","overlay-color":"","overlay-opacity":"","overlay-gradient":""},"mobile":{"background-color":"var(--ast-global-color-4)","background-image":"","background-repeat":"repeat","background-position":"center center","background-size":"auto","background-attachment":"scroll","background-type":"","background-media":"","overlay-type":"","overlay-color":"","overlay-opacity":"","overlay-gradient":""}},"footnotes":""},"class_list":["post-3450","page","type-page","status-publish","hentry"],"_links":{"self":[{"href":"https:\/\/www.editorialdagon.es\/index.php\/wp-json\/wp\/v2\/pages\/3450","targetHints":{"allow":["GET"]}}],"collection":[{"href":"https:\/\/www.editorialdagon.es\/index.php\/wp-json\/wp\/v2\/pages"}],"about":[{"href":"https:\/\/www.editorialdagon.es\/index.php\/wp-json\/wp\/v2\/types\/page"}],"author":[{"embeddable":true,"href":"https:\/\/www.editorialdagon.es\/index.php\/wp-json\/wp\/v2\/users\/1"}],"replies":[{"embeddable":true,"href":"https:\/\/www.editorialdagon.es\/index.php\/wp-json\/wp\/v2\/comments?post=3450"}],"version-history":[{"count":7,"href":"https:\/\/www.editorialdagon.es\/index.php\/wp-json\/wp\/v2\/pages\/3450\/revisions"}],"predecessor-version":[{"id":3679,"href":"https:\/\/www.editorialdagon.es\/index.php\/wp-json\/wp\/v2\/pages\/3450\/revisions\/3679"}],"up":[{"embeddable":true,"href":"https:\/\/www.editorialdagon.es\/index.php\/wp-json\/wp\/v2\/pages\/291"}],"wp:attachment":[{"href":"https:\/\/www.editorialdagon.es\/index.php\/wp-json\/wp\/v2\/media?parent=3450"}],"curies":[{"name":"wp","href":"https:\/\/api.w.org\/{rel}","templated":true}]}}