{"id":3456,"date":"2025-12-26T19:24:02","date_gmt":"2025-12-26T19:24:02","guid":{"rendered":"https:\/\/www.editorialdagon.es\/?page_id=3456"},"modified":"2026-04-25T11:24:58","modified_gmt":"2026-04-25T11:24:58","slug":"arthur-e-powell-el-cuerpo-causal","status":"publish","type":"page","link":"https:\/\/www.editorialdagon.es\/index.php\/obras\/arthur-e-powell-el-cuerpo-causal\/","title":{"rendered":"ARTHUR E. POWELL &#8211; El Cuerpo CAUSAL"},"content":{"rendered":"\n<div class=\"wp-block-media-text is-stacked-on-mobile\" style=\"grid-template-columns:30% auto\"><figure class=\"wp-block-media-text__media\"><img loading=\"lazy\" decoding=\"async\" width=\"650\" height=\"1024\" src=\"https:\/\/www.editorialdagon.es\/wp-content\/uploads\/2025\/12\/Portada-Cuerpo-Causal-650x1024.jpg\" alt=\"\" class=\"wp-image-3458 size-full\" srcset=\"https:\/\/www.editorialdagon.es\/wp-content\/uploads\/2025\/12\/Portada-Cuerpo-Causal-650x1024.jpg 650w, https:\/\/www.editorialdagon.es\/wp-content\/uploads\/2025\/12\/Portada-Cuerpo-Causal-190x300.jpg 190w, https:\/\/www.editorialdagon.es\/wp-content\/uploads\/2025\/12\/Portada-Cuerpo-Causal-768x1210.jpg 768w, https:\/\/www.editorialdagon.es\/wp-content\/uploads\/2025\/12\/Portada-Cuerpo-Causal-975x1536.jpg 975w, https:\/\/www.editorialdagon.es\/wp-content\/uploads\/2025\/12\/Portada-Cuerpo-Causal-1300x2048.jpg 1300w, https:\/\/www.editorialdagon.es\/wp-content\/uploads\/2025\/12\/Portada-Cuerpo-Causal-scaled.jpg 1625w\" sizes=\"auto, (max-width: 650px) 100vw, 650px\" \/><\/figure><div class=\"wp-block-media-text__content\">\n<p><a href=\"https:\/\/www.editorialdagon.es\/index.php\/autores\/arthur-e-powell\/\" data-type=\"page\" data-id=\"2031\"><strong>ARTHUR E. POWELL<\/strong><\/a><br>A\u00f1o de edici\u00f3n:\u00a02025<br>ISBN: \u00a09788419540867<br>P\u00e1ginas: 450<br>Precio B&amp;N: <strong>23 \u20ac<\/strong><br>Precio color: <strong>27 \u20ac<\/strong><br>Puedes comprarlo en formato PDF. <a href=\"editor@editorialdagon.es\"><em>Contacta con el Editor<\/em><\/a><br>Fragmento: <a href=\"https:\/\/1drv.ms\/b\/c\/df94474a8d8027f4\/IQDNY6lx0FbmQ5U_-bHImF1NAYiGKOOrLXcdjcQtX0YGWSk?e=IwFmaM\"><em>El Cuerpo Causal y el Ego<\/em><\/a><br>Contacto: <a href=\"mailto:editor@editorialdagon.es\"><em>editor@editorialdagon.es<\/em><\/a><br><\/p>\n\n\n\n<p class=\"has-vivid-red-color has-text-color has-link-color wp-elements-e1255c199876a9a3879d3eb0080b1455\"><strong>NOTA<\/strong>: la versi\u00f3n b\u00e1sica que se vende en diversos lugares no tiene im\u00e1genes en color. Pero puede conseguir una versi\u00f3n en color pidi\u00e9ndola directamente a la Editorial.<\/p>\n<\/div><\/div>\n\n\n\n<p><strong>SINOPSIS<\/strong><br>Hoy en d\u00eda hay una gran cantidad de informaci\u00f3n sobre Teosof\u00eda y temas similares, pero en su mayor parte est\u00e1 dispersa en un gran n\u00famero de libros. El prop\u00f3sito de esta Edici\u00f3n, por lo tanto, es poner a disposici\u00f3n del estudiante (cuyo tiempo para el estudio intensivo es limitado) una s\u00edntesis lo m\u00e1s completa posible.&nbsp;<br>El autor (Arthur E. Powell) compil\u00f3 met\u00f3dicamente la informaci\u00f3n obtenida de m\u00e1s de 70 libros de te\u00f3sofos eminentes (una lista de los cuales se da en cada volumen), organizando el material, extremadamente complejo, que cubre un vasto campo del Mundo Visible e Invisible.&nbsp;<br>Nuestra intenci\u00f3n es que, por este medio, los estudiantes actuales y futuros se ahorren mucho trabajo e investigaci\u00f3n, siendo capaces, no solo de encontrar la informaci\u00f3n que necesitan presentada en una gu\u00eda relativamente breve, sino tambi\u00e9n, con la ayuda de referencias bibliogr\u00e1ficas en los p\u00e1rrafos, referirse, si as\u00ed lo desean, a las fuentes originales de la informaci\u00f3n.&nbsp;<br>\u00ab<em>El estudio adecuado de la humanidad es el hombre<\/em>\u00bb, y el tema es tan vasto, tan absorbente e importante, que se debe hacer lo posible para hacer accesible \u2013a los que tienen sed de Conocimiento\u2013 de toda la informaci\u00f3n que se ha acumulado durante decenios.<\/p>\n\n\n\n<p><\/p>\n","protected":false},"excerpt":{"rendered":"<p>ARTHUR E. POWELLA\u00f1o de edici\u00f3n:\u00a02025ISBN: \u00a09788419540867P\u00e1ginas: 450Precio B&amp;N: 23 \u20acPrecio color: 27 \u20acPuedes comprarlo en formato PDF. Contacta con el [&hellip;]<\/p>\n","protected":false},"author":1,"featured_media":0,"parent":291,"menu_order":0,"comment_status":"closed","ping_status":"closed","template":"","meta":{"site-sidebar-layout":"default","site-content-layout":"","ast-site-content-layout":"default","site-content-style":"default","site-sidebar-style":"default","ast-global-header-display":"","ast-banner-title-visibility":"","ast-main-header-display":"","ast-hfb-above-header-display":"","ast-hfb-below-header-display":"","ast-hfb-mobile-header-display":"","site-post-title":"disabled","ast-breadcrumbs-content":"","ast-featured-img":"","footer-sml-layout":"","theme-transparent-header-meta":"","adv-header-id-meta":"","stick-header-meta":"","header-above-stick-meta":"","header-main-stick-meta":"","header-below-stick-meta":"","astra-migrate-meta-layouts":"default","ast-page-background-enabled":"default","ast-page-background-meta":{"desktop":{"background-color":"var(--ast-global-color-5)","background-image":"","background-repeat":"repeat","background-position":"center center","background-size":"auto","background-attachment":"scroll","background-type":"","background-media":"","overlay-type":"","overlay-color":"","overlay-opacity":"","overlay-gradient":""},"tablet":{"background-color":"","background-image":"","background-repeat":"repeat","background-position":"center center","background-size":"auto","background-attachment":"scroll","background-type":"","background-media":"","overlay-type":"","overlay-color":"","overlay-opacity":"","overlay-gradient":""},"mobile":{"background-color":"","background-image":"","background-repeat":"repeat","background-position":"center center","background-size":"auto","background-attachment":"scroll","background-type":"","background-media":"","overlay-type":"","overlay-color":"","overlay-opacity":"","overlay-gradient":""}},"ast-content-background-meta":{"desktop":{"background-color":"var(--ast-global-color-4)","background-image":"","background-repeat":"repeat","background-position":"center center","background-size":"auto","background-attachment":"scroll","background-type":"","background-media":"","overlay-type":"","overlay-color":"","overlay-opacity":"","overlay-gradient":""},"tablet":{"background-color":"var(--ast-global-color-4)","background-image":"","background-repeat":"repeat","background-position":"center center","background-size":"auto","background-attachment":"scroll","background-type":"","background-media":"","overlay-type":"","overlay-color":"","overlay-opacity":"","overlay-gradient":""},"mobile":{"background-color":"var(--ast-global-color-4)","background-image":"","background-repeat":"repeat","background-position":"center center","background-size":"auto","background-attachment":"scroll","background-type":"","background-media":"","overlay-type":"","overlay-color":"","overlay-opacity":"","overlay-gradient":""}},"footnotes":""},"class_list":["post-3456","page","type-page","status-publish","hentry"],"_links":{"self":[{"href":"https:\/\/www.editorialdagon.es\/index.php\/wp-json\/wp\/v2\/pages\/3456","targetHints":{"allow":["GET"]}}],"collection":[{"href":"https:\/\/www.editorialdagon.es\/index.php\/wp-json\/wp\/v2\/pages"}],"about":[{"href":"https:\/\/www.editorialdagon.es\/index.php\/wp-json\/wp\/v2\/types\/page"}],"author":[{"embeddable":true,"href":"https:\/\/www.editorialdagon.es\/index.php\/wp-json\/wp\/v2\/users\/1"}],"replies":[{"embeddable":true,"href":"https:\/\/www.editorialdagon.es\/index.php\/wp-json\/wp\/v2\/comments?post=3456"}],"version-history":[{"count":9,"href":"https:\/\/www.editorialdagon.es\/index.php\/wp-json\/wp\/v2\/pages\/3456\/revisions"}],"predecessor-version":[{"id":3907,"href":"https:\/\/www.editorialdagon.es\/index.php\/wp-json\/wp\/v2\/pages\/3456\/revisions\/3907"}],"up":[{"embeddable":true,"href":"https:\/\/www.editorialdagon.es\/index.php\/wp-json\/wp\/v2\/pages\/291"}],"wp:attachment":[{"href":"https:\/\/www.editorialdagon.es\/index.php\/wp-json\/wp\/v2\/media?parent=3456"}],"curies":[{"name":"wp","href":"https:\/\/api.w.org\/{rel}","templated":true}]}}