{"id":3622,"date":"2026-01-17T11:46:36","date_gmt":"2026-01-17T11:46:36","guid":{"rendered":"https:\/\/www.editorialdagon.es\/?page_id=3622"},"modified":"2026-04-01T07:23:15","modified_gmt":"2026-04-01T07:23:15","slug":"3622-2","status":"publish","type":"page","link":"https:\/\/www.editorialdagon.es\/index.php\/obras\/3622-2\/","title":{"rendered":"JOS\u00c9 OSUNA &#8211; MORIR DOS VECES"},"content":{"rendered":"\n<h1 class=\"wp-block-heading\"><br>JOS\u00c9 OSUNA &#8211; MORIR DOS VECES<\/h1>\n\n\n\n<div class=\"wp-block-media-text is-stacked-on-mobile\"><figure class=\"wp-block-media-text__media\"><img loading=\"lazy\" decoding=\"async\" width=\"559\" height=\"885\" src=\"https:\/\/www.editorialdagon.es\/wp-content\/uploads\/2026\/01\/Portadas-libros.-Osuna.png\" alt=\"\" class=\"wp-image-3653 size-full\" srcset=\"https:\/\/www.editorialdagon.es\/wp-content\/uploads\/2026\/01\/Portadas-libros.-Osuna.png 559w, https:\/\/www.editorialdagon.es\/wp-content\/uploads\/2026\/01\/Portadas-libros.-Osuna-189x300.png 189w\" sizes=\"auto, (max-width: 559px) 100vw, 559px\" \/><\/figure><div class=\"wp-block-media-text__content\">\n<p class=\"has-black-color has-text-color has-link-color wp-elements-0e00e1302521ff071037940543dc6a63\"><strong><a href=\"https:\/\/www.editorialdagon.es\/index.php\/jose-osuna-exposito\/\">JOS\u00c9 OSUNA EXP\u00d3SITO<\/a><\/strong><br>A\u00f1o de edici\u00f3n:\u00a02026<br>ISBN: 979-13-88109-82-9<br>P\u00e1ginas: 76<br>Precio: <strong>\u00a012 \u20ac<\/strong><br>Puedes comprarlo en formato PDF. <a href=\"editor@editorialdagon.es\"><em>Contacta con el Editor<\/em><\/a><br><a href=\"https:\/\/www.amazon.es\/Viaje-Inici\u00e1tico-Carmelo-R\u00edos-Ferrer-ebook\/dp\/B0F5N75S2K\/ref=sr_1_14?dib=eyJ2IjoiMSJ9.4m2-yG5S9COCmZH6kUsZgM1_7YMPPak140JcOcF80nXJ5fuEZ_z0fTZ04HKQOSZsNvBYN_-uxwFvfIdXO09I7tgw8FNJJCpCkm9wyirXSJpHf6mGUPZ_-jPpQV455HUTxCcIUj9HUdBaWOz-MBpBX9m5YJnY2c7Y9-Wshhz13wQjDqHSYHxAcBYI3P2fGTj_PJzDZW7MlNPeeLWyETOSAaPXFVxCLNxU6OhVSeVNJ7U.9QrD4THmgotZ7fRduriXPDxeBNRP1goDF7lSElnzLgI&amp;dib_tag=se&amp;qid=1755318340&amp;refinements=p_27%3AJose+Rubio+Sanchez&amp;s=digital-text&amp;sr=1-14&amp;text=Jose+Rubio+Sanchez\">Amazon versi\u00f3n Kindle:<\/a> <em><a href=\"https:\/\/www.amazon.es\/Morir-dos-veces-Renacer-Luz-ebook\/dp\/B0GPD79ZWM\/ref=vo_sr_l_dp_bo_ff?__mk_es_ES=\u00c5M\u00c5\u017d\u00d5\u00d1&amp;crid=1V2XBMOBNFGAH&amp;dib=eyJ2IjoiMSJ9.ci-76fRYfx22ipFftgx9f2wGuw_HMcSpV0YEUCv9eNE.eAIXe3KPASGhrnCWCLwjKWMv6x9I9XVwXBQdKESXP-Y&amp;dib_tag=se&amp;keywords=jose+osuna+morir+dos+veces&amp;qid=1774983723&amp;sprefix=jose+osuna+morir+dos+veces%2Caps%2C177&amp;sr=8-1\">Morir dos veces<\/a><\/em><br>Amazon papel: <em><a href=\"https:\/\/www.amazon.es\/dp\/B0GVJV45BZ\/ref=tmm_pap_swatch_0?_encoding=UTF8&amp;dib_tag=se&amp;dib=eyJ2IjoiMSJ9.ci-76fRYfx22ipFftgx9f2wGuw_HMcSpV0YEUCv9eNE.eAIXe3KPASGhrnCWCLwjKWMv6x9I9XVwXBQdKESXP-Y&amp;qid=1774983723&amp;sr=8-1\">Morir dos veces<\/a><\/em><br>Fragmento: <em><a href=\"https:\/\/1drv.ms\/b\/c\/df94474a8d8027f4\/IQDt30cc48hzQI-80OWsDX0GAenfLP4BeiclS0M3dv2goqQ?e=Ckhv1s\">Morir dos veces<\/a><\/em><br>Contacto: <a href=\"mailto:editor@editorialdagon.es\"><em>editor@editorialdagon.es<\/em><\/a><\/p>\n<\/div><\/div>\n\n\n\n<p id=\"block-da6531a6-cfc6-4155-b4f7-a4bdcea68e21\"><strong>SINOPSIS<\/strong><br>Morir dos veces. Renacer en la Luz es un testimonio profundo y po\u00e9tico sobre la experiencia de atravesar la muerte y regresar transformado. Tras dos muertes s\u00fabitas, Jos\u00e9 Osuna narra un viaje \u00edntimo a trav\u00e9s de los cuatro planos de la existencia \u2013Cuerpo, Mente, Alma y Esp\u00edritu\u2013 explorando c\u00f3mo cada uno se quiebra, se reordena y renace ante el contacto con lo esencial.<br>El libro no busca explicar la muerte desde la teor\u00eda ni desde el milagro, sino habitarla como umbral de conciencia. A trav\u00e9s de prosa reflexiva, poemas e interludios simb\u00f3licos, el autor comparte la ca\u00edda del cuerpo, la desorientaci\u00f3n de la mente, el recuerdo del alma y el llamado del esp\u00edritu, mostrando que morir no es el final, sino una forma radical de recordar qui\u00e9nes somos.<br>La obra culmina con una cartograf\u00eda espiritual basada en los Avataras \u2013figuras universales de transformaci\u00f3n\u2013 que act\u00faan como espejos interiores del proceso humano de renacimiento. Lejos de dogmas, Morir dos veces es una invitaci\u00f3n a mirar la vida con presencia, humildad y profundidad, y a comprender que vivir plenamente implica abrazar tanto la luz como la sombra.<br>Un libro para quienes han tocado el l\u00edmite, para quienes acompa\u00f1an procesos de duelo y despertar, y para quienes intuyen que, tras la muerte \u2013f\u00edsica o simb\u00f3lica\u2013, comienza una vida m\u00e1s consciente.<\/p>\n\n\n\n<p id=\"block-665d2406-ca00-4b3d-88df-60cd9fe5f286\"><strong>BOOK TRAILER<\/strong><\/p>\n\n\n\n<figure class=\"wp-block-embed is-type-video is-provider-youtube wp-block-embed-youtube wp-embed-aspect-16-9 wp-has-aspect-ratio\"><div class=\"wp-block-embed__wrapper\">\n<div class=\"ast-oembed-container \" style=\"height: 100%;\"><iframe loading=\"lazy\" title=\"Book Trailer Osuna - Morir dos veces. Renacer en la Luz\" width=\"500\" height=\"281\" src=\"https:\/\/www.youtube.com\/embed\/YvFqvlZzDbA?feature=oembed\" frameborder=\"0\" allow=\"accelerometer; autoplay; clipboard-write; encrypted-media; gyroscope; picture-in-picture; web-share\" referrerpolicy=\"strict-origin-when-cross-origin\" allowfullscreen><\/iframe><\/div>\n<\/div><\/figure>\n\n\n\n<p><strong>ENTREVISTA AL AUTOR<\/strong><\/p>\n\n\n\n<figure class=\"wp-block-embed is-type-video is-provider-youtube wp-block-embed-youtube wp-embed-aspect-16-9 wp-has-aspect-ratio\"><div class=\"wp-block-embed__wrapper\">\n<div class=\"ast-oembed-container \" style=\"height: 100%;\"><iframe loading=\"lazy\" title=\"Entrevista Jose\u0301 Osuna - Morir dos  veces. Renacer en la Luz\" width=\"500\" height=\"281\" src=\"https:\/\/www.youtube.com\/embed\/HW_uGZ3rF8M?feature=oembed\" frameborder=\"0\" allow=\"accelerometer; autoplay; clipboard-write; encrypted-media; gyroscope; picture-in-picture; web-share\" referrerpolicy=\"strict-origin-when-cross-origin\" allowfullscreen><\/iframe><\/div>\n<\/div><\/figure>\n","protected":false},"excerpt":{"rendered":"<p>JOS\u00c9 OSUNA &#8211; MORIR DOS VECES JOS\u00c9 OSUNA EXP\u00d3SITOA\u00f1o de edici\u00f3n:\u00a02026ISBN: 979-13-88109-82-9P\u00e1ginas: 76Precio: \u00a012 \u20acPuedes comprarlo en formato PDF. Contacta [&hellip;]<\/p>\n","protected":false},"author":1,"featured_media":0,"parent":291,"menu_order":0,"comment_status":"closed","ping_status":"closed","template":"","meta":{"site-sidebar-layout":"default","site-content-layout":"","ast-site-content-layout":"default","site-content-style":"default","site-sidebar-style":"default","ast-global-header-display":"","ast-banner-title-visibility":"","ast-main-header-display":"","ast-hfb-above-header-display":"","ast-hfb-below-header-display":"","ast-hfb-mobile-header-display":"","site-post-title":"disabled","ast-breadcrumbs-content":"","ast-featured-img":"","footer-sml-layout":"","theme-transparent-header-meta":"","adv-header-id-meta":"","stick-header-meta":"","header-above-stick-meta":"","header-main-stick-meta":"","header-below-stick-meta":"","astra-migrate-meta-layouts":"default","ast-page-background-enabled":"default","ast-page-background-meta":{"desktop":{"background-color":"var(--ast-global-color-5)","background-image":"","background-repeat":"repeat","background-position":"center center","background-size":"auto","background-attachment":"scroll","background-type":"","background-media":"","overlay-type":"","overlay-color":"","overlay-opacity":"","overlay-gradient":""},"tablet":{"background-color":"","background-image":"","background-repeat":"repeat","background-position":"center center","background-size":"auto","background-attachment":"scroll","background-type":"","background-media":"","overlay-type":"","overlay-color":"","overlay-opacity":"","overlay-gradient":""},"mobile":{"background-color":"","background-image":"","background-repeat":"repeat","background-position":"center center","background-size":"auto","background-attachment":"scroll","background-type":"","background-media":"","overlay-type":"","overlay-color":"","overlay-opacity":"","overlay-gradient":""}},"ast-content-background-meta":{"desktop":{"background-color":"var(--ast-global-color-4)","background-image":"","background-repeat":"repeat","background-position":"center center","background-size":"auto","background-attachment":"scroll","background-type":"","background-media":"","overlay-type":"","overlay-color":"","overlay-opacity":"","overlay-gradient":""},"tablet":{"background-color":"var(--ast-global-color-4)","background-image":"","background-repeat":"repeat","background-position":"center center","background-size":"auto","background-attachment":"scroll","background-type":"","background-media":"","overlay-type":"","overlay-color":"","overlay-opacity":"","overlay-gradient":""},"mobile":{"background-color":"var(--ast-global-color-4)","background-image":"","background-repeat":"repeat","background-position":"center center","background-size":"auto","background-attachment":"scroll","background-type":"","background-media":"","overlay-type":"","overlay-color":"","overlay-opacity":"","overlay-gradient":""}},"footnotes":""},"class_list":["post-3622","page","type-page","status-publish","hentry"],"_links":{"self":[{"href":"https:\/\/www.editorialdagon.es\/index.php\/wp-json\/wp\/v2\/pages\/3622","targetHints":{"allow":["GET"]}}],"collection":[{"href":"https:\/\/www.editorialdagon.es\/index.php\/wp-json\/wp\/v2\/pages"}],"about":[{"href":"https:\/\/www.editorialdagon.es\/index.php\/wp-json\/wp\/v2\/types\/page"}],"author":[{"embeddable":true,"href":"https:\/\/www.editorialdagon.es\/index.php\/wp-json\/wp\/v2\/users\/1"}],"replies":[{"embeddable":true,"href":"https:\/\/www.editorialdagon.es\/index.php\/wp-json\/wp\/v2\/comments?post=3622"}],"version-history":[{"count":14,"href":"https:\/\/www.editorialdagon.es\/index.php\/wp-json\/wp\/v2\/pages\/3622\/revisions"}],"predecessor-version":[{"id":3820,"href":"https:\/\/www.editorialdagon.es\/index.php\/wp-json\/wp\/v2\/pages\/3622\/revisions\/3820"}],"up":[{"embeddable":true,"href":"https:\/\/www.editorialdagon.es\/index.php\/wp-json\/wp\/v2\/pages\/291"}],"wp:attachment":[{"href":"https:\/\/www.editorialdagon.es\/index.php\/wp-json\/wp\/v2\/media?parent=3622"}],"curies":[{"name":"wp","href":"https:\/\/api.w.org\/{rel}","templated":true}]}}