{"id":3630,"date":"2026-01-17T12:02:57","date_gmt":"2026-01-17T12:02:57","guid":{"rendered":"https:\/\/www.editorialdagon.es\/?page_id=3630"},"modified":"2026-01-17T17:04:05","modified_gmt":"2026-01-17T17:04:05","slug":"jose-osuna-exposito","status":"publish","type":"page","link":"https:\/\/www.editorialdagon.es\/index.php\/autores\/jose-osuna-exposito\/","title":{"rendered":"Jos\u00e9 Osuna Exp\u00f3sito"},"content":{"rendered":"\n<div class=\"wp-block-media-text is-stacked-on-mobile\" style=\"grid-template-columns:25% auto\"><figure class=\"wp-block-media-text__media\"><img loading=\"lazy\" decoding=\"async\" width=\"418\" height=\"1024\" src=\"https:\/\/www.editorialdagon.es\/wp-content\/uploads\/2026\/01\/Jose-Osuna-418x1024.jpg\" alt=\"\" class=\"wp-image-3632 size-full\" srcset=\"https:\/\/www.editorialdagon.es\/wp-content\/uploads\/2026\/01\/Jose-Osuna-418x1024.jpg 418w, https:\/\/www.editorialdagon.es\/wp-content\/uploads\/2026\/01\/Jose-Osuna-122x300.jpg 122w, https:\/\/www.editorialdagon.es\/wp-content\/uploads\/2026\/01\/Jose-Osuna-768x1884.jpg 768w, https:\/\/www.editorialdagon.es\/wp-content\/uploads\/2026\/01\/Jose-Osuna.jpg 780w\" sizes=\"auto, (max-width: 418px) 100vw, 418px\" \/><\/figure><div class=\"wp-block-media-text__content\">\n<p>Jos\u00e9 Osuna Exp\u00f3sito es especialista en neurociencia y neurofisiolog\u00eda cl\u00ednica, educador y acompa\u00f1ante de procesos de transformaci\u00f3n profunda.\u00a0<br>Su trabajo nace del cruce entre la ciencia, la educaci\u00f3n consciente y la vivencia espiritual, entendiendo al ser humano como una unidad de cuerpo, mente, emoci\u00f3n y alma.<br>Tras a\u00f1os de experiencia en salud mental, prevenci\u00f3n y formaci\u00f3n en contextos educativos, y despu\u00e9s de atravesar vivencias personales l\u00edmite que marcaron un antes y un despu\u00e9s en su vida, Jos\u00e9 inicia un camino de integraci\u00f3n entre conocimiento y conciencia.\u00a0<br>De ese tr\u00e1nsito surge una mirada educativa y terap\u00e9utica basada en la presencia, el respeto y el acompa\u00f1amiento real.<br>Coautor de Educando entre Padres, desarrolla proyectos orientados a familias, educadores y personas en b\u00fasqueda, donde la neurociencia se convierte en un lenguaje para comprender el dolor, el v\u00ednculo, la infancia y el renacimiento interior.\u00a0<br>Su prop\u00f3sito es claro: ayudar a recordar que vivir plenamente implica abrazar tanto la luz como la sombra.<\/p>\n<\/div><\/div>\n\n\n\n<p><strong>CENTRO QUANTUM BIOCARE:<br><\/strong><a href=\"https:\/\/www.quantumtechbiocare.com\">https:\/\/www.quantumtechbiocare.com<\/a><br>Mail: <em><a href=\"quantumtechbiocare@gmail.com\">Centro Quantum<\/a><\/em><\/p>\n\n\n\n<p><\/p>\n","protected":false},"excerpt":{"rendered":"<p>Jos\u00e9 Osuna Exp\u00f3sito es especialista en neurociencia y neurofisiolog\u00eda cl\u00ednica, educador y acompa\u00f1ante de procesos de transformaci\u00f3n profunda.\u00a0Su trabajo nace [&hellip;]<\/p>\n","protected":false},"author":1,"featured_media":0,"parent":297,"menu_order":0,"comment_status":"closed","ping_status":"closed","template":"","meta":{"site-sidebar-layout":"default","site-content-layout":"","ast-site-content-layout":"default","site-content-style":"default","site-sidebar-style":"default","ast-global-header-display":"","ast-banner-title-visibility":"","ast-main-header-display":"","ast-hfb-above-header-display":"","ast-hfb-below-header-display":"","ast-hfb-mobile-header-display":"","site-post-title":"","ast-breadcrumbs-content":"","ast-featured-img":"","footer-sml-layout":"","theme-transparent-header-meta":"","adv-header-id-meta":"","stick-header-meta":"","header-above-stick-meta":"","header-main-stick-meta":"","header-below-stick-meta":"","astra-migrate-meta-layouts":"default","ast-page-background-enabled":"default","ast-page-background-meta":{"desktop":{"background-color":"var(--ast-global-color-5)","background-image":"","background-repeat":"repeat","background-position":"center center","background-size":"auto","background-attachment":"scroll","background-type":"","background-media":"","overlay-type":"","overlay-color":"","overlay-opacity":"","overlay-gradient":""},"tablet":{"background-color":"","background-image":"","background-repeat":"repeat","background-position":"center center","background-size":"auto","background-attachment":"scroll","background-type":"","background-media":"","overlay-type":"","overlay-color":"","overlay-opacity":"","overlay-gradient":""},"mobile":{"background-color":"","background-image":"","background-repeat":"repeat","background-position":"center center","background-size":"auto","background-attachment":"scroll","background-type":"","background-media":"","overlay-type":"","overlay-color":"","overlay-opacity":"","overlay-gradient":""}},"ast-content-background-meta":{"desktop":{"background-color":"var(--ast-global-color-4)","background-image":"","background-repeat":"repeat","background-position":"center center","background-size":"auto","background-attachment":"scroll","background-type":"","background-media":"","overlay-type":"","overlay-color":"","overlay-opacity":"","overlay-gradient":""},"tablet":{"background-color":"var(--ast-global-color-4)","background-image":"","background-repeat":"repeat","background-position":"center center","background-size":"auto","background-attachment":"scroll","background-type":"","background-media":"","overlay-type":"","overlay-color":"","overlay-opacity":"","overlay-gradient":""},"mobile":{"background-color":"var(--ast-global-color-4)","background-image":"","background-repeat":"repeat","background-position":"center center","background-size":"auto","background-attachment":"scroll","background-type":"","background-media":"","overlay-type":"","overlay-color":"","overlay-opacity":"","overlay-gradient":""}},"footnotes":""},"class_list":["post-3630","page","type-page","status-publish","hentry"],"_links":{"self":[{"href":"https:\/\/www.editorialdagon.es\/index.php\/wp-json\/wp\/v2\/pages\/3630","targetHints":{"allow":["GET"]}}],"collection":[{"href":"https:\/\/www.editorialdagon.es\/index.php\/wp-json\/wp\/v2\/pages"}],"about":[{"href":"https:\/\/www.editorialdagon.es\/index.php\/wp-json\/wp\/v2\/types\/page"}],"author":[{"embeddable":true,"href":"https:\/\/www.editorialdagon.es\/index.php\/wp-json\/wp\/v2\/users\/1"}],"replies":[{"embeddable":true,"href":"https:\/\/www.editorialdagon.es\/index.php\/wp-json\/wp\/v2\/comments?post=3630"}],"version-history":[{"count":4,"href":"https:\/\/www.editorialdagon.es\/index.php\/wp-json\/wp\/v2\/pages\/3630\/revisions"}],"predecessor-version":[{"id":3640,"href":"https:\/\/www.editorialdagon.es\/index.php\/wp-json\/wp\/v2\/pages\/3630\/revisions\/3640"}],"up":[{"embeddable":true,"href":"https:\/\/www.editorialdagon.es\/index.php\/wp-json\/wp\/v2\/pages\/297"}],"wp:attachment":[{"href":"https:\/\/www.editorialdagon.es\/index.php\/wp-json\/wp\/v2\/media?parent=3630"}],"curies":[{"name":"wp","href":"https:\/\/api.w.org\/{rel}","templated":true}]}}