{"id":736,"date":"2024-08-07T18:55:05","date_gmt":"2024-08-07T18:55:05","guid":{"rendered":"http:\/\/www.editorialdagon.es\/?page_id=736"},"modified":"2026-04-25T09:19:19","modified_gmt":"2026-04-25T09:19:19","slug":"h-p-blavatsky-comentarios-a-la-doctrina-secreta","status":"publish","type":"page","link":"https:\/\/www.editorialdagon.es\/index.php\/obras\/h-p-blavatsky-comentarios-a-la-doctrina-secreta\/","title":{"rendered":"H.P. BLAVATSKY &#8211; Comentarios a La Doctrina Secreta"},"content":{"rendered":"\n<div class=\"wp-block-media-text is-stacked-on-mobile\"><figure class=\"wp-block-media-text__media\"><img loading=\"lazy\" decoding=\"async\" width=\"653\" height=\"1024\" src=\"http:\/\/www.editorialdagon.es\/wp-content\/uploads\/2024\/08\/Portadas-Word-Press-2024_Pagina_032-653x1024.jpg\" alt=\"\" class=\"wp-image-933 size-full\" srcset=\"https:\/\/www.editorialdagon.es\/wp-content\/uploads\/2024\/08\/Portadas-Word-Press-2024_Pagina_032-653x1024.jpg 653w, https:\/\/www.editorialdagon.es\/wp-content\/uploads\/2024\/08\/Portadas-Word-Press-2024_Pagina_032-191x300.jpg 191w, https:\/\/www.editorialdagon.es\/wp-content\/uploads\/2024\/08\/Portadas-Word-Press-2024_Pagina_032-768x1204.jpg 768w, https:\/\/www.editorialdagon.es\/wp-content\/uploads\/2024\/08\/Portadas-Word-Press-2024_Pagina_032-980x1536.jpg 980w, https:\/\/www.editorialdagon.es\/wp-content\/uploads\/2024\/08\/Portadas-Word-Press-2024_Pagina_032-1306x2048.jpg 1306w, https:\/\/www.editorialdagon.es\/wp-content\/uploads\/2024\/08\/Portadas-Word-Press-2024_Pagina_032-1140x1787.jpg 1140w, https:\/\/www.editorialdagon.es\/wp-content\/uploads\/2024\/08\/Portadas-Word-Press-2024_Pagina_032.jpg 1316w\" sizes=\"auto, (max-width: 653px) 100vw, 653px\" \/><\/figure><div class=\"wp-block-media-text__content\">\n<p><a href=\"http:\/\/www.editorialdagon.es\/index.php\/autores\/helena-petrovna-blavatsky\/\" data-type=\"page\" data-id=\"1116\">HELENA PETROVNA BLAVATSKY<\/a><\/p>\n\n\n\n<p>A\u00f1o de edici\u00f3n:&nbsp;2019<\/p>\n\n\n\n<p>ISBN: 9788412291056<\/p>\n\n\n\n<p>P\u00e1ginas: 628<\/p>\n\n\n\n<p>Precio: <strong>35\u00a0\u20ac<\/strong><\/p>\n\n\n\n<p>Puedes comprarlo en formato PDF. Contacta con el <a href=\"editor@editorialdagon.es\">Editor<\/a><\/p>\n\n\n\n<p><strong><a href=\"https:\/\/www.amazon.es\/Comentarios-Doctrina-Secreta-publicados-Blavatsky-ebook\/dp\/B0DZTMT2F3\/ref=sr_1_1?__mk_es_ES=\u00c5M\u00c5\u017d\u00d5\u00d1&amp;crid=3I2X0SCSLWQ9&amp;dib=eyJ2IjoiMSJ9.0otbmFSGd5DYlXPpNrtd2g.Q2pfUCqP2CGf2DC20E8QAnoBSbOHkw1OMj2u1E_fuA8&amp;dib_tag=se&amp;keywords=Comentarios+a+La+Doctrina+Secreta&amp;qid=1755320496&amp;s=digital-text&amp;sprefix=comentarios+a+la+doctrina+secreta%2Cdigital-text%2C235&amp;sr=1-1\">Amazon versi\u00f3n Kindle: 8 \u20ac<\/a><\/strong><\/p>\n\n\n\n<p>Fragmento: <em><a href=\"https:\/\/1drv.ms\/b\/s!AvQngI1KR5TfteYdci7jlvA6q_J7zQ?e=chfGiu\">Comentarios a La Doctrina Secreta<\/a><\/em><\/p>\n\n\n\n<p>Contacto: <a href=\"mailto:editor@editorialdagon.es\"><em>editor@editorialdagon.es<\/em><\/a><\/p>\n<\/div><\/div>\n\n\n\n<p><strong>SINOPSIS<\/strong><br>Con toda seguridad este libro es el sue\u00f1o realizado de todo estudiante de Teosof\u00eda. Imag\u00ednense transportarse a la ciudad de Londres en 1889 y semanalmente participar en las reuniones de la Logia Blavatsky, acompa\u00f1ados de H.P.B. y sus miembros, con los que compartimos la misma inquietud, sed de conocimiento y finalidad: Poder comprender con m\u00e1s claridad elementos b\u00e1sicos de la Teosof\u00eda. Esta divina fantas\u00eda es un regalo del Karma para todos nosotros y para futuras generaciones de estudiantes. Su traducci\u00f3n y publicaci\u00f3n en castellano representa el \u00faltimo libro que registra las ense\u00f1anzas de la gran maestra del esoterismo moderno: Helena Petrovna Blavatsky.<\/p>\n\n\n\n<p><strong>BOOK TRAILER I:<\/strong><\/p>\n\n\n\n<figure class=\"wp-block-embed is-type-video is-provider-youtube wp-block-embed-youtube wp-embed-aspect-16-9 wp-has-aspect-ratio\"><div class=\"wp-block-embed__wrapper\">\n<div class=\"ast-oembed-container \" style=\"height: 100%;\"><iframe loading=\"lazy\" title=\"Book Trailer Comentarios a La Doctrina Secreta de H.P. Blavatsky\" width=\"500\" height=\"281\" src=\"https:\/\/www.youtube.com\/embed\/1GupX0CdQpk?feature=oembed\" frameborder=\"0\" allow=\"accelerometer; autoplay; clipboard-write; encrypted-media; gyroscope; picture-in-picture; web-share\" referrerpolicy=\"strict-origin-when-cross-origin\" allowfullscreen><\/iframe><\/div>\n<\/div><\/figure>\n\n\n\n<p><strong>BOOK TRAILER II:<\/strong><\/p>\n\n\n\n<figure class=\"wp-block-embed is-type-video is-provider-youtube wp-block-embed-youtube wp-embed-aspect-16-9 wp-has-aspect-ratio\"><div class=\"wp-block-embed__wrapper\">\n<div class=\"ast-oembed-container \" style=\"height: 100%;\"><iframe loading=\"lazy\" title=\"Libro Comentarios HPB, un vistazo r\u00e1pido\" width=\"500\" height=\"281\" src=\"https:\/\/www.youtube.com\/embed\/7rq194xJd0I?feature=oembed\" frameborder=\"0\" allow=\"accelerometer; autoplay; clipboard-write; encrypted-media; gyroscope; picture-in-picture; web-share\" referrerpolicy=\"strict-origin-when-cross-origin\" allowfullscreen><\/iframe><\/div>\n<\/div><\/figure>\n\n\n\n<p><strong>BOOK TRAILER III:<\/strong><\/p>\n\n\n\n<figure class=\"wp-block-embed is-type-video is-provider-youtube wp-block-embed-youtube wp-embed-aspect-16-9 wp-has-aspect-ratio\"><div class=\"wp-block-embed__wrapper\">\n<div class=\"ast-oembed-container \" style=\"height: 100%;\"><iframe loading=\"lazy\" title=\"Comentarios a La Doctrina Secreta de H.P. Blavatsky\" width=\"500\" height=\"281\" src=\"https:\/\/www.youtube.com\/embed\/7wJ2TQ4dxzM?feature=oembed\" frameborder=\"0\" allow=\"accelerometer; autoplay; clipboard-write; encrypted-media; gyroscope; picture-in-picture; web-share\" referrerpolicy=\"strict-origin-when-cross-origin\" allowfullscreen><\/iframe><\/div>\n<\/div><\/figure>\n\n\n\n<p><\/p>\n","protected":false},"excerpt":{"rendered":"<p>HELENA PETROVNA BLAVATSKY A\u00f1o de edici\u00f3n:&nbsp;2019 ISBN: 9788412291056 P\u00e1ginas: 628 Precio: 35\u00a0\u20ac Puedes comprarlo en formato PDF. Contacta con el [&hellip;]<\/p>\n","protected":false},"author":1,"featured_media":0,"parent":291,"menu_order":0,"comment_status":"closed","ping_status":"closed","template":"","meta":{"site-sidebar-layout":"default","site-content-layout":"","ast-site-content-layout":"default","site-content-style":"default","site-sidebar-style":"default","ast-global-header-display":"","ast-banner-title-visibility":"","ast-main-header-display":"","ast-hfb-above-header-display":"","ast-hfb-below-header-display":"","ast-hfb-mobile-header-display":"","site-post-title":"","ast-breadcrumbs-content":"","ast-featured-img":"","footer-sml-layout":"","theme-transparent-header-meta":"","adv-header-id-meta":"","stick-header-meta":"","header-above-stick-meta":"","header-main-stick-meta":"","header-below-stick-meta":"","astra-migrate-meta-layouts":"default","ast-page-background-enabled":"default","ast-page-background-meta":{"desktop":{"background-color":"var(--ast-global-color-5)","background-image":"","background-repeat":"repeat","background-position":"center center","background-size":"auto","background-attachment":"scroll","background-type":"","background-media":"","overlay-type":"","overlay-color":"","overlay-opacity":"","overlay-gradient":""},"tablet":{"background-color":"","background-image":"","background-repeat":"repeat","background-position":"center center","background-size":"auto","background-attachment":"scroll","background-type":"","background-media":"","overlay-type":"","overlay-color":"","overlay-opacity":"","overlay-gradient":""},"mobile":{"background-color":"","background-image":"","background-repeat":"repeat","background-position":"center center","background-size":"auto","background-attachment":"scroll","background-type":"","background-media":"","overlay-type":"","overlay-color":"","overlay-opacity":"","overlay-gradient":""}},"ast-content-background-meta":{"desktop":{"background-color":"var(--ast-global-color-4)","background-image":"","background-repeat":"repeat","background-position":"center center","background-size":"auto","background-attachment":"scroll","background-type":"","background-media":"","overlay-type":"","overlay-color":"","overlay-opacity":"","overlay-gradient":""},"tablet":{"background-color":"var(--ast-global-color-4)","background-image":"","background-repeat":"repeat","background-position":"center center","background-size":"auto","background-attachment":"scroll","background-type":"","background-media":"","overlay-type":"","overlay-color":"","overlay-opacity":"","overlay-gradient":""},"mobile":{"background-color":"var(--ast-global-color-4)","background-image":"","background-repeat":"repeat","background-position":"center center","background-size":"auto","background-attachment":"scroll","background-type":"","background-media":"","overlay-type":"","overlay-color":"","overlay-opacity":"","overlay-gradient":""}},"footnotes":""},"class_list":["post-736","page","type-page","status-publish","hentry"],"_links":{"self":[{"href":"https:\/\/www.editorialdagon.es\/index.php\/wp-json\/wp\/v2\/pages\/736","targetHints":{"allow":["GET"]}}],"collection":[{"href":"https:\/\/www.editorialdagon.es\/index.php\/wp-json\/wp\/v2\/pages"}],"about":[{"href":"https:\/\/www.editorialdagon.es\/index.php\/wp-json\/wp\/v2\/types\/page"}],"author":[{"embeddable":true,"href":"https:\/\/www.editorialdagon.es\/index.php\/wp-json\/wp\/v2\/users\/1"}],"replies":[{"embeddable":true,"href":"https:\/\/www.editorialdagon.es\/index.php\/wp-json\/wp\/v2\/comments?post=736"}],"version-history":[{"count":13,"href":"https:\/\/www.editorialdagon.es\/index.php\/wp-json\/wp\/v2\/pages\/736\/revisions"}],"predecessor-version":[{"id":3843,"href":"https:\/\/www.editorialdagon.es\/index.php\/wp-json\/wp\/v2\/pages\/736\/revisions\/3843"}],"up":[{"embeddable":true,"href":"https:\/\/www.editorialdagon.es\/index.php\/wp-json\/wp\/v2\/pages\/291"}],"wp:attachment":[{"href":"https:\/\/www.editorialdagon.es\/index.php\/wp-json\/wp\/v2\/media?parent=736"}],"curies":[{"name":"wp","href":"https:\/\/api.w.org\/{rel}","templated":true}]}}