{"id":742,"date":"2024-08-07T18:57:19","date_gmt":"2024-08-07T18:57:19","guid":{"rendered":"http:\/\/www.editorialdagon.es\/?page_id=742"},"modified":"2026-02-04T06:27:21","modified_gmt":"2026-02-04T06:27:21","slug":"h-p-blavatsky-la-doctrina-secreta-en-dos-tomos","status":"publish","type":"page","link":"https:\/\/www.editorialdagon.es\/index.php\/obras\/h-p-blavatsky-la-doctrina-secreta-en-dos-tomos\/","title":{"rendered":"H.P. BLAVATSKY &#8211; La Doctrina Secreta (en dos tomos)"},"content":{"rendered":"\n<div class=\"wp-block-media-text is-stacked-on-mobile\" style=\"grid-template-columns:40% auto\"><figure class=\"wp-block-media-text__media\"><img loading=\"lazy\" decoding=\"async\" width=\"653\" height=\"1024\" src=\"http:\/\/www.editorialdagon.es\/wp-content\/uploads\/2024\/08\/Portadas-Word-Press-2024_Pagina_092-653x1024.jpg\" alt=\"\" class=\"wp-image-927 size-full\" srcset=\"https:\/\/www.editorialdagon.es\/wp-content\/uploads\/2024\/08\/Portadas-Word-Press-2024_Pagina_092-653x1024.jpg 653w, https:\/\/www.editorialdagon.es\/wp-content\/uploads\/2024\/08\/Portadas-Word-Press-2024_Pagina_092-191x300.jpg 191w, https:\/\/www.editorialdagon.es\/wp-content\/uploads\/2024\/08\/Portadas-Word-Press-2024_Pagina_092-768x1204.jpg 768w, https:\/\/www.editorialdagon.es\/wp-content\/uploads\/2024\/08\/Portadas-Word-Press-2024_Pagina_092-980x1536.jpg 980w, https:\/\/www.editorialdagon.es\/wp-content\/uploads\/2024\/08\/Portadas-Word-Press-2024_Pagina_092-1306x2048.jpg 1306w, https:\/\/www.editorialdagon.es\/wp-content\/uploads\/2024\/08\/Portadas-Word-Press-2024_Pagina_092-1140x1787.jpg 1140w, https:\/\/www.editorialdagon.es\/wp-content\/uploads\/2024\/08\/Portadas-Word-Press-2024_Pagina_092.jpg 1316w\" sizes=\"auto, (max-width: 653px) 100vw, 653px\" \/><\/figure><div class=\"wp-block-media-text__content\">\n<p><a href=\"http:\/\/www.editorialdagon.es\/index.php\/autores\/helena-petrovna-blavatsky\/\" data-type=\"page\" data-id=\"1116\"><strong>HELENA PETROVNA BLAVATSKY<\/strong><\/a><\/p>\n\n\n\n<p>A\u00f1o de edici\u00f3n:&nbsp;2023<\/p>\n\n\n\n<p>ISBN: 9788419540461<\/p>\n\n\n\n<p>P\u00e1ginas: 726<\/p>\n\n\n\n<p>Precio: <strong>43\u00a0\u20ac<\/strong><\/p>\n\n\n\n<p>Obra Completa: <em><a href=\"https:\/\/1drv.ms\/b\/s!AvQngI1KR5TfvdlQglwIvcghV3mNsA?e=cyTn56\">La Doctrina Secreta, Cosmogenesis<\/a><\/em><\/p>\n\n\n\n<p>Contacto: <a href=\"mailto:editor@editorialdagon.es\"><em>editor@editorialdagon.es<\/em><\/a><\/p>\n<\/div><\/div>\n\n\n\n<div class=\"wp-block-media-text has-media-on-the-right is-stacked-on-mobile\" style=\"grid-template-columns:auto 40%\"><div class=\"wp-block-media-text__content\">\n<p class=\"has-text-align-right\"><a href=\"http:\/\/www.editorialdagon.es\/index.php\/autores\/helena-petrovna-blavatsky\/\" data-type=\"page\" data-id=\"1116\"><strong>HELENA PETROVNA BLAVATSKY<\/strong><\/a><\/p>\n\n\n\n<p class=\"has-text-align-right\">A\u00f1o de edici\u00f3n:&nbsp;2024<\/p>\n\n\n\n<p class=\"has-text-align-right\">ISBN: 9788419540478<\/p>\n\n\n\n<p class=\"has-text-align-right\">P\u00e1ginas: 816<\/p>\n\n\n\n<p class=\"has-text-align-right\">Precio: <strong>49\u00a0\u20ac<\/strong><\/p>\n\n\n\n<p class=\"has-text-align-right\">Obra Completa: <em><a href=\"https:\/\/1drv.ms\/b\/s!AvQngI1KR5TfvddwX4mEg3nEP7WDEQ?e=gKqxUS\">La Doctrina Secreta, Antropog\u00e9nesis<\/a><\/em><\/p>\n\n\n\n<p class=\"has-text-align-right\">Contacto: <a href=\"mailto:editor@editorialdagon.es\"><em>editor@editorialdagon.es<\/em><\/a><\/p>\n<\/div><figure class=\"wp-block-media-text__media\"><img loading=\"lazy\" decoding=\"async\" width=\"653\" height=\"1024\" src=\"http:\/\/www.editorialdagon.es\/wp-content\/uploads\/2024\/08\/Portadas-Word-Press-2024_Pagina_092-1-653x1024.jpg\" alt=\"\" class=\"wp-image-1101 size-full\" srcset=\"https:\/\/www.editorialdagon.es\/wp-content\/uploads\/2024\/08\/Portadas-Word-Press-2024_Pagina_092-1-653x1024.jpg 653w, https:\/\/www.editorialdagon.es\/wp-content\/uploads\/2024\/08\/Portadas-Word-Press-2024_Pagina_092-1-191x300.jpg 191w, https:\/\/www.editorialdagon.es\/wp-content\/uploads\/2024\/08\/Portadas-Word-Press-2024_Pagina_092-1-768x1204.jpg 768w, https:\/\/www.editorialdagon.es\/wp-content\/uploads\/2024\/08\/Portadas-Word-Press-2024_Pagina_092-1-980x1536.jpg 980w, https:\/\/www.editorialdagon.es\/wp-content\/uploads\/2024\/08\/Portadas-Word-Press-2024_Pagina_092-1-1306x2048.jpg 1306w, https:\/\/www.editorialdagon.es\/wp-content\/uploads\/2024\/08\/Portadas-Word-Press-2024_Pagina_092-1-1140x1787.jpg 1140w, https:\/\/www.editorialdagon.es\/wp-content\/uploads\/2024\/08\/Portadas-Word-Press-2024_Pagina_092-1.jpg 1316w\" sizes=\"auto, (max-width: 653px) 100vw, 653px\" \/><\/figure><\/div>\n\n\n\n<p><strong>SINOPSIS<\/strong><br>Versi\u00f3n original de La Doctrina Secreta en castellano, la m\u00e1s fiel a la publicada \u00aben vida\u00bb de HPB (en 1888). La Doctrina Secreta que ella vio publicada, cuyas galeradas corrigi\u00f3 (ayudada por sus disc\u00edpulos). No nos referimos a la siguiente edici\u00f3n, despu\u00e9s de muerta, que fue revisada y corregida por Annie Besant y Mead, incluyendo un tercer tomo recopilatorio de todos los textos inacabados que pudieron encontrar, incluyendo las instrucciones de la Escuela Interna.<br>Sabemos que H.P.B. escribi\u00f3 un tercer tomo y parte de un cuarto, pero se perdieron y nunca se han publicado.<br>Versiones de La Doctrina Secreta traducidas al castellano en tres tomos, hay varias, y en seis tomos (cada tomo se dividi\u00f3 en dos), pero hasta ahora, que sepamos, nunca se ha publicado la versi\u00f3n original, traducida al castellano lo m\u00e1s fiel posible, casi en versi\u00f3n facs\u00edmil, como Blavatsky la presento al mundo.<br>Este esfuerzo se debe en gran medida a J.M. Rodr\u00edguez Rosa, que ha dedicado los dos \u00faltimos a\u00f1os a revisar, expurgar y dejar La Doctrina Secreta lo m\u00e1s fiel posible al original, e incluso ha paginado la versi\u00f3n castellana como la de H.P.B., de modo que cada p\u00e1gina coincida con el mismo texto en el original.<br>Nuestro trabajo es de Servicio, no lucrativo, y estamos seguros de que le gustar\u00eda a la Vieja Dama.<br>Sigamos trabajando para la humanidad y mantengamos la uni\u00f3n.<\/p>\n\n\n\n<p><a href=\"https:\/\/1drv.ms\/b\/s!AvQngI1KR5TfvOQkvowmov5wNPNPbA?e=CLNHVu\">ADENDA DOCTRINA SECRETA<\/a><\/p>\n\n\n\n<p><strong>BOOK TRAILER<\/strong><\/p>\n\n\n\n<figure class=\"wp-block-embed is-type-video is-provider-youtube wp-block-embed-youtube wp-embed-aspect-16-9 wp-has-aspect-ratio\"><div class=\"wp-block-embed__wrapper\">\n<div class=\"ast-oembed-container \" style=\"height: 100%;\"><iframe loading=\"lazy\" title=\"Book Trailer - Doctrina Secreta Original en castellano\" width=\"500\" height=\"281\" src=\"https:\/\/www.youtube.com\/embed\/AkcJliWTqII?feature=oembed\" frameborder=\"0\" allow=\"accelerometer; autoplay; clipboard-write; encrypted-media; gyroscope; picture-in-picture; web-share\" referrerpolicy=\"strict-origin-when-cross-origin\" allowfullscreen><\/iframe><\/div>\n<\/div><\/figure>\n\n\n\n<p><\/p>\n","protected":false},"excerpt":{"rendered":"<p>HELENA PETROVNA BLAVATSKY A\u00f1o de edici\u00f3n:&nbsp;2023 ISBN: 9788419540461 P\u00e1ginas: 726 Precio: 43\u00a0\u20ac Obra Completa: La Doctrina Secreta, Cosmogenesis Contacto: editor@editorialdagon.es [&hellip;]<\/p>\n","protected":false},"author":1,"featured_media":0,"parent":291,"menu_order":0,"comment_status":"closed","ping_status":"closed","template":"","meta":{"site-sidebar-layout":"default","site-content-layout":"","ast-site-content-layout":"default","site-content-style":"default","site-sidebar-style":"default","ast-global-header-display":"","ast-banner-title-visibility":"","ast-main-header-display":"","ast-hfb-above-header-display":"","ast-hfb-below-header-display":"","ast-hfb-mobile-header-display":"","site-post-title":"","ast-breadcrumbs-content":"","ast-featured-img":"","footer-sml-layout":"","theme-transparent-header-meta":"","adv-header-id-meta":"","stick-header-meta":"","header-above-stick-meta":"","header-main-stick-meta":"","header-below-stick-meta":"","astra-migrate-meta-layouts":"default","ast-page-background-enabled":"default","ast-page-background-meta":{"desktop":{"background-color":"var(--ast-global-color-5)","background-image":"","background-repeat":"repeat","background-position":"center center","background-size":"auto","background-attachment":"scroll","background-type":"","background-media":"","overlay-type":"","overlay-color":"","overlay-opacity":"","overlay-gradient":""},"tablet":{"background-color":"","background-image":"","background-repeat":"repeat","background-position":"center center","background-size":"auto","background-attachment":"scroll","background-type":"","background-media":"","overlay-type":"","overlay-color":"","overlay-opacity":"","overlay-gradient":""},"mobile":{"background-color":"","background-image":"","background-repeat":"repeat","background-position":"center center","background-size":"auto","background-attachment":"scroll","background-type":"","background-media":"","overlay-type":"","overlay-color":"","overlay-opacity":"","overlay-gradient":""}},"ast-content-background-meta":{"desktop":{"background-color":"var(--ast-global-color-4)","background-image":"","background-repeat":"repeat","background-position":"center center","background-size":"auto","background-attachment":"scroll","background-type":"","background-media":"","overlay-type":"","overlay-color":"","overlay-opacity":"","overlay-gradient":""},"tablet":{"background-color":"var(--ast-global-color-4)","background-image":"","background-repeat":"repeat","background-position":"center center","background-size":"auto","background-attachment":"scroll","background-type":"","background-media":"","overlay-type":"","overlay-color":"","overlay-opacity":"","overlay-gradient":""},"mobile":{"background-color":"var(--ast-global-color-4)","background-image":"","background-repeat":"repeat","background-position":"center center","background-size":"auto","background-attachment":"scroll","background-type":"","background-media":"","overlay-type":"","overlay-color":"","overlay-opacity":"","overlay-gradient":""}},"footnotes":""},"class_list":["post-742","page","type-page","status-publish","hentry"],"_links":{"self":[{"href":"https:\/\/www.editorialdagon.es\/index.php\/wp-json\/wp\/v2\/pages\/742","targetHints":{"allow":["GET"]}}],"collection":[{"href":"https:\/\/www.editorialdagon.es\/index.php\/wp-json\/wp\/v2\/pages"}],"about":[{"href":"https:\/\/www.editorialdagon.es\/index.php\/wp-json\/wp\/v2\/types\/page"}],"author":[{"embeddable":true,"href":"https:\/\/www.editorialdagon.es\/index.php\/wp-json\/wp\/v2\/users\/1"}],"replies":[{"embeddable":true,"href":"https:\/\/www.editorialdagon.es\/index.php\/wp-json\/wp\/v2\/comments?post=742"}],"version-history":[{"count":19,"href":"https:\/\/www.editorialdagon.es\/index.php\/wp-json\/wp\/v2\/pages\/742\/revisions"}],"predecessor-version":[{"id":3661,"href":"https:\/\/www.editorialdagon.es\/index.php\/wp-json\/wp\/v2\/pages\/742\/revisions\/3661"}],"up":[{"embeddable":true,"href":"https:\/\/www.editorialdagon.es\/index.php\/wp-json\/wp\/v2\/pages\/291"}],"wp:attachment":[{"href":"https:\/\/www.editorialdagon.es\/index.php\/wp-json\/wp\/v2\/media?parent=742"}],"curies":[{"name":"wp","href":"https:\/\/api.w.org\/{rel}","templated":true}]}}