{"id":749,"date":"2024-08-07T19:00:33","date_gmt":"2024-08-07T19:00:33","guid":{"rendered":"http:\/\/www.editorialdagon.es\/?page_id=749"},"modified":"2026-04-25T11:48:03","modified_gmt":"2026-04-25T11:48:03","slug":"m-roso-de-luna","status":"publish","type":"page","link":"https:\/\/www.editorialdagon.es\/index.php\/obras\/m-roso-de-luna\/","title":{"rendered":"M. ROSO DE LUNA &#8211; H.P.Blavatsky. Una m\u00e1rtir del siglo XIX"},"content":{"rendered":"\n<div class=\"wp-block-media-text is-stacked-on-mobile\" style=\"grid-template-columns:30% auto\"><figure class=\"wp-block-media-text__media\"><img loading=\"lazy\" decoding=\"async\" width=\"653\" height=\"1024\" src=\"http:\/\/www.editorialdagon.es\/wp-content\/uploads\/2024\/08\/Portadas-Word-Press-2024_Pagina_035-653x1024.jpg\" alt=\"\" class=\"wp-image-954 size-full\" srcset=\"https:\/\/www.editorialdagon.es\/wp-content\/uploads\/2024\/08\/Portadas-Word-Press-2024_Pagina_035-653x1024.jpg 653w, https:\/\/www.editorialdagon.es\/wp-content\/uploads\/2024\/08\/Portadas-Word-Press-2024_Pagina_035-191x300.jpg 191w, https:\/\/www.editorialdagon.es\/wp-content\/uploads\/2024\/08\/Portadas-Word-Press-2024_Pagina_035-768x1204.jpg 768w, https:\/\/www.editorialdagon.es\/wp-content\/uploads\/2024\/08\/Portadas-Word-Press-2024_Pagina_035-980x1536.jpg 980w, https:\/\/www.editorialdagon.es\/wp-content\/uploads\/2024\/08\/Portadas-Word-Press-2024_Pagina_035-1306x2048.jpg 1306w, https:\/\/www.editorialdagon.es\/wp-content\/uploads\/2024\/08\/Portadas-Word-Press-2024_Pagina_035-1140x1787.jpg 1140w, https:\/\/www.editorialdagon.es\/wp-content\/uploads\/2024\/08\/Portadas-Word-Press-2024_Pagina_035.jpg 1316w\" sizes=\"auto, (max-width: 653px) 100vw, 653px\" \/><\/figure><div class=\"wp-block-media-text__content\">\n<p><strong><a href=\"http:\/\/www.editorialdagon.es\/index.php\/autores\/mario-roso-de-luna\/\" data-type=\"page\" data-id=\"1120\">MARIO ROSO DE LUNA<\/a><\/strong><br>A\u00f1o de edici\u00f3n: 2021<br>ISBN: 9788412291087<br>P\u00e1ginas: 616<br>Precio B&amp;N: <strong>35\u00a0\u20ac<\/strong><br>Precio color: <strong>39\u00a0\u20ac<\/strong><br>Puedes comprarlo en formato PDF. <a href=\"editor@editorialdagon.es\"><em>Contacta con el Editor<\/em><\/a><br>Fragmento: <em><a href=\"https:\/\/1drv.ms\/b\/s!AvQngI1KR5TfteYmIFtTmsZjGMY3zw?e=I33etF\">H.P. Blavatsky, una m\u00e1rtir del siglo XIX<\/a><\/em><br>Contacto: <em><a href=\"mailto:editor@editorialdagon.es\">editor@editorialdagon.es<\/a><\/em><\/p>\n\n\n\n<p class=\"has-vivid-red-color has-text-color has-link-color wp-elements-e9f12c5fb55ed0bf889256d25ec20280\"><strong>NOTA<\/strong>: la versi\u00f3n b\u00e1sica que se vende en diversos lugares no tiene im\u00e1genes en color. Pero puede conseguir una versi\u00f3n en color pidi\u00e9ndola directamente a la Editorial.<\/p>\n<\/div><\/div>\n\n\n\n<p><strong>SINOPSIS<\/strong><\/p>\n\n\n\n<p>Estamos ante una de las mejores obras de Don Mario Roso de Luna, por muchas razones, pero especialmente por dos.&nbsp;<br>La primera es que este libro \u2013que recoge las vicisitudes de toda una vida de esfuerzo y dedicaci\u00f3n \u00aba la causa de la Verdad\u00bb por parte de una \u00abUpasika\u00bb, una disc\u00edpula de los Maestros de Sabidur\u00eda: Helena Petrovna Blavatsky\u2013, es, sin lugar a dudas, la mejor biograf\u00eda en castellano que existe, dando un fiel perfil, con luces y sombras, de la vida de un adepto contempor\u00e1neo.<br>Y en segundo lugar, porque es el tributo sincero de un estudiante: Mario Roso de Luna, que siempre se sinti\u00f3 disc\u00edpulo de Blavatsky, aunque no la conoci\u00f3 personalmente, pero s\u00ed por sus obras. \u00abPor sus obras los conocer\u00e9is\u00bb, dice la sentencia, que podr\u00eda esculpirse en el frontispicio del templo de Delfos.<\/p>\n\n\n\n<p><strong>BOOKTRAILER I<\/strong><\/p>\n\n\n\n<figure class=\"wp-block-embed aligncenter is-type-video is-provider-youtube wp-block-embed-youtube wp-embed-aspect-16-9 wp-has-aspect-ratio\"><div class=\"wp-block-embed__wrapper\">\n<div class=\"ast-oembed-container \" style=\"height: 100%;\"><iframe loading=\"lazy\" title=\"Book Trailer HPB Una M\u00e1rtir Mayo 2022\" width=\"500\" height=\"281\" src=\"https:\/\/www.youtube.com\/embed\/DblK-_S4onA?feature=oembed\" frameborder=\"0\" allow=\"accelerometer; autoplay; clipboard-write; encrypted-media; gyroscope; picture-in-picture; web-share\" referrerpolicy=\"strict-origin-when-cross-origin\" allowfullscreen><\/iframe><\/div>\n<\/div><\/figure>\n\n\n\n<p><strong>BOOKTRAILER II<\/strong><\/p>\n\n\n\n<figure class=\"wp-block-embed aligncenter is-type-video is-provider-youtube wp-block-embed-youtube wp-embed-aspect-16-9 wp-has-aspect-ratio\"><div class=\"wp-block-embed__wrapper\">\n<div class=\"ast-oembed-container \" style=\"height: 100%;\"><iframe loading=\"lazy\" title=\"Book Trailer Roso H.P. Blavatsky\" width=\"500\" height=\"281\" src=\"https:\/\/www.youtube.com\/embed\/sS4Tidz5M8o?feature=oembed\" frameborder=\"0\" allow=\"accelerometer; autoplay; clipboard-write; encrypted-media; gyroscope; picture-in-picture; web-share\" referrerpolicy=\"strict-origin-when-cross-origin\" allowfullscreen><\/iframe><\/div>\n<\/div><\/figure>\n\n\n\n<p><strong>CONFERENCIA SOBRE H.P. BLAVATSKY<\/strong><\/p>\n\n\n\n<figure class=\"wp-block-embed aligncenter is-type-video is-provider-youtube wp-block-embed-youtube wp-embed-aspect-16-9 wp-has-aspect-ratio\"><div class=\"wp-block-embed__wrapper\">\n<div class=\"ast-oembed-container \" style=\"height: 100%;\"><iframe loading=\"lazy\" title=\"Presentaci\u00f3n Roso HPB Adepto\" width=\"500\" height=\"281\" src=\"https:\/\/www.youtube.com\/embed\/bt9vKiL-XYw?feature=oembed\" frameborder=\"0\" allow=\"accelerometer; autoplay; clipboard-write; encrypted-media; gyroscope; picture-in-picture; web-share\" referrerpolicy=\"strict-origin-when-cross-origin\" allowfullscreen><\/iframe><\/div>\n<\/div><\/figure>\n","protected":false},"excerpt":{"rendered":"<p>MARIO ROSO DE LUNAA\u00f1o de edici\u00f3n: 2021ISBN: 9788412291087P\u00e1ginas: 616Precio B&amp;N: 35\u00a0\u20acPrecio color: 39\u00a0\u20acPuedes comprarlo en formato PDF. Contacta con el [&hellip;]<\/p>\n","protected":false},"author":1,"featured_media":0,"parent":291,"menu_order":0,"comment_status":"closed","ping_status":"closed","template":"","meta":{"site-sidebar-layout":"default","site-content-layout":"","ast-site-content-layout":"default","site-content-style":"default","site-sidebar-style":"default","ast-global-header-display":"","ast-banner-title-visibility":"","ast-main-header-display":"","ast-hfb-above-header-display":"","ast-hfb-below-header-display":"","ast-hfb-mobile-header-display":"","site-post-title":"","ast-breadcrumbs-content":"","ast-featured-img":"","footer-sml-layout":"","theme-transparent-header-meta":"","adv-header-id-meta":"","stick-header-meta":"","header-above-stick-meta":"","header-main-stick-meta":"","header-below-stick-meta":"","astra-migrate-meta-layouts":"default","ast-page-background-enabled":"default","ast-page-background-meta":{"desktop":{"background-color":"var(--ast-global-color-5)","background-image":"","background-repeat":"repeat","background-position":"center center","background-size":"auto","background-attachment":"scroll","background-type":"","background-media":"","overlay-type":"","overlay-color":"","overlay-opacity":"","overlay-gradient":""},"tablet":{"background-color":"","background-image":"","background-repeat":"repeat","background-position":"center center","background-size":"auto","background-attachment":"scroll","background-type":"","background-media":"","overlay-type":"","overlay-color":"","overlay-opacity":"","overlay-gradient":""},"mobile":{"background-color":"","background-image":"","background-repeat":"repeat","background-position":"center center","background-size":"auto","background-attachment":"scroll","background-type":"","background-media":"","overlay-type":"","overlay-color":"","overlay-opacity":"","overlay-gradient":""}},"ast-content-background-meta":{"desktop":{"background-color":"var(--ast-global-color-4)","background-image":"","background-repeat":"repeat","background-position":"center center","background-size":"auto","background-attachment":"scroll","background-type":"","background-media":"","overlay-type":"","overlay-color":"","overlay-opacity":"","overlay-gradient":""},"tablet":{"background-color":"var(--ast-global-color-4)","background-image":"","background-repeat":"repeat","background-position":"center center","background-size":"auto","background-attachment":"scroll","background-type":"","background-media":"","overlay-type":"","overlay-color":"","overlay-opacity":"","overlay-gradient":""},"mobile":{"background-color":"var(--ast-global-color-4)","background-image":"","background-repeat":"repeat","background-position":"center center","background-size":"auto","background-attachment":"scroll","background-type":"","background-media":"","overlay-type":"","overlay-color":"","overlay-opacity":"","overlay-gradient":""}},"footnotes":""},"class_list":["post-749","page","type-page","status-publish","hentry"],"_links":{"self":[{"href":"https:\/\/www.editorialdagon.es\/index.php\/wp-json\/wp\/v2\/pages\/749","targetHints":{"allow":["GET"]}}],"collection":[{"href":"https:\/\/www.editorialdagon.es\/index.php\/wp-json\/wp\/v2\/pages"}],"about":[{"href":"https:\/\/www.editorialdagon.es\/index.php\/wp-json\/wp\/v2\/types\/page"}],"author":[{"embeddable":true,"href":"https:\/\/www.editorialdagon.es\/index.php\/wp-json\/wp\/v2\/users\/1"}],"replies":[{"embeddable":true,"href":"https:\/\/www.editorialdagon.es\/index.php\/wp-json\/wp\/v2\/comments?post=749"}],"version-history":[{"count":18,"href":"https:\/\/www.editorialdagon.es\/index.php\/wp-json\/wp\/v2\/pages\/749\/revisions"}],"predecessor-version":[{"id":3928,"href":"https:\/\/www.editorialdagon.es\/index.php\/wp-json\/wp\/v2\/pages\/749\/revisions\/3928"}],"up":[{"embeddable":true,"href":"https:\/\/www.editorialdagon.es\/index.php\/wp-json\/wp\/v2\/pages\/291"}],"wp:attachment":[{"href":"https:\/\/www.editorialdagon.es\/index.php\/wp-json\/wp\/v2\/media?parent=749"}],"curies":[{"name":"wp","href":"https:\/\/api.w.org\/{rel}","templated":true}]}}