{"id":752,"date":"2024-08-07T19:02:01","date_gmt":"2024-08-07T19:02:01","guid":{"rendered":"http:\/\/www.editorialdagon.es\/?page_id=752"},"modified":"2026-03-18T14:39:59","modified_gmt":"2026-03-18T14:39:59","slug":"m-roso-de-luna-en-el-umbral-del-misterio","status":"publish","type":"page","link":"https:\/\/www.editorialdagon.es\/index.php\/obras\/m-roso-de-luna-en-el-umbral-del-misterio\/","title":{"rendered":"M. ROSO DE LUNA &#8211; En el Umbral del Misterio"},"content":{"rendered":"\n<div class=\"wp-block-media-text is-stacked-on-mobile\"><figure class=\"wp-block-media-text__media\"><img loading=\"lazy\" decoding=\"async\" width=\"653\" height=\"1024\" src=\"http:\/\/www.editorialdagon.es\/wp-content\/uploads\/2024\/08\/Portadas-Word-Press-2024_Pagina_063-653x1024.jpg\" alt=\"\" class=\"wp-image-956 size-full\" srcset=\"https:\/\/www.editorialdagon.es\/wp-content\/uploads\/2024\/08\/Portadas-Word-Press-2024_Pagina_063-653x1024.jpg 653w, https:\/\/www.editorialdagon.es\/wp-content\/uploads\/2024\/08\/Portadas-Word-Press-2024_Pagina_063-191x300.jpg 191w, https:\/\/www.editorialdagon.es\/wp-content\/uploads\/2024\/08\/Portadas-Word-Press-2024_Pagina_063-768x1204.jpg 768w, https:\/\/www.editorialdagon.es\/wp-content\/uploads\/2024\/08\/Portadas-Word-Press-2024_Pagina_063-980x1536.jpg 980w, https:\/\/www.editorialdagon.es\/wp-content\/uploads\/2024\/08\/Portadas-Word-Press-2024_Pagina_063-1306x2048.jpg 1306w, https:\/\/www.editorialdagon.es\/wp-content\/uploads\/2024\/08\/Portadas-Word-Press-2024_Pagina_063-1140x1787.jpg 1140w, https:\/\/www.editorialdagon.es\/wp-content\/uploads\/2024\/08\/Portadas-Word-Press-2024_Pagina_063.jpg 1316w\" sizes=\"auto, (max-width: 653px) 100vw, 653px\" \/><\/figure><div class=\"wp-block-media-text__content\">\n<p><strong><a href=\"http:\/\/www.editorialdagon.es\/index.php\/autores\/mario-roso-de-luna\/\" data-type=\"page\" data-id=\"1120\">MARIO ROSO DE LUNA<\/a><\/strong><\/p>\n\n\n\n<p>A\u00f1o de edici\u00f3n: 2022<\/p>\n\n\n\n<p>ISBN: 9788412508499<\/p>\n\n\n\n<p>P\u00e1ginas: 558<\/p>\n\n\n\n<p>Precio: <strong>24\u00a0\u20ac<\/strong><\/p>\n\n\n\n<p>Puedes comprarlo en formato PDF. Contacta con el <a href=\"editor@editorialdagon.es\">Editor<\/a><\/p>\n\n\n\n<p>Fragmento: <em><a href=\"https:\/\/1drv.ms\/b\/s!AvQngI1KR5TfurZ-FLDlKwrsaBiEDA?e=WN4JHP\">En el Umbral del Misterio<\/a><\/em><\/p>\n\n\n\n<p>Contacto: <em><a href=\"mailto:editor@editorialdagon.es\">editor@editorialdagon.es<\/a><\/em><\/p>\n<\/div><\/div>\n\n\n\n<p><strong>SINOPSIS<\/strong><\/p>\n\n\n\n<p>Reeditamos este libro bajo el sello de la Editorial Dag\u00f3n. En \u00e9l, Roso re\u00fane numerosos art\u00edculos, enfrentando Ciencia y Teosof\u00eda, aunque en realidad muestra su propio&nbsp;conflicto interior, que destaca con el t\u00edtulo del libro, no elegido al azar, pues en aquel momento (este libro tuvo una 1\u00aa edici\u00f3n en 1909 y una 2\u00aa en 1921&nbsp;considerablemente aumentada) Roso se consideraba \u00abEn el umbral del misterio\u00bb, a las \u00abpuertas\u00bb de ese misterio que era la TEOSOFIA, y que le llev\u00f3 toda su vida&nbsp;desentra\u00f1ar.<\/p>\n\n\n\n<p><strong>BOOKTRAILER<\/strong><\/p>\n\n\n\n<figure class=\"wp-block-embed aligncenter is-type-video is-provider-youtube wp-block-embed-youtube wp-embed-aspect-16-9 wp-has-aspect-ratio\"><div class=\"wp-block-embed__wrapper\">\n<div class=\"ast-oembed-container \" style=\"height: 100%;\"><iframe loading=\"lazy\" title=\"Book Trailer Roso Umbral Martir\" width=\"500\" height=\"281\" src=\"https:\/\/www.youtube.com\/embed\/O68bWYC1pbg?feature=oembed\" frameborder=\"0\" allow=\"accelerometer; autoplay; clipboard-write; encrypted-media; gyroscope; picture-in-picture; web-share\" referrerpolicy=\"strict-origin-when-cross-origin\" allowfullscreen><\/iframe><\/div>\n<\/div><\/figure>\n","protected":false},"excerpt":{"rendered":"<p>MARIO ROSO DE LUNA A\u00f1o de edici\u00f3n: 2022 ISBN: 9788412508499 P\u00e1ginas: 558 Precio: 24\u00a0\u20ac Puedes comprarlo en formato PDF. Contacta [&hellip;]<\/p>\n","protected":false},"author":1,"featured_media":0,"parent":291,"menu_order":0,"comment_status":"closed","ping_status":"closed","template":"","meta":{"site-sidebar-layout":"default","site-content-layout":"","ast-site-content-layout":"default","site-content-style":"default","site-sidebar-style":"default","ast-global-header-display":"","ast-banner-title-visibility":"","ast-main-header-display":"","ast-hfb-above-header-display":"","ast-hfb-below-header-display":"","ast-hfb-mobile-header-display":"","site-post-title":"","ast-breadcrumbs-content":"","ast-featured-img":"","footer-sml-layout":"","theme-transparent-header-meta":"","adv-header-id-meta":"","stick-header-meta":"","header-above-stick-meta":"","header-main-stick-meta":"","header-below-stick-meta":"","astra-migrate-meta-layouts":"default","ast-page-background-enabled":"default","ast-page-background-meta":{"desktop":{"background-color":"var(--ast-global-color-5)","background-image":"","background-repeat":"repeat","background-position":"center center","background-size":"auto","background-attachment":"scroll","background-type":"","background-media":"","overlay-type":"","overlay-color":"","overlay-opacity":"","overlay-gradient":""},"tablet":{"background-color":"","background-image":"","background-repeat":"repeat","background-position":"center center","background-size":"auto","background-attachment":"scroll","background-type":"","background-media":"","overlay-type":"","overlay-color":"","overlay-opacity":"","overlay-gradient":""},"mobile":{"background-color":"","background-image":"","background-repeat":"repeat","background-position":"center center","background-size":"auto","background-attachment":"scroll","background-type":"","background-media":"","overlay-type":"","overlay-color":"","overlay-opacity":"","overlay-gradient":""}},"ast-content-background-meta":{"desktop":{"background-color":"var(--ast-global-color-4)","background-image":"","background-repeat":"repeat","background-position":"center center","background-size":"auto","background-attachment":"scroll","background-type":"","background-media":"","overlay-type":"","overlay-color":"","overlay-opacity":"","overlay-gradient":""},"tablet":{"background-color":"var(--ast-global-color-4)","background-image":"","background-repeat":"repeat","background-position":"center center","background-size":"auto","background-attachment":"scroll","background-type":"","background-media":"","overlay-type":"","overlay-color":"","overlay-opacity":"","overlay-gradient":""},"mobile":{"background-color":"var(--ast-global-color-4)","background-image":"","background-repeat":"repeat","background-position":"center center","background-size":"auto","background-attachment":"scroll","background-type":"","background-media":"","overlay-type":"","overlay-color":"","overlay-opacity":"","overlay-gradient":""}},"footnotes":""},"class_list":["post-752","page","type-page","status-publish","hentry"],"_links":{"self":[{"href":"https:\/\/www.editorialdagon.es\/index.php\/wp-json\/wp\/v2\/pages\/752","targetHints":{"allow":["GET"]}}],"collection":[{"href":"https:\/\/www.editorialdagon.es\/index.php\/wp-json\/wp\/v2\/pages"}],"about":[{"href":"https:\/\/www.editorialdagon.es\/index.php\/wp-json\/wp\/v2\/types\/page"}],"author":[{"embeddable":true,"href":"https:\/\/www.editorialdagon.es\/index.php\/wp-json\/wp\/v2\/users\/1"}],"replies":[{"embeddable":true,"href":"https:\/\/www.editorialdagon.es\/index.php\/wp-json\/wp\/v2\/comments?post=752"}],"version-history":[{"count":12,"href":"https:\/\/www.editorialdagon.es\/index.php\/wp-json\/wp\/v2\/pages\/752\/revisions"}],"predecessor-version":[{"id":3768,"href":"https:\/\/www.editorialdagon.es\/index.php\/wp-json\/wp\/v2\/pages\/752\/revisions\/3768"}],"up":[{"embeddable":true,"href":"https:\/\/www.editorialdagon.es\/index.php\/wp-json\/wp\/v2\/pages\/291"}],"wp:attachment":[{"href":"https:\/\/www.editorialdagon.es\/index.php\/wp-json\/wp\/v2\/media?parent=752"}],"curies":[{"name":"wp","href":"https:\/\/api.w.org\/{rel}","templated":true}]}}