{"id":758,"date":"2024-08-07T19:04:03","date_gmt":"2024-08-07T19:04:03","guid":{"rendered":"http:\/\/www.editorialdagon.es\/?page_id=758"},"modified":"2026-04-25T11:45:33","modified_gmt":"2026-04-25T11:45:33","slug":"m-roso-de-luna-el-tibet-y-la-teosofia","status":"publish","type":"page","link":"https:\/\/www.editorialdagon.es\/index.php\/obras\/m-roso-de-luna-el-tibet-y-la-teosofia\/","title":{"rendered":"M. ROSO DE LUNA &#8211; El T\u00edbet y la Teosofia"},"content":{"rendered":"\n<div class=\"wp-block-media-text is-stacked-on-mobile\" style=\"grid-template-columns:30% auto\"><figure class=\"wp-block-media-text__media\"><img loading=\"lazy\" decoding=\"async\" width=\"653\" height=\"1024\" src=\"http:\/\/www.editorialdagon.es\/wp-content\/uploads\/2024\/08\/Portadas-Word-Press-2024_Pagina_059-653x1024.jpg\" alt=\"\" class=\"wp-image-959 size-full\" srcset=\"https:\/\/www.editorialdagon.es\/wp-content\/uploads\/2024\/08\/Portadas-Word-Press-2024_Pagina_059-653x1024.jpg 653w, https:\/\/www.editorialdagon.es\/wp-content\/uploads\/2024\/08\/Portadas-Word-Press-2024_Pagina_059-191x300.jpg 191w, https:\/\/www.editorialdagon.es\/wp-content\/uploads\/2024\/08\/Portadas-Word-Press-2024_Pagina_059-768x1204.jpg 768w, https:\/\/www.editorialdagon.es\/wp-content\/uploads\/2024\/08\/Portadas-Word-Press-2024_Pagina_059-980x1536.jpg 980w, https:\/\/www.editorialdagon.es\/wp-content\/uploads\/2024\/08\/Portadas-Word-Press-2024_Pagina_059-1306x2048.jpg 1306w, https:\/\/www.editorialdagon.es\/wp-content\/uploads\/2024\/08\/Portadas-Word-Press-2024_Pagina_059-1140x1787.jpg 1140w, https:\/\/www.editorialdagon.es\/wp-content\/uploads\/2024\/08\/Portadas-Word-Press-2024_Pagina_059.jpg 1316w\" sizes=\"auto, (max-width: 653px) 100vw, 653px\" \/><\/figure><div class=\"wp-block-media-text__content\">\n<p><strong><a href=\"http:\/\/www.editorialdagon.es\/index.php\/autores\/mario-roso-de-luna\/\" data-type=\"page\" data-id=\"1120\">MARIO ROSO DE LUNA<\/a><\/strong><br>A\u00f1o de edici\u00f3n: 2023<br>ISBN: 9788412508444<br>P\u00e1ginas: 448<br>Precio B&amp;N: <strong>27\u00a0\u20ac<\/strong><br>Precio color: <strong>29\u00a0\u20ac<\/strong><br>Puedes comprarlo en formato PDF. <a href=\"editor@editorialdagon.es\"><em>Contacta con el Editor<\/em><\/a><br>Fragmento: <em><a href=\"https:\/\/1drv.ms\/b\/s!AvQngI1KR5TfvOQjHtSESvrbjKzAwg?e=v1iw3d\">El T\u00edbet y la Teosofia<\/a><\/em><br>Contacto: <em><a href=\"mailto:editor@editorialdagon.es\">editor@editorialdagon.es<\/a><\/em><\/p>\n\n\n\n<p class=\"has-vivid-red-color has-text-color has-link-color wp-elements-e9f12c5fb55ed0bf889256d25ec20280\"><strong>NOTA<\/strong>: la versi\u00f3n b\u00e1sica que se vende en diversos lugares no tiene im\u00e1genes en color. Pero puede conseguir una versi\u00f3n en color pidi\u00e9ndola directamente a la Editorial.<\/p>\n<\/div><\/div>\n\n\n\n<p><strong>SINOPSIS<\/strong><\/p>\n\n\n\n<p>Esta es la historia de un libro perdido: EL T\u00cdBET Y LA TEOSOF\u00cdA, el \u00faltimo libro de Mario Roso de Luna (Logros\u00e1n 1872), que no pudo terminar al morir en Madrid el 8 de noviembre de 1931.<br>Durante decenios, de esta obra inacabada solo ten\u00edamos 19 cap\u00edtulos, publicados por entregas en la revista EL LOTO BLANCO, pero nada se sab\u00eda del resto. Sin embargo, su \u00edntimo y fiel amigo, Henri-<br>que Jos\u00e9 de Souza, fundador de la Sociedad Teos\u00f3fica Brasile\u00f1a, recogi\u00f3 su legado y concluy\u00f3, con gran esfuerzo y dedicaci\u00f3n, lo que faltaba del libro en base a los papeles que le enviaron sus hijos, Ismael y Sara. Pero lo hizo en portugu\u00e9s, y nunca, hasta ahora, se hab\u00eda traducido el libro, completo, al castellano.<br>Por lo tanto, esta obra es \u00ab\u00fanica e hist\u00f3rica\u00bb; porque es la \u00faltima obra del \u00abte\u00f3sofo y atene\u00edsta\u00bb Mario Roso de Luna, y porque es la primera vez que se publica integra en castellano.<br>Adem\u00e1s, siguiendo el precepto de UNIDAD y FRATERNIDAD \u2013que tanto difundi\u00f3 y predic\u00f3 Don Mario con el ejemplo, la recuperaci\u00f3n, traducci\u00f3n y publicaci\u00f3n del libro ha sido una \u00abobra colectiva\u00bb, implicando a colaboradores de Am\u00e9rica, Portugal y Espa\u00f1a.<br>En sus p\u00e1ginas, guiados por la pluma magistral de Roso, su conocimiento enciclop\u00e9dico, su intuici\u00f3n, las ense\u00f1anzas de su maestra Helena Petrovna Blavatsky y las aventuras de la francesa Alexandra David-Neel (de las primeras mujeres que entraron en el T\u00edbet prohibido), viajaremos por esas tierras de mitos, leyendas, y, sobre todo, donde la Sabidur\u00eda Primordial a\u00fan hoy se custodia en sus templos y ashraam. Un libro lleno de coloridos paisajes, an\u00e9cdotas maravillosas y la magia siempre presente de \u00abEl Pa\u00eds de las Nieves\u00bb.&nbsp;<\/p>\n\n\n\n<p><strong>BOOKTRAILER<\/strong><\/p>\n\n\n\n<figure class=\"wp-block-embed aligncenter is-type-video is-provider-youtube wp-block-embed-youtube wp-embed-aspect-16-9 wp-has-aspect-ratio\"><div class=\"wp-block-embed__wrapper\">\n<div class=\"ast-oembed-container \" style=\"height: 100%;\"><iframe loading=\"lazy\" title=\"Mario Roso de Luna - El T\u00edbet y la Teosof\u00eda\" width=\"500\" height=\"281\" src=\"https:\/\/www.youtube.com\/embed\/AKXH7wYiLAw?feature=oembed\" frameborder=\"0\" allow=\"accelerometer; autoplay; clipboard-write; encrypted-media; gyroscope; picture-in-picture; web-share\" referrerpolicy=\"strict-origin-when-cross-origin\" allowfullscreen><\/iframe><\/div>\n<\/div><\/figure>\n\n\n\n<p><strong>PRESENTACI\u00d3N:<\/strong><\/p>\n\n\n\n<figure class=\"wp-block-embed aligncenter is-type-video is-provider-youtube wp-block-embed-youtube wp-embed-aspect-16-9 wp-has-aspect-ratio\"><div class=\"wp-block-embed__wrapper\">\n<div class=\"ast-oembed-container \" style=\"height: 100%;\"><iframe loading=\"lazy\" title=\"PRESENTACIO\u0301N - MARIO ROSO DE LUNA - EL TI\u0301BET Y LA TEOSOF\u00cdA\" width=\"500\" height=\"281\" src=\"https:\/\/www.youtube.com\/embed\/TLN2qG5o-F4?feature=oembed\" frameborder=\"0\" allow=\"accelerometer; autoplay; clipboard-write; encrypted-media; gyroscope; picture-in-picture; web-share\" referrerpolicy=\"strict-origin-when-cross-origin\" allowfullscreen><\/iframe><\/div>\n<\/div><\/figure>\n","protected":false},"excerpt":{"rendered":"<p>MARIO ROSO DE LUNAA\u00f1o de edici\u00f3n: 2023ISBN: 9788412508444P\u00e1ginas: 448Precio B&amp;N: 27\u00a0\u20acPrecio color: 29\u00a0\u20acPuedes comprarlo en formato PDF. Contacta con el [&hellip;]<\/p>\n","protected":false},"author":1,"featured_media":0,"parent":291,"menu_order":0,"comment_status":"closed","ping_status":"closed","template":"","meta":{"site-sidebar-layout":"default","site-content-layout":"","ast-site-content-layout":"default","site-content-style":"default","site-sidebar-style":"default","ast-global-header-display":"","ast-banner-title-visibility":"","ast-main-header-display":"","ast-hfb-above-header-display":"","ast-hfb-below-header-display":"","ast-hfb-mobile-header-display":"","site-post-title":"","ast-breadcrumbs-content":"","ast-featured-img":"","footer-sml-layout":"","theme-transparent-header-meta":"","adv-header-id-meta":"","stick-header-meta":"","header-above-stick-meta":"","header-main-stick-meta":"","header-below-stick-meta":"","astra-migrate-meta-layouts":"default","ast-page-background-enabled":"default","ast-page-background-meta":{"desktop":{"background-color":"var(--ast-global-color-5)","background-image":"","background-repeat":"repeat","background-position":"center center","background-size":"auto","background-attachment":"scroll","background-type":"","background-media":"","overlay-type":"","overlay-color":"","overlay-opacity":"","overlay-gradient":""},"tablet":{"background-color":"","background-image":"","background-repeat":"repeat","background-position":"center center","background-size":"auto","background-attachment":"scroll","background-type":"","background-media":"","overlay-type":"","overlay-color":"","overlay-opacity":"","overlay-gradient":""},"mobile":{"background-color":"","background-image":"","background-repeat":"repeat","background-position":"center center","background-size":"auto","background-attachment":"scroll","background-type":"","background-media":"","overlay-type":"","overlay-color":"","overlay-opacity":"","overlay-gradient":""}},"ast-content-background-meta":{"desktop":{"background-color":"var(--ast-global-color-4)","background-image":"","background-repeat":"repeat","background-position":"center center","background-size":"auto","background-attachment":"scroll","background-type":"","background-media":"","overlay-type":"","overlay-color":"","overlay-opacity":"","overlay-gradient":""},"tablet":{"background-color":"var(--ast-global-color-4)","background-image":"","background-repeat":"repeat","background-position":"center center","background-size":"auto","background-attachment":"scroll","background-type":"","background-media":"","overlay-type":"","overlay-color":"","overlay-opacity":"","overlay-gradient":""},"mobile":{"background-color":"var(--ast-global-color-4)","background-image":"","background-repeat":"repeat","background-position":"center center","background-size":"auto","background-attachment":"scroll","background-type":"","background-media":"","overlay-type":"","overlay-color":"","overlay-opacity":"","overlay-gradient":""}},"footnotes":""},"class_list":["post-758","page","type-page","status-publish","hentry"],"_links":{"self":[{"href":"https:\/\/www.editorialdagon.es\/index.php\/wp-json\/wp\/v2\/pages\/758","targetHints":{"allow":["GET"]}}],"collection":[{"href":"https:\/\/www.editorialdagon.es\/index.php\/wp-json\/wp\/v2\/pages"}],"about":[{"href":"https:\/\/www.editorialdagon.es\/index.php\/wp-json\/wp\/v2\/types\/page"}],"author":[{"embeddable":true,"href":"https:\/\/www.editorialdagon.es\/index.php\/wp-json\/wp\/v2\/users\/1"}],"replies":[{"embeddable":true,"href":"https:\/\/www.editorialdagon.es\/index.php\/wp-json\/wp\/v2\/comments?post=758"}],"version-history":[{"count":16,"href":"https:\/\/www.editorialdagon.es\/index.php\/wp-json\/wp\/v2\/pages\/758\/revisions"}],"predecessor-version":[{"id":3922,"href":"https:\/\/www.editorialdagon.es\/index.php\/wp-json\/wp\/v2\/pages\/758\/revisions\/3922"}],"up":[{"embeddable":true,"href":"https:\/\/www.editorialdagon.es\/index.php\/wp-json\/wp\/v2\/pages\/291"}],"wp:attachment":[{"href":"https:\/\/www.editorialdagon.es\/index.php\/wp-json\/wp\/v2\/media?parent=758"}],"curies":[{"name":"wp","href":"https:\/\/api.w.org\/{rel}","templated":true}]}}