{"id":764,"date":"2024-08-07T19:05:18","date_gmt":"2024-08-07T19:05:18","guid":{"rendered":"http:\/\/www.editorialdagon.es\/?page_id=764"},"modified":"2026-04-25T11:42:56","modified_gmt":"2026-04-25T11:42:56","slug":"m-roso-de-luna-simbologia-arcaica","status":"publish","type":"page","link":"https:\/\/www.editorialdagon.es\/index.php\/obras\/m-roso-de-luna-simbologia-arcaica\/","title":{"rendered":"M. ROSO DE LUNA &#8211; Simbolog\u00eda Arcaica"},"content":{"rendered":"\n<div class=\"wp-block-media-text is-stacked-on-mobile\" style=\"grid-template-columns:30% auto\"><figure class=\"wp-block-media-text__media\"><img loading=\"lazy\" decoding=\"async\" width=\"653\" height=\"1024\" src=\"http:\/\/www.editorialdagon.es\/wp-content\/uploads\/2024\/08\/Portadas-Word-Press-2024_Pagina_058-653x1024.jpg\" alt=\"\" class=\"wp-image-946 size-full\" srcset=\"https:\/\/www.editorialdagon.es\/wp-content\/uploads\/2024\/08\/Portadas-Word-Press-2024_Pagina_058-653x1024.jpg 653w, https:\/\/www.editorialdagon.es\/wp-content\/uploads\/2024\/08\/Portadas-Word-Press-2024_Pagina_058-191x300.jpg 191w, https:\/\/www.editorialdagon.es\/wp-content\/uploads\/2024\/08\/Portadas-Word-Press-2024_Pagina_058-768x1204.jpg 768w, https:\/\/www.editorialdagon.es\/wp-content\/uploads\/2024\/08\/Portadas-Word-Press-2024_Pagina_058-980x1536.jpg 980w, https:\/\/www.editorialdagon.es\/wp-content\/uploads\/2024\/08\/Portadas-Word-Press-2024_Pagina_058-1306x2048.jpg 1306w, https:\/\/www.editorialdagon.es\/wp-content\/uploads\/2024\/08\/Portadas-Word-Press-2024_Pagina_058-1140x1787.jpg 1140w, https:\/\/www.editorialdagon.es\/wp-content\/uploads\/2024\/08\/Portadas-Word-Press-2024_Pagina_058.jpg 1316w\" sizes=\"auto, (max-width: 653px) 100vw, 653px\" \/><\/figure><div class=\"wp-block-media-text__content\">\n<p><strong><a href=\"http:\/\/www.editorialdagon.es\/index.php\/autores\/mario-roso-de-luna\/\" data-type=\"page\" data-id=\"1120\">MARIO ROSO DE LUNA<\/a><\/strong><\/p>\n\n\n\n<p>A\u00f1o de edici\u00f3n: 2023<\/p>\n\n\n\n<p>ISBN: 9788412508437<\/p>\n\n\n\n<p>P\u00e1ginas: 494<\/p>\n\n\n\n<p>Precio: <strong>29\u00a0\u20ac<\/strong><\/p>\n\n\n\n<p>Puedes comprarlo en formato PDF. Contacta con el <a href=\"editor@editorialdagon.es\">Editor<\/a><\/p>\n\n\n\n<p>Fragmento: <em><a href=\"https:\/\/1drv.ms\/b\/s!AvQngI1KR5TfvOQjHtSESvrbjKzAwg?e=v1iw3d\">Simbolog\u00eda Arcaica<\/a><\/em><\/p>\n\n\n\n<p>Contacto: <em><a href=\"mailto:editor@editorialdagon.es\">editor@editorialdagon.es<\/a><\/em><\/p>\n<\/div><\/div>\n\n\n\n<p><strong>SINOPSIS<\/strong><\/p>\n\n\n\n<p>El lector est\u00e1 delante de una obra, \u00abSimbolog\u00eda Arcaica\u00bb, que vuelve a ver la luz impresa en papel, despu\u00e9s de que el ilustre Te\u00f3sofo Don Mario Roso de Luna la publicara por primera vez en 1921.<br>El presente trabajo de reedici\u00f3n es parte de la labor divulgativa que de manera entusiasta est\u00e1 llevando a cabo el Proyecto \u00abCompiladores de la Obra de Don Mario Roso de Luna\u00bb, que a\u00fana a miembros del Grupo de Estudios Teos\u00f3ficos de Valencia con estudiantes de la Sabidur\u00eda Antigua de todo el mundo, con el objeto de recuperar y difundir la memoria y las obras de este ilustre extreme\u00f1o.<br>Esta memoria y el conjunto total de su obra son de tal envergadura que no la debemos ni obviar ni olvidar; as\u00ed, todo sincero Te\u00f3sofo o estudiante del Saber Perenne, de habla hispana, se enfrenta a la responsabilidad de consultar, estudiar, citar y, en la medida de sus posibilidades, difundir el mensaje y el pensamiento del que fue una de las personas con mayor preparaci\u00f3n intelectual y cient\u00edfica de toda la Generaci\u00f3n del 98.<br>\u00abSimbolog\u00eda Arcaica\u00bb puede ser un buen compa\u00f1ero de estudio, ya que clarifica y reagrupa en temas, la colosal exposici\u00f3n de ideas expresadas en \u00abLa Doctrina Secreta\u00bb, que bajo el m\u00e9todo ecl\u00e9ctico anal\u00f3gico, nos va a ir desvelando la historia, la importancia y la raz\u00f3n del S\u00cdMBOLO en la evoluci\u00f3n C\u00f3smica y Humana.&nbsp;<\/p>\n\n\n\n<p><strong>BOOKTRAILER<\/strong><\/p>\n\n\n\n<figure class=\"wp-block-embed is-type-video is-provider-youtube wp-block-embed-youtube wp-embed-aspect-16-9 wp-has-aspect-ratio\"><div class=\"wp-block-embed__wrapper\">\n<div class=\"ast-oembed-container \" style=\"height: 100%;\"><iframe loading=\"lazy\" title=\"Simbologia Arcaica de Roso de Luna - Martin Leiderman\" width=\"500\" height=\"281\" src=\"https:\/\/www.youtube.com\/embed\/jURWUV13CI0?feature=oembed\" frameborder=\"0\" allow=\"accelerometer; autoplay; clipboard-write; encrypted-media; gyroscope; picture-in-picture; web-share\" referrerpolicy=\"strict-origin-when-cross-origin\" allowfullscreen><\/iframe><\/div>\n<\/div><\/figure>\n","protected":false},"excerpt":{"rendered":"<p>MARIO ROSO DE LUNA A\u00f1o de edici\u00f3n: 2023 ISBN: 9788412508437 P\u00e1ginas: 494 Precio: 29\u00a0\u20ac Puedes comprarlo en formato PDF. Contacta [&hellip;]<\/p>\n","protected":false},"author":1,"featured_media":0,"parent":291,"menu_order":0,"comment_status":"closed","ping_status":"closed","template":"","meta":{"site-sidebar-layout":"default","site-content-layout":"","ast-site-content-layout":"default","site-content-style":"default","site-sidebar-style":"default","ast-global-header-display":"","ast-banner-title-visibility":"","ast-main-header-display":"","ast-hfb-above-header-display":"","ast-hfb-below-header-display":"","ast-hfb-mobile-header-display":"","site-post-title":"","ast-breadcrumbs-content":"","ast-featured-img":"","footer-sml-layout":"","theme-transparent-header-meta":"","adv-header-id-meta":"","stick-header-meta":"","header-above-stick-meta":"","header-main-stick-meta":"","header-below-stick-meta":"","astra-migrate-meta-layouts":"default","ast-page-background-enabled":"default","ast-page-background-meta":{"desktop":{"background-color":"var(--ast-global-color-5)","background-image":"","background-repeat":"repeat","background-position":"center center","background-size":"auto","background-attachment":"scroll","background-type":"","background-media":"","overlay-type":"","overlay-color":"","overlay-opacity":"","overlay-gradient":""},"tablet":{"background-color":"","background-image":"","background-repeat":"repeat","background-position":"center center","background-size":"auto","background-attachment":"scroll","background-type":"","background-media":"","overlay-type":"","overlay-color":"","overlay-opacity":"","overlay-gradient":""},"mobile":{"background-color":"","background-image":"","background-repeat":"repeat","background-position":"center center","background-size":"auto","background-attachment":"scroll","background-type":"","background-media":"","overlay-type":"","overlay-color":"","overlay-opacity":"","overlay-gradient":""}},"ast-content-background-meta":{"desktop":{"background-color":"var(--ast-global-color-4)","background-image":"","background-repeat":"repeat","background-position":"center center","background-size":"auto","background-attachment":"scroll","background-type":"","background-media":"","overlay-type":"","overlay-color":"","overlay-opacity":"","overlay-gradient":""},"tablet":{"background-color":"var(--ast-global-color-4)","background-image":"","background-repeat":"repeat","background-position":"center center","background-size":"auto","background-attachment":"scroll","background-type":"","background-media":"","overlay-type":"","overlay-color":"","overlay-opacity":"","overlay-gradient":""},"mobile":{"background-color":"var(--ast-global-color-4)","background-image":"","background-repeat":"repeat","background-position":"center center","background-size":"auto","background-attachment":"scroll","background-type":"","background-media":"","overlay-type":"","overlay-color":"","overlay-opacity":"","overlay-gradient":""}},"footnotes":""},"class_list":["post-764","page","type-page","status-publish","hentry"],"_links":{"self":[{"href":"https:\/\/www.editorialdagon.es\/index.php\/wp-json\/wp\/v2\/pages\/764","targetHints":{"allow":["GET"]}}],"collection":[{"href":"https:\/\/www.editorialdagon.es\/index.php\/wp-json\/wp\/v2\/pages"}],"about":[{"href":"https:\/\/www.editorialdagon.es\/index.php\/wp-json\/wp\/v2\/types\/page"}],"author":[{"embeddable":true,"href":"https:\/\/www.editorialdagon.es\/index.php\/wp-json\/wp\/v2\/users\/1"}],"replies":[{"embeddable":true,"href":"https:\/\/www.editorialdagon.es\/index.php\/wp-json\/wp\/v2\/comments?post=764"}],"version-history":[{"count":15,"href":"https:\/\/www.editorialdagon.es\/index.php\/wp-json\/wp\/v2\/pages\/764\/revisions"}],"predecessor-version":[{"id":3918,"href":"https:\/\/www.editorialdagon.es\/index.php\/wp-json\/wp\/v2\/pages\/764\/revisions\/3918"}],"up":[{"embeddable":true,"href":"https:\/\/www.editorialdagon.es\/index.php\/wp-json\/wp\/v2\/pages\/291"}],"wp:attachment":[{"href":"https:\/\/www.editorialdagon.es\/index.php\/wp-json\/wp\/v2\/media?parent=764"}],"curies":[{"name":"wp","href":"https:\/\/api.w.org\/{rel}","templated":true}]}}