{"id":768,"date":"2024-08-07T19:07:45","date_gmt":"2024-08-07T19:07:45","guid":{"rendered":"http:\/\/www.editorialdagon.es\/?page_id=768"},"modified":"2026-03-18T12:57:31","modified_gmt":"2026-03-18T12:57:31","slug":"hiperborea-el-loto-tras-el-muro","status":"publish","type":"page","link":"https:\/\/www.editorialdagon.es\/index.php\/obras\/hiperborea-el-loto-tras-el-muro\/","title":{"rendered":"HIPERB\u00d3REA &#8211; El Loto tras el Muro"},"content":{"rendered":"\n<div class=\"wp-block-media-text is-stacked-on-mobile\" style=\"grid-template-columns:30% auto\"><figure class=\"wp-block-media-text__media\"><img loading=\"lazy\" decoding=\"async\" width=\"579\" height=\"888\" src=\"https:\/\/www.editorialdagon.es\/wp-content\/uploads\/2025\/06\/Portadas-Loto.png\" alt=\"\" class=\"wp-image-2582 size-full\" srcset=\"https:\/\/www.editorialdagon.es\/wp-content\/uploads\/2025\/06\/Portadas-Loto.png 579w, https:\/\/www.editorialdagon.es\/wp-content\/uploads\/2025\/06\/Portadas-Loto-196x300.png 196w\" sizes=\"auto, (max-width: 579px) 100vw, 579px\" \/><\/figure><div class=\"wp-block-media-text__content\">\n<p><strong><a href=\"http:\/\/www.editorialdagon.es\/index.php\/autores\/hiperborea\/\" data-type=\"page\" data-id=\"1142\">JOS\u00c9 RUBIO &amp; JOS\u00c9 MIGUEL CUESTA PUERTAS<\/a>\u00a0<\/strong><br>A\u00f1o de edici\u00f3n:\u00a02025<br>ISBN: 9788412509618<br>P\u00e1ginas: 118<br>Precio B&amp;N: <strong>14\u00a0\u20ac<\/strong><br>Precio color: <strong>17\u00a0\u20ac<\/strong><br>Puedes comprarlo en formato PDF. <a href=\"editor@editorialdagon.es\"><em>Contacta con el Editor<\/em><\/a><br>Fragmento: <em><a href=\"https:\/\/1drv.ms\/b\/c\/df94474a8d8027f4\/EfQngI1KR5QggN-_bQ8AAAABx9wDP4j4C9xxs2gy_6nobQ?e=M0qDMA\">El Loto tras el Muro<\/a><\/em>Contacto: <a href=\"mailto:editor@editorialdagon.es\"><em>editor@editorialdagon.es<\/em><\/a><\/p>\n\n\n\n<p class=\"has-vivid-red-color has-text-color has-link-color wp-elements-e9f12c5fb55ed0bf889256d25ec20280\"><strong>NOTA<\/strong>: la versi\u00f3n b\u00e1sica que se vende en diversos lugares no tiene im\u00e1genes en color. Pero puede conseguir una versi\u00f3n en color pidi\u00e9ndola directamente a la Editorial.<\/p>\n<\/div><\/div>\n\n\n\n<p><strong>SINOPSIS<\/strong><br><em>El Loto tras el Muro<\/em> es una historia de magia y aventuras situada en el tiempo de la invasi\u00f3n hicsa de Egipto. El pueblo hicso, bajo las \u00f3rdenes de Salitis, ultima los preparativos para invadir la ciudad de Tebas, gobernada por el rey Kamose.&nbsp;<br>Egipto no est\u00e1 preparado para resistir una batalla de tales dimensiones, pues en los \u00faltimos tiempos ha vivido de espaldas al arte de la guerra. Por ello, el rey Kamose, ante la evidencia de la derrota, decide pedir ayuda a los dioses a trav\u00e9s de los grandes sacerdotes del templo de Am\u00f3n, que son los \u00fanicos que pueden salvar a su pueblo de la destrucci\u00f3n.&nbsp;<br>Mientras tanto, el joven disc\u00edpulo Men-Ka, aspirante a mago de Tebas, vive ajeno a las cuestiones pol\u00edticas enfrascado en la prueba del \u00abLoto tras el Muro\u00bb hasta que, por voluntad divina, su destino tomar\u00e1 un rumbo inesperado.&nbsp;<br>En las p\u00e1ginas de este relato, el lector podr\u00e1 adentrarse por escenarios hist\u00f3ricos de leyendas ancestrales, que avivan el inter\u00e9s de los j\u00f3venes por la Historia al recorrer caminos repletos de fantas\u00eda, creatividad e ilusi\u00f3n, desde donde se les provoca constantemente para que contin\u00faen viajando junto a sus personajes m\u00edticos.<\/p>\n\n\n\n<p><strong>BOOKTRAILER<\/strong><\/p>\n\n\n\n<figure class=\"wp-block-embed is-type-video is-provider-youtube wp-block-embed-youtube wp-embed-aspect-16-9 wp-has-aspect-ratio\"><div class=\"wp-block-embed__wrapper\">\n<div class=\"ast-oembed-container \" style=\"height: 100%;\"><iframe loading=\"lazy\" title=\"Book Trailer - El Loto tras el Muro\" width=\"500\" height=\"281\" src=\"https:\/\/www.youtube.com\/embed\/z1tLuUxeGQ4?feature=oembed\" frameborder=\"0\" allow=\"accelerometer; autoplay; clipboard-write; encrypted-media; gyroscope; picture-in-picture; web-share\" referrerpolicy=\"strict-origin-when-cross-origin\" allowfullscreen><\/iframe><\/div>\n<\/div><\/figure>\n\n\n\n<figure class=\"wp-block-image size-large\"><img loading=\"lazy\" decoding=\"async\" width=\"1024\" height=\"798\" src=\"https:\/\/www.editorialdagon.es\/wp-content\/uploads\/2024\/10\/Captura-de-pantalla-2024-10-19-a-las-8.02.26-1024x798.jpg\" alt=\"\" class=\"wp-image-2239\" srcset=\"https:\/\/www.editorialdagon.es\/wp-content\/uploads\/2024\/10\/Captura-de-pantalla-2024-10-19-a-las-8.02.26-1024x798.jpg 1024w, https:\/\/www.editorialdagon.es\/wp-content\/uploads\/2024\/10\/Captura-de-pantalla-2024-10-19-a-las-8.02.26-300x234.jpg 300w, https:\/\/www.editorialdagon.es\/wp-content\/uploads\/2024\/10\/Captura-de-pantalla-2024-10-19-a-las-8.02.26-768x598.jpg 768w, https:\/\/www.editorialdagon.es\/wp-content\/uploads\/2024\/10\/Captura-de-pantalla-2024-10-19-a-las-8.02.26-1536x1196.jpg 1536w, https:\/\/www.editorialdagon.es\/wp-content\/uploads\/2024\/10\/Captura-de-pantalla-2024-10-19-a-las-8.02.26-2048x1595.jpg 2048w, https:\/\/www.editorialdagon.es\/wp-content\/uploads\/2024\/10\/Captura-de-pantalla-2024-10-19-a-las-8.02.26-1140x888.jpg 1140w\" sizes=\"auto, (max-width: 1024px) 100vw, 1024px\" \/><\/figure>\n","protected":false},"excerpt":{"rendered":"<p>JOS\u00c9 RUBIO &amp; JOS\u00c9 MIGUEL CUESTA PUERTAS\u00a0A\u00f1o de edici\u00f3n:\u00a02025ISBN: 9788412509618P\u00e1ginas: 118Precio B&amp;N: 14\u00a0\u20acPrecio color: 17\u00a0\u20acPuedes comprarlo en formato PDF. Contacta [&hellip;]<\/p>\n","protected":false},"author":1,"featured_media":0,"parent":291,"menu_order":0,"comment_status":"closed","ping_status":"closed","template":"","meta":{"site-sidebar-layout":"default","site-content-layout":"","ast-site-content-layout":"default","site-content-style":"default","site-sidebar-style":"default","ast-global-header-display":"","ast-banner-title-visibility":"","ast-main-header-display":"","ast-hfb-above-header-display":"","ast-hfb-below-header-display":"","ast-hfb-mobile-header-display":"","site-post-title":"","ast-breadcrumbs-content":"","ast-featured-img":"","footer-sml-layout":"","theme-transparent-header-meta":"","adv-header-id-meta":"","stick-header-meta":"","header-above-stick-meta":"","header-main-stick-meta":"","header-below-stick-meta":"","astra-migrate-meta-layouts":"default","ast-page-background-enabled":"default","ast-page-background-meta":{"desktop":{"background-color":"var(--ast-global-color-5)","background-image":"","background-repeat":"repeat","background-position":"center center","background-size":"auto","background-attachment":"scroll","background-type":"","background-media":"","overlay-type":"","overlay-color":"","overlay-opacity":"","overlay-gradient":""},"tablet":{"background-color":"","background-image":"","background-repeat":"repeat","background-position":"center center","background-size":"auto","background-attachment":"scroll","background-type":"","background-media":"","overlay-type":"","overlay-color":"","overlay-opacity":"","overlay-gradient":""},"mobile":{"background-color":"","background-image":"","background-repeat":"repeat","background-position":"center center","background-size":"auto","background-attachment":"scroll","background-type":"","background-media":"","overlay-type":"","overlay-color":"","overlay-opacity":"","overlay-gradient":""}},"ast-content-background-meta":{"desktop":{"background-color":"var(--ast-global-color-4)","background-image":"","background-repeat":"repeat","background-position":"center center","background-size":"auto","background-attachment":"scroll","background-type":"","background-media":"","overlay-type":"","overlay-color":"","overlay-opacity":"","overlay-gradient":""},"tablet":{"background-color":"var(--ast-global-color-4)","background-image":"","background-repeat":"repeat","background-position":"center center","background-size":"auto","background-attachment":"scroll","background-type":"","background-media":"","overlay-type":"","overlay-color":"","overlay-opacity":"","overlay-gradient":""},"mobile":{"background-color":"var(--ast-global-color-4)","background-image":"","background-repeat":"repeat","background-position":"center center","background-size":"auto","background-attachment":"scroll","background-type":"","background-media":"","overlay-type":"","overlay-color":"","overlay-opacity":"","overlay-gradient":""}},"footnotes":""},"class_list":["post-768","page","type-page","status-publish","hentry"],"_links":{"self":[{"href":"https:\/\/www.editorialdagon.es\/index.php\/wp-json\/wp\/v2\/pages\/768","targetHints":{"allow":["GET"]}}],"collection":[{"href":"https:\/\/www.editorialdagon.es\/index.php\/wp-json\/wp\/v2\/pages"}],"about":[{"href":"https:\/\/www.editorialdagon.es\/index.php\/wp-json\/wp\/v2\/types\/page"}],"author":[{"embeddable":true,"href":"https:\/\/www.editorialdagon.es\/index.php\/wp-json\/wp\/v2\/users\/1"}],"replies":[{"embeddable":true,"href":"https:\/\/www.editorialdagon.es\/index.php\/wp-json\/wp\/v2\/comments?post=768"}],"version-history":[{"count":14,"href":"https:\/\/www.editorialdagon.es\/index.php\/wp-json\/wp\/v2\/pages\/768\/revisions"}],"predecessor-version":[{"id":3697,"href":"https:\/\/www.editorialdagon.es\/index.php\/wp-json\/wp\/v2\/pages\/768\/revisions\/3697"}],"up":[{"embeddable":true,"href":"https:\/\/www.editorialdagon.es\/index.php\/wp-json\/wp\/v2\/pages\/291"}],"wp:attachment":[{"href":"https:\/\/www.editorialdagon.es\/index.php\/wp-json\/wp\/v2\/media?parent=768"}],"curies":[{"name":"wp","href":"https:\/\/api.w.org\/{rel}","templated":true}]}}