{"id":778,"date":"2024-08-07T19:09:40","date_gmt":"2024-08-07T19:09:40","guid":{"rendered":"http:\/\/www.editorialdagon.es\/?page_id=778"},"modified":"2026-04-25T11:01:30","modified_gmt":"2026-04-25T11:01:30","slug":"hiperborea-el-tapiz-eterno","status":"publish","type":"page","link":"https:\/\/www.editorialdagon.es\/index.php\/obras\/hiperborea-el-tapiz-eterno\/","title":{"rendered":"HIPERB\u00d3REA &#8211; El Tapiz Eterno"},"content":{"rendered":"\n<div class=\"wp-block-media-text is-stacked-on-mobile\" style=\"grid-template-columns:30% auto\"><figure class=\"wp-block-media-text__media\"><img loading=\"lazy\" decoding=\"async\" width=\"768\" height=\"1024\" src=\"https:\/\/www.editorialdagon.es\/wp-content\/uploads\/2025\/07\/Portada-Tapiz-Nuevo01.png\" alt=\"\" class=\"wp-image-2677 size-full\" srcset=\"https:\/\/www.editorialdagon.es\/wp-content\/uploads\/2025\/07\/Portada-Tapiz-Nuevo01.png 768w, https:\/\/www.editorialdagon.es\/wp-content\/uploads\/2025\/07\/Portada-Tapiz-Nuevo01-225x300.png 225w\" sizes=\"auto, (max-width: 768px) 100vw, 768px\" \/><\/figure><div class=\"wp-block-media-text__content\">\n<p><strong><a href=\"http:\/\/www.editorialdagon.es\/index.php\/autores\/hiperborea\/\" data-type=\"page\" data-id=\"1142\">JOS\u00c9 RUBIO Y JOS\u00c9 MIGUEL CUESTA<\/a><\/strong><br>A\u00f1o de edici\u00f3n: 2022<br>ISBN: 9788412509656<br>P\u00e1ginas: 298<br>Precio: <strong>24\u00a0\u20ac<\/strong><br>Puedes comprarlo en formato PDF. <a href=\"editor@editorialdagon.es\"><em>Contacta con el Editor<\/em><\/a><br>Fragmento:<em><a href=\"https:\/\/1drv.ms\/b\/s!AvQngI1KR5TfuvsGaK5sNLlwA74zSg?e=dpBJVr\">El Tapiz Eterno<\/a><\/em><br>Contacto: <a href=\"mailto:editor@editorialdagon.es\"><em>editor@editorialdagon.es<\/em><\/a><\/p>\n\n\n\n<p class=\"has-vivid-red-color has-text-color has-link-color wp-elements-e9f12c5fb55ed0bf889256d25ec20280\"><strong>NOTA<\/strong>: la versi\u00f3n b\u00e1sica que se vende en diversos lugares no tiene im\u00e1genes en color. Pero puede conseguir una versi\u00f3n en color pidi\u00e9ndola directamente a la Editorial.<\/p>\n<\/div><\/div>\n\n\n\n<p><strong>SINOPSIS<\/strong><\/p>\n\n\n\n<p>Valencia. Han pasado casi veinte a\u00f1os desde que finalizara la Guerra Civil y, poco a poco, las penurias y privaciones de la posguerra van quedando cada vez m\u00e1s postergadas a un lejano pero terrible recuerdo. Pero las miserias morales perduran; odios, rencillas y cuentas pendientes que no han sido olvidadas. En ese ambiente nos encontramos a Carol Clemente Herv\u00e1s, una joven so\u00f1adora de diecisiete a\u00f1os.Carol un d\u00eda descubre que, por alguna raz\u00f3n que no logra entender, se han despertado en ella una serie de facultades paranormales. Su percepci\u00f3n extrasensorial es la llave que le va a permitir abrir la puerta de grandes secretos. A partir de ese momento su vida se ve envuelta en una vor\u00e1gine de acontecimientos: conspiraciones, tri\u00e1ngulos amorosos, y una lucha centenaria en la que diversas fuerzas antag\u00f3nicas se enfrentan por poseer y controlar un extra\u00f1o y misterioso Tapiz.Carol se encuentra situada en el centro de un tablero de intrigas, donde cualquier movimiento puede resultar definitivo para vivir, o para morir.<\/p>\n\n\n\n<p><strong>BOOKTRAILER<\/strong><\/p>\n\n\n\n<figure class=\"wp-block-embed aligncenter is-type-video is-provider-youtube wp-block-embed-youtube wp-embed-aspect-16-9 wp-has-aspect-ratio\"><div class=\"wp-block-embed__wrapper\">\n<div class=\"ast-oembed-container \" style=\"height: 100%;\"><iframe loading=\"lazy\" title=\"Book Trailer El Tapiz Eterno\" width=\"500\" height=\"281\" src=\"https:\/\/www.youtube.com\/embed\/RJa9DQ32amU?feature=oembed\" frameborder=\"0\" allow=\"accelerometer; autoplay; clipboard-write; encrypted-media; gyroscope; picture-in-picture; web-share\" referrerpolicy=\"strict-origin-when-cross-origin\" allowfullscreen><\/iframe><\/div>\n<\/div><\/figure>\n\n\n\n<p><strong>PRESENTACI\u00d3N FERIA DEL LIBRO VALENCIA 2022<\/strong><\/p>\n\n\n\n<figure class=\"wp-block-embed aligncenter is-type-video is-provider-youtube wp-block-embed-youtube wp-embed-aspect-16-9 wp-has-aspect-ratio\"><div class=\"wp-block-embed__wrapper\">\n<div class=\"ast-oembed-container \" style=\"height: 100%;\"><iframe loading=\"lazy\" title=\"Presentaci\u00f3n Hiperb\u00f3rea Tapiz Eterno - Feria del Libro Valencia 2022\" width=\"500\" height=\"281\" src=\"https:\/\/www.youtube.com\/embed\/Dn0dHNPqgFE?feature=oembed\" frameborder=\"0\" allow=\"accelerometer; autoplay; clipboard-write; encrypted-media; gyroscope; picture-in-picture; web-share\" referrerpolicy=\"strict-origin-when-cross-origin\" allowfullscreen><\/iframe><\/div>\n<\/div><\/figure>\n","protected":false},"excerpt":{"rendered":"<p>JOS\u00c9 RUBIO Y JOS\u00c9 MIGUEL CUESTAA\u00f1o de edici\u00f3n: 2022ISBN: 9788412509656P\u00e1ginas: 298Precio: 24\u00a0\u20acPuedes comprarlo en formato PDF. Contacta con el EditorFragmento:El [&hellip;]<\/p>\n","protected":false},"author":1,"featured_media":0,"parent":291,"menu_order":0,"comment_status":"closed","ping_status":"closed","template":"","meta":{"site-sidebar-layout":"default","site-content-layout":"","ast-site-content-layout":"default","site-content-style":"default","site-sidebar-style":"default","ast-global-header-display":"","ast-banner-title-visibility":"","ast-main-header-display":"","ast-hfb-above-header-display":"","ast-hfb-below-header-display":"","ast-hfb-mobile-header-display":"","site-post-title":"","ast-breadcrumbs-content":"","ast-featured-img":"","footer-sml-layout":"","theme-transparent-header-meta":"","adv-header-id-meta":"","stick-header-meta":"","header-above-stick-meta":"","header-main-stick-meta":"","header-below-stick-meta":"","astra-migrate-meta-layouts":"default","ast-page-background-enabled":"default","ast-page-background-meta":{"desktop":{"background-color":"var(--ast-global-color-5)","background-image":"","background-repeat":"repeat","background-position":"center center","background-size":"auto","background-attachment":"scroll","background-type":"","background-media":"","overlay-type":"","overlay-color":"","overlay-opacity":"","overlay-gradient":""},"tablet":{"background-color":"","background-image":"","background-repeat":"repeat","background-position":"center center","background-size":"auto","background-attachment":"scroll","background-type":"","background-media":"","overlay-type":"","overlay-color":"","overlay-opacity":"","overlay-gradient":""},"mobile":{"background-color":"","background-image":"","background-repeat":"repeat","background-position":"center center","background-size":"auto","background-attachment":"scroll","background-type":"","background-media":"","overlay-type":"","overlay-color":"","overlay-opacity":"","overlay-gradient":""}},"ast-content-background-meta":{"desktop":{"background-color":"var(--ast-global-color-4)","background-image":"","background-repeat":"repeat","background-position":"center center","background-size":"auto","background-attachment":"scroll","background-type":"","background-media":"","overlay-type":"","overlay-color":"","overlay-opacity":"","overlay-gradient":""},"tablet":{"background-color":"var(--ast-global-color-4)","background-image":"","background-repeat":"repeat","background-position":"center center","background-size":"auto","background-attachment":"scroll","background-type":"","background-media":"","overlay-type":"","overlay-color":"","overlay-opacity":"","overlay-gradient":""},"mobile":{"background-color":"var(--ast-global-color-4)","background-image":"","background-repeat":"repeat","background-position":"center center","background-size":"auto","background-attachment":"scroll","background-type":"","background-media":"","overlay-type":"","overlay-color":"","overlay-opacity":"","overlay-gradient":""}},"footnotes":""},"class_list":["post-778","page","type-page","status-publish","hentry"],"_links":{"self":[{"href":"https:\/\/www.editorialdagon.es\/index.php\/wp-json\/wp\/v2\/pages\/778","targetHints":{"allow":["GET"]}}],"collection":[{"href":"https:\/\/www.editorialdagon.es\/index.php\/wp-json\/wp\/v2\/pages"}],"about":[{"href":"https:\/\/www.editorialdagon.es\/index.php\/wp-json\/wp\/v2\/types\/page"}],"author":[{"embeddable":true,"href":"https:\/\/www.editorialdagon.es\/index.php\/wp-json\/wp\/v2\/users\/1"}],"replies":[{"embeddable":true,"href":"https:\/\/www.editorialdagon.es\/index.php\/wp-json\/wp\/v2\/comments?post=778"}],"version-history":[{"count":22,"href":"https:\/\/www.editorialdagon.es\/index.php\/wp-json\/wp\/v2\/pages\/778\/revisions"}],"predecessor-version":[{"id":3886,"href":"https:\/\/www.editorialdagon.es\/index.php\/wp-json\/wp\/v2\/pages\/778\/revisions\/3886"}],"up":[{"embeddable":true,"href":"https:\/\/www.editorialdagon.es\/index.php\/wp-json\/wp\/v2\/pages\/291"}],"wp:attachment":[{"href":"https:\/\/www.editorialdagon.es\/index.php\/wp-json\/wp\/v2\/media?parent=778"}],"curies":[{"name":"wp","href":"https:\/\/api.w.org\/{rel}","templated":true}]}}