{"id":780,"date":"2024-08-07T19:09:59","date_gmt":"2024-08-07T19:09:59","guid":{"rendered":"http:\/\/www.editorialdagon.es\/?page_id=780"},"modified":"2026-03-18T13:04:34","modified_gmt":"2026-03-18T13:04:34","slug":"hiperborea-el-nombre-sagrado","status":"publish","type":"page","link":"https:\/\/www.editorialdagon.es\/index.php\/obras\/hiperborea-el-nombre-sagrado\/","title":{"rendered":"HIPERB\u00d3REA &#8211; El Nombre Sagrado"},"content":{"rendered":"\n<div class=\"wp-block-media-text is-stacked-on-mobile\" style=\"grid-template-columns:30% auto\"><figure class=\"wp-block-media-text__media\"><img loading=\"lazy\" decoding=\"async\" width=\"653\" height=\"1024\" src=\"http:\/\/www.editorialdagon.es\/wp-content\/uploads\/2024\/08\/Portadas-Word-Press-2024_Pagina_069-1-653x1024.jpg\" alt=\"\" class=\"wp-image-906 size-full\" srcset=\"https:\/\/www.editorialdagon.es\/wp-content\/uploads\/2024\/08\/Portadas-Word-Press-2024_Pagina_069-1-653x1024.jpg 653w, https:\/\/www.editorialdagon.es\/wp-content\/uploads\/2024\/08\/Portadas-Word-Press-2024_Pagina_069-1-191x300.jpg 191w, https:\/\/www.editorialdagon.es\/wp-content\/uploads\/2024\/08\/Portadas-Word-Press-2024_Pagina_069-1-768x1204.jpg 768w, https:\/\/www.editorialdagon.es\/wp-content\/uploads\/2024\/08\/Portadas-Word-Press-2024_Pagina_069-1-980x1536.jpg 980w, https:\/\/www.editorialdagon.es\/wp-content\/uploads\/2024\/08\/Portadas-Word-Press-2024_Pagina_069-1-1306x2048.jpg 1306w, https:\/\/www.editorialdagon.es\/wp-content\/uploads\/2024\/08\/Portadas-Word-Press-2024_Pagina_069-1-1140x1787.jpg 1140w, https:\/\/www.editorialdagon.es\/wp-content\/uploads\/2024\/08\/Portadas-Word-Press-2024_Pagina_069-1.jpg 1316w\" sizes=\"auto, (max-width: 653px) 100vw, 653px\" \/><\/figure><div class=\"wp-block-media-text__content\">\n<p><strong><a href=\"http:\/\/www.editorialdagon.es\/index.php\/autores\/hiperborea\/\" data-type=\"page\" data-id=\"1142\">JOS\u00c9 RUBIO &amp; JOS\u00c9 MIGUEL CUESTA PUERTES<\/a>\u00a0<\/strong><br>A\u00f1o de edici\u00f3n:\u00a02022<br>ISBN: 9788412509687<br>P\u00e1ginas: 148<br>Precio B&amp;N: <strong>16\u00a0\u20ac<\/strong><br>Precio color: <strong>18\u00a0\u20ac<\/strong><br>Puedes comprarlo en formato PDF. <a href=\"editor@editorialdagon.es\"><em>Contacta con el Editor<\/em><\/a><br>Fragmento: <em><a href=\"https:\/\/1drv.ms\/b\/s!AvQngI1KR5TfuvsHGCLytEIKWyuXWw?e=8tLcg0\">El Nombre Sagrado<\/a><\/em><br>Contacto: <a href=\"mailto:editor@editorialdagon.es\"><em>editor@editorialdagon.es<\/em><\/a><\/p>\n\n\n\n<p class=\"has-vivid-red-color has-text-color has-link-color wp-elements-e9f12c5fb55ed0bf889256d25ec20280\"><strong>NOTA<\/strong>: la versi\u00f3n b\u00e1sica que se vende en diversos lugares no tiene im\u00e1genes en color. Pero puede conseguir una versi\u00f3n en color pidi\u00e9ndola directamente a la Editorial.<\/p>\n<\/div><\/div>\n\n\n\n<p><strong>SINOPSIS<\/strong><br>Existi\u00f3 un mundo en el que lo humano y lo divino se fund\u00edan como el sol y la tierra. Un tiempo en el que la poderosa Rep\u00fablica romana extend\u00eda su dominio por todo el mundo e impon\u00eda por la fuerza sus leyes, su idioma, su cultura.\u00a1Roma se acerca!, gritaban. Y Roma era todopoderosa.Entonces una ciudad del norte de Italia decidi\u00f3 enfrentarse al invasor, Capua. Era una lucha desigual y suicida, pero aquellos hombres prefer\u00edan morir a claudicar sin honor y vivir bajo el yugo del opresor.En esta novela, donde la hist\u00f3rica oficial y la heterodoxa se dan la mano, vemos el teatro de la guerra en un tiempo en el que, primero se utilizaba la magia, en manos de aur\u00faspices etruscos, y luego, si \u00e9sta fallaba, las armas.Ah\u00ed descubrimos a tres j\u00f3venes convirti\u00e9ndose en hombres, contemplando horrores, pero tambi\u00e9n maravillas.Capua, su ciudad, se enfrent\u00f3 al ej\u00e9rcito imbatido, donde las \u00e1guilas proyectaban su sombra alada atemorizando el coraz\u00f3n de sus ciudadanos.Y la sangre recorri\u00f3 los senderos de la tierra y los caminos et\u00e9reos del cielo. <\/p>\n\n\n\n<p><strong>BOOKTRAILER<\/strong><\/p>\n\n\n\n<figure class=\"wp-block-embed is-type-video is-provider-youtube wp-block-embed-youtube wp-embed-aspect-16-9 wp-has-aspect-ratio\"><div class=\"wp-block-embed__wrapper\">\n<div class=\"ast-oembed-container \" style=\"height: 100%;\"><iframe loading=\"lazy\" title=\"Book Trailer El Nombre Sagrado\" width=\"500\" height=\"281\" src=\"https:\/\/www.youtube.com\/embed\/4v1cG4_pVhQ?feature=oembed\" frameborder=\"0\" allow=\"accelerometer; autoplay; clipboard-write; encrypted-media; gyroscope; picture-in-picture; web-share\" referrerpolicy=\"strict-origin-when-cross-origin\" allowfullscreen><\/iframe><\/div>\n<\/div><\/figure>\n\n\n\n<p><\/p>\n","protected":false},"excerpt":{"rendered":"<p>JOS\u00c9 RUBIO &amp; JOS\u00c9 MIGUEL CUESTA PUERTES\u00a0A\u00f1o de edici\u00f3n:\u00a02022ISBN: 9788412509687P\u00e1ginas: 148Precio B&amp;N: 16\u00a0\u20acPrecio color: 18\u00a0\u20acPuedes comprarlo en formato PDF. Contacta [&hellip;]<\/p>\n","protected":false},"author":1,"featured_media":0,"parent":291,"menu_order":0,"comment_status":"closed","ping_status":"closed","template":"","meta":{"site-sidebar-layout":"default","site-content-layout":"","ast-site-content-layout":"default","site-content-style":"default","site-sidebar-style":"default","ast-global-header-display":"","ast-banner-title-visibility":"","ast-main-header-display":"","ast-hfb-above-header-display":"","ast-hfb-below-header-display":"","ast-hfb-mobile-header-display":"","site-post-title":"","ast-breadcrumbs-content":"","ast-featured-img":"","footer-sml-layout":"","theme-transparent-header-meta":"","adv-header-id-meta":"","stick-header-meta":"","header-above-stick-meta":"","header-main-stick-meta":"","header-below-stick-meta":"","astra-migrate-meta-layouts":"default","ast-page-background-enabled":"default","ast-page-background-meta":{"desktop":{"background-color":"var(--ast-global-color-5)","background-image":"","background-repeat":"repeat","background-position":"center center","background-size":"auto","background-attachment":"scroll","background-type":"","background-media":"","overlay-type":"","overlay-color":"","overlay-opacity":"","overlay-gradient":""},"tablet":{"background-color":"","background-image":"","background-repeat":"repeat","background-position":"center center","background-size":"auto","background-attachment":"scroll","background-type":"","background-media":"","overlay-type":"","overlay-color":"","overlay-opacity":"","overlay-gradient":""},"mobile":{"background-color":"","background-image":"","background-repeat":"repeat","background-position":"center center","background-size":"auto","background-attachment":"scroll","background-type":"","background-media":"","overlay-type":"","overlay-color":"","overlay-opacity":"","overlay-gradient":""}},"ast-content-background-meta":{"desktop":{"background-color":"var(--ast-global-color-4)","background-image":"","background-repeat":"repeat","background-position":"center center","background-size":"auto","background-attachment":"scroll","background-type":"","background-media":"","overlay-type":"","overlay-color":"","overlay-opacity":"","overlay-gradient":""},"tablet":{"background-color":"var(--ast-global-color-4)","background-image":"","background-repeat":"repeat","background-position":"center center","background-size":"auto","background-attachment":"scroll","background-type":"","background-media":"","overlay-type":"","overlay-color":"","overlay-opacity":"","overlay-gradient":""},"mobile":{"background-color":"var(--ast-global-color-4)","background-image":"","background-repeat":"repeat","background-position":"center center","background-size":"auto","background-attachment":"scroll","background-type":"","background-media":"","overlay-type":"","overlay-color":"","overlay-opacity":"","overlay-gradient":""}},"footnotes":""},"class_list":["post-780","page","type-page","status-publish","hentry"],"_links":{"self":[{"href":"https:\/\/www.editorialdagon.es\/index.php\/wp-json\/wp\/v2\/pages\/780","targetHints":{"allow":["GET"]}}],"collection":[{"href":"https:\/\/www.editorialdagon.es\/index.php\/wp-json\/wp\/v2\/pages"}],"about":[{"href":"https:\/\/www.editorialdagon.es\/index.php\/wp-json\/wp\/v2\/types\/page"}],"author":[{"embeddable":true,"href":"https:\/\/www.editorialdagon.es\/index.php\/wp-json\/wp\/v2\/users\/1"}],"replies":[{"embeddable":true,"href":"https:\/\/www.editorialdagon.es\/index.php\/wp-json\/wp\/v2\/comments?post=780"}],"version-history":[{"count":24,"href":"https:\/\/www.editorialdagon.es\/index.php\/wp-json\/wp\/v2\/pages\/780\/revisions"}],"predecessor-version":[{"id":3705,"href":"https:\/\/www.editorialdagon.es\/index.php\/wp-json\/wp\/v2\/pages\/780\/revisions\/3705"}],"up":[{"embeddable":true,"href":"https:\/\/www.editorialdagon.es\/index.php\/wp-json\/wp\/v2\/pages\/291"}],"wp:attachment":[{"href":"https:\/\/www.editorialdagon.es\/index.php\/wp-json\/wp\/v2\/media?parent=780"}],"curies":[{"name":"wp","href":"https:\/\/api.w.org\/{rel}","templated":true}]}}