{"id":790,"date":"2024-08-07T19:13:22","date_gmt":"2024-08-07T19:13:22","guid":{"rendered":"http:\/\/www.editorialdagon.es\/?page_id=790"},"modified":"2026-03-18T14:44:22","modified_gmt":"2026-03-18T14:44:22","slug":"hiperborea-pasajes-sobre-el-porvenir","status":"publish","type":"page","link":"https:\/\/www.editorialdagon.es\/index.php\/obras\/hiperborea-pasajes-sobre-el-porvenir\/","title":{"rendered":"HIPERBOREA &#8211; Pasajes sobre el Porvenir"},"content":{"rendered":"\n<div class=\"wp-block-media-text is-stacked-on-mobile\"><figure class=\"wp-block-media-text__media\"><img loading=\"lazy\" decoding=\"async\" width=\"653\" height=\"1024\" src=\"http:\/\/www.editorialdagon.es\/wp-content\/uploads\/2024\/08\/Portadas-Word-Press-2024_Pagina_050-653x1024.jpg\" alt=\"\" class=\"wp-image-970 size-full\" srcset=\"https:\/\/www.editorialdagon.es\/wp-content\/uploads\/2024\/08\/Portadas-Word-Press-2024_Pagina_050-653x1024.jpg 653w, https:\/\/www.editorialdagon.es\/wp-content\/uploads\/2024\/08\/Portadas-Word-Press-2024_Pagina_050-191x300.jpg 191w, https:\/\/www.editorialdagon.es\/wp-content\/uploads\/2024\/08\/Portadas-Word-Press-2024_Pagina_050-768x1204.jpg 768w, https:\/\/www.editorialdagon.es\/wp-content\/uploads\/2024\/08\/Portadas-Word-Press-2024_Pagina_050-980x1536.jpg 980w, https:\/\/www.editorialdagon.es\/wp-content\/uploads\/2024\/08\/Portadas-Word-Press-2024_Pagina_050-1306x2048.jpg 1306w, https:\/\/www.editorialdagon.es\/wp-content\/uploads\/2024\/08\/Portadas-Word-Press-2024_Pagina_050-1140x1787.jpg 1140w, https:\/\/www.editorialdagon.es\/wp-content\/uploads\/2024\/08\/Portadas-Word-Press-2024_Pagina_050.jpg 1316w\" sizes=\"auto, (max-width: 653px) 100vw, 653px\" \/><\/figure><div class=\"wp-block-media-text__content\">\n<p><strong><a href=\"http:\/\/www.editorialdagon.es\/index.php\/autores\/hiperborea\/\">J. RUBIO S\u00c1NCHEZ&amp; J.M. CUESTA PUERTES<\/a><\/strong><\/p>\n\n\n\n<p>A\u00f1o de edici\u00f3n: 2022<\/p>\n\n\n\n<p>ISBN: 9788412439755<\/p>\n\n\n\n<p>P\u00e1ginas: 294<\/p>\n\n\n\n<p>Precio: <strong>24\u00a0\u20ac<\/strong><\/p>\n\n\n\n<p>Puedes comprarlo en formato PDF. Contacta con el <a href=\"editor@editorialdagon.es\">Editor<\/a><\/p>\n\n\n\n<p>Fragmento: <em><a href=\"https:\/\/1drv.ms\/b\/s!AvQngI1KR5TfurZ69S5iY-SlCF7urQ?e=PIo4qn\">Pasajes sobre el Porvenir<\/a><\/em><\/p>\n\n\n\n<p>Contacto: <em><a href=\"mailto:editor@editorialdagon.es\">editor@editorialdagon.es<\/a><\/em><\/p>\n<\/div><\/div>\n\n\n\n<p><strong>SIPNOSIS<\/strong><\/p>\n\n\n\n<p>Reeditamos esta obra, compilada hace ya muchos a\u00f1os, ahora bajo el sello de la Editorial Dag\u00f3n, pues a d\u00eda de hoy sigue interesando a muchos estudiantes. En ella podemos ver una recopilaci\u00f3n de textos de Helena Petrovna Blavatsky, dispersos por todas sus obras, que prev\u00e9n de una u otra forma el Futuro pr\u00f3ximo. Para estudiarlas mejor, los autores las han reunido por temas, como: profec\u00edas cient\u00edficas, hist\u00f3ricas, religiosas, etc. Uno de los mejores libros sobre el Futuro, llevados de la mano de las Ense\u00f1anzas Teos\u00f3ficas divulgadas por H.P. Blavatsky.<br>Incluye una breve biograf\u00eda de Blavatsky y un extenso cap\u00edtulo sobre su influencia en diversas esferas del mundo Moderno, como el Arte, la Ciencia, la Filosof\u00eda, la Psicolog\u00eda, la Pol\u00edtica, etc. Sin su aporte fundamental en el siglo XIX el mundo no ser\u00eda como es hoy, seguramente ser\u00eda peor.<\/p>\n\n\n\n<p><\/p>\n\n\n\n<p><\/p>\n","protected":false},"excerpt":{"rendered":"<p>J. RUBIO S\u00c1NCHEZ&amp; J.M. CUESTA PUERTES A\u00f1o de edici\u00f3n: 2022 ISBN: 9788412439755 P\u00e1ginas: 294 Precio: 24\u00a0\u20ac Puedes comprarlo en formato [&hellip;]<\/p>\n","protected":false},"author":1,"featured_media":0,"parent":291,"menu_order":0,"comment_status":"closed","ping_status":"closed","template":"","meta":{"site-sidebar-layout":"default","site-content-layout":"","ast-site-content-layout":"default","site-content-style":"default","site-sidebar-style":"default","ast-global-header-display":"","ast-banner-title-visibility":"","ast-main-header-display":"","ast-hfb-above-header-display":"","ast-hfb-below-header-display":"","ast-hfb-mobile-header-display":"","site-post-title":"","ast-breadcrumbs-content":"","ast-featured-img":"","footer-sml-layout":"","theme-transparent-header-meta":"","adv-header-id-meta":"","stick-header-meta":"","header-above-stick-meta":"","header-main-stick-meta":"","header-below-stick-meta":"","astra-migrate-meta-layouts":"default","ast-page-background-enabled":"default","ast-page-background-meta":{"desktop":{"background-color":"var(--ast-global-color-5)","background-image":"","background-repeat":"repeat","background-position":"center center","background-size":"auto","background-attachment":"scroll","background-type":"","background-media":"","overlay-type":"","overlay-color":"","overlay-opacity":"","overlay-gradient":""},"tablet":{"background-color":"","background-image":"","background-repeat":"repeat","background-position":"center center","background-size":"auto","background-attachment":"scroll","background-type":"","background-media":"","overlay-type":"","overlay-color":"","overlay-opacity":"","overlay-gradient":""},"mobile":{"background-color":"","background-image":"","background-repeat":"repeat","background-position":"center center","background-size":"auto","background-attachment":"scroll","background-type":"","background-media":"","overlay-type":"","overlay-color":"","overlay-opacity":"","overlay-gradient":""}},"ast-content-background-meta":{"desktop":{"background-color":"var(--ast-global-color-4)","background-image":"","background-repeat":"repeat","background-position":"center center","background-size":"auto","background-attachment":"scroll","background-type":"","background-media":"","overlay-type":"","overlay-color":"","overlay-opacity":"","overlay-gradient":""},"tablet":{"background-color":"var(--ast-global-color-4)","background-image":"","background-repeat":"repeat","background-position":"center center","background-size":"auto","background-attachment":"scroll","background-type":"","background-media":"","overlay-type":"","overlay-color":"","overlay-opacity":"","overlay-gradient":""},"mobile":{"background-color":"var(--ast-global-color-4)","background-image":"","background-repeat":"repeat","background-position":"center center","background-size":"auto","background-attachment":"scroll","background-type":"","background-media":"","overlay-type":"","overlay-color":"","overlay-opacity":"","overlay-gradient":""}},"footnotes":""},"class_list":["post-790","page","type-page","status-publish","hentry"],"_links":{"self":[{"href":"https:\/\/www.editorialdagon.es\/index.php\/wp-json\/wp\/v2\/pages\/790","targetHints":{"allow":["GET"]}}],"collection":[{"href":"https:\/\/www.editorialdagon.es\/index.php\/wp-json\/wp\/v2\/pages"}],"about":[{"href":"https:\/\/www.editorialdagon.es\/index.php\/wp-json\/wp\/v2\/types\/page"}],"author":[{"embeddable":true,"href":"https:\/\/www.editorialdagon.es\/index.php\/wp-json\/wp\/v2\/users\/1"}],"replies":[{"embeddable":true,"href":"https:\/\/www.editorialdagon.es\/index.php\/wp-json\/wp\/v2\/comments?post=790"}],"version-history":[{"count":15,"href":"https:\/\/www.editorialdagon.es\/index.php\/wp-json\/wp\/v2\/pages\/790\/revisions"}],"predecessor-version":[{"id":3775,"href":"https:\/\/www.editorialdagon.es\/index.php\/wp-json\/wp\/v2\/pages\/790\/revisions\/3775"}],"up":[{"embeddable":true,"href":"https:\/\/www.editorialdagon.es\/index.php\/wp-json\/wp\/v2\/pages\/291"}],"wp:attachment":[{"href":"https:\/\/www.editorialdagon.es\/index.php\/wp-json\/wp\/v2\/media?parent=790"}],"curies":[{"name":"wp","href":"https:\/\/api.w.org\/{rel}","templated":true}]}}