{"id":792,"date":"2024-08-07T19:13:47","date_gmt":"2024-08-07T19:13:47","guid":{"rendered":"http:\/\/www.editorialdagon.es\/?page_id=792"},"modified":"2026-03-18T14:45:02","modified_gmt":"2026-03-18T14:45:02","slug":"hiperborea-los-viajes-iniciaticos-de-h-p-b","status":"publish","type":"page","link":"https:\/\/www.editorialdagon.es\/index.php\/obras\/hiperborea-los-viajes-iniciaticos-de-h-p-b\/","title":{"rendered":"HIPERB\u00d3REA &#8211; Los Viajes Inici\u00e1ticos de H.P.B."},"content":{"rendered":"\n<div class=\"wp-block-media-text is-stacked-on-mobile\"><figure class=\"wp-block-media-text__media\"><img loading=\"lazy\" decoding=\"async\" width=\"653\" height=\"1024\" src=\"http:\/\/www.editorialdagon.es\/wp-content\/uploads\/2024\/08\/Portadas-Word-Press-2024_Pagina_052-653x1024.jpg\" alt=\"\" class=\"wp-image-973 size-full\" srcset=\"https:\/\/www.editorialdagon.es\/wp-content\/uploads\/2024\/08\/Portadas-Word-Press-2024_Pagina_052-653x1024.jpg 653w, https:\/\/www.editorialdagon.es\/wp-content\/uploads\/2024\/08\/Portadas-Word-Press-2024_Pagina_052-191x300.jpg 191w, https:\/\/www.editorialdagon.es\/wp-content\/uploads\/2024\/08\/Portadas-Word-Press-2024_Pagina_052-768x1204.jpg 768w, https:\/\/www.editorialdagon.es\/wp-content\/uploads\/2024\/08\/Portadas-Word-Press-2024_Pagina_052-980x1536.jpg 980w, https:\/\/www.editorialdagon.es\/wp-content\/uploads\/2024\/08\/Portadas-Word-Press-2024_Pagina_052-1306x2048.jpg 1306w, https:\/\/www.editorialdagon.es\/wp-content\/uploads\/2024\/08\/Portadas-Word-Press-2024_Pagina_052-1140x1787.jpg 1140w, https:\/\/www.editorialdagon.es\/wp-content\/uploads\/2024\/08\/Portadas-Word-Press-2024_Pagina_052.jpg 1316w\" sizes=\"auto, (max-width: 653px) 100vw, 653px\" \/><\/figure><div class=\"wp-block-media-text__content\">\n<p><strong><a href=\"http:\/\/www.editorialdagon.es\/index.php\/autores\/hiperborea\/\">JOS\u00c9 RUBIO S\u00c1NCHEZ<\/a><\/strong><\/p>\n\n\n\n<p>A\u00f1o de edici\u00f3n: 2021<\/p>\n\n\n\n<p>ISBN: 9788412439779<\/p>\n\n\n\n<p>P\u00e1ginas: 276<\/p>\n\n\n\n<p>Precio: <strong>24\u00a0\u20ac<\/strong><\/p>\n\n\n\n<p>Puedes comprarlo en formato PDF. Contacta con el <a href=\"editor@editorialdagon.es\">Editor<\/a><\/p>\n\n\n\n<p>Fragmento: <em><a href=\"https:\/\/1drv.ms\/b\/s!AvQngI1KR5TfurZSATBd3lTqIZUDog?e=RrWvai\">Viajes Inici\u00e1ticos de H.P. Blavatsky<\/a><\/em><\/p>\n\n\n\n<p>Contacto: <a href=\"mailto:editor@editorialdagon.es\"><em>editor@editorialdagon.es<\/em><\/a><\/p>\n<\/div><\/div>\n\n\n\n<p><strong>SIPNOSIS<\/strong><\/p>\n\n\n\n<p>Los Viajes de Helena Petrovna Blavatsky, la fundadora de la Sociedad Teos\u00f3fica. Desde muy joven, inspirada por sus maestros, Helena Petrovna Blavatsky viaj\u00f3 por todo el mundo hasta el punto de darle cuatro o cinco veces la vuelta, visitando centros de poder, templos, selvas y desiertos donde aun pervive la Sabidur\u00eda Antigua. Su misi\u00f3n era reunir la mayor cantidad de Sabidur\u00eda posible, para luego ofrecerla con sus libros, a la par de transformarse, de ah\u00ed que los denominemos \u00abViajes Inici\u00e1ticos\u00bb. Un libro entretenido a la par que lleno de Conocimiento Esot\u00e9rico.&nbsp;<\/p>\n\n\n\n<p><strong>BOOKTRAILER<\/strong><\/p>\n\n\n\n<figure class=\"wp-block-embed aligncenter is-type-video is-provider-youtube wp-block-embed-youtube wp-embed-aspect-16-9 wp-has-aspect-ratio\"><div class=\"wp-block-embed__wrapper\">\n<div class=\"ast-oembed-container \" style=\"height: 100%;\"><iframe loading=\"lazy\" title=\"Book Trailer Jos\u00e9 Rubio - Viajes Inici\u00e1ticos de H.P.B.\" width=\"500\" height=\"281\" src=\"https:\/\/www.youtube.com\/embed\/8rDGc95RECA?feature=oembed\" frameborder=\"0\" allow=\"accelerometer; autoplay; clipboard-write; encrypted-media; gyroscope; picture-in-picture; web-share\" referrerpolicy=\"strict-origin-when-cross-origin\" allowfullscreen><\/iframe><\/div>\n<\/div><\/figure>\n\n\n\n<p><strong>PRESENTACI\u00d3N<\/strong> <strong>EN RAMA ARJUNA<\/strong><\/p>\n\n\n\n<figure class=\"wp-block-embed aligncenter is-type-video is-provider-youtube wp-block-embed-youtube wp-embed-aspect-16-9 wp-has-aspect-ratio\"><div class=\"wp-block-embed__wrapper\">\n<div class=\"ast-oembed-container \" style=\"height: 100%;\"><iframe loading=\"lazy\" title=\"Los viajes inicia\u0301ticos de H. P.  Blavatsky\" width=\"500\" height=\"281\" src=\"https:\/\/www.youtube.com\/embed\/ZcZweJgcIQE?feature=oembed\" frameborder=\"0\" allow=\"accelerometer; autoplay; clipboard-write; encrypted-media; gyroscope; picture-in-picture; web-share\" referrerpolicy=\"strict-origin-when-cross-origin\" allowfullscreen><\/iframe><\/div>\n<\/div><\/figure>\n\n\n\n<p><strong>CHARLA SOBRE LOS VIAJES INICI\u00c1TICOS DE H.P. BLAVATSKY<\/strong><\/p>\n\n\n\n<figure class=\"wp-block-embed is-type-video is-provider-youtube wp-block-embed-youtube wp-embed-aspect-16-9 wp-has-aspect-ratio\"><div class=\"wp-block-embed__wrapper\">\n<div class=\"ast-oembed-container \" style=\"height: 100%;\"><iframe loading=\"lazy\" title=\"Los Viajes Inicia\u0301ticos de H.P.  Blavatsky\" width=\"500\" height=\"281\" src=\"https:\/\/www.youtube.com\/embed\/YfQ20Cd5Fy8?feature=oembed\" frameborder=\"0\" allow=\"accelerometer; autoplay; clipboard-write; encrypted-media; gyroscope; picture-in-picture; web-share\" referrerpolicy=\"strict-origin-when-cross-origin\" allowfullscreen><\/iframe><\/div>\n<\/div><\/figure>\n\n\n\n<p><strong>RECREACI\u00d3N DIGITAL VIAJES H.P.B. POR EL MUNDO<\/strong><\/p>\n\n\n\n<figure class=\"wp-block-embed is-type-video is-provider-youtube wp-block-embed-youtube wp-embed-aspect-16-9 wp-has-aspect-ratio\"><div class=\"wp-block-embed__wrapper\">\n<div class=\"ast-oembed-container \" style=\"height: 100%;\"><iframe loading=\"lazy\" title=\"Mapa Viajes Inici\u00e1ticos H.P.B.\" width=\"500\" height=\"281\" src=\"https:\/\/www.youtube.com\/embed\/DG6T5h8AdQw?feature=oembed\" frameborder=\"0\" allow=\"accelerometer; autoplay; clipboard-write; encrypted-media; gyroscope; picture-in-picture; web-share\" referrerpolicy=\"strict-origin-when-cross-origin\" allowfullscreen><\/iframe><\/div>\n<\/div><\/figure>\n\n\n\n<p><\/p>\n","protected":false},"excerpt":{"rendered":"<p>JOS\u00c9 RUBIO S\u00c1NCHEZ A\u00f1o de edici\u00f3n: 2021 ISBN: 9788412439779 P\u00e1ginas: 276 Precio: 24\u00a0\u20ac Puedes comprarlo en formato PDF. Contacta con [&hellip;]<\/p>\n","protected":false},"author":1,"featured_media":0,"parent":291,"menu_order":0,"comment_status":"closed","ping_status":"closed","template":"","meta":{"site-sidebar-layout":"default","site-content-layout":"","ast-site-content-layout":"default","site-content-style":"default","site-sidebar-style":"default","ast-global-header-display":"","ast-banner-title-visibility":"","ast-main-header-display":"","ast-hfb-above-header-display":"","ast-hfb-below-header-display":"","ast-hfb-mobile-header-display":"","site-post-title":"","ast-breadcrumbs-content":"","ast-featured-img":"","footer-sml-layout":"","theme-transparent-header-meta":"","adv-header-id-meta":"","stick-header-meta":"","header-above-stick-meta":"","header-main-stick-meta":"","header-below-stick-meta":"","astra-migrate-meta-layouts":"default","ast-page-background-enabled":"default","ast-page-background-meta":{"desktop":{"background-color":"var(--ast-global-color-5)","background-image":"","background-repeat":"repeat","background-position":"center center","background-size":"auto","background-attachment":"scroll","background-type":"","background-media":"","overlay-type":"","overlay-color":"","overlay-opacity":"","overlay-gradient":""},"tablet":{"background-color":"","background-image":"","background-repeat":"repeat","background-position":"center center","background-size":"auto","background-attachment":"scroll","background-type":"","background-media":"","overlay-type":"","overlay-color":"","overlay-opacity":"","overlay-gradient":""},"mobile":{"background-color":"","background-image":"","background-repeat":"repeat","background-position":"center center","background-size":"auto","background-attachment":"scroll","background-type":"","background-media":"","overlay-type":"","overlay-color":"","overlay-opacity":"","overlay-gradient":""}},"ast-content-background-meta":{"desktop":{"background-color":"var(--ast-global-color-4)","background-image":"","background-repeat":"repeat","background-position":"center center","background-size":"auto","background-attachment":"scroll","background-type":"","background-media":"","overlay-type":"","overlay-color":"","overlay-opacity":"","overlay-gradient":""},"tablet":{"background-color":"var(--ast-global-color-4)","background-image":"","background-repeat":"repeat","background-position":"center center","background-size":"auto","background-attachment":"scroll","background-type":"","background-media":"","overlay-type":"","overlay-color":"","overlay-opacity":"","overlay-gradient":""},"mobile":{"background-color":"var(--ast-global-color-4)","background-image":"","background-repeat":"repeat","background-position":"center center","background-size":"auto","background-attachment":"scroll","background-type":"","background-media":"","overlay-type":"","overlay-color":"","overlay-opacity":"","overlay-gradient":""}},"footnotes":""},"class_list":["post-792","page","type-page","status-publish","hentry"],"_links":{"self":[{"href":"https:\/\/www.editorialdagon.es\/index.php\/wp-json\/wp\/v2\/pages\/792","targetHints":{"allow":["GET"]}}],"collection":[{"href":"https:\/\/www.editorialdagon.es\/index.php\/wp-json\/wp\/v2\/pages"}],"about":[{"href":"https:\/\/www.editorialdagon.es\/index.php\/wp-json\/wp\/v2\/types\/page"}],"author":[{"embeddable":true,"href":"https:\/\/www.editorialdagon.es\/index.php\/wp-json\/wp\/v2\/users\/1"}],"replies":[{"embeddable":true,"href":"https:\/\/www.editorialdagon.es\/index.php\/wp-json\/wp\/v2\/comments?post=792"}],"version-history":[{"count":16,"href":"https:\/\/www.editorialdagon.es\/index.php\/wp-json\/wp\/v2\/pages\/792\/revisions"}],"predecessor-version":[{"id":3776,"href":"https:\/\/www.editorialdagon.es\/index.php\/wp-json\/wp\/v2\/pages\/792\/revisions\/3776"}],"up":[{"embeddable":true,"href":"https:\/\/www.editorialdagon.es\/index.php\/wp-json\/wp\/v2\/pages\/291"}],"wp:attachment":[{"href":"https:\/\/www.editorialdagon.es\/index.php\/wp-json\/wp\/v2\/media?parent=792"}],"curies":[{"name":"wp","href":"https:\/\/api.w.org\/{rel}","templated":true}]}}