{"id":800,"date":"2024-08-08T08:16:07","date_gmt":"2024-08-08T08:16:07","guid":{"rendered":"http:\/\/www.editorialdagon.es\/?page_id=800"},"modified":"2026-03-18T14:47:10","modified_gmt":"2026-03-18T14:47:10","slug":"daniel-h-caldwell-la-sr-holloway-y-los-mahatmas","status":"publish","type":"page","link":"https:\/\/www.editorialdagon.es\/index.php\/obras\/daniel-h-caldwell-la-sr-holloway-y-los-mahatmas\/","title":{"rendered":"DANIEL H. CALDWELL &#8211; La Sr. Holloway y los Mahatmas"},"content":{"rendered":"\n<div class=\"wp-block-media-text is-stacked-on-mobile\" style=\"grid-template-columns:30% auto\"><figure class=\"wp-block-media-text__media\"><img loading=\"lazy\" decoding=\"async\" width=\"653\" height=\"1024\" src=\"http:\/\/www.editorialdagon.es\/wp-content\/uploads\/2024\/08\/Portadas-Word-Press-2024_Pagina_034-653x1024.jpg\" alt=\"\" class=\"wp-image-940 size-full\" srcset=\"https:\/\/www.editorialdagon.es\/wp-content\/uploads\/2024\/08\/Portadas-Word-Press-2024_Pagina_034-653x1024.jpg 653w, https:\/\/www.editorialdagon.es\/wp-content\/uploads\/2024\/08\/Portadas-Word-Press-2024_Pagina_034-191x300.jpg 191w, https:\/\/www.editorialdagon.es\/wp-content\/uploads\/2024\/08\/Portadas-Word-Press-2024_Pagina_034-768x1204.jpg 768w, https:\/\/www.editorialdagon.es\/wp-content\/uploads\/2024\/08\/Portadas-Word-Press-2024_Pagina_034-980x1536.jpg 980w, https:\/\/www.editorialdagon.es\/wp-content\/uploads\/2024\/08\/Portadas-Word-Press-2024_Pagina_034-1306x2048.jpg 1306w, https:\/\/www.editorialdagon.es\/wp-content\/uploads\/2024\/08\/Portadas-Word-Press-2024_Pagina_034-1140x1787.jpg 1140w, https:\/\/www.editorialdagon.es\/wp-content\/uploads\/2024\/08\/Portadas-Word-Press-2024_Pagina_034.jpg 1316w\" sizes=\"auto, (max-width: 653px) 100vw, 653px\" \/><\/figure><div class=\"wp-block-media-text__content\">\n<p><a href=\"http:\/\/www.editorialdagon.es\/index.php\/autores\/daniel-h-caldwell\/\" data-type=\"page\" data-id=\"1216\"><strong>DANIEL H. CALDWELL<\/strong><\/a><br>A\u00f1o de edici\u00f3n:\u00a02021<br>ISBN: 9788412291070<br>P\u00e1ginas: 230<br>Precio B&amp;N: <strong>24\u20ac<\/strong><br>Precio color: <strong>27\u00a0\u20ac<\/strong><br>Puedes comprarlo en formato PDF. <a href=\"editor@editorialdagon.es\"><em>Contacta con el Editor<\/em><\/a><br>Fragmento: <em><a href=\"https:\/\/1drv.ms\/b\/s!AvQngI1KR5TfteYpe40Z9lVCBD_OyA?e=TmOOBX\">La Sr. Holloway y los Mahatmas<\/a><\/em><br>Contacto: <a href=\"mailto:editor@editorialdagon.es\"><em>editor@editorialdagon.es<\/em><\/a><\/p>\n\n\n\n<p class=\"has-vivid-red-color has-text-color has-link-color wp-elements-e9f12c5fb55ed0bf889256d25ec20280\"><strong>NOTA<\/strong>: la versi\u00f3n b\u00e1sica que se vende en diversos lugares no tiene im\u00e1genes en color. Pero puede conseguir una versi\u00f3n en color pidi\u00e9ndola directamente a la Editorial.<\/p>\n<\/div><\/div>\n\n\n\n<p><strong>SINOPSIS<\/strong><\/p>\n\n\n\n<p>Este libro re\u00fane numerosas cartas relacionadas con una periodista americana (Laura C. Holloway), que tuvo el honor de ser aspirante al discipulado con los Maestros que fundaron la Sociedad Teos\u00f3fica, y que conoci\u00f3 a H.P. Blavatsky, Sinnet, Judge, Olcott, F. Arundale, Mohini y otros te\u00f3sofos ilustres, con los que se carte\u00f3. Lo que parec\u00eda una relaci\u00f3n fruct\u00edfera no acabo bien, y a lo largo del tiempo, la Sr. Holloway se difumin\u00f3 en el panorama teos\u00f3fico, e incluso muchas de sus cartas y (lo m\u00e1s importante), cartas de los Maestros recibidas por ella, se perdieron o traspapelaron. Gracias a la labor met\u00f3dica y erudita de Daniel H. Caldwell, aqu\u00ed se re\u00fanen muchas de esas cartas, nunca antes publicadas ni traducidas al castellano. A trav\u00e9s de ellas recuperamos, no solo un poco de historia, sino, quiz\u00e1 lo m\u00e1s importante:<em>las vicisitudes de la vida discipular y espiritual.<\/em><\/p>\n\n\n\n<p><strong>BOOK TRAILER<\/strong><\/p>\n\n\n\n<figure class=\"wp-block-embed aligncenter is-type-video is-provider-youtube wp-block-embed-youtube wp-embed-aspect-16-9 wp-has-aspect-ratio\"><div class=\"wp-block-embed__wrapper\">\n<div class=\"ast-oembed-container \" style=\"height: 100%;\"><iframe loading=\"lazy\" title=\"Book Trailer Cartas Maestros Sr  Holloway\" width=\"500\" height=\"281\" src=\"https:\/\/www.youtube.com\/embed\/TjzeAHR8gfY?feature=oembed\" frameborder=\"0\" allow=\"accelerometer; autoplay; clipboard-write; encrypted-media; gyroscope; picture-in-picture; web-share\" referrerpolicy=\"strict-origin-when-cross-origin\" allowfullscreen><\/iframe><\/div>\n<\/div><\/figure>\n\n\n\n<p><\/p>\n","protected":false},"excerpt":{"rendered":"<p>DANIEL H. CALDWELLA\u00f1o de edici\u00f3n:\u00a02021ISBN: 9788412291070P\u00e1ginas: 230Precio B&amp;N: 24\u20acPrecio color: 27\u00a0\u20acPuedes comprarlo en formato PDF. Contacta con el EditorFragmento: La [&hellip;]<\/p>\n","protected":false},"author":1,"featured_media":0,"parent":291,"menu_order":0,"comment_status":"closed","ping_status":"closed","template":"","meta":{"site-sidebar-layout":"default","site-content-layout":"","ast-site-content-layout":"default","site-content-style":"default","site-sidebar-style":"default","ast-global-header-display":"","ast-banner-title-visibility":"","ast-main-header-display":"","ast-hfb-above-header-display":"","ast-hfb-below-header-display":"","ast-hfb-mobile-header-display":"","site-post-title":"","ast-breadcrumbs-content":"","ast-featured-img":"","footer-sml-layout":"","theme-transparent-header-meta":"","adv-header-id-meta":"","stick-header-meta":"","header-above-stick-meta":"","header-main-stick-meta":"","header-below-stick-meta":"","astra-migrate-meta-layouts":"default","ast-page-background-enabled":"default","ast-page-background-meta":{"desktop":{"background-color":"var(--ast-global-color-5)","background-image":"","background-repeat":"repeat","background-position":"center center","background-size":"auto","background-attachment":"scroll","background-type":"","background-media":"","overlay-type":"","overlay-color":"","overlay-opacity":"","overlay-gradient":""},"tablet":{"background-color":"","background-image":"","background-repeat":"repeat","background-position":"center center","background-size":"auto","background-attachment":"scroll","background-type":"","background-media":"","overlay-type":"","overlay-color":"","overlay-opacity":"","overlay-gradient":""},"mobile":{"background-color":"","background-image":"","background-repeat":"repeat","background-position":"center center","background-size":"auto","background-attachment":"scroll","background-type":"","background-media":"","overlay-type":"","overlay-color":"","overlay-opacity":"","overlay-gradient":""}},"ast-content-background-meta":{"desktop":{"background-color":"var(--ast-global-color-4)","background-image":"","background-repeat":"repeat","background-position":"center center","background-size":"auto","background-attachment":"scroll","background-type":"","background-media":"","overlay-type":"","overlay-color":"","overlay-opacity":"","overlay-gradient":""},"tablet":{"background-color":"var(--ast-global-color-4)","background-image":"","background-repeat":"repeat","background-position":"center center","background-size":"auto","background-attachment":"scroll","background-type":"","background-media":"","overlay-type":"","overlay-color":"","overlay-opacity":"","overlay-gradient":""},"mobile":{"background-color":"var(--ast-global-color-4)","background-image":"","background-repeat":"repeat","background-position":"center center","background-size":"auto","background-attachment":"scroll","background-type":"","background-media":"","overlay-type":"","overlay-color":"","overlay-opacity":"","overlay-gradient":""}},"footnotes":""},"class_list":["post-800","page","type-page","status-publish","hentry"],"_links":{"self":[{"href":"https:\/\/www.editorialdagon.es\/index.php\/wp-json\/wp\/v2\/pages\/800","targetHints":{"allow":["GET"]}}],"collection":[{"href":"https:\/\/www.editorialdagon.es\/index.php\/wp-json\/wp\/v2\/pages"}],"about":[{"href":"https:\/\/www.editorialdagon.es\/index.php\/wp-json\/wp\/v2\/types\/page"}],"author":[{"embeddable":true,"href":"https:\/\/www.editorialdagon.es\/index.php\/wp-json\/wp\/v2\/users\/1"}],"replies":[{"embeddable":true,"href":"https:\/\/www.editorialdagon.es\/index.php\/wp-json\/wp\/v2\/comments?post=800"}],"version-history":[{"count":15,"href":"https:\/\/www.editorialdagon.es\/index.php\/wp-json\/wp\/v2\/pages\/800\/revisions"}],"predecessor-version":[{"id":3778,"href":"https:\/\/www.editorialdagon.es\/index.php\/wp-json\/wp\/v2\/pages\/800\/revisions\/3778"}],"up":[{"embeddable":true,"href":"https:\/\/www.editorialdagon.es\/index.php\/wp-json\/wp\/v2\/pages\/291"}],"wp:attachment":[{"href":"https:\/\/www.editorialdagon.es\/index.php\/wp-json\/wp\/v2\/media?parent=800"}],"curies":[{"name":"wp","href":"https:\/\/api.w.org\/{rel}","templated":true}]}}