{"id":818,"date":"2024-08-08T08:21:39","date_gmt":"2024-08-08T08:21:39","guid":{"rendered":"http:\/\/www.editorialdagon.es\/?page_id=818"},"modified":"2026-04-25T11:08:54","modified_gmt":"2026-04-25T11:08:54","slug":"francisco-ortiz-el-legado-del-agni-yoga","status":"publish","type":"page","link":"https:\/\/www.editorialdagon.es\/index.php\/obras\/francisco-ortiz-el-legado-del-agni-yoga\/","title":{"rendered":"FRANCISCO ORT\u00cdZ &#8211; El Legado del Agni Yoga"},"content":{"rendered":"\n<div class=\"wp-block-media-text is-stacked-on-mobile\" style=\"grid-template-columns:30% auto\"><figure class=\"wp-block-media-text__media\"><img loading=\"lazy\" decoding=\"async\" width=\"999\" height=\"1024\" src=\"http:\/\/www.editorialdagon.es\/wp-content\/uploads\/2024\/08\/Portadas-Word-Press-2024_Pagina_040-999x1024.jpg\" alt=\"\" class=\"wp-image-938 size-full\" srcset=\"https:\/\/www.editorialdagon.es\/wp-content\/uploads\/2024\/08\/Portadas-Word-Press-2024_Pagina_040-999x1024.jpg 999w, https:\/\/www.editorialdagon.es\/wp-content\/uploads\/2024\/08\/Portadas-Word-Press-2024_Pagina_040-293x300.jpg 293w, https:\/\/www.editorialdagon.es\/wp-content\/uploads\/2024\/08\/Portadas-Word-Press-2024_Pagina_040-768x787.jpg 768w, https:\/\/www.editorialdagon.es\/wp-content\/uploads\/2024\/08\/Portadas-Word-Press-2024_Pagina_040-1499x1536.jpg 1499w, https:\/\/www.editorialdagon.es\/wp-content\/uploads\/2024\/08\/Portadas-Word-Press-2024_Pagina_040-1999x2048.jpg 1999w, https:\/\/www.editorialdagon.es\/wp-content\/uploads\/2024\/08\/Portadas-Word-Press-2024_Pagina_040-1140x1168.jpg 1140w, https:\/\/www.editorialdagon.es\/wp-content\/uploads\/2024\/08\/Portadas-Word-Press-2024_Pagina_040.jpg 2027w\" sizes=\"auto, (max-width: 999px) 100vw, 999px\" \/><\/figure><div class=\"wp-block-media-text__content\">\n<p><a href=\"http:\/\/www.editorialdagon.es\/index.php\/autores\/francisco-ortiz\/\" data-type=\"page\" data-id=\"1134\"><strong>FRANCISCO JAVIER ORT\u00cdZ L\u00d3PEZ<\/strong><\/a><br>A\u00f1o de edici\u00f3n:\u00a02021<br>ISBN: 9788412408966<br>P\u00e1ginas: 266<br>Precio: <strong>33\u00a0\u20ac<\/strong><br>Puedes comprarlo en formato PDF. <a href=\"editor@editorialdagon.es\"><em>Contacta con el Editor<\/em><\/a><br><a href=\"https:\/\/www.amazon.es\/El-Legado-del-Agni-Yoga-ebook\/dp\/B0F5CPWQLV\/ref=sr_1_8?dib=eyJ2IjoiMSJ9.4m2-yG5S9COCmZH6kUsZgM1_7YMPPak140JcOcF80nXJ5fuEZ_z0fTZ04HKQOSZsNvBYN_-uxwFvfIdXO09I7tgw8FNJJCpCkm9wyirXSJpHf6mGUPZ_-jPpQV455HUTxCcIUj9HUdBaWOz-MBpBX9m5YJnY2c7Y9-Wshhz13wQjDqHSYHxAcBYI3P2fGTj_PJzDZW7MlNPeeLWyETOSAaPXFVxCLNxU6OhVSeVNJ7U.9QrD4THmgotZ7fRduriXPDxeBNRP1goDF7lSElnzLgI&amp;dib_tag=se&amp;qid=1755318340&amp;refinements=p_27%3AJose+Rubio+Sanchez&amp;s=digital-text&amp;sr=1-8&amp;text=Jose+Rubio+Sanchez\">Amazon versi\u00f3n Kindle: 9,99 \u20ac<\/a><br>Fragmento: <em><a href=\"https:\/\/1drv.ms\/b\/s!AvQngI1KR5TfteY0_VGqwpit4Tk0fA?e=Ts85xh\">El Legado del Agni Yoga<\/a><\/em><br>Contacto: <a href=\"mailto:editor@editorialdagon.es\"><em>editor@editorialdagon.es<\/em><\/a><\/p>\n\n\n\n<p class=\"has-vivid-red-color has-text-color has-link-color wp-elements-e9f12c5fb55ed0bf889256d25ec20280\"><strong>NOTA<\/strong>: la versi\u00f3n b\u00e1sica que se vende en diversos lugares no tiene im\u00e1genes en color. Pero puede conseguir una versi\u00f3n en color pidi\u00e9ndola directamente a la Editorial.<\/p>\n<\/div><\/div>\n\n\n\n<p><strong>SINOPSIS<\/strong><br>Una obra maestra que conjuga, en la l\u00ednea de los Roerich, arte y conocimiento, Belleza y Sabidur\u00eda. De la mano de Fco. Javier Ortiz nos adentraremos en los fant\u00e1sticos cuadros de Nicol\u00e1s Roerich, descubriendo las ense\u00f1anzas del Agni Yoga en ellos ocultos, Ense\u00f1anza que plasm\u00f3 Elena Roerich (amanuense del Maestro Morya) en numerosos libros.&nbsp;<\/p>\n\n\n\n<p><strong>BOOKTRAILER:<\/strong><\/p>\n\n\n\n<figure class=\"wp-block-embed aligncenter is-type-video is-provider-youtube wp-block-embed-youtube wp-embed-aspect-16-9 wp-has-aspect-ratio\"><div class=\"wp-block-embed__wrapper\">\n<div class=\"ast-oembed-container \" style=\"height: 100%;\"><iframe loading=\"lazy\" title=\"Book Trailer  - El Legado del Agni Yoga\" width=\"500\" height=\"281\" src=\"https:\/\/www.youtube.com\/embed\/RC5Ug-SIN08?feature=oembed\" frameborder=\"0\" allow=\"accelerometer; autoplay; clipboard-write; encrypted-media; gyroscope; picture-in-picture; web-share\" referrerpolicy=\"strict-origin-when-cross-origin\" allowfullscreen><\/iframe><\/div>\n<\/div><\/figure>\n\n\n\n<p><strong>ENTREVISTA AUTOR I:<\/strong><\/p>\n\n\n\n<figure class=\"wp-block-embed is-type-video is-provider-youtube wp-block-embed-youtube wp-embed-aspect-16-9 wp-has-aspect-ratio\"><div class=\"wp-block-embed__wrapper\">\n<div class=\"ast-oembed-container \" style=\"height: 100%;\"><iframe loading=\"lazy\" title=\"Entrevista a Paco Ortiz   - El Legado del Agni Yoga\" width=\"500\" height=\"281\" src=\"https:\/\/www.youtube.com\/embed\/Z64h3aZoLuQ?feature=oembed\" frameborder=\"0\" allow=\"accelerometer; autoplay; clipboard-write; encrypted-media; gyroscope; picture-in-picture; web-share\" referrerpolicy=\"strict-origin-when-cross-origin\" allowfullscreen><\/iframe><\/div>\n<\/div><\/figure>\n\n\n\n<p><strong>ENTREVISTA AUTOR II<\/strong><\/p>\n\n\n\n<figure class=\"wp-block-embed is-type-video is-provider-youtube wp-block-embed-youtube wp-embed-aspect-16-9 wp-has-aspect-ratio\"><div class=\"wp-block-embed__wrapper\">\n<div class=\"ast-oembed-container \" style=\"height: 100%;\"><iframe loading=\"lazy\" title=\"Book Trailer Entrevista Paco sobre Legado Agni Yoga\" width=\"500\" height=\"281\" src=\"https:\/\/www.youtube.com\/embed\/PBS0pay_vvw?feature=oembed\" frameborder=\"0\" allow=\"accelerometer; autoplay; clipboard-write; encrypted-media; gyroscope; picture-in-picture; web-share\" referrerpolicy=\"strict-origin-when-cross-origin\" allowfullscreen><\/iframe><\/div>\n<\/div><\/figure>\n\n\n\n<p><\/p>\n","protected":false},"excerpt":{"rendered":"<p>FRANCISCO JAVIER ORT\u00cdZ L\u00d3PEZA\u00f1o de edici\u00f3n:\u00a02021ISBN: 9788412408966P\u00e1ginas: 266Precio: 33\u00a0\u20acPuedes comprarlo en formato PDF. Contacta con el EditorAmazon versi\u00f3n Kindle: 9,99 [&hellip;]<\/p>\n","protected":false},"author":1,"featured_media":0,"parent":291,"menu_order":0,"comment_status":"closed","ping_status":"closed","template":"","meta":{"site-sidebar-layout":"default","site-content-layout":"","ast-site-content-layout":"default","site-content-style":"default","site-sidebar-style":"default","ast-global-header-display":"","ast-banner-title-visibility":"","ast-main-header-display":"","ast-hfb-above-header-display":"","ast-hfb-below-header-display":"","ast-hfb-mobile-header-display":"","site-post-title":"","ast-breadcrumbs-content":"","ast-featured-img":"","footer-sml-layout":"","theme-transparent-header-meta":"","adv-header-id-meta":"","stick-header-meta":"","header-above-stick-meta":"","header-main-stick-meta":"","header-below-stick-meta":"","astra-migrate-meta-layouts":"default","ast-page-background-enabled":"default","ast-page-background-meta":{"desktop":{"background-color":"var(--ast-global-color-5)","background-image":"","background-repeat":"repeat","background-position":"center center","background-size":"auto","background-attachment":"scroll","background-type":"","background-media":"","overlay-type":"","overlay-color":"","overlay-opacity":"","overlay-gradient":""},"tablet":{"background-color":"","background-image":"","background-repeat":"repeat","background-position":"center center","background-size":"auto","background-attachment":"scroll","background-type":"","background-media":"","overlay-type":"","overlay-color":"","overlay-opacity":"","overlay-gradient":""},"mobile":{"background-color":"","background-image":"","background-repeat":"repeat","background-position":"center center","background-size":"auto","background-attachment":"scroll","background-type":"","background-media":"","overlay-type":"","overlay-color":"","overlay-opacity":"","overlay-gradient":""}},"ast-content-background-meta":{"desktop":{"background-color":"var(--ast-global-color-4)","background-image":"","background-repeat":"repeat","background-position":"center center","background-size":"auto","background-attachment":"scroll","background-type":"","background-media":"","overlay-type":"","overlay-color":"","overlay-opacity":"","overlay-gradient":""},"tablet":{"background-color":"var(--ast-global-color-4)","background-image":"","background-repeat":"repeat","background-position":"center center","background-size":"auto","background-attachment":"scroll","background-type":"","background-media":"","overlay-type":"","overlay-color":"","overlay-opacity":"","overlay-gradient":""},"mobile":{"background-color":"var(--ast-global-color-4)","background-image":"","background-repeat":"repeat","background-position":"center center","background-size":"auto","background-attachment":"scroll","background-type":"","background-media":"","overlay-type":"","overlay-color":"","overlay-opacity":"","overlay-gradient":""}},"footnotes":""},"class_list":["post-818","page","type-page","status-publish","hentry"],"_links":{"self":[{"href":"https:\/\/www.editorialdagon.es\/index.php\/wp-json\/wp\/v2\/pages\/818","targetHints":{"allow":["GET"]}}],"collection":[{"href":"https:\/\/www.editorialdagon.es\/index.php\/wp-json\/wp\/v2\/pages"}],"about":[{"href":"https:\/\/www.editorialdagon.es\/index.php\/wp-json\/wp\/v2\/types\/page"}],"author":[{"embeddable":true,"href":"https:\/\/www.editorialdagon.es\/index.php\/wp-json\/wp\/v2\/users\/1"}],"replies":[{"embeddable":true,"href":"https:\/\/www.editorialdagon.es\/index.php\/wp-json\/wp\/v2\/comments?post=818"}],"version-history":[{"count":19,"href":"https:\/\/www.editorialdagon.es\/index.php\/wp-json\/wp\/v2\/pages\/818\/revisions"}],"predecessor-version":[{"id":3892,"href":"https:\/\/www.editorialdagon.es\/index.php\/wp-json\/wp\/v2\/pages\/818\/revisions\/3892"}],"up":[{"embeddable":true,"href":"https:\/\/www.editorialdagon.es\/index.php\/wp-json\/wp\/v2\/pages\/291"}],"wp:attachment":[{"href":"https:\/\/www.editorialdagon.es\/index.php\/wp-json\/wp\/v2\/media?parent=818"}],"curies":[{"name":"wp","href":"https:\/\/api.w.org\/{rel}","templated":true}]}}