{"id":837,"date":"2024-08-08T08:32:51","date_gmt":"2024-08-08T08:32:51","guid":{"rendered":"http:\/\/www.editorialdagon.es\/?page_id=837"},"modified":"2026-04-25T10:40:32","modified_gmt":"2026-04-25T10:40:32","slug":"torkom-saraydarian-terremotos-y-desastres","status":"publish","type":"page","link":"https:\/\/www.editorialdagon.es\/index.php\/obras\/torkom-saraydarian-terremotos-y-desastres\/","title":{"rendered":"TORKOM SARAYDARIAN &#8211;\u00a0Terremotos y desastres"},"content":{"rendered":"\n<div class=\"wp-block-media-text is-stacked-on-mobile\"><figure class=\"wp-block-media-text__media\"><img loading=\"lazy\" decoding=\"async\" width=\"653\" height=\"1024\" src=\"http:\/\/www.editorialdagon.es\/wp-content\/uploads\/2024\/08\/Portadas-Word-Press-2024_Pagina_105-653x1024.jpg\" alt=\"\" class=\"wp-image-1036 size-full\" srcset=\"https:\/\/www.editorialdagon.es\/wp-content\/uploads\/2024\/08\/Portadas-Word-Press-2024_Pagina_105-653x1024.jpg 653w, https:\/\/www.editorialdagon.es\/wp-content\/uploads\/2024\/08\/Portadas-Word-Press-2024_Pagina_105-191x300.jpg 191w, https:\/\/www.editorialdagon.es\/wp-content\/uploads\/2024\/08\/Portadas-Word-Press-2024_Pagina_105-768x1204.jpg 768w, https:\/\/www.editorialdagon.es\/wp-content\/uploads\/2024\/08\/Portadas-Word-Press-2024_Pagina_105-980x1536.jpg 980w, https:\/\/www.editorialdagon.es\/wp-content\/uploads\/2024\/08\/Portadas-Word-Press-2024_Pagina_105-1306x2048.jpg 1306w, https:\/\/www.editorialdagon.es\/wp-content\/uploads\/2024\/08\/Portadas-Word-Press-2024_Pagina_105-1140x1787.jpg 1140w, https:\/\/www.editorialdagon.es\/wp-content\/uploads\/2024\/08\/Portadas-Word-Press-2024_Pagina_105.jpg 1316w\" sizes=\"auto, (max-width: 653px) 100vw, 653px\" \/><\/figure><div class=\"wp-block-media-text__content\">\n<p><strong><a href=\"http:\/\/www.editorialdagon.es\/index.php\/autores\/torkom-saraydarian\/\" data-type=\"page\" data-id=\"1122\">TORKOM SARAYDARIAN<\/a><\/strong><\/p>\n\n\n\n<p>A\u00f1o de edici\u00f3n: 2020<\/p>\n\n\n\n<p>ISBN: 9781947571372<\/p>\n\n\n\n<p>P\u00e1ginas: 100<\/p>\n\n\n\n<p>Precio: <strong>14\u00a0\u20ac<\/strong><\/p>\n\n\n\n<p>Fragmento: <em><a href=\"https:\/\/1drv.ms\/b\/s!AvQngI1KR5TfteYzFdJ26p_dRAnQZA?e=MKXwu9\">Terremotos y Desastres<\/a><\/em><\/p>\n\n\n\n<p>Contacto:&nbsp;<a href=\"mailto:editor@editorialdagon.es\"><em>editor@editorialdagon.es<\/em><\/a><\/p>\n\n\n\n<p>Versi\u00f3n inglesa:<em>  <a href=\"https:\/\/www.tsgfoundation.org\/product\/earthquakes-and-disasters\/\">Earthquakes and Disasters<\/a><\/em><\/p>\n<\/div><\/div>\n\n\n\n<p><strong>SINOPSIS<\/strong><\/p>\n\n\n\n<p>Videntes, Libros Sagrados, Canalizaciones\u2026 Existen un sinn\u00famero de profec\u00edas catastr\u00f3ficas sobre el Presente y el Futuro de la Humanidad: pandemias, terremotos, guerras, tsunamis\u2026 \u00bfQu\u00e9 nos ense\u00f1a la Sabidur\u00eda eterna sobre estos asuntos?<br>\u00bfQu\u00e9 dice la Sabidur\u00eda Eterna sobre las causas de los terremotos y varios desastres naturales? Sabemos que la negligencia humana est\u00e1 causando gran parte de los desastres \u00abnaturales\u00bb de hoy, pero \u00bfhay una raz\u00f3n m\u00e1s sutil m\u00e1s all\u00e1 de la negligencia f\u00edsica? \u00bfPodr\u00eda ser que nuestras acciones f\u00edsicas sean solo una manifestaci\u00f3n externa de nuestras actitudes emocionales y mentales? \u00bfPodr\u00edamos estar provocando huracanes, terremotos, tsunamis en todo el mundo por las mismas formas mentales que estamos creando a diario? \u00bfToda la fealdad, el dolor y el sufrimiento, la venganza y la matanza podr\u00edan da\u00f1ar las energ\u00edas ben\u00e9volas que pueden protegernos? \u00bfPodr\u00eda la tierra estar reaccionando a toda la negatividad y la violencia en nuestra vida diaria? Si podemos probar f\u00e1cilmente que la negligencia humana causa desastres, entonces, \u00bfcu\u00e1nto m\u00e1s necesitamos hacer para estirar nuestras mentes y comprensi\u00f3n y ver que detr\u00e1s de las acciones o la falta de acciones, se encuentra un enorme conjunto de sistemas de creencias, procesos de pensamiento, deseos emocionales?, odios nacionales y religiosos y separatismos. Estos forman las fuerzas subyacentes que dan forma a los aspectos sutiles de nuestro mundo. Todo esto y m\u00e1s se discuten en este folleto animado y desafiante.<br>Explica qu\u00e9 causa terremotos y desastres.<br>Proporciona la raz\u00f3n esot\u00e9rica detr\u00e1s de muchas de las calamidades naturales de hoy.<br>Da \u00e1nimo y esperanza al mostrar c\u00f3mo se pueden manejar e incluso evitar estas crisis.<br>Un folleto \u00fatil que nos ayudar\u00e1 a encontrar formas de comprender las causas reales y subyacentes del da\u00f1o que le estamos haciendo a nuestro medio ambiente y c\u00f3mo podemos cambiar las condiciones peligrosas en las que nos encontramos ahora.<\/p>\n\n\n\n<p><strong>BOOKTRAILER<\/strong><\/p>\n\n\n\n<figure class=\"wp-block-embed aligncenter is-type-video is-provider-youtube wp-block-embed-youtube wp-embed-aspect-16-9 wp-has-aspect-ratio\"><div class=\"wp-block-embed__wrapper\">\n<div class=\"ast-oembed-container \" style=\"height: 100%;\"><iframe loading=\"lazy\" title=\"Book Trailer Libros Torkom Septiembre 2020\" width=\"500\" height=\"281\" src=\"https:\/\/www.youtube.com\/embed\/hl_IDMrXXeI?feature=oembed\" frameborder=\"0\" allow=\"accelerometer; autoplay; clipboard-write; encrypted-media; gyroscope; picture-in-picture; web-share\" referrerpolicy=\"strict-origin-when-cross-origin\" allowfullscreen><\/iframe><\/div>\n<\/div><\/figure>\n","protected":false},"excerpt":{"rendered":"<p>TORKOM SARAYDARIAN A\u00f1o de edici\u00f3n: 2020 ISBN: 9781947571372 P\u00e1ginas: 100 Precio: 14\u00a0\u20ac Fragmento: Terremotos y Desastres Contacto:&nbsp;editor@editorialdagon.es Versi\u00f3n inglesa: Earthquakes [&hellip;]<\/p>\n","protected":false},"author":1,"featured_media":0,"parent":291,"menu_order":0,"comment_status":"closed","ping_status":"closed","template":"","meta":{"site-sidebar-layout":"default","site-content-layout":"","ast-site-content-layout":"default","site-content-style":"default","site-sidebar-style":"default","ast-global-header-display":"","ast-banner-title-visibility":"","ast-main-header-display":"","ast-hfb-above-header-display":"","ast-hfb-below-header-display":"","ast-hfb-mobile-header-display":"","site-post-title":"","ast-breadcrumbs-content":"","ast-featured-img":"","footer-sml-layout":"","theme-transparent-header-meta":"","adv-header-id-meta":"","stick-header-meta":"","header-above-stick-meta":"","header-main-stick-meta":"","header-below-stick-meta":"","astra-migrate-meta-layouts":"default","ast-page-background-enabled":"default","ast-page-background-meta":{"desktop":{"background-color":"var(--ast-global-color-5)","background-image":"","background-repeat":"repeat","background-position":"center center","background-size":"auto","background-attachment":"scroll","background-type":"","background-media":"","overlay-type":"","overlay-color":"","overlay-opacity":"","overlay-gradient":""},"tablet":{"background-color":"","background-image":"","background-repeat":"repeat","background-position":"center center","background-size":"auto","background-attachment":"scroll","background-type":"","background-media":"","overlay-type":"","overlay-color":"","overlay-opacity":"","overlay-gradient":""},"mobile":{"background-color":"","background-image":"","background-repeat":"repeat","background-position":"center center","background-size":"auto","background-attachment":"scroll","background-type":"","background-media":"","overlay-type":"","overlay-color":"","overlay-opacity":"","overlay-gradient":""}},"ast-content-background-meta":{"desktop":{"background-color":"var(--ast-global-color-4)","background-image":"","background-repeat":"repeat","background-position":"center center","background-size":"auto","background-attachment":"scroll","background-type":"","background-media":"","overlay-type":"","overlay-color":"","overlay-opacity":"","overlay-gradient":""},"tablet":{"background-color":"var(--ast-global-color-4)","background-image":"","background-repeat":"repeat","background-position":"center center","background-size":"auto","background-attachment":"scroll","background-type":"","background-media":"","overlay-type":"","overlay-color":"","overlay-opacity":"","overlay-gradient":""},"mobile":{"background-color":"var(--ast-global-color-4)","background-image":"","background-repeat":"repeat","background-position":"center center","background-size":"auto","background-attachment":"scroll","background-type":"","background-media":"","overlay-type":"","overlay-color":"","overlay-opacity":"","overlay-gradient":""}},"footnotes":""},"class_list":["post-837","page","type-page","status-publish","hentry"],"_links":{"self":[{"href":"https:\/\/www.editorialdagon.es\/index.php\/wp-json\/wp\/v2\/pages\/837","targetHints":{"allow":["GET"]}}],"collection":[{"href":"https:\/\/www.editorialdagon.es\/index.php\/wp-json\/wp\/v2\/pages"}],"about":[{"href":"https:\/\/www.editorialdagon.es\/index.php\/wp-json\/wp\/v2\/types\/page"}],"author":[{"embeddable":true,"href":"https:\/\/www.editorialdagon.es\/index.php\/wp-json\/wp\/v2\/users\/1"}],"replies":[{"embeddable":true,"href":"https:\/\/www.editorialdagon.es\/index.php\/wp-json\/wp\/v2\/comments?post=837"}],"version-history":[{"count":14,"href":"https:\/\/www.editorialdagon.es\/index.php\/wp-json\/wp\/v2\/pages\/837\/revisions"}],"predecessor-version":[{"id":3872,"href":"https:\/\/www.editorialdagon.es\/index.php\/wp-json\/wp\/v2\/pages\/837\/revisions\/3872"}],"up":[{"embeddable":true,"href":"https:\/\/www.editorialdagon.es\/index.php\/wp-json\/wp\/v2\/pages\/291"}],"wp:attachment":[{"href":"https:\/\/www.editorialdagon.es\/index.php\/wp-json\/wp\/v2\/media?parent=837"}],"curies":[{"name":"wp","href":"https:\/\/api.w.org\/{rel}","templated":true}]}}