{"id":845,"date":"2024-08-08T08:34:45","date_gmt":"2024-08-08T08:34:45","guid":{"rendered":"http:\/\/www.editorialdagon.es\/?page_id=845"},"modified":"2026-04-25T10:38:05","modified_gmt":"2026-04-25T10:38:05","slug":"torkom-saraydarian-combatiendo-fuerzas-oscuras","status":"publish","type":"page","link":"https:\/\/www.editorialdagon.es\/index.php\/obras\/torkom-saraydarian-combatiendo-fuerzas-oscuras\/","title":{"rendered":"TORKOM SARAYDARIAN &#8211;\u00a0Combati\u00e9ndo Fuerzas Oscuras"},"content":{"rendered":"\n<div class=\"wp-block-media-text is-stacked-on-mobile\"><figure class=\"wp-block-media-text__media\"><img loading=\"lazy\" decoding=\"async\" width=\"653\" height=\"1024\" src=\"http:\/\/www.editorialdagon.es\/wp-content\/uploads\/2024\/08\/Portadas-Word-Press-2024_Pagina_010-653x1024.jpg\" alt=\"\" class=\"wp-image-1000 size-full\" srcset=\"https:\/\/www.editorialdagon.es\/wp-content\/uploads\/2024\/08\/Portadas-Word-Press-2024_Pagina_010-653x1024.jpg 653w, https:\/\/www.editorialdagon.es\/wp-content\/uploads\/2024\/08\/Portadas-Word-Press-2024_Pagina_010-191x300.jpg 191w, https:\/\/www.editorialdagon.es\/wp-content\/uploads\/2024\/08\/Portadas-Word-Press-2024_Pagina_010-768x1204.jpg 768w, https:\/\/www.editorialdagon.es\/wp-content\/uploads\/2024\/08\/Portadas-Word-Press-2024_Pagina_010-980x1536.jpg 980w, https:\/\/www.editorialdagon.es\/wp-content\/uploads\/2024\/08\/Portadas-Word-Press-2024_Pagina_010-1306x2048.jpg 1306w, https:\/\/www.editorialdagon.es\/wp-content\/uploads\/2024\/08\/Portadas-Word-Press-2024_Pagina_010-1140x1787.jpg 1140w, https:\/\/www.editorialdagon.es\/wp-content\/uploads\/2024\/08\/Portadas-Word-Press-2024_Pagina_010.jpg 1316w\" sizes=\"auto, (max-width: 653px) 100vw, 653px\" \/><\/figure><div class=\"wp-block-media-text__content\">\n<p><strong><a href=\"http:\/\/www.editorialdagon.es\/index.php\/autores\/torkom-saraydarian\/\">TORKOM SARAYDARIAN<\/a><\/strong><\/p>\n\n\n\n<p>A\u00f1o de edici\u00f3n:&nbsp;2021<\/p>\n\n\n\n<p>ISBN:&nbsp;9781947571143<\/p>\n\n\n\n<p>P\u00e1ginas: 514<\/p>\n\n\n\n<p>Precio: <strong>27\u00a0\u20ac<\/strong><\/p>\n\n\n\n<p>Fragmento:&nbsp;<em><a href=\"https:\/\/1drv.ms\/b\/s!AvQngI1KR5TfteYrchJJpye4zo8fGQ?e=rtANn2\">Combatiendo Fuerzas Oscuras<\/a><\/em><\/p>\n\n\n\n<p>Contacto:&nbsp;<a href=\"mailto:editor@editorialdagon.es\"><em>editor@editorialdagon.es<\/em><\/a><\/p>\n\n\n\n<p>Versi\u00f3n inglesa:<em> <a href=\"https:\/\/www.tsgfoundation.org\/product\/battling-dark-forces\/\">Battling Dark Forces<\/a><\/em><\/p>\n<\/div><\/div>\n\n\n\n<p><strong>SINOPSIS<\/strong><\/p>\n\n\n\n<p>La vida es usualmente una batalla.<br>Estamos diariamente bombardeados por fuerzas externas e internas que nos alejan de la salud, la felicidad y el bienestar personal.<br>Este libro nos ense\u00f1a a conocer qui\u00e9nes o qu\u00e9 son las fuerzas oscuras, de d\u00f3nde provienen y a qu\u00e9 prop\u00f3sito sirven. Y sobre todo, nos muestra c\u00f3mo podemos lograr la victoria sobre estas fuerzas y convertirnos en verdaderos servidores de la Luz.<br>EN \u00c9L APRENDER\u00c1S:<\/p>\n\n\n\n<ul class=\"wp-block-list\">\n<li><strong>Q<\/strong>u\u00e9 es realmente el MAL<\/li>\n\n\n\n<li>Diferenciar los ataques del mal de la acci\u00f3n del Karma<\/li>\n\n\n\n<li>Descubrir c\u00f3mo las fuerzas oscuras utilizan el alcohol, las drogas y otros m\u00e9todos, para expandir su maldad y esclavizarnos.<\/li>\n\n\n\n<li>Saber c\u00f3mo escudarte y protegerte de los ataques oscuros.<\/li>\n\n\n\n<li>Aprender a discriminar entre el bien y el mal.<\/li>\n\n\n\n<li>Discernir entre ataques internos y exte<strong>rnos.<\/strong><\/li>\n\n\n\n<li>Aprender a potenciar tu aura y utilizarla como un<strong> <\/strong>escudo<strong>.<\/strong><\/li>\n<\/ul>\n\n\n\n<p>&#8230; \u00a1y mucho, mucho m\u00e1s!<\/p>\n\n\n\n<p><strong>BOOKTRAILER I:<\/strong><\/p>\n\n\n\n<figure class=\"wp-block-embed is-type-video is-provider-youtube wp-block-embed-youtube wp-embed-aspect-16-9 wp-has-aspect-ratio\"><div class=\"wp-block-embed__wrapper\">\n<div class=\"ast-oembed-container \" style=\"height: 100%;\"><iframe loading=\"lazy\" title=\"Book Trailer Combatiendo Fuerzas Oscuras reedici\u00f3n Edit.  Dag\u00f3n\" width=\"500\" height=\"281\" src=\"https:\/\/www.youtube.com\/embed\/KdFIHoAk_PI?feature=oembed\" frameborder=\"0\" allow=\"accelerometer; autoplay; clipboard-write; encrypted-media; gyroscope; picture-in-picture; web-share\" referrerpolicy=\"strict-origin-when-cross-origin\" allowfullscreen><\/iframe><\/div>\n<\/div><\/figure>\n\n\n\n<p><strong>BOOK TRAILER II:<\/strong><\/p>\n\n\n\n<figure class=\"wp-block-embed aligncenter is-type-video is-provider-youtube wp-block-embed-youtube wp-embed-aspect-4-3 wp-has-aspect-ratio\"><div class=\"wp-block-embed__wrapper\">\n<div class=\"ast-oembed-container \" style=\"height: 100%;\"><iframe loading=\"lazy\" title=\"Book Trailer Torkom Combatiendo Fuerzas Oscuras\" width=\"500\" height=\"375\" src=\"https:\/\/www.youtube.com\/embed\/33MrwtSE4tA?feature=oembed\" frameborder=\"0\" allow=\"accelerometer; autoplay; clipboard-write; encrypted-media; gyroscope; picture-in-picture; web-share\" referrerpolicy=\"strict-origin-when-cross-origin\" allowfullscreen><\/iframe><\/div>\n<\/div><\/figure>\n\n\n\n<p><strong>CONFERENCIA:<\/strong><\/p>\n\n\n\n<figure class=\"wp-block-embed aligncenter is-type-video is-provider-youtube wp-block-embed-youtube wp-embed-aspect-16-9 wp-has-aspect-ratio\"><div class=\"wp-block-embed__wrapper\">\n<div class=\"ast-oembed-container \" style=\"height: 100%;\"><iframe loading=\"lazy\" title=\"Combatiendo Fuerzas Oscuras - El Problema del Mal\" width=\"500\" height=\"281\" src=\"https:\/\/www.youtube.com\/embed\/VS1JKDLNc8I?feature=oembed\" frameborder=\"0\" allow=\"accelerometer; autoplay; clipboard-write; encrypted-media; gyroscope; picture-in-picture; web-share\" referrerpolicy=\"strict-origin-when-cross-origin\" allowfullscreen><\/iframe><\/div>\n<\/div><\/figure>\n\n\n\n<p><\/p>\n","protected":false},"excerpt":{"rendered":"<p>TORKOM SARAYDARIAN A\u00f1o de edici\u00f3n:&nbsp;2021 ISBN:&nbsp;9781947571143 P\u00e1ginas: 514 Precio: 27\u00a0\u20ac Fragmento:&nbsp;Combatiendo Fuerzas Oscuras Contacto:&nbsp;editor@editorialdagon.es Versi\u00f3n inglesa: Battling Dark Forces SINOPSIS [&hellip;]<\/p>\n","protected":false},"author":1,"featured_media":0,"parent":291,"menu_order":0,"comment_status":"closed","ping_status":"closed","template":"","meta":{"site-sidebar-layout":"default","site-content-layout":"","ast-site-content-layout":"default","site-content-style":"default","site-sidebar-style":"default","ast-global-header-display":"","ast-banner-title-visibility":"","ast-main-header-display":"","ast-hfb-above-header-display":"","ast-hfb-below-header-display":"","ast-hfb-mobile-header-display":"","site-post-title":"","ast-breadcrumbs-content":"","ast-featured-img":"","footer-sml-layout":"","theme-transparent-header-meta":"","adv-header-id-meta":"","stick-header-meta":"","header-above-stick-meta":"","header-main-stick-meta":"","header-below-stick-meta":"","astra-migrate-meta-layouts":"default","ast-page-background-enabled":"default","ast-page-background-meta":{"desktop":{"background-color":"var(--ast-global-color-5)","background-image":"","background-repeat":"repeat","background-position":"center center","background-size":"auto","background-attachment":"scroll","background-type":"","background-media":"","overlay-type":"","overlay-color":"","overlay-opacity":"","overlay-gradient":""},"tablet":{"background-color":"","background-image":"","background-repeat":"repeat","background-position":"center center","background-size":"auto","background-attachment":"scroll","background-type":"","background-media":"","overlay-type":"","overlay-color":"","overlay-opacity":"","overlay-gradient":""},"mobile":{"background-color":"","background-image":"","background-repeat":"repeat","background-position":"center center","background-size":"auto","background-attachment":"scroll","background-type":"","background-media":"","overlay-type":"","overlay-color":"","overlay-opacity":"","overlay-gradient":""}},"ast-content-background-meta":{"desktop":{"background-color":"var(--ast-global-color-4)","background-image":"","background-repeat":"repeat","background-position":"center center","background-size":"auto","background-attachment":"scroll","background-type":"","background-media":"","overlay-type":"","overlay-color":"","overlay-opacity":"","overlay-gradient":""},"tablet":{"background-color":"var(--ast-global-color-4)","background-image":"","background-repeat":"repeat","background-position":"center center","background-size":"auto","background-attachment":"scroll","background-type":"","background-media":"","overlay-type":"","overlay-color":"","overlay-opacity":"","overlay-gradient":""},"mobile":{"background-color":"var(--ast-global-color-4)","background-image":"","background-repeat":"repeat","background-position":"center center","background-size":"auto","background-attachment":"scroll","background-type":"","background-media":"","overlay-type":"","overlay-color":"","overlay-opacity":"","overlay-gradient":""}},"footnotes":""},"class_list":["post-845","page","type-page","status-publish","hentry"],"_links":{"self":[{"href":"https:\/\/www.editorialdagon.es\/index.php\/wp-json\/wp\/v2\/pages\/845","targetHints":{"allow":["GET"]}}],"collection":[{"href":"https:\/\/www.editorialdagon.es\/index.php\/wp-json\/wp\/v2\/pages"}],"about":[{"href":"https:\/\/www.editorialdagon.es\/index.php\/wp-json\/wp\/v2\/types\/page"}],"author":[{"embeddable":true,"href":"https:\/\/www.editorialdagon.es\/index.php\/wp-json\/wp\/v2\/users\/1"}],"replies":[{"embeddable":true,"href":"https:\/\/www.editorialdagon.es\/index.php\/wp-json\/wp\/v2\/comments?post=845"}],"version-history":[{"count":16,"href":"https:\/\/www.editorialdagon.es\/index.php\/wp-json\/wp\/v2\/pages\/845\/revisions"}],"predecessor-version":[{"id":3869,"href":"https:\/\/www.editorialdagon.es\/index.php\/wp-json\/wp\/v2\/pages\/845\/revisions\/3869"}],"up":[{"embeddable":true,"href":"https:\/\/www.editorialdagon.es\/index.php\/wp-json\/wp\/v2\/pages\/291"}],"wp:attachment":[{"href":"https:\/\/www.editorialdagon.es\/index.php\/wp-json\/wp\/v2\/media?parent=845"}],"curies":[{"name":"wp","href":"https:\/\/api.w.org\/{rel}","templated":true}]}}