{"id":847,"date":"2024-08-08T08:35:48","date_gmt":"2024-08-08T08:35:48","guid":{"rendered":"http:\/\/www.editorialdagon.es\/?page_id=847"},"modified":"2026-04-25T10:37:27","modified_gmt":"2026-04-25T10:37:27","slug":"torkom-saraydarian-aura-escudo-de-proteccion-y-gloria","status":"publish","type":"page","link":"https:\/\/www.editorialdagon.es\/index.php\/obras\/torkom-saraydarian-aura-escudo-de-proteccion-y-gloria\/","title":{"rendered":"TORKOM SARAYDARIAN &#8211;\u00a0Aura, escudo de protecci\u00f3n y Gloria"},"content":{"rendered":"\n<div class=\"wp-block-media-text is-stacked-on-mobile\"><figure class=\"wp-block-media-text__media\"><img loading=\"lazy\" decoding=\"async\" width=\"653\" height=\"1024\" src=\"http:\/\/www.editorialdagon.es\/wp-content\/uploads\/2024\/08\/Portadas-Word-Press-2024_Pagina_003-653x1024.jpg\" alt=\"\" class=\"wp-image-1006 size-full\" srcset=\"https:\/\/www.editorialdagon.es\/wp-content\/uploads\/2024\/08\/Portadas-Word-Press-2024_Pagina_003-653x1024.jpg 653w, https:\/\/www.editorialdagon.es\/wp-content\/uploads\/2024\/08\/Portadas-Word-Press-2024_Pagina_003-191x300.jpg 191w, https:\/\/www.editorialdagon.es\/wp-content\/uploads\/2024\/08\/Portadas-Word-Press-2024_Pagina_003-768x1204.jpg 768w, https:\/\/www.editorialdagon.es\/wp-content\/uploads\/2024\/08\/Portadas-Word-Press-2024_Pagina_003-980x1536.jpg 980w, https:\/\/www.editorialdagon.es\/wp-content\/uploads\/2024\/08\/Portadas-Word-Press-2024_Pagina_003-1306x2048.jpg 1306w, https:\/\/www.editorialdagon.es\/wp-content\/uploads\/2024\/08\/Portadas-Word-Press-2024_Pagina_003-1140x1787.jpg 1140w, https:\/\/www.editorialdagon.es\/wp-content\/uploads\/2024\/08\/Portadas-Word-Press-2024_Pagina_003.jpg 1316w\" sizes=\"auto, (max-width: 653px) 100vw, 653px\" \/><\/figure><div class=\"wp-block-media-text__content\">\n<p><strong><a href=\"http:\/\/www.editorialdagon.es\/index.php\/autores\/torkom-saraydarian\/\">TORKOM SARAYDARIAN<\/a><\/strong><\/p>\n\n\n\n<p>A\u00f1o de edici\u00f3n:&nbsp;2021<\/p>\n\n\n\n<p>ISBN:&nbsp;9780929874067<\/p>\n\n\n\n<p>P\u00e1ginas: 220<\/p>\n\n\n\n<p>Precio: <strong>18\u00a0\u20ac<\/strong><\/p>\n\n\n\n<p>Fragmento:&nbsp;<em><a href=\"https:\/\/1drv.ms\/b\/s!AvQngI1KR5TfteYqoE9Yr2_m0z6vlw?e=iV8CYo\">Aura, Escudo de Protecci\u00f3n y Gloria<\/a><\/em><\/p>\n\n\n\n<p>Contacto:&nbsp;<a href=\"mailto:editor@editorialdagon.es\"><em>editor@editorialdagon.es<\/em><\/a><\/p>\n\n\n\n<p>Versi\u00f3n inglesa:<em> <a href=\"https:\/\/www.tsgfoundation.org\/product\/aura-shield-of-protection-and-glory-119\/\">Aura, protection and glory shield<\/a><\/em><\/p>\n<\/div><\/div>\n\n\n\n<p><strong>SINOPSIS<\/strong><\/p>\n\n\n\n<p>Este libro contiene informaci\u00f3n detallada sobre el Aura y su papel como protectora y nutridora de todo el cuerpo humano. Describe qu\u00e9 es el Aura, c\u00f3mo se ve, qu\u00e9 colores tiene, c\u00f3mo le afectan los colores, los sonidos y los signos&nbsp; zodiacales, y c\u00f3mo podemos fortalecer nuestra Aura para que pueda protegernos y nutrirnos.<br>Se regala con el libro una selecci\u00f3n de m\u00fasica compuesta por Torkom, especialmente creada para purificar y fortalecer el Aura. Al comprar el libro \u2013si le interesa esta selecci\u00f3n\u2013, solo hay que pedirla al Editor que, con gusto, compartir\u00e1 el link de descarga.<\/p>\n\n\n\n<p><strong>BOOKTRAILER<\/strong><\/p>\n\n\n\n<figure class=\"wp-block-embed aligncenter is-type-video is-provider-youtube wp-block-embed-youtube wp-embed-aspect-16-9 wp-has-aspect-ratio\"><div class=\"wp-block-embed__wrapper\">\n<div class=\"ast-oembed-container \" style=\"height: 100%;\"><iframe loading=\"lazy\" title=\"Book Trailer Aura\" width=\"500\" height=\"281\" src=\"https:\/\/www.youtube.com\/embed\/XQMo4-PD1X4?feature=oembed\" frameborder=\"0\" allow=\"accelerometer; autoplay; clipboard-write; encrypted-media; gyroscope; picture-in-picture; web-share\" referrerpolicy=\"strict-origin-when-cross-origin\" allowfullscreen><\/iframe><\/div>\n<\/div><\/figure>\n","protected":false},"excerpt":{"rendered":"<p>TORKOM SARAYDARIAN A\u00f1o de edici\u00f3n:&nbsp;2021 ISBN:&nbsp;9780929874067 P\u00e1ginas: 220 Precio: 18\u00a0\u20ac Fragmento:&nbsp;Aura, Escudo de Protecci\u00f3n y Gloria Contacto:&nbsp;editor@editorialdagon.es Versi\u00f3n inglesa: Aura, [&hellip;]<\/p>\n","protected":false},"author":1,"featured_media":0,"parent":291,"menu_order":0,"comment_status":"closed","ping_status":"closed","template":"","meta":{"site-sidebar-layout":"default","site-content-layout":"","ast-site-content-layout":"default","site-content-style":"default","site-sidebar-style":"default","ast-global-header-display":"","ast-banner-title-visibility":"","ast-main-header-display":"","ast-hfb-above-header-display":"","ast-hfb-below-header-display":"","ast-hfb-mobile-header-display":"","site-post-title":"","ast-breadcrumbs-content":"","ast-featured-img":"","footer-sml-layout":"","theme-transparent-header-meta":"","adv-header-id-meta":"","stick-header-meta":"","header-above-stick-meta":"","header-main-stick-meta":"","header-below-stick-meta":"","astra-migrate-meta-layouts":"default","ast-page-background-enabled":"default","ast-page-background-meta":{"desktop":{"background-color":"var(--ast-global-color-5)","background-image":"","background-repeat":"repeat","background-position":"center center","background-size":"auto","background-attachment":"scroll","background-type":"","background-media":"","overlay-type":"","overlay-color":"","overlay-opacity":"","overlay-gradient":""},"tablet":{"background-color":"","background-image":"","background-repeat":"repeat","background-position":"center center","background-size":"auto","background-attachment":"scroll","background-type":"","background-media":"","overlay-type":"","overlay-color":"","overlay-opacity":"","overlay-gradient":""},"mobile":{"background-color":"","background-image":"","background-repeat":"repeat","background-position":"center center","background-size":"auto","background-attachment":"scroll","background-type":"","background-media":"","overlay-type":"","overlay-color":"","overlay-opacity":"","overlay-gradient":""}},"ast-content-background-meta":{"desktop":{"background-color":"var(--ast-global-color-4)","background-image":"","background-repeat":"repeat","background-position":"center center","background-size":"auto","background-attachment":"scroll","background-type":"","background-media":"","overlay-type":"","overlay-color":"","overlay-opacity":"","overlay-gradient":""},"tablet":{"background-color":"var(--ast-global-color-4)","background-image":"","background-repeat":"repeat","background-position":"center center","background-size":"auto","background-attachment":"scroll","background-type":"","background-media":"","overlay-type":"","overlay-color":"","overlay-opacity":"","overlay-gradient":""},"mobile":{"background-color":"var(--ast-global-color-4)","background-image":"","background-repeat":"repeat","background-position":"center center","background-size":"auto","background-attachment":"scroll","background-type":"","background-media":"","overlay-type":"","overlay-color":"","overlay-opacity":"","overlay-gradient":""}},"footnotes":""},"class_list":["post-847","page","type-page","status-publish","hentry"],"_links":{"self":[{"href":"https:\/\/www.editorialdagon.es\/index.php\/wp-json\/wp\/v2\/pages\/847","targetHints":{"allow":["GET"]}}],"collection":[{"href":"https:\/\/www.editorialdagon.es\/index.php\/wp-json\/wp\/v2\/pages"}],"about":[{"href":"https:\/\/www.editorialdagon.es\/index.php\/wp-json\/wp\/v2\/types\/page"}],"author":[{"embeddable":true,"href":"https:\/\/www.editorialdagon.es\/index.php\/wp-json\/wp\/v2\/users\/1"}],"replies":[{"embeddable":true,"href":"https:\/\/www.editorialdagon.es\/index.php\/wp-json\/wp\/v2\/comments?post=847"}],"version-history":[{"count":16,"href":"https:\/\/www.editorialdagon.es\/index.php\/wp-json\/wp\/v2\/pages\/847\/revisions"}],"predecessor-version":[{"id":3868,"href":"https:\/\/www.editorialdagon.es\/index.php\/wp-json\/wp\/v2\/pages\/847\/revisions\/3868"}],"up":[{"embeddable":true,"href":"https:\/\/www.editorialdagon.es\/index.php\/wp-json\/wp\/v2\/pages\/291"}],"wp:attachment":[{"href":"https:\/\/www.editorialdagon.es\/index.php\/wp-json\/wp\/v2\/media?parent=847"}],"curies":[{"name":"wp","href":"https:\/\/api.w.org\/{rel}","templated":true}]}}