{"id":853,"date":"2024-08-08T08:36:51","date_gmt":"2024-08-08T08:36:51","guid":{"rendered":"http:\/\/www.editorialdagon.es\/?page_id=853"},"modified":"2026-04-25T10:34:23","modified_gmt":"2026-04-25T10:34:23","slug":"torkom-saraydarian-valores-familiares","status":"publish","type":"page","link":"https:\/\/www.editorialdagon.es\/index.php\/obras\/torkom-saraydarian-valores-familiares\/","title":{"rendered":"TORKOM SARAYDARIAN &#8211;\u00a0Valores Familiares"},"content":{"rendered":"\n<div class=\"wp-block-media-text is-stacked-on-mobile\"><figure class=\"wp-block-media-text__media\"><img loading=\"lazy\" decoding=\"async\" width=\"648\" height=\"1024\" src=\"https:\/\/www.editorialdagon.es\/wp-content\/uploads\/2025\/09\/Portada-Generica-Valores-familares-648x1024.jpg\" alt=\"\" class=\"wp-image-3194 size-full\" srcset=\"https:\/\/www.editorialdagon.es\/wp-content\/uploads\/2025\/09\/Portada-Generica-Valores-familares-648x1024.jpg 648w, https:\/\/www.editorialdagon.es\/wp-content\/uploads\/2025\/09\/Portada-Generica-Valores-familares-190x300.jpg 190w, https:\/\/www.editorialdagon.es\/wp-content\/uploads\/2025\/09\/Portada-Generica-Valores-familares-768x1213.jpg 768w, https:\/\/www.editorialdagon.es\/wp-content\/uploads\/2025\/09\/Portada-Generica-Valores-familares-972x1536.jpg 972w, https:\/\/www.editorialdagon.es\/wp-content\/uploads\/2025\/09\/Portada-Generica-Valores-familares-1296x2048.jpg 1296w, https:\/\/www.editorialdagon.es\/wp-content\/uploads\/2025\/09\/Portada-Generica-Valores-familares.jpg 1497w\" sizes=\"auto, (max-width: 648px) 100vw, 648px\" \/><\/figure><div class=\"wp-block-media-text__content\">\n<p><strong><a href=\"http:\/\/www.editorialdagon.es\/index.php\/autores\/torkom-saraydarian\/\" data-type=\"page\" data-id=\"1122\">TORKOM SARAYDARIAN<\/a><\/strong><\/p>\n\n\n\n<p>A\u00f1o de edici\u00f3n: 2021<\/p>\n\n\n\n<p>P\u00e1ginas: entre 30-60 cada librito<\/p>\n\n\n\n<p>Precio unidad: <strong>9\u00a0\u20ac<\/strong><\/p>\n\n\n\n<p>Precio lote 12 libritos: 50 \u20ac<\/p>\n\n\n\n<p>Contacto:&nbsp;<a href=\"mailto:editor@editorialdagon.es\"><em>editor@editorialdagon.es<\/em><\/a><\/p>\n\n\n\n<p>Versi\u00f3n inglesa:<em> <a href=\"https:\/\/www.tsgfoundation.org\/product\/family-values-booklets-12-booklet-package\/\">Serie Valores Familiares<\/a><\/em><\/p>\n<\/div><\/div>\n\n\n\n<p><strong>SINOPSIS<\/strong><\/p>\n\n\n\n<p>Estos \u00fatiles libritos son extractos de los escritos de Torkom Saraydarian sobre las Relaciones Familiares. Han sido elegidos para ser usados como material introductorio sobre la aplicaci\u00f3n de valores y principios elevados en las relaciones con las personas de nuestro entorno. Estos textos proveen una gu\u00eda maravillosa para construir una s\u00f3lida base para nuestra vida familiar.<\/p>\n\n\n\n<p><strong>COLECCI\u00d3N<\/strong><\/p>\n\n\n\n<p style=\"font-size:17px\">&#8211; <em>Para Mujeres<\/em> (ISBN: 9788412408980) <em><a href=\"https:\/\/www.tsgfoundation.org\/product\/family-series-booklet-03-for-women\/\">Versi\u00f3n inglesa<\/a><\/em><br>&#8211; <em>La Responsabilidad de los Padres<\/em>(ISBN: 9788419540690) <em><a href=\"https:\/\/www.tsgfoundation.org\/product\/family-series-booklet-06-responsibility-of-fathers\/\">Versi\u00f3n inglesa<\/a><\/em><br>&#8211; <em>El \u00c9xito<\/em> (ISBN: 9788419540676) <em><a href=\"https:\/\/www.tsgfoundation.org\/product\/family-series-booklet-08-success\/\">Versi\u00f3n inglesa<\/a><\/em><br>&#8211; <em>Mujeres como Portadoras de Luz<\/em> (ISBN: 9788419540669) <em><a href=\"https:\/\/www.tsgfoundation.org\/product\/family-series-booklet-10-women-as-torchbearers\/\">Versi\u00f3n inglesa<\/a><\/em><br>&#8211; <em>Para Hombres<\/em> (ISBN: 9781947571235) <em><a href=\"https:\/\/www.tsgfoundation.org\/product\/family-series-booklet-02-for-men\/\">Versi\u00f3n inglesa<\/a><\/em><br>&#8211; <em>Deberes de los Abuelos<\/em> (ISBN: 9781947571228) <em><a href=\"https:\/\/www.tsgfoundation.org\/product\/family-series-booklet-01-duties-of-grandparents\/\">Versi\u00f3n inglesa<\/a><\/em><br>&#8211; <em>El Matrimonio Ideal<\/em> (ISBN: 9781947571259) <em><a href=\"https:\/\/www.tsgfoundation.org\/product\/family-series-booklet-04-ideal-marriage\/\">Versi\u00f3n inglesa<\/a><\/em><br>&#8211; <em>La Responsabilidad<\/em> (ISBN: 9781947571266) <em><a href=\"https:\/\/www.tsgfoundation.org\/product\/family-series-booklet-05-responsibility\/\">Versi\u00f3n inglesa<\/a><\/em><br>&#8211; <em>La Responsabilidad de las Madres<\/em> (ISBN: 9781947571280) <em><a href=\"https:\/\/www.tsgfoundation.org\/product\/family-series-booklet-07-responsibility-of-mothers\/\">Versi\u00f3n inglesa<\/a><\/em><br>&#8211; <em>La Cooperaci\u00f3n<\/em> (ISBN: 9781947571303) <em><a href=\"https:\/\/www.tsgfoundation.org\/product\/family-series-booklet-09-cooperation-10\/\">Versi\u00f3n inglesa<\/a><\/em><br>&#8211;<em> El Coraz\u00f3n de tu Pareja<\/em> (ISBN: 9781947571327) <em><a href=\"https:\/\/www.tsgfoundation.org\/product\/family-series-booklet-11-the-heart-of-your-partner\/\">Versi\u00f3n inglesa<\/a><\/em><br>&#8211; <em>Relaciones Familiares<\/em> (ISBN: 9781947571334) <em><a href=\"https:\/\/www.tsgfoundation.org\/product\/family-series-booklet-12-family-relations\/\">Versi\u00f3n inglesa<\/a><\/em><\/p>\n\n\n\n<p><strong>BOOKTRAILER<\/strong><\/p>\n\n\n\n<figure class=\"wp-block-embed aligncenter is-type-video is-provider-youtube wp-block-embed-youtube wp-embed-aspect-16-9 wp-has-aspect-ratio\"><div class=\"wp-block-embed__wrapper\">\n<div class=\"ast-oembed-container \" style=\"height: 100%;\"><iframe loading=\"lazy\" title=\"Book Trailer Torkom - Valores Familiares\" width=\"500\" height=\"281\" src=\"https:\/\/www.youtube.com\/embed\/u3L4DWWv-B4?feature=oembed\" frameborder=\"0\" allow=\"accelerometer; autoplay; clipboard-write; encrypted-media; gyroscope; picture-in-picture; web-share\" referrerpolicy=\"strict-origin-when-cross-origin\" allowfullscreen><\/iframe><\/div>\n<\/div><\/figure>\n\n\n\n<p><strong>PRESENTACI\u00d3N<\/strong><\/p>\n\n\n\n<figure class=\"wp-block-embed is-type-video is-provider-youtube wp-block-embed-youtube wp-embed-aspect-16-9 wp-has-aspect-ratio\"><div class=\"wp-block-embed__wrapper\">\n<div class=\"ast-oembed-container \" style=\"height: 100%;\"><iframe loading=\"lazy\" title=\"Presentacio\u0301n Torkom - Autobiograf\u00eda - Valores Familiares\" width=\"500\" height=\"281\" src=\"https:\/\/www.youtube.com\/embed\/VZXLxU18NWo?feature=oembed\" frameborder=\"0\" allow=\"accelerometer; autoplay; clipboard-write; encrypted-media; gyroscope; picture-in-picture; web-share\" referrerpolicy=\"strict-origin-when-cross-origin\" allowfullscreen><\/iframe><\/div>\n<\/div><\/figure>\n","protected":false},"excerpt":{"rendered":"<p>TORKOM SARAYDARIAN A\u00f1o de edici\u00f3n: 2021 P\u00e1ginas: entre 30-60 cada librito Precio unidad: 9\u00a0\u20ac Precio lote 12 libritos: 50 \u20ac [&hellip;]<\/p>\n","protected":false},"author":1,"featured_media":0,"parent":291,"menu_order":0,"comment_status":"closed","ping_status":"closed","template":"","meta":{"site-sidebar-layout":"default","site-content-layout":"","ast-site-content-layout":"default","site-content-style":"default","site-sidebar-style":"default","ast-global-header-display":"","ast-banner-title-visibility":"","ast-main-header-display":"","ast-hfb-above-header-display":"","ast-hfb-below-header-display":"","ast-hfb-mobile-header-display":"","site-post-title":"","ast-breadcrumbs-content":"","ast-featured-img":"","footer-sml-layout":"","theme-transparent-header-meta":"","adv-header-id-meta":"","stick-header-meta":"","header-above-stick-meta":"","header-main-stick-meta":"","header-below-stick-meta":"","astra-migrate-meta-layouts":"default","ast-page-background-enabled":"default","ast-page-background-meta":{"desktop":{"background-color":"var(--ast-global-color-5)","background-image":"","background-repeat":"repeat","background-position":"center center","background-size":"auto","background-attachment":"scroll","background-type":"","background-media":"","overlay-type":"","overlay-color":"","overlay-opacity":"","overlay-gradient":""},"tablet":{"background-color":"","background-image":"","background-repeat":"repeat","background-position":"center center","background-size":"auto","background-attachment":"scroll","background-type":"","background-media":"","overlay-type":"","overlay-color":"","overlay-opacity":"","overlay-gradient":""},"mobile":{"background-color":"","background-image":"","background-repeat":"repeat","background-position":"center center","background-size":"auto","background-attachment":"scroll","background-type":"","background-media":"","overlay-type":"","overlay-color":"","overlay-opacity":"","overlay-gradient":""}},"ast-content-background-meta":{"desktop":{"background-color":"var(--ast-global-color-4)","background-image":"","background-repeat":"repeat","background-position":"center center","background-size":"auto","background-attachment":"scroll","background-type":"","background-media":"","overlay-type":"","overlay-color":"","overlay-opacity":"","overlay-gradient":""},"tablet":{"background-color":"var(--ast-global-color-4)","background-image":"","background-repeat":"repeat","background-position":"center center","background-size":"auto","background-attachment":"scroll","background-type":"","background-media":"","overlay-type":"","overlay-color":"","overlay-opacity":"","overlay-gradient":""},"mobile":{"background-color":"var(--ast-global-color-4)","background-image":"","background-repeat":"repeat","background-position":"center center","background-size":"auto","background-attachment":"scroll","background-type":"","background-media":"","overlay-type":"","overlay-color":"","overlay-opacity":"","overlay-gradient":""}},"footnotes":""},"class_list":["post-853","page","type-page","status-publish","hentry"],"_links":{"self":[{"href":"https:\/\/www.editorialdagon.es\/index.php\/wp-json\/wp\/v2\/pages\/853","targetHints":{"allow":["GET"]}}],"collection":[{"href":"https:\/\/www.editorialdagon.es\/index.php\/wp-json\/wp\/v2\/pages"}],"about":[{"href":"https:\/\/www.editorialdagon.es\/index.php\/wp-json\/wp\/v2\/types\/page"}],"author":[{"embeddable":true,"href":"https:\/\/www.editorialdagon.es\/index.php\/wp-json\/wp\/v2\/users\/1"}],"replies":[{"embeddable":true,"href":"https:\/\/www.editorialdagon.es\/index.php\/wp-json\/wp\/v2\/comments?post=853"}],"version-history":[{"count":17,"href":"https:\/\/www.editorialdagon.es\/index.php\/wp-json\/wp\/v2\/pages\/853\/revisions"}],"predecessor-version":[{"id":3865,"href":"https:\/\/www.editorialdagon.es\/index.php\/wp-json\/wp\/v2\/pages\/853\/revisions\/3865"}],"up":[{"embeddable":true,"href":"https:\/\/www.editorialdagon.es\/index.php\/wp-json\/wp\/v2\/pages\/291"}],"wp:attachment":[{"href":"https:\/\/www.editorialdagon.es\/index.php\/wp-json\/wp\/v2\/media?parent=853"}],"curies":[{"name":"wp","href":"https:\/\/api.w.org\/{rel}","templated":true}]}}