{"id":863,"date":"2024-08-08T09:02:38","date_gmt":"2024-08-08T09:02:38","guid":{"rendered":"http:\/\/www.editorialdagon.es\/?page_id=863"},"modified":"2026-03-18T14:28:01","modified_gmt":"2026-03-18T14:28:01","slug":"torkom-saraydarian-autobiografia","status":"publish","type":"page","link":"https:\/\/www.editorialdagon.es\/index.php\/obras\/torkom-saraydarian-autobiografia\/","title":{"rendered":"TORKOM SARAYDARIAN &#8211;\u00a0Autobiogr\u00e1fia"},"content":{"rendered":"\n<div class=\"wp-block-media-text is-stacked-on-mobile\" style=\"grid-template-columns:30% auto\"><figure class=\"wp-block-media-text__media\"><img loading=\"lazy\" decoding=\"async\" width=\"653\" height=\"1024\" src=\"http:\/\/www.editorialdagon.es\/wp-content\/uploads\/2024\/08\/Portadas-Word-Press-2024_Pagina_023-653x1024.jpg\" alt=\"\" class=\"wp-image-1004 size-full\" srcset=\"https:\/\/www.editorialdagon.es\/wp-content\/uploads\/2024\/08\/Portadas-Word-Press-2024_Pagina_023-653x1024.jpg 653w, https:\/\/www.editorialdagon.es\/wp-content\/uploads\/2024\/08\/Portadas-Word-Press-2024_Pagina_023-191x300.jpg 191w, https:\/\/www.editorialdagon.es\/wp-content\/uploads\/2024\/08\/Portadas-Word-Press-2024_Pagina_023-768x1204.jpg 768w, https:\/\/www.editorialdagon.es\/wp-content\/uploads\/2024\/08\/Portadas-Word-Press-2024_Pagina_023-980x1536.jpg 980w, https:\/\/www.editorialdagon.es\/wp-content\/uploads\/2024\/08\/Portadas-Word-Press-2024_Pagina_023-1306x2048.jpg 1306w, https:\/\/www.editorialdagon.es\/wp-content\/uploads\/2024\/08\/Portadas-Word-Press-2024_Pagina_023-1140x1787.jpg 1140w, https:\/\/www.editorialdagon.es\/wp-content\/uploads\/2024\/08\/Portadas-Word-Press-2024_Pagina_023.jpg 1316w\" sizes=\"auto, (max-width: 653px) 100vw, 653px\" \/><\/figure><div class=\"wp-block-media-text__content\">\n<p><strong><a href=\"http:\/\/www.editorialdagon.es\/index.php\/autores\/torkom-saraydarian\/\">TORKOM SARAYDARIAN<\/a><\/strong><br>A\u00f1o de edici\u00f3n:\u00a02022<br>ISBN:\u00a09781947571341<br>P\u00e1ginas: 768<br>Precio: <strong>34\u00a0\u20ac<\/strong><br>Precio color: <strong>37\u00a0\u20ac<\/strong><br>Fragmento:\u00a0<em><a href=\"https:\/\/1drv.ms\/b\/s!AvQngI1KR5TfurZ5HQz5zSya6HAK9A?e=Oy4dW4\">Autobiograf\u00eda Torkom Saraydarian<\/a><\/em><br>Contacto:\u00a0<a href=\"mailto:editor@editorialdagon.es\"><em>editor<\/em><\/a>@dagonVersi\u00f3n inglesa: <em><a href=\"https:\/\/www.tsgfoundation.org\/product\/autobiography-torkom-saraydarian-hardcover\/\">Autobiography<\/a><\/em><\/p>\n\n\n\n<p class=\"has-vivid-red-color has-text-color has-link-color wp-elements-e9f12c5fb55ed0bf889256d25ec20280\"><strong>NOTA<\/strong>: la versi\u00f3n b\u00e1sica que se vende en diversos lugares no tiene im\u00e1genes en color. Pero puede conseguir una versi\u00f3n en color pidi\u00e9ndola directamente a la Editorial.<\/p>\n<\/div><\/div>\n\n\n\n<p><strong>SINOPSIS<\/strong><\/p>\n\n\n\n<p>Recopilaci\u00f3n sobre la vida de Torkom Saraydarian, en gran parte autobiogr\u00e1fica,&nbsp;completada por entrevistas y otros documentos recopilados por la Fundaci\u00f3n Torkom. Esta voluminosa obra, mejorada en esta edici\u00f3n, no solo es una lista de hechos y&nbsp;fechas, es, sobre todo, un libro que muestra la vida de un disc\u00edpulo, en contacto con lo sobrenatural, con la vocaci\u00f3n de Servir, y que ya desde peque\u00f1o, empezando&nbsp;por la educaci\u00f3n recibida por su padre, se prepar\u00f3 para su misi\u00f3n futura, esencialmente sintetizar la Sabidur\u00eda Eterna en una gran colecci\u00f3n de libros, haci\u00e9ndonos f\u00e1cil&nbsp;lo dif\u00edcil, y demostrando que la misma Fuente aliment\u00f3 a H.P. Blavatsky, los Roerich Alice A. Bailey, Omraam, Deunov, Krishnamurti, etc.<br>Esa Fuente es Shamballa. Este libro, adem\u00e1s de narrarnos la vida de Torkom\u2013 esta repleto de conocimiento, de ense\u00f1anzas esot\u00e9ricas que pueden servirnos para nuestra vida.<\/p>\n\n\n\n<p><strong>BOOKTRAILER<\/strong><\/p>\n\n\n\n<figure class=\"wp-block-embed aligncenter is-type-video is-provider-youtube wp-block-embed-youtube wp-embed-aspect-4-3 wp-has-aspect-ratio\"><div class=\"wp-block-embed__wrapper\">\n<div class=\"ast-oembed-container \" style=\"height: 100%;\"><iframe loading=\"lazy\" title=\"Book Trailer Autobiografia Torkom Saraydarian\" width=\"500\" height=\"375\" src=\"https:\/\/www.youtube.com\/embed\/fgJptRWS13Y?feature=oembed\" frameborder=\"0\" allow=\"accelerometer; autoplay; clipboard-write; encrypted-media; gyroscope; picture-in-picture; web-share\" referrerpolicy=\"strict-origin-when-cross-origin\" allowfullscreen><\/iframe><\/div>\n<\/div><\/figure>\n","protected":false},"excerpt":{"rendered":"<p>TORKOM SARAYDARIANA\u00f1o de edici\u00f3n:\u00a02022ISBN:\u00a09781947571341P\u00e1ginas: 768Precio: 34\u00a0\u20acPrecio color: 37\u00a0\u20acFragmento:\u00a0Autobiograf\u00eda Torkom SaraydarianContacto:\u00a0editor@dagonVersi\u00f3n inglesa: Autobiography NOTA: la versi\u00f3n b\u00e1sica que se vende en [&hellip;]<\/p>\n","protected":false},"author":1,"featured_media":0,"parent":291,"menu_order":0,"comment_status":"closed","ping_status":"closed","template":"","meta":{"site-sidebar-layout":"default","site-content-layout":"","ast-site-content-layout":"default","site-content-style":"default","site-sidebar-style":"default","ast-global-header-display":"","ast-banner-title-visibility":"","ast-main-header-display":"","ast-hfb-above-header-display":"","ast-hfb-below-header-display":"","ast-hfb-mobile-header-display":"","site-post-title":"","ast-breadcrumbs-content":"","ast-featured-img":"","footer-sml-layout":"","theme-transparent-header-meta":"","adv-header-id-meta":"","stick-header-meta":"","header-above-stick-meta":"","header-main-stick-meta":"","header-below-stick-meta":"","astra-migrate-meta-layouts":"default","ast-page-background-enabled":"default","ast-page-background-meta":{"desktop":{"background-color":"var(--ast-global-color-5)","background-image":"","background-repeat":"repeat","background-position":"center center","background-size":"auto","background-attachment":"scroll","background-type":"","background-media":"","overlay-type":"","overlay-color":"","overlay-opacity":"","overlay-gradient":""},"tablet":{"background-color":"","background-image":"","background-repeat":"repeat","background-position":"center center","background-size":"auto","background-attachment":"scroll","background-type":"","background-media":"","overlay-type":"","overlay-color":"","overlay-opacity":"","overlay-gradient":""},"mobile":{"background-color":"","background-image":"","background-repeat":"repeat","background-position":"center center","background-size":"auto","background-attachment":"scroll","background-type":"","background-media":"","overlay-type":"","overlay-color":"","overlay-opacity":"","overlay-gradient":""}},"ast-content-background-meta":{"desktop":{"background-color":"var(--ast-global-color-4)","background-image":"","background-repeat":"repeat","background-position":"center center","background-size":"auto","background-attachment":"scroll","background-type":"","background-media":"","overlay-type":"","overlay-color":"","overlay-opacity":"","overlay-gradient":""},"tablet":{"background-color":"var(--ast-global-color-4)","background-image":"","background-repeat":"repeat","background-position":"center center","background-size":"auto","background-attachment":"scroll","background-type":"","background-media":"","overlay-type":"","overlay-color":"","overlay-opacity":"","overlay-gradient":""},"mobile":{"background-color":"var(--ast-global-color-4)","background-image":"","background-repeat":"repeat","background-position":"center center","background-size":"auto","background-attachment":"scroll","background-type":"","background-media":"","overlay-type":"","overlay-color":"","overlay-opacity":"","overlay-gradient":""}},"footnotes":""},"class_list":["post-863","page","type-page","status-publish","hentry"],"_links":{"self":[{"href":"https:\/\/www.editorialdagon.es\/index.php\/wp-json\/wp\/v2\/pages\/863","targetHints":{"allow":["GET"]}}],"collection":[{"href":"https:\/\/www.editorialdagon.es\/index.php\/wp-json\/wp\/v2\/pages"}],"about":[{"href":"https:\/\/www.editorialdagon.es\/index.php\/wp-json\/wp\/v2\/types\/page"}],"author":[{"embeddable":true,"href":"https:\/\/www.editorialdagon.es\/index.php\/wp-json\/wp\/v2\/users\/1"}],"replies":[{"embeddable":true,"href":"https:\/\/www.editorialdagon.es\/index.php\/wp-json\/wp\/v2\/comments?post=863"}],"version-history":[{"count":13,"href":"https:\/\/www.editorialdagon.es\/index.php\/wp-json\/wp\/v2\/pages\/863\/revisions"}],"predecessor-version":[{"id":3741,"href":"https:\/\/www.editorialdagon.es\/index.php\/wp-json\/wp\/v2\/pages\/863\/revisions\/3741"}],"up":[{"embeddable":true,"href":"https:\/\/www.editorialdagon.es\/index.php\/wp-json\/wp\/v2\/pages\/291"}],"wp:attachment":[{"href":"https:\/\/www.editorialdagon.es\/index.php\/wp-json\/wp\/v2\/media?parent=863"}],"curies":[{"name":"wp","href":"https:\/\/api.w.org\/{rel}","templated":true}]}}