{"id":881,"date":"2024-08-08T09:05:52","date_gmt":"2024-08-08T09:05:52","guid":{"rendered":"http:\/\/www.editorialdagon.es\/?page_id=881"},"modified":"2026-03-18T14:14:42","modified_gmt":"2026-03-18T14:14:42","slug":"torkom-saraydarian-charlas-sobre-agni-yoga","status":"publish","type":"page","link":"https:\/\/www.editorialdagon.es\/index.php\/obras\/torkom-saraydarian-charlas-sobre-agni-yoga\/","title":{"rendered":"TORKOM SARAYDARIAN &#8211;\u00a0Charlas sobre Agni Yoga (3 tomos)"},"content":{"rendered":"\n<div class=\"wp-block-media-text is-stacked-on-mobile\"><figure class=\"wp-block-media-text__media\"><img loading=\"lazy\" decoding=\"async\" width=\"653\" height=\"1024\" src=\"http:\/\/www.editorialdagon.es\/wp-content\/uploads\/2024\/08\/Portadas-Word-Press-2024_Pagina_080-653x1024.jpg\" alt=\"\" class=\"wp-image-1002 size-full\" srcset=\"https:\/\/www.editorialdagon.es\/wp-content\/uploads\/2024\/08\/Portadas-Word-Press-2024_Pagina_080-653x1024.jpg 653w, https:\/\/www.editorialdagon.es\/wp-content\/uploads\/2024\/08\/Portadas-Word-Press-2024_Pagina_080-191x300.jpg 191w, https:\/\/www.editorialdagon.es\/wp-content\/uploads\/2024\/08\/Portadas-Word-Press-2024_Pagina_080-768x1204.jpg 768w, https:\/\/www.editorialdagon.es\/wp-content\/uploads\/2024\/08\/Portadas-Word-Press-2024_Pagina_080-980x1536.jpg 980w, https:\/\/www.editorialdagon.es\/wp-content\/uploads\/2024\/08\/Portadas-Word-Press-2024_Pagina_080-1306x2048.jpg 1306w, https:\/\/www.editorialdagon.es\/wp-content\/uploads\/2024\/08\/Portadas-Word-Press-2024_Pagina_080-1140x1787.jpg 1140w, https:\/\/www.editorialdagon.es\/wp-content\/uploads\/2024\/08\/Portadas-Word-Press-2024_Pagina_080.jpg 1316w\" sizes=\"auto, (max-width: 653px) 100vw, 653px\" \/><\/figure><div class=\"wp-block-media-text__content\">\n<p><strong><a href=\"http:\/\/www.editorialdagon.es\/index.php\/autores\/torkom-saraydarian\/\">TORKOM SARAYDARIAN<\/a><\/strong><\/p>\n\n\n\n<p>A\u00f1o de edici\u00f3n:&nbsp;2023<\/p>\n\n\n\n<p>ISBN:&nbsp;9788412515350<\/p>\n\n\n\n<p>P\u00e1ginas: 460<\/p>\n\n\n\n<p>Precio: <strong>28\u00a0\u20ac<\/strong><\/p>\n\n\n\n<p>Fragmento:&nbsp;<em><a href=\"https:\/\/1drv.ms\/b\/s!AvQngI1KR5TfvLswmg4OnIrvA4gOxw?e=PCjOPZ\">Charlas sobre Agni Yoga I<\/a><\/em><\/p>\n\n\n\n<p>Contacto:&nbsp;<a href=\"mailto:editor@editorialdagon.es\"><em>editor@editorialdagon.es<\/em><\/a><\/p>\n\n\n\n<p>Versi\u00f3n inglesa:<em> <a href=\"https:\/\/www.tsgfoundation.org\/product\/talks-on-agni-vols-1-3\/\">Talks about Agni Yoga<\/a><\/em><\/p>\n<\/div><\/div>\n\n\n\n<div class=\"wp-block-media-text has-media-on-the-right is-stacked-on-mobile\"><div class=\"wp-block-media-text__content\">\n<p class=\"has-text-align-right\"><strong><a href=\"http:\/\/www.editorialdagon.es\/index.php\/autores\/torkom-saraydarian\/\">TORKOM SARAYDARIAN<\/a><\/strong><\/p>\n\n\n\n<p class=\"has-text-align-right\">A\u00f1o de edici\u00f3n:&nbsp;2023<\/p>\n\n\n\n<p class=\"has-text-align-right\">ISBN:&nbsp;9788419540454<\/p>\n\n\n\n<p class=\"has-text-align-right\">P\u00e1ginas: 422<\/p>\n\n\n\n<p class=\"has-text-align-right\">Precio: <strong>28 \u20ac<\/strong><\/p>\n\n\n\n<p class=\"has-text-align-right\">Fragmento:&nbsp;<em><a href=\"https:\/\/1drv.ms\/b\/s!AvQngI1KR5TfvLwzrh1L5a5hzpCMRw?e=KfrgvC\">Charlas sobre Agni Yoga II<\/a><\/em><\/p>\n\n\n\n<p class=\"has-text-align-right\">Contacto:&nbsp;<em><a href=\"mailto:jrubio@editorialdagon.es\">jrubio@editorialdagon.es<\/a><\/em><\/p>\n\n\n\n<p class=\"has-text-align-right\">Versi\u00f3n inglesa:<em> <a href=\"https:\/\/www.tsgfoundation.org\/product\/talks-on-agni-vols-1-3\/\">Talks about Agni Yoga<\/a><\/em><\/p>\n<\/div><figure class=\"wp-block-media-text__media\"><img loading=\"lazy\" decoding=\"async\" width=\"653\" height=\"1024\" src=\"http:\/\/www.editorialdagon.es\/wp-content\/uploads\/2024\/08\/Portadas-Word-Press-2024_Pagina_081-653x1024.jpg\" alt=\"\" class=\"wp-image-1106 size-full\" srcset=\"https:\/\/www.editorialdagon.es\/wp-content\/uploads\/2024\/08\/Portadas-Word-Press-2024_Pagina_081-653x1024.jpg 653w, https:\/\/www.editorialdagon.es\/wp-content\/uploads\/2024\/08\/Portadas-Word-Press-2024_Pagina_081-191x300.jpg 191w, https:\/\/www.editorialdagon.es\/wp-content\/uploads\/2024\/08\/Portadas-Word-Press-2024_Pagina_081-768x1204.jpg 768w, https:\/\/www.editorialdagon.es\/wp-content\/uploads\/2024\/08\/Portadas-Word-Press-2024_Pagina_081-980x1536.jpg 980w, https:\/\/www.editorialdagon.es\/wp-content\/uploads\/2024\/08\/Portadas-Word-Press-2024_Pagina_081-1306x2048.jpg 1306w, https:\/\/www.editorialdagon.es\/wp-content\/uploads\/2024\/08\/Portadas-Word-Press-2024_Pagina_081-1140x1787.jpg 1140w, https:\/\/www.editorialdagon.es\/wp-content\/uploads\/2024\/08\/Portadas-Word-Press-2024_Pagina_081.jpg 1316w\" sizes=\"auto, (max-width: 653px) 100vw, 653px\" \/><\/figure><\/div>\n\n\n\n<div class=\"wp-block-media-text is-stacked-on-mobile\"><figure class=\"wp-block-media-text__media\"><img loading=\"lazy\" decoding=\"async\" width=\"653\" height=\"1024\" src=\"http:\/\/www.editorialdagon.es\/wp-content\/uploads\/2024\/08\/Portadas-Word-Press-2024_Pagina_082-653x1024.jpg\" alt=\"\" class=\"wp-image-1107 size-full\" srcset=\"https:\/\/www.editorialdagon.es\/wp-content\/uploads\/2024\/08\/Portadas-Word-Press-2024_Pagina_082-653x1024.jpg 653w, https:\/\/www.editorialdagon.es\/wp-content\/uploads\/2024\/08\/Portadas-Word-Press-2024_Pagina_082-191x300.jpg 191w, https:\/\/www.editorialdagon.es\/wp-content\/uploads\/2024\/08\/Portadas-Word-Press-2024_Pagina_082-768x1204.jpg 768w, https:\/\/www.editorialdagon.es\/wp-content\/uploads\/2024\/08\/Portadas-Word-Press-2024_Pagina_082-980x1536.jpg 980w, https:\/\/www.editorialdagon.es\/wp-content\/uploads\/2024\/08\/Portadas-Word-Press-2024_Pagina_082-1306x2048.jpg 1306w, https:\/\/www.editorialdagon.es\/wp-content\/uploads\/2024\/08\/Portadas-Word-Press-2024_Pagina_082-1140x1787.jpg 1140w, https:\/\/www.editorialdagon.es\/wp-content\/uploads\/2024\/08\/Portadas-Word-Press-2024_Pagina_082.jpg 1316w\" sizes=\"auto, (max-width: 653px) 100vw, 653px\" \/><\/figure><div class=\"wp-block-media-text__content\">\n<p><strong><a href=\"http:\/\/www.editorialdagon.es\/index.php\/autores\/torkom-saraydarian\/\">TORKOM SARAYDARIAN<\/a><\/strong><\/p>\n\n\n\n<p>A\u00f1o de edici\u00f3n:&nbsp;2023<\/p>\n\n\n\n<p>ISBN:&nbsp;9788419540492<\/p>\n\n\n\n<p>P\u00e1ginas: 438<\/p>\n\n\n\n<p>Precio: <strong>28\u00a0\u20ac<\/strong><\/p>\n\n\n\n<p>Fragmento:&nbsp;<em><a href=\"https:\/\/1drv.ms\/b\/s!AvQngI1KR5TfvL5T8uQ6RhMlL8HVTQ?e=I5FHJf\">Charlas sobre Agni Yoga III<\/a><\/em><\/p>\n\n\n\n<p>Contacto:&nbsp;<em><a href=\"mailto:jrubio@editorialdagon.es\">jrubio@editorialdagon.es<\/a><\/em><\/p>\n\n\n\n<p>Versi\u00f3n inglesa:<em> <a href=\"https:\/\/www.tsgfoundation.org\/product\/talks-on-agni-vols-1-3\/\">Talks about Agni Yoga<\/a><\/em><\/p>\n<\/div><\/div>\n\n\n\n<p><strong>SINOPSIS<\/strong><\/p>\n\n\n\n<p>Ofrecemos uno de los mejores libros de Torkom Saraydarian comentando las Ense\u00f1anzas del Agni Yoga, difundidas al mundo por el matrimonio Roerich. En cierta ocasi\u00f3n Torkom explica que para \u00e9l, la Ense\u00f1anza del Agni Yoga es de las m\u00e1s sublimes que hab\u00eda conocido, y a\u00f1ade que sol\u00eda meditar semanas e incluso meses sobre los aforismos del Maestro Morya, intentando desentra\u00f1ar todo su significado. Fruto de esas investigaciones y vivencias, Torkom escribi\u00f3 muchas p\u00e1ginas sobre el Agni Yoga, que la Fundaci\u00f3n Torkom reuni\u00f3 en tres vol\u00famenes.&nbsp;<\/p>\n\n\n\n<p><strong>BOOKTRAILER<\/strong><\/p>\n\n\n\n<figure class=\"wp-block-embed aligncenter is-type-video is-provider-youtube wp-block-embed-youtube wp-embed-aspect-16-9 wp-has-aspect-ratio\"><div class=\"wp-block-embed__wrapper\">\n<div class=\"ast-oembed-container \" style=\"height: 100%;\"><iframe loading=\"lazy\" title=\"Book Trailer Torkom   - Charlas Agni Yoga I\" width=\"500\" height=\"281\" src=\"https:\/\/www.youtube.com\/embed\/B_Qh_zaPHxY?feature=oembed\" frameborder=\"0\" allow=\"accelerometer; autoplay; clipboard-write; encrypted-media; gyroscope; picture-in-picture; web-share\" referrerpolicy=\"strict-origin-when-cross-origin\" allowfullscreen><\/iframe><\/div>\n<\/div><\/figure>\n","protected":false},"excerpt":{"rendered":"<p>TORKOM SARAYDARIAN A\u00f1o de edici\u00f3n:&nbsp;2023 ISBN:&nbsp;9788412515350 P\u00e1ginas: 460 Precio: 28\u00a0\u20ac Fragmento:&nbsp;Charlas sobre Agni Yoga I Contacto:&nbsp;editor@editorialdagon.es Versi\u00f3n inglesa: Talks about [&hellip;]<\/p>\n","protected":false},"author":1,"featured_media":0,"parent":291,"menu_order":0,"comment_status":"closed","ping_status":"closed","template":"","meta":{"site-sidebar-layout":"default","site-content-layout":"","ast-site-content-layout":"default","site-content-style":"default","site-sidebar-style":"default","ast-global-header-display":"","ast-banner-title-visibility":"","ast-main-header-display":"","ast-hfb-above-header-display":"","ast-hfb-below-header-display":"","ast-hfb-mobile-header-display":"","site-post-title":"","ast-breadcrumbs-content":"","ast-featured-img":"","footer-sml-layout":"","theme-transparent-header-meta":"","adv-header-id-meta":"","stick-header-meta":"","header-above-stick-meta":"","header-main-stick-meta":"","header-below-stick-meta":"","astra-migrate-meta-layouts":"default","ast-page-background-enabled":"default","ast-page-background-meta":{"desktop":{"background-color":"var(--ast-global-color-5)","background-image":"","background-repeat":"repeat","background-position":"center center","background-size":"auto","background-attachment":"scroll","background-type":"","background-media":"","overlay-type":"","overlay-color":"","overlay-opacity":"","overlay-gradient":""},"tablet":{"background-color":"","background-image":"","background-repeat":"repeat","background-position":"center center","background-size":"auto","background-attachment":"scroll","background-type":"","background-media":"","overlay-type":"","overlay-color":"","overlay-opacity":"","overlay-gradient":""},"mobile":{"background-color":"","background-image":"","background-repeat":"repeat","background-position":"center center","background-size":"auto","background-attachment":"scroll","background-type":"","background-media":"","overlay-type":"","overlay-color":"","overlay-opacity":"","overlay-gradient":""}},"ast-content-background-meta":{"desktop":{"background-color":"var(--ast-global-color-4)","background-image":"","background-repeat":"repeat","background-position":"center center","background-size":"auto","background-attachment":"scroll","background-type":"","background-media":"","overlay-type":"","overlay-color":"","overlay-opacity":"","overlay-gradient":""},"tablet":{"background-color":"var(--ast-global-color-4)","background-image":"","background-repeat":"repeat","background-position":"center center","background-size":"auto","background-attachment":"scroll","background-type":"","background-media":"","overlay-type":"","overlay-color":"","overlay-opacity":"","overlay-gradient":""},"mobile":{"background-color":"var(--ast-global-color-4)","background-image":"","background-repeat":"repeat","background-position":"center center","background-size":"auto","background-attachment":"scroll","background-type":"","background-media":"","overlay-type":"","overlay-color":"","overlay-opacity":"","overlay-gradient":""}},"footnotes":""},"class_list":["post-881","page","type-page","status-publish","hentry"],"_links":{"self":[{"href":"https:\/\/www.editorialdagon.es\/index.php\/wp-json\/wp\/v2\/pages\/881","targetHints":{"allow":["GET"]}}],"collection":[{"href":"https:\/\/www.editorialdagon.es\/index.php\/wp-json\/wp\/v2\/pages"}],"about":[{"href":"https:\/\/www.editorialdagon.es\/index.php\/wp-json\/wp\/v2\/types\/page"}],"author":[{"embeddable":true,"href":"https:\/\/www.editorialdagon.es\/index.php\/wp-json\/wp\/v2\/users\/1"}],"replies":[{"embeddable":true,"href":"https:\/\/www.editorialdagon.es\/index.php\/wp-json\/wp\/v2\/comments?post=881"}],"version-history":[{"count":21,"href":"https:\/\/www.editorialdagon.es\/index.php\/wp-json\/wp\/v2\/pages\/881\/revisions"}],"predecessor-version":[{"id":3732,"href":"https:\/\/www.editorialdagon.es\/index.php\/wp-json\/wp\/v2\/pages\/881\/revisions\/3732"}],"up":[{"embeddable":true,"href":"https:\/\/www.editorialdagon.es\/index.php\/wp-json\/wp\/v2\/pages\/291"}],"wp:attachment":[{"href":"https:\/\/www.editorialdagon.es\/index.php\/wp-json\/wp\/v2\/media?parent=881"}],"curies":[{"name":"wp","href":"https:\/\/api.w.org\/{rel}","templated":true}]}}