{"id":884,"date":"2024-08-08T09:06:27","date_gmt":"2024-08-08T09:06:27","guid":{"rendered":"http:\/\/www.editorialdagon.es\/?page_id=884"},"modified":"2026-04-25T10:25:11","modified_gmt":"2026-04-25T10:25:11","slug":"torkom-saraydarian-el-viajero-cuestionador-y-el-karma","status":"publish","type":"page","link":"https:\/\/www.editorialdagon.es\/index.php\/obras\/torkom-saraydarian-el-viajero-cuestionador-y-el-karma\/","title":{"rendered":"TORKOM SARAYDARIAN &#8211;\u00a0El Viajero cuestionador y el Karma"},"content":{"rendered":"\n<div class=\"wp-block-media-text is-stacked-on-mobile\"><figure class=\"wp-block-media-text__media\"><img loading=\"lazy\" decoding=\"async\" width=\"653\" height=\"1024\" src=\"http:\/\/www.editorialdagon.es\/wp-content\/uploads\/2024\/08\/Portadas-Word-Press-2024_Pagina_095-653x1024.jpg\" alt=\"\" class=\"wp-image-1070 size-full\" srcset=\"https:\/\/www.editorialdagon.es\/wp-content\/uploads\/2024\/08\/Portadas-Word-Press-2024_Pagina_095-653x1024.jpg 653w, https:\/\/www.editorialdagon.es\/wp-content\/uploads\/2024\/08\/Portadas-Word-Press-2024_Pagina_095-191x300.jpg 191w, https:\/\/www.editorialdagon.es\/wp-content\/uploads\/2024\/08\/Portadas-Word-Press-2024_Pagina_095-768x1204.jpg 768w, https:\/\/www.editorialdagon.es\/wp-content\/uploads\/2024\/08\/Portadas-Word-Press-2024_Pagina_095-980x1536.jpg 980w, https:\/\/www.editorialdagon.es\/wp-content\/uploads\/2024\/08\/Portadas-Word-Press-2024_Pagina_095-1306x2048.jpg 1306w, https:\/\/www.editorialdagon.es\/wp-content\/uploads\/2024\/08\/Portadas-Word-Press-2024_Pagina_095-1140x1787.jpg 1140w, https:\/\/www.editorialdagon.es\/wp-content\/uploads\/2024\/08\/Portadas-Word-Press-2024_Pagina_095.jpg 1316w\" sizes=\"auto, (max-width: 653px) 100vw, 653px\" \/><\/figure><div class=\"wp-block-media-text__content\">\n<p><strong><a href=\"http:\/\/www.editorialdagon.es\/index.php\/autores\/torkom-saraydarian\/\">TORKOM SARAYDARIAN<\/a><\/strong><\/p>\n\n\n\n<p>A\u00f1o de edici\u00f3n:&nbsp;2023<\/p>\n\n\n\n<p>ISBN:&nbsp;9788419540522<\/p>\n\n\n\n<p>P\u00e1ginas: 80<\/p>\n\n\n\n<p>Precio: <strong>14\u00a0\u20ac<\/strong><\/p>\n\n\n\n<p>Fragmento:&nbsp;<em><a href=\"https:\/\/1drv.ms\/b\/s!AvQngI1KR5TfvL5WRJUOwocg_41yJQ?e=tR3qQf\">El Viajero Cuestionador y el Karma<\/a><\/em><\/p>\n\n\n\n<p>Contacto:&nbsp;<a href=\"mailto:editor@editorialdagon.es\"><em>editor@editorialdagon.es<\/em><\/a><\/p>\n\n\n\n<p>Versi\u00f3n inglesa:<em> <a href=\"https:\/\/www.tsgfoundation.org\/product\/questioning-traveler-karma\/\">Questioning Traveler &amp; Karma<\/a><\/em><\/p>\n<\/div><\/div>\n\n\n\n<p><strong>SINOPSIS<\/strong><\/p>\n\n\n\n<p>COLECCI\u00d3N FRAGMENTOS DE SABIDUR\u00cdA<br>Ofrecemos una colecci\u00f3n de libritos de pocas p\u00e1ginas, de tem\u00e1tica variada, fruto de seminarios, charlas dadas por Torkom Saraydarian durante toda su vida, y tambi\u00e9n extractos de sus otros libros, todos relacionados con la Sabidur\u00eda Eterna. Su brevedad y concreci\u00f3n es una ventaja para comprender temas esot\u00e9ricos m\u00e1s complejos.<\/p>\n\n\n\n<p><br>Esta peque\u00f1a joya re\u00fane dos conferencias de Torkom dadas en la d\u00e9cada de 1970.Somos viajeros en el planeta, en el mar, en el aire, en el espacio. Pero lo m\u00e1s importante es que somos viajeros del espacio interior dentro de nosotros mismos. Todos los que est\u00e1n realizando ese viaje saben que comienza con preguntas. Cuanto m\u00e1s precisas y profundas sean las preguntas, mejores ser\u00e1n las respuestas. En este librito, Torkom Saraydarian te presenta 14 preguntas profundas. Si tratas honestamente de responderlas, una nueva vida comenzar\u00e1 a desarrollarse dentro de ti y tu viaje interior habr\u00e1 comenzado.Una de las \u00abv\u00edas\u00bb que recorres en tu viaje interior es la autopista del Karma. De qu\u00e9 est\u00e1 hecha esta autopista, qu\u00e9 hace, a d\u00f3nde te lleva y c\u00f3mo y por qu\u00e9 te afecta en tu viaje, se explica en detalle en estas p\u00e1ginas.No puede haber preguntas si las respuestas no existen ya dentro de tu alma. Encontrar la respuesta de tu alma es el proceso de encontrar tu verdadero Yo. Este folleto es una introducci\u00f3n inspirada y fundamental a nuestro viaje espiritual.<\/p>\n\n\n\n<p><strong>BOOKTRAILER I<\/strong><\/p>\n\n\n\n<figure class=\"wp-block-embed aligncenter is-type-video is-provider-youtube wp-block-embed-youtube wp-embed-aspect-16-9 wp-has-aspect-ratio\"><div class=\"wp-block-embed__wrapper\">\n<div class=\"ast-oembed-container \" style=\"height: 100%;\"><iframe loading=\"lazy\" title=\"Book Trailer Fragmentos Sabidur\u00eda (Presentaci\u00f3n Colecci\u00f3n)\" width=\"500\" height=\"281\" src=\"https:\/\/www.youtube.com\/embed\/dn4brSNcuFY?feature=oembed\" frameborder=\"0\" allow=\"accelerometer; autoplay; clipboard-write; encrypted-media; gyroscope; picture-in-picture; web-share\" referrerpolicy=\"strict-origin-when-cross-origin\" allowfullscreen><\/iframe><\/div>\n<\/div><\/figure>\n\n\n\n<p><strong>BOOKTRAILER II<\/strong><\/p>\n\n\n\n<figure class=\"wp-block-embed aligncenter is-type-video is-provider-youtube wp-block-embed-youtube wp-embed-aspect-16-9 wp-has-aspect-ratio\"><div class=\"wp-block-embed__wrapper\">\n<div class=\"ast-oembed-container \" style=\"height: 100%;\"><iframe loading=\"lazy\" title=\"Book Trailer - Fragmentos Sabidur\u00eda - El Viajero Cuestionador y el Karma\" width=\"500\" height=\"281\" src=\"https:\/\/www.youtube.com\/embed\/lharJdT9Yjs?feature=oembed\" frameborder=\"0\" allow=\"accelerometer; autoplay; clipboard-write; encrypted-media; gyroscope; picture-in-picture; web-share\" referrerpolicy=\"strict-origin-when-cross-origin\" allowfullscreen><\/iframe><\/div>\n<\/div><\/figure>\n\n\n\n<p><\/p>\n","protected":false},"excerpt":{"rendered":"<p>TORKOM SARAYDARIAN A\u00f1o de edici\u00f3n:&nbsp;2023 ISBN:&nbsp;9788419540522 P\u00e1ginas: 80 Precio: 14\u00a0\u20ac Fragmento:&nbsp;El Viajero Cuestionador y el Karma Contacto:&nbsp;editor@editorialdagon.es Versi\u00f3n inglesa: Questioning [&hellip;]<\/p>\n","protected":false},"author":1,"featured_media":0,"parent":291,"menu_order":0,"comment_status":"closed","ping_status":"closed","template":"","meta":{"site-sidebar-layout":"default","site-content-layout":"","ast-site-content-layout":"default","site-content-style":"default","site-sidebar-style":"default","ast-global-header-display":"","ast-banner-title-visibility":"","ast-main-header-display":"","ast-hfb-above-header-display":"","ast-hfb-below-header-display":"","ast-hfb-mobile-header-display":"","site-post-title":"","ast-breadcrumbs-content":"","ast-featured-img":"","footer-sml-layout":"","theme-transparent-header-meta":"","adv-header-id-meta":"","stick-header-meta":"","header-above-stick-meta":"","header-main-stick-meta":"","header-below-stick-meta":"","astra-migrate-meta-layouts":"default","ast-page-background-enabled":"default","ast-page-background-meta":{"desktop":{"background-color":"var(--ast-global-color-5)","background-image":"","background-repeat":"repeat","background-position":"center center","background-size":"auto","background-attachment":"scroll","background-type":"","background-media":"","overlay-type":"","overlay-color":"","overlay-opacity":"","overlay-gradient":""},"tablet":{"background-color":"","background-image":"","background-repeat":"repeat","background-position":"center center","background-size":"auto","background-attachment":"scroll","background-type":"","background-media":"","overlay-type":"","overlay-color":"","overlay-opacity":"","overlay-gradient":""},"mobile":{"background-color":"","background-image":"","background-repeat":"repeat","background-position":"center center","background-size":"auto","background-attachment":"scroll","background-type":"","background-media":"","overlay-type":"","overlay-color":"","overlay-opacity":"","overlay-gradient":""}},"ast-content-background-meta":{"desktop":{"background-color":"var(--ast-global-color-4)","background-image":"","background-repeat":"repeat","background-position":"center center","background-size":"auto","background-attachment":"scroll","background-type":"","background-media":"","overlay-type":"","overlay-color":"","overlay-opacity":"","overlay-gradient":""},"tablet":{"background-color":"var(--ast-global-color-4)","background-image":"","background-repeat":"repeat","background-position":"center center","background-size":"auto","background-attachment":"scroll","background-type":"","background-media":"","overlay-type":"","overlay-color":"","overlay-opacity":"","overlay-gradient":""},"mobile":{"background-color":"var(--ast-global-color-4)","background-image":"","background-repeat":"repeat","background-position":"center center","background-size":"auto","background-attachment":"scroll","background-type":"","background-media":"","overlay-type":"","overlay-color":"","overlay-opacity":"","overlay-gradient":""}},"footnotes":""},"class_list":["post-884","page","type-page","status-publish","hentry"],"_links":{"self":[{"href":"https:\/\/www.editorialdagon.es\/index.php\/wp-json\/wp\/v2\/pages\/884","targetHints":{"allow":["GET"]}}],"collection":[{"href":"https:\/\/www.editorialdagon.es\/index.php\/wp-json\/wp\/v2\/pages"}],"about":[{"href":"https:\/\/www.editorialdagon.es\/index.php\/wp-json\/wp\/v2\/types\/page"}],"author":[{"embeddable":true,"href":"https:\/\/www.editorialdagon.es\/index.php\/wp-json\/wp\/v2\/users\/1"}],"replies":[{"embeddable":true,"href":"https:\/\/www.editorialdagon.es\/index.php\/wp-json\/wp\/v2\/comments?post=884"}],"version-history":[{"count":16,"href":"https:\/\/www.editorialdagon.es\/index.php\/wp-json\/wp\/v2\/pages\/884\/revisions"}],"predecessor-version":[{"id":3854,"href":"https:\/\/www.editorialdagon.es\/index.php\/wp-json\/wp\/v2\/pages\/884\/revisions\/3854"}],"up":[{"embeddable":true,"href":"https:\/\/www.editorialdagon.es\/index.php\/wp-json\/wp\/v2\/pages\/291"}],"wp:attachment":[{"href":"https:\/\/www.editorialdagon.es\/index.php\/wp-json\/wp\/v2\/media?parent=884"}],"curies":[{"name":"wp","href":"https:\/\/api.w.org\/{rel}","templated":true}]}}