{"id":886,"date":"2024-08-08T09:06:41","date_gmt":"2024-08-08T09:06:41","guid":{"rendered":"http:\/\/www.editorialdagon.es\/?page_id=886"},"modified":"2026-03-18T14:06:31","modified_gmt":"2026-03-18T14:06:31","slug":"torkom-saraydarian-angeles-y-devas","status":"publish","type":"page","link":"https:\/\/www.editorialdagon.es\/index.php\/obras\/torkom-saraydarian-angeles-y-devas\/","title":{"rendered":"TORKOM SARAYDARIAN &#8211;\u00a0\u00c1ngeles y Devas"},"content":{"rendered":"\n<div class=\"wp-block-media-text is-stacked-on-mobile\"><figure class=\"wp-block-media-text__media\"><img loading=\"lazy\" decoding=\"async\" width=\"653\" height=\"1024\" src=\"http:\/\/www.editorialdagon.es\/wp-content\/uploads\/2024\/08\/Portadas-Word-Press-2024_Pagina_093-653x1024.jpg\" alt=\"\" class=\"wp-image-1009 size-full\" srcset=\"https:\/\/www.editorialdagon.es\/wp-content\/uploads\/2024\/08\/Portadas-Word-Press-2024_Pagina_093-653x1024.jpg 653w, https:\/\/www.editorialdagon.es\/wp-content\/uploads\/2024\/08\/Portadas-Word-Press-2024_Pagina_093-191x300.jpg 191w, https:\/\/www.editorialdagon.es\/wp-content\/uploads\/2024\/08\/Portadas-Word-Press-2024_Pagina_093-768x1204.jpg 768w, https:\/\/www.editorialdagon.es\/wp-content\/uploads\/2024\/08\/Portadas-Word-Press-2024_Pagina_093-980x1536.jpg 980w, https:\/\/www.editorialdagon.es\/wp-content\/uploads\/2024\/08\/Portadas-Word-Press-2024_Pagina_093-1306x2048.jpg 1306w, https:\/\/www.editorialdagon.es\/wp-content\/uploads\/2024\/08\/Portadas-Word-Press-2024_Pagina_093-1140x1787.jpg 1140w, https:\/\/www.editorialdagon.es\/wp-content\/uploads\/2024\/08\/Portadas-Word-Press-2024_Pagina_093.jpg 1316w\" sizes=\"auto, (max-width: 653px) 100vw, 653px\" \/><\/figure><div class=\"wp-block-media-text__content\">\n<p><strong><a href=\"http:\/\/www.editorialdagon.es\/index.php\/autores\/torkom-saraydarian\/\">TORKOM SARAYDARIAN<\/a><\/strong><\/p>\n\n\n\n<p>A\u00f1o de edici\u00f3n:&nbsp;2023<\/p>\n\n\n\n<p>ISBN:&nbsp;9788419540508<\/p>\n\n\n\n<p>P\u00e1ginas: 70<\/p>\n\n\n\n<p>Precio: <strong>14\u00a0\u20ac<\/strong><\/p>\n\n\n\n<p>Fragmento:&nbsp;<em><a href=\"https:\/\/1drv.ms\/b\/s!AvQngI1KR5TfvL5UbDFip-4A4a8dpQ?e=cv9kQc\">\u00c1ngeles y Devas<\/a><\/em><\/p>\n\n\n\n<p>Contacto:&nbsp;<a href=\"mailto:editor@editorialdagon.es\"><em>editor@editorialdagon.es<\/em><\/a><\/p>\n\n\n\n<p>Versi\u00f3n inglesa:<em>  <a href=\"https:\/\/www.tsgfoundation.org\/product\/angels-and-devas-compilation\/\">Angels &amp; Devas<\/a><\/em><\/p>\n<\/div><\/div>\n\n\n\n<p><strong>SINOPSIS<\/strong><\/p>\n\n\n\n<p>COLECCI\u00d3N FRAGMENTOS DE SABIDUR\u00cdA<br>Ofrecemos una colecci\u00f3n de libritos de pocas p\u00e1ginas, de tem\u00e1tica variada, fruto de seminarios, charlas dadas por Torkom Saraydarian durante toda su vida, y tambi\u00e9n extractos de sus otros libros, todos relacionados con la Sabidur\u00eda Eterna. Su brevedad y concreci\u00f3n es una ventaja para comprender temas esot\u00e9ricos m\u00e1s complejos.<\/p>\n\n\n\n<p>\u00c1NGELES Y DEVAS<br>Una recopilaci\u00f3n de los numerosos escritos de Torkom sobre \u00c1ngeles y Devas; hermoso e inspirador.<br>Los \u00e1ngeles y los devas existen a nuestro alrededor. Nos ayudan, nos protegen y nos proporcionan energ\u00eda espiritual y sanaci\u00f3n.<br>\u00abLa energ\u00eda ps\u00edquica es\u2026 transmitida por los \u00e1ngeles. Son poderosos transmisores e incluso fuentes de energ\u00eda ps\u00edquica. Cuando una persona est\u00e1 cargada de energ\u00eda ps\u00edquica, se convierte en una fuente de energ\u00eda creativa, sanadora e iluminadora.\u00bb<br>Los temas incluyen:<br>\u2022 \u00bfQu\u00e9 servicio hacen los \u00e1ngeles?<br>\u2022 \u00bfQu\u00e9 podemos hacer por los \u00e1ngeles?<br>\u2022 \u00bfQu\u00e9 detestan los \u00e1ngeles?<br>\u2022 Meditaci\u00f3n y \u00e1ngeles<br>\u2022 C\u00f3mo pedir ayuda a los \u00e1ngeles<br>\u2022 C\u00f3mo invocar a los \u00e1ngeles<\/p>\n\n\n\n<p><strong>BOOKTRAILER I:<\/strong><\/p>\n\n\n\n<figure class=\"wp-block-embed aligncenter is-type-video is-provider-youtube wp-block-embed-youtube wp-embed-aspect-16-9 wp-has-aspect-ratio\"><div class=\"wp-block-embed__wrapper\">\n<div class=\"ast-oembed-container \" style=\"height: 100%;\"><iframe loading=\"lazy\" title=\"Book Trailer Fragmentos Sabidur\u00eda (Presentaci\u00f3n Colecci\u00f3n)\" width=\"500\" height=\"281\" src=\"https:\/\/www.youtube.com\/embed\/dn4brSNcuFY?feature=oembed\" frameborder=\"0\" allow=\"accelerometer; autoplay; clipboard-write; encrypted-media; gyroscope; picture-in-picture; web-share\" referrerpolicy=\"strict-origin-when-cross-origin\" allowfullscreen><\/iframe><\/div>\n<\/div><\/figure>\n\n\n\n<p><strong>BOOKTRAILER II:<\/strong><\/p>\n\n\n\n<figure class=\"wp-block-embed aligncenter is-type-video is-provider-youtube wp-block-embed-youtube wp-embed-aspect-16-9 wp-has-aspect-ratio\"><div class=\"wp-block-embed__wrapper\">\n<div class=\"ast-oembed-container \" style=\"height: 100%;\"><iframe loading=\"lazy\" title=\"Book Trailer - Fragmentos Sabidur\u00eda \u00c1ngeles y Devas\" width=\"500\" height=\"281\" src=\"https:\/\/www.youtube.com\/embed\/fBZ16F1mY8M?feature=oembed\" frameborder=\"0\" allow=\"accelerometer; autoplay; clipboard-write; encrypted-media; gyroscope; picture-in-picture; web-share\" referrerpolicy=\"strict-origin-when-cross-origin\" allowfullscreen><\/iframe><\/div>\n<\/div><\/figure>\n","protected":false},"excerpt":{"rendered":"<p>TORKOM SARAYDARIAN A\u00f1o de edici\u00f3n:&nbsp;2023 ISBN:&nbsp;9788419540508 P\u00e1ginas: 70 Precio: 14\u00a0\u20ac Fragmento:&nbsp;\u00c1ngeles y Devas Contacto:&nbsp;editor@editorialdagon.es Versi\u00f3n inglesa: Angels &amp; Devas SINOPSIS [&hellip;]<\/p>\n","protected":false},"author":1,"featured_media":0,"parent":291,"menu_order":0,"comment_status":"closed","ping_status":"closed","template":"","meta":{"site-sidebar-layout":"default","site-content-layout":"","ast-site-content-layout":"default","site-content-style":"default","site-sidebar-style":"default","ast-global-header-display":"","ast-banner-title-visibility":"","ast-main-header-display":"","ast-hfb-above-header-display":"","ast-hfb-below-header-display":"","ast-hfb-mobile-header-display":"","site-post-title":"","ast-breadcrumbs-content":"","ast-featured-img":"","footer-sml-layout":"","theme-transparent-header-meta":"","adv-header-id-meta":"","stick-header-meta":"","header-above-stick-meta":"","header-main-stick-meta":"","header-below-stick-meta":"","astra-migrate-meta-layouts":"default","ast-page-background-enabled":"default","ast-page-background-meta":{"desktop":{"background-color":"var(--ast-global-color-5)","background-image":"","background-repeat":"repeat","background-position":"center center","background-size":"auto","background-attachment":"scroll","background-type":"","background-media":"","overlay-type":"","overlay-color":"","overlay-opacity":"","overlay-gradient":""},"tablet":{"background-color":"","background-image":"","background-repeat":"repeat","background-position":"center center","background-size":"auto","background-attachment":"scroll","background-type":"","background-media":"","overlay-type":"","overlay-color":"","overlay-opacity":"","overlay-gradient":""},"mobile":{"background-color":"","background-image":"","background-repeat":"repeat","background-position":"center center","background-size":"auto","background-attachment":"scroll","background-type":"","background-media":"","overlay-type":"","overlay-color":"","overlay-opacity":"","overlay-gradient":""}},"ast-content-background-meta":{"desktop":{"background-color":"var(--ast-global-color-4)","background-image":"","background-repeat":"repeat","background-position":"center center","background-size":"auto","background-attachment":"scroll","background-type":"","background-media":"","overlay-type":"","overlay-color":"","overlay-opacity":"","overlay-gradient":""},"tablet":{"background-color":"var(--ast-global-color-4)","background-image":"","background-repeat":"repeat","background-position":"center center","background-size":"auto","background-attachment":"scroll","background-type":"","background-media":"","overlay-type":"","overlay-color":"","overlay-opacity":"","overlay-gradient":""},"mobile":{"background-color":"var(--ast-global-color-4)","background-image":"","background-repeat":"repeat","background-position":"center center","background-size":"auto","background-attachment":"scroll","background-type":"","background-media":"","overlay-type":"","overlay-color":"","overlay-opacity":"","overlay-gradient":""}},"footnotes":""},"class_list":["post-886","page","type-page","status-publish","hentry"],"_links":{"self":[{"href":"https:\/\/www.editorialdagon.es\/index.php\/wp-json\/wp\/v2\/pages\/886","targetHints":{"allow":["GET"]}}],"collection":[{"href":"https:\/\/www.editorialdagon.es\/index.php\/wp-json\/wp\/v2\/pages"}],"about":[{"href":"https:\/\/www.editorialdagon.es\/index.php\/wp-json\/wp\/v2\/types\/page"}],"author":[{"embeddable":true,"href":"https:\/\/www.editorialdagon.es\/index.php\/wp-json\/wp\/v2\/users\/1"}],"replies":[{"embeddable":true,"href":"https:\/\/www.editorialdagon.es\/index.php\/wp-json\/wp\/v2\/comments?post=886"}],"version-history":[{"count":16,"href":"https:\/\/www.editorialdagon.es\/index.php\/wp-json\/wp\/v2\/pages\/886\/revisions"}],"predecessor-version":[{"id":3727,"href":"https:\/\/www.editorialdagon.es\/index.php\/wp-json\/wp\/v2\/pages\/886\/revisions\/3727"}],"up":[{"embeddable":true,"href":"https:\/\/www.editorialdagon.es\/index.php\/wp-json\/wp\/v2\/pages\/291"}],"wp:attachment":[{"href":"https:\/\/www.editorialdagon.es\/index.php\/wp-json\/wp\/v2\/media?parent=886"}],"curies":[{"name":"wp","href":"https:\/\/api.w.org\/{rel}","templated":true}]}}