{"id":892,"date":"2024-08-08T09:08:01","date_gmt":"2024-08-08T09:08:01","guid":{"rendered":"http:\/\/www.editorialdagon.es\/?page_id=892"},"modified":"2026-03-18T13:26:35","modified_gmt":"2026-03-18T13:26:35","slug":"torkom-saraydarian-psique-y-psiquismo-2-tomos","status":"publish","type":"page","link":"https:\/\/www.editorialdagon.es\/index.php\/obras\/torkom-saraydarian-psique-y-psiquismo-2-tomos\/","title":{"rendered":"TORKOM SARAYDARIAN &#8211;\u00a0Psique y Psiqu\u00edsmo (2 tomos)"},"content":{"rendered":"\n<div class=\"wp-block-media-text is-stacked-on-mobile\"><figure class=\"wp-block-media-text__media\"><img loading=\"lazy\" decoding=\"async\" width=\"653\" height=\"1024\" src=\"http:\/\/www.editorialdagon.es\/wp-content\/uploads\/2024\/08\/Portadas-Word-Press-2024_Pagina_083-653x1024.jpg\" alt=\"\" class=\"wp-image-1038 size-full\" srcset=\"https:\/\/www.editorialdagon.es\/wp-content\/uploads\/2024\/08\/Portadas-Word-Press-2024_Pagina_083-653x1024.jpg 653w, https:\/\/www.editorialdagon.es\/wp-content\/uploads\/2024\/08\/Portadas-Word-Press-2024_Pagina_083-191x300.jpg 191w, https:\/\/www.editorialdagon.es\/wp-content\/uploads\/2024\/08\/Portadas-Word-Press-2024_Pagina_083-768x1204.jpg 768w, https:\/\/www.editorialdagon.es\/wp-content\/uploads\/2024\/08\/Portadas-Word-Press-2024_Pagina_083-980x1536.jpg 980w, https:\/\/www.editorialdagon.es\/wp-content\/uploads\/2024\/08\/Portadas-Word-Press-2024_Pagina_083-1306x2048.jpg 1306w, https:\/\/www.editorialdagon.es\/wp-content\/uploads\/2024\/08\/Portadas-Word-Press-2024_Pagina_083-1140x1787.jpg 1140w, https:\/\/www.editorialdagon.es\/wp-content\/uploads\/2024\/08\/Portadas-Word-Press-2024_Pagina_083.jpg 1316w\" sizes=\"auto, (max-width: 653px) 100vw, 653px\" \/><\/figure><div class=\"wp-block-media-text__content\">\n<p><strong><a href=\"http:\/\/www.editorialdagon.es\/index.php\/autores\/torkom-saraydarian\/\" data-type=\"page\" data-id=\"1122\">TORKOM SARAYDARIAN<\/a><\/strong><\/p>\n\n\n\n<p>A\u00f1o de edici\u00f3n: 2023<\/p>\n\n\n\n<p>ISBN: 9788412515367<\/p>\n\n\n\n<p>P\u00e1ginas: 708<\/p>\n\n\n\n<p>Precio: <strong>29\u00a0\u20ac<\/strong><\/p>\n\n\n\n<p>Fragmento: <a href=\"https:\/\/1drv.ms\/b\/s!AvQngI1KR5TfvOVT02gfaPHKe1XdAg?e=Z95iFI\"><em>Psique y Psiquismo, I<\/em> <\/a><\/p>\n\n\n\n<p>Contacto:&nbsp;<a href=\"mailto:editor@editorialdagon.es\"><em>editor@editorialdagon.es<\/em><\/a><\/p>\n\n\n\n<p>Versi\u00f3n inglesa:<em>  <a href=\"https:\/\/www.tsgfoundation.org\/product\/psyche-and-psychism-2-volume-set\/\">Psyche and Psychism<\/a><\/em><\/p>\n<\/div><\/div>\n\n\n\n<div class=\"wp-block-media-text has-media-on-the-right is-stacked-on-mobile\"><div class=\"wp-block-media-text__content\">\n<p class=\"has-text-align-right\"><strong><a href=\"http:\/\/www.editorialdagon.es\/index.php\/autores\/torkom-saraydarian\/\" data-type=\"page\" data-id=\"1122\">TORKOM SARAYDARIAN<\/a><\/strong><\/p>\n\n\n\n<p class=\"has-text-align-right\">A\u00f1o de edici\u00f3n: 2024<\/p>\n\n\n\n<p class=\"has-text-align-right\">ISBN: 9788419540737<\/p>\n\n\n\n<p class=\"has-text-align-right\">P\u00e1ginas: 750<\/p>\n\n\n\n<p class=\"has-text-align-right\">Precio: <strong>31\u00a0\u20ac<\/strong><\/p>\n\n\n\n<p class=\"has-text-align-right\">Fragmento: <em><a href=\"https:\/\/1drv.ms\/b\/s!AvQngI1KR5Tfvdg-EXmjWr5Gn1hBNQ?e=mg9ERg\">Psique y Psiquismo, II<\/a><\/em><\/p>\n\n\n\n<p class=\"has-text-align-right\">Contacto: <em><a href=\"mailto:jrubio@editorialdagon.es\">jrubio@editorialdagon.es<\/a><\/em><\/p>\n\n\n\n<p class=\"has-text-align-right\">Versi\u00f3n inglesa:<em>  <a href=\"https:\/\/www.tsgfoundation.org\/product\/psyche-and-psychism-2-volume-set\/\">Psyche and Psychism<\/a><\/em><\/p>\n<\/div><figure class=\"wp-block-media-text__media\"><img loading=\"lazy\" decoding=\"async\" width=\"653\" height=\"1024\" src=\"http:\/\/www.editorialdagon.es\/wp-content\/uploads\/2024\/08\/Portadas-Word-Press-2024_Pagina_084-653x1024.jpg\" alt=\"\" class=\"wp-image-1109 size-full\" srcset=\"https:\/\/www.editorialdagon.es\/wp-content\/uploads\/2024\/08\/Portadas-Word-Press-2024_Pagina_084-653x1024.jpg 653w, https:\/\/www.editorialdagon.es\/wp-content\/uploads\/2024\/08\/Portadas-Word-Press-2024_Pagina_084-191x300.jpg 191w, https:\/\/www.editorialdagon.es\/wp-content\/uploads\/2024\/08\/Portadas-Word-Press-2024_Pagina_084-768x1204.jpg 768w, https:\/\/www.editorialdagon.es\/wp-content\/uploads\/2024\/08\/Portadas-Word-Press-2024_Pagina_084-980x1536.jpg 980w, https:\/\/www.editorialdagon.es\/wp-content\/uploads\/2024\/08\/Portadas-Word-Press-2024_Pagina_084-1306x2048.jpg 1306w, https:\/\/www.editorialdagon.es\/wp-content\/uploads\/2024\/08\/Portadas-Word-Press-2024_Pagina_084-1140x1787.jpg 1140w, https:\/\/www.editorialdagon.es\/wp-content\/uploads\/2024\/08\/Portadas-Word-Press-2024_Pagina_084.jpg 1316w\" sizes=\"auto, (max-width: 653px) 100vw, 653px\" \/><\/figure><\/div>\n\n\n\n<p><strong>SINOPSIS<\/strong><\/p>\n\n\n\n<p>Esta obra en dos vol\u00famenes de Torkom Saraydarian,&nbsp; ofrece una&nbsp; informaci\u00f3n enciclop\u00e9dica&nbsp; sobre las Ense\u00f1anzas de la Sabidur\u00eda Eterna, relacionadas con el Plano Emocional y el Mental (Inferior y Superior).<br>Las Ense\u00f1anzas Espirituales aqu\u00ed vertidas tienen un valor enorme y son referencia para el futuro. Es una herramienta esencial para todos los estudiantes de las Escuelas de Sabidur\u00eda, ya sea que est\u00e9n en los primeros pasos, como en niveles m\u00e1s avanzados.<br>Encontrar\u00e1s numerosos temas interesantes:<br>&#8211; Psiquismo y meditaci\u00f3n ocultista<br>&#8211; La Fuente de las ense\u00f1anzas de la Sabidur\u00eda Eterna<br>&#8211; La sutil Constituci\u00f3n del Ser Humano<br>&#8211; Estudio detallado del Cuerpo Emocional, el Cuerpo Mental y los cuerpos superiores<br>&#8211; Estudio detallado de las 24 virtudes y su efecto en la salud y la curaci\u00f3n<br>&#8211; El Psiquismo y los ni\u00f1os<br>&#8211; La Palabra Sagrada<br>&#8211; Palabras de precauci\u00f3n y orientaci\u00f3n<br>El Mundo Ps\u00edquico est\u00e1 lleno de peligros y posibilidades, y en este libro se detallan minuciosamente.<\/p>\n\n\n\n<p><strong>BOOKTRAILER<\/strong><\/p>\n\n\n\n<figure class=\"wp-block-embed aligncenter is-type-video is-provider-youtube wp-block-embed-youtube wp-embed-aspect-16-9 wp-has-aspect-ratio\"><div class=\"wp-block-embed__wrapper\">\n<div class=\"ast-oembed-container \" style=\"height: 100%;\"><iframe loading=\"lazy\" title=\"Book Trailer Psique y Psiquismo I\" width=\"500\" height=\"281\" src=\"https:\/\/www.youtube.com\/embed\/BRURxz72qwk?feature=oembed\" frameborder=\"0\" allow=\"accelerometer; autoplay; clipboard-write; encrypted-media; gyroscope; picture-in-picture; web-share\" referrerpolicy=\"strict-origin-when-cross-origin\" allowfullscreen><\/iframe><\/div>\n<\/div><\/figure>\n\n\n\n<p><\/p>\n","protected":false},"excerpt":{"rendered":"<p>TORKOM SARAYDARIAN A\u00f1o de edici\u00f3n: 2023 ISBN: 9788412515367 P\u00e1ginas: 708 Precio: 29\u00a0\u20ac Fragmento: Psique y Psiquismo, I Contacto:&nbsp;editor@editorialdagon.es Versi\u00f3n inglesa: [&hellip;]<\/p>\n","protected":false},"author":1,"featured_media":0,"parent":291,"menu_order":0,"comment_status":"closed","ping_status":"closed","template":"","meta":{"site-sidebar-layout":"default","site-content-layout":"","ast-site-content-layout":"default","site-content-style":"default","site-sidebar-style":"default","ast-global-header-display":"","ast-banner-title-visibility":"","ast-main-header-display":"","ast-hfb-above-header-display":"","ast-hfb-below-header-display":"","ast-hfb-mobile-header-display":"","site-post-title":"","ast-breadcrumbs-content":"","ast-featured-img":"","footer-sml-layout":"","theme-transparent-header-meta":"","adv-header-id-meta":"","stick-header-meta":"","header-above-stick-meta":"","header-main-stick-meta":"","header-below-stick-meta":"","astra-migrate-meta-layouts":"default","ast-page-background-enabled":"default","ast-page-background-meta":{"desktop":{"background-color":"var(--ast-global-color-5)","background-image":"","background-repeat":"repeat","background-position":"center center","background-size":"auto","background-attachment":"scroll","background-type":"","background-media":"","overlay-type":"","overlay-color":"","overlay-opacity":"","overlay-gradient":""},"tablet":{"background-color":"","background-image":"","background-repeat":"repeat","background-position":"center center","background-size":"auto","background-attachment":"scroll","background-type":"","background-media":"","overlay-type":"","overlay-color":"","overlay-opacity":"","overlay-gradient":""},"mobile":{"background-color":"","background-image":"","background-repeat":"repeat","background-position":"center center","background-size":"auto","background-attachment":"scroll","background-type":"","background-media":"","overlay-type":"","overlay-color":"","overlay-opacity":"","overlay-gradient":""}},"ast-content-background-meta":{"desktop":{"background-color":"var(--ast-global-color-4)","background-image":"","background-repeat":"repeat","background-position":"center center","background-size":"auto","background-attachment":"scroll","background-type":"","background-media":"","overlay-type":"","overlay-color":"","overlay-opacity":"","overlay-gradient":""},"tablet":{"background-color":"var(--ast-global-color-4)","background-image":"","background-repeat":"repeat","background-position":"center center","background-size":"auto","background-attachment":"scroll","background-type":"","background-media":"","overlay-type":"","overlay-color":"","overlay-opacity":"","overlay-gradient":""},"mobile":{"background-color":"var(--ast-global-color-4)","background-image":"","background-repeat":"repeat","background-position":"center center","background-size":"auto","background-attachment":"scroll","background-type":"","background-media":"","overlay-type":"","overlay-color":"","overlay-opacity":"","overlay-gradient":""}},"footnotes":""},"class_list":["post-892","page","type-page","status-publish","hentry"],"_links":{"self":[{"href":"https:\/\/www.editorialdagon.es\/index.php\/wp-json\/wp\/v2\/pages\/892","targetHints":{"allow":["GET"]}}],"collection":[{"href":"https:\/\/www.editorialdagon.es\/index.php\/wp-json\/wp\/v2\/pages"}],"about":[{"href":"https:\/\/www.editorialdagon.es\/index.php\/wp-json\/wp\/v2\/types\/page"}],"author":[{"embeddable":true,"href":"https:\/\/www.editorialdagon.es\/index.php\/wp-json\/wp\/v2\/users\/1"}],"replies":[{"embeddable":true,"href":"https:\/\/www.editorialdagon.es\/index.php\/wp-json\/wp\/v2\/comments?post=892"}],"version-history":[{"count":16,"href":"https:\/\/www.editorialdagon.es\/index.php\/wp-json\/wp\/v2\/pages\/892\/revisions"}],"predecessor-version":[{"id":3724,"href":"https:\/\/www.editorialdagon.es\/index.php\/wp-json\/wp\/v2\/pages\/892\/revisions\/3724"}],"up":[{"embeddable":true,"href":"https:\/\/www.editorialdagon.es\/index.php\/wp-json\/wp\/v2\/pages\/291"}],"wp:attachment":[{"href":"https:\/\/www.editorialdagon.es\/index.php\/wp-json\/wp\/v2\/media?parent=892"}],"curies":[{"name":"wp","href":"https:\/\/api.w.org\/{rel}","templated":true}]}}