{"id":898,"date":"2024-08-08T09:09:30","date_gmt":"2024-08-08T09:09:30","guid":{"rendered":"http:\/\/www.editorialdagon.es\/?page_id=898"},"modified":"2026-04-25T10:21:53","modified_gmt":"2026-04-25T10:21:53","slug":"torkom-saraydarian-mujer-antorcha-del-futuro","status":"publish","type":"page","link":"https:\/\/www.editorialdagon.es\/index.php\/obras\/torkom-saraydarian-mujer-antorcha-del-futuro\/","title":{"rendered":"TORKOM SARAYDARIAN &#8211;\u00a0Mujer, antorcha del Futuro"},"content":{"rendered":"\n<div class=\"wp-block-media-text is-stacked-on-mobile\"><figure class=\"wp-block-media-text__media\"><img loading=\"lazy\" decoding=\"async\" width=\"653\" height=\"1024\" src=\"http:\/\/www.editorialdagon.es\/wp-content\/uploads\/2024\/08\/Portadas-Word-Press-2024_Pagina_099-653x1024.jpg\" alt=\"\" class=\"wp-image-1046 size-full\" srcset=\"https:\/\/www.editorialdagon.es\/wp-content\/uploads\/2024\/08\/Portadas-Word-Press-2024_Pagina_099-653x1024.jpg 653w, https:\/\/www.editorialdagon.es\/wp-content\/uploads\/2024\/08\/Portadas-Word-Press-2024_Pagina_099-191x300.jpg 191w, https:\/\/www.editorialdagon.es\/wp-content\/uploads\/2024\/08\/Portadas-Word-Press-2024_Pagina_099-768x1204.jpg 768w, https:\/\/www.editorialdagon.es\/wp-content\/uploads\/2024\/08\/Portadas-Word-Press-2024_Pagina_099-980x1536.jpg 980w, https:\/\/www.editorialdagon.es\/wp-content\/uploads\/2024\/08\/Portadas-Word-Press-2024_Pagina_099-1306x2048.jpg 1306w, https:\/\/www.editorialdagon.es\/wp-content\/uploads\/2024\/08\/Portadas-Word-Press-2024_Pagina_099-1140x1787.jpg 1140w, https:\/\/www.editorialdagon.es\/wp-content\/uploads\/2024\/08\/Portadas-Word-Press-2024_Pagina_099.jpg 1316w\" sizes=\"auto, (max-width: 653px) 100vw, 653px\" \/><\/figure><div class=\"wp-block-media-text__content\">\n<p><strong><a href=\"http:\/\/www.editorialdagon.es\/index.php\/autores\/torkom-saraydarian\/\" data-type=\"page\" data-id=\"1122\">TORKOM SARAYDARIAN<\/a><\/strong><\/p>\n\n\n\n<p>A\u00f1o de edici\u00f3n: 2024<\/p>\n\n\n\n<p>ISBN: 9788419540713<\/p>\n\n\n\n<p>P\u00e1ginas: 272<\/p>\n\n\n\n<p>Precio: <strong>21\u00a0\u20ac<\/strong><\/p>\n\n\n\n<p>Fragmento: <em><a href=\"https:\/\/1drv.ms\/b\/s!AvQngI1KR5Tfvb1WPSw1kVuaj6pw6Q?e=ckDKnf\">Mujer, Antorcha del Futuro<\/a><\/em><\/p>\n\n\n\n<p>Contacto:&nbsp;<a href=\"mailto:editor@editorialdagon.es\"><em>editor@editorialdagon.es<\/em><\/a><\/p>\n\n\n\n<p>Versi\u00f3n inglesa:<em>  <a href=\"https:\/\/www.tsgfoundation.org\/product\/woman-torch-of-the-future-2nd-edition\/\">Woman, Torch of the Future<\/a><\/em><\/p>\n<\/div><\/div>\n\n\n\n<p><strong>SINOPSIS<\/strong><\/p>\n\n\n\n<p>Este libro presenta las antiguas ense\u00f1anzas sobre el matrimonio y la paternidad. Se incluyen temas como los preparativos para el matrimonio, la ceremonia nupcial, el embarazo, la educaci\u00f3n del ni\u00f1o y c\u00f3mo una mujer se convierte en portadora de la antorcha.En una atm\u00f3sfera de crisis moral y espiritual extrema, nos vemos obligados a mirar una vez m\u00e1s las ideas aparentemente \u00abanticuadas\u00bb de la Tradici\u00f3n, las ense\u00f1anzas de los antiguos sabios: el amor, la responsabilidad, mantener el bienestar y los derechos de nuestros hijos como algo primordial.Este libro no es religioso ni sectario, ni defiende la supremac\u00eda de hombres o mujeres. Ambos son iguales y cada uno tiene un deber sagrado en la familia.Tambi\u00e9n encontrar\u00e1s excelentes pautas sobre c\u00f3mo ense\u00f1ar los principios de la Vida Espiritual a tus hijos.Una vida familiar sana comienza con la elecci\u00f3n de la pareja adecuada. Luego sigue la preparaci\u00f3n consciente para la concepci\u00f3n y el embarazo. A esto le contin\u00faa la creaci\u00f3n de las condiciones familiares y el entorno adecuados para criar a la familia y nutrir a las parejas matrimoniales para que se conviertan en las magn\u00edficas personas que est\u00e1n destinadas a ser.La Familia es el centro de la vida social, y en su cuna se gestan los hombres y mujeres del Futuro.<\/p>\n\n\n\n<p><strong>BOOKTRAILER<\/strong><\/p>\n\n\n\n<figure class=\"wp-block-embed aligncenter is-type-video is-provider-youtube wp-block-embed-youtube wp-embed-aspect-16-9 wp-has-aspect-ratio\"><div class=\"wp-block-embed__wrapper\">\n<div class=\"ast-oembed-container \" style=\"height: 100%;\"><iframe loading=\"lazy\" title=\"Book Trailer Torkom   Mujer Antorcha del Futuro\" width=\"500\" height=\"281\" src=\"https:\/\/www.youtube.com\/embed\/ZkrzOoyU1nY?feature=oembed\" frameborder=\"0\" allow=\"accelerometer; autoplay; clipboard-write; encrypted-media; gyroscope; picture-in-picture; web-share\" referrerpolicy=\"strict-origin-when-cross-origin\" allowfullscreen><\/iframe><\/div>\n<\/div><\/figure>\n","protected":false},"excerpt":{"rendered":"<p>TORKOM SARAYDARIAN A\u00f1o de edici\u00f3n: 2024 ISBN: 9788419540713 P\u00e1ginas: 272 Precio: 21\u00a0\u20ac Fragmento: Mujer, Antorcha del Futuro Contacto:&nbsp;editor@editorialdagon.es Versi\u00f3n inglesa: [&hellip;]<\/p>\n","protected":false},"author":1,"featured_media":0,"parent":291,"menu_order":0,"comment_status":"closed","ping_status":"closed","template":"","meta":{"site-sidebar-layout":"default","site-content-layout":"","ast-site-content-layout":"default","site-content-style":"default","site-sidebar-style":"default","ast-global-header-display":"","ast-banner-title-visibility":"","ast-main-header-display":"","ast-hfb-above-header-display":"","ast-hfb-below-header-display":"","ast-hfb-mobile-header-display":"","site-post-title":"","ast-breadcrumbs-content":"","ast-featured-img":"","footer-sml-layout":"","theme-transparent-header-meta":"","adv-header-id-meta":"","stick-header-meta":"","header-above-stick-meta":"","header-main-stick-meta":"","header-below-stick-meta":"","astra-migrate-meta-layouts":"default","ast-page-background-enabled":"default","ast-page-background-meta":{"desktop":{"background-color":"var(--ast-global-color-5)","background-image":"","background-repeat":"repeat","background-position":"center center","background-size":"auto","background-attachment":"scroll","background-type":"","background-media":"","overlay-type":"","overlay-color":"","overlay-opacity":"","overlay-gradient":""},"tablet":{"background-color":"","background-image":"","background-repeat":"repeat","background-position":"center center","background-size":"auto","background-attachment":"scroll","background-type":"","background-media":"","overlay-type":"","overlay-color":"","overlay-opacity":"","overlay-gradient":""},"mobile":{"background-color":"","background-image":"","background-repeat":"repeat","background-position":"center center","background-size":"auto","background-attachment":"scroll","background-type":"","background-media":"","overlay-type":"","overlay-color":"","overlay-opacity":"","overlay-gradient":""}},"ast-content-background-meta":{"desktop":{"background-color":"var(--ast-global-color-4)","background-image":"","background-repeat":"repeat","background-position":"center center","background-size":"auto","background-attachment":"scroll","background-type":"","background-media":"","overlay-type":"","overlay-color":"","overlay-opacity":"","overlay-gradient":""},"tablet":{"background-color":"var(--ast-global-color-4)","background-image":"","background-repeat":"repeat","background-position":"center center","background-size":"auto","background-attachment":"scroll","background-type":"","background-media":"","overlay-type":"","overlay-color":"","overlay-opacity":"","overlay-gradient":""},"mobile":{"background-color":"var(--ast-global-color-4)","background-image":"","background-repeat":"repeat","background-position":"center center","background-size":"auto","background-attachment":"scroll","background-type":"","background-media":"","overlay-type":"","overlay-color":"","overlay-opacity":"","overlay-gradient":""}},"footnotes":""},"class_list":["post-898","page","type-page","status-publish","hentry"],"_links":{"self":[{"href":"https:\/\/www.editorialdagon.es\/index.php\/wp-json\/wp\/v2\/pages\/898","targetHints":{"allow":["GET"]}}],"collection":[{"href":"https:\/\/www.editorialdagon.es\/index.php\/wp-json\/wp\/v2\/pages"}],"about":[{"href":"https:\/\/www.editorialdagon.es\/index.php\/wp-json\/wp\/v2\/types\/page"}],"author":[{"embeddable":true,"href":"https:\/\/www.editorialdagon.es\/index.php\/wp-json\/wp\/v2\/users\/1"}],"replies":[{"embeddable":true,"href":"https:\/\/www.editorialdagon.es\/index.php\/wp-json\/wp\/v2\/comments?post=898"}],"version-history":[{"count":14,"href":"https:\/\/www.editorialdagon.es\/index.php\/wp-json\/wp\/v2\/pages\/898\/revisions"}],"predecessor-version":[{"id":3850,"href":"https:\/\/www.editorialdagon.es\/index.php\/wp-json\/wp\/v2\/pages\/898\/revisions\/3850"}],"up":[{"embeddable":true,"href":"https:\/\/www.editorialdagon.es\/index.php\/wp-json\/wp\/v2\/pages\/291"}],"wp:attachment":[{"href":"https:\/\/www.editorialdagon.es\/index.php\/wp-json\/wp\/v2\/media?parent=898"}],"curies":[{"name":"wp","href":"https:\/\/api.w.org\/{rel}","templated":true}]}}